{"id":493,"date":"2018-04-07T12:27:02","date_gmt":"2018-04-07T05:27:02","guid":{"rendered":"https:\/\/bizhostvn.com\/w\/cayxanh\/?post_type=product&#038;p=493"},"modified":"2018-04-07T16:58:29","modified_gmt":"2018-04-07T09:58:29","slug":"cay-siro","status":"publish","type":"product","link":"https:\/\/webmaibinh.com\/w\/cayxanh\/san-pham\/cay-siro\/","title":{"rendered":"C\u00e2y sir\u00f4"},"content":{"rendered":"<p>Hi\u1ec7n nay, c\u00f3 r\u1ea5t nhi\u1ec1u lo\u1ea1i c\u00e2y d\u00f9ng \u0111\u1ec3 trang tr\u00ed, c\u00e2y d\u00f9ng trang tr\u00ed ngo\u1ea1i c\u1ea3nh v\u00e0 trong c\u00e1c ph\u00f2ng l\u00e0m vi\u1ec7c hay trong gia \u0111\u00ecnh.<strong>C\u00e2y Si r\u00f4<\/strong>\u00a0l\u00e0 lo\u1ea1i c\u00e2y \u0111\u01b0\u1ee3c \u01b0a chu\u1ed9ng nh\u1ea5t hi\u1ec7n nay, b\u1edfi n\u00f3 c\u00f3 nhi\u1ec1u c\u00f4ng d\u1ee5ng.<\/p>\n<p>&nbsp;<\/p>\n<p><img loading=\"lazy\" class=\"alignnone wp-image-3555 aligncenter\" src=\"http:\/\/trongcaycongtrinh.com\/wp-content\/uploads\/2017\/03\/cay-siro-1.jpg\" sizes=\"(max-width: 473px) 100vw, 473px\" srcset=\"http:\/\/trongcaycongtrinh.com\/wp-content\/uploads\/2017\/03\/cay-siro-1-768x1025.jpg 768w, http:\/\/trongcaycongtrinh.com\/wp-content\/uploads\/2017\/03\/cay-siro-1-767x1024.jpg 767w, http:\/\/trongcaycongtrinh.com\/wp-content\/uploads\/2017\/03\/cay-siro-1.jpg 1065w\" alt=\"cay siro 1\" width=\"473\" height=\"632\" \/><\/p>\n<p>&nbsp;<\/p>\n<p><strong>C\u00e2y si r\u00f4<\/strong>\u00a0l\u00e0 lo\u1ea1i c\u00e2y trang tr\u00ed c\u1ea3nh quan,\u00a0<strong>c\u00e2y Si r\u00f4<\/strong>\u00a0th\u01b0\u1eddng c\u00f3 \u0111\u1ed9 cao kho\u1ea3ng 2- 4m, c\u00e0nh nh\u00e1nh xum su\u00ea, c\u00f3 gai nh\u1ecdn. Lo\u1ea1i\u00a0<strong>c\u00e2y Si r\u00f4<\/strong>\u00a0c\u00f3 chi\u1ec1u cao nh\u01b0 th\u1ebf ph\u00f9 h\u1ee3p v\u1edbi ng\u00f4i nh\u00e0 ph\u1ed1 v\u1edbi di\u1ec7n t\u00edch h\u1ea1n ch\u1ebf nh\u01b0ng ta v\u1eabn tr\u1ed3ng c\u00e2y xanh tr\u1ea1o c\u1ea3nh quan tr\u01b0\u1edbc nh\u00e0, c\u1ea7n c\u00f3 c\u00e2y t\u1ea1o b\u00f3ng m\u00e1t v\u00e0 l\u00e0m ki\u1ec3ng, th\u00ec\u00a0<strong>C\u00e2y Si r\u00f4<\/strong>\u00a0l\u00e0 c\u00e2y th\u00edch h\u1ee3p nh\u1ea5t. B\u1edfi t\u00e1n c\u00e2y to \u2013 tr\u00f2n, tr\u1ed3ng\u00a0<strong>C\u00e2y Si r\u00f4<\/strong>\u00a0c\u00f2n cho ch\u00fang ta th\u01b0\u1edfng th\u1ee9c tr\u00e1i ng\u1ecdt t\u1eeb\u00a0<strong>c\u00e2y si r\u00f4<\/strong>, tr\u00e1i\u00a0<strong>si r\u00f4<\/strong>\u00a0c\u00f3 m\u00e0u \u0111\u1ecf \u2013 tr\u00f2n, c\u00e1c b\u00e9 r\u1ea5t th\u00edch h\u01b0\u01a1ng v\u1ecb th\u01a1m th\u01a1m, chua chua, ng\u1ecdt ng\u1ecdt. V\u1edbi \u0111\u1eb7c \u0111i\u1ec3m\u00a0<strong>c\u00e2y Si r\u00f4<\/strong>\u00a0hi\u1ec7n nay nh\u1eefng ng\u00f4i nh\u00e0 khi v\u1eeba x\u00e2y d\u1ef1ng xong c\u00f3 th\u1ec3 li\u00ean h\u1ec7 \u00a0<strong>C\u00f4ng ty <\/strong>ch\u00fang t\u00f4i c\u00f3 nhi\u1ec1u lo\u1ea1i\u00a0<strong>c\u00e2y Si r\u00f4<\/strong>\u00a0v\u1edbi nhi\u1ec1u kh\u00edch th\u01b0\u1edbt t\u00f9y theo di\u1ec7n t\u00edch nh\u00e0 m\u00e0 ta tr\u1ed3ng\u00a0<strong>c\u00e2y Si r\u00f4<\/strong>\u00a0ph\u00f9 h\u1ee3p.M\u1eebng t\u00e2n gia nh\u00e0 v\u1eeba xong m\u00e0 tr\u01b0\u1edbc c\u1ee7a nh\u00e0 c\u00f3 \u00a0<strong>c\u00e2y si r\u00f4<\/strong>\u00a0cao cho tr\u00e1i s\u1eb5n nh\u01b0 ta \u0111\u00e3 tr\u1ed3ng s\u1eb5n m\u1ea5y n\u0103m. M\u1ecdi ng\u01b0\u1eddi v\u1eeba th\u01b0\u1edfng th\u1ee9c ki\u1ebfn tr\u00fac \u0111\u1eb9p, v\u1eeba g\u1ea7n g\u0169i v\u1edbi thi\u00ean nhi\u00ean .<\/p>\n<p><img loading=\"lazy\" class=\"alignnone wp-image-3556 aligncenter\" src=\"http:\/\/trongcaycongtrinh.com\/wp-content\/uploads\/2017\/03\/cay-siro-2.jpg\" sizes=\"(max-width: 469px) 100vw, 469px\" srcset=\"http:\/\/trongcaycongtrinh.com\/wp-content\/uploads\/2017\/03\/cay-siro-2-300x213.jpg 300w, http:\/\/trongcaycongtrinh.com\/wp-content\/uploads\/2017\/03\/cay-siro-2-768x545.jpg 768w, http:\/\/trongcaycongtrinh.com\/wp-content\/uploads\/2017\/03\/cay-siro-2-1024x726.jpg 1024w, http:\/\/trongcaycongtrinh.com\/wp-content\/uploads\/2017\/03\/cay-siro-2-282x200.jpg 282w, http:\/\/trongcaycongtrinh.com\/wp-content\/uploads\/2017\/03\/cay-siro-2.jpg 1988w\" alt=\"cay siro 2\" width=\"469\" height=\"333\" \/><\/p>\n<p>Tr\u1ed3ng\u00a0<strong>C\u00e2y Si r\u00f4<\/strong>\u00a0trong c\u01a1 quan l\u00e0m vi\u1ec7c t\u0103ng c\u1ea3nh m\u1ef9 quan c\u01a1 quan, tr\u01b0\u1edbc s\u00e2n tr\u1ed3ng nh\u1eefng cho tr\u00e1i n\u00e0u \u0111\u1ecf nh\u01b0 mang l\u1ea1i s\u1ef1 may m\u1eafn cho c\u01a1 quan, b\u00ean c\u1ea1nh tr\u1ed3ng c\u00e2y si r\u00f4 cho t\u00e1n to t\u1ea1o b\u00f3ng m\u00e1t th\u00ec ch\u00fang ta ph\u1ed1i h\u1ee3p c\u00e2y hoa cho nh\u1eefng lo\u1ea1i hoa bibi xung quanh g\u1ed1c\u00a0<strong>c\u00e2y si r\u00f4<\/strong>\u00a0t\u1ea1o ra b\u1ed3n hoa th\u1eadt d\u1ec5 th\u01b0\u01a1ng. Sau nh\u1eefng gi\u1edd l\u00e0m vi\u1ec7c m\u1ec7t th\u00ec nh\u00e2n vi\u00ean c\u00f3 th\u1ec3 th\u01b0 gi\u1ea3n ng\u1ed3i d\u01b0\u1edbi nh\u1eefng g\u1ed1c c\u00e2y \u0111\u1ec3 h\u00f3ng m\u00e1t th\u01b0\u1edfng th\u1ee9c kh\u00f4ng kh\u00ed thi\u00ean nhi\u00ean.<img loading=\"lazy\" class=\"alignnone wp-image-3557 aligncenter\" src=\"http:\/\/trongcaycongtrinh.com\/wp-content\/uploads\/2017\/03\/cay-siro-3.jpg\" sizes=\"(max-width: 472px) 100vw, 472px\" srcset=\"http:\/\/trongcaycongtrinh.com\/wp-content\/uploads\/2017\/03\/cay-siro-3-300x186.jpg 300w, http:\/\/trongcaycongtrinh.com\/wp-content\/uploads\/2017\/03\/cay-siro-3-768x475.jpg 768w, http:\/\/trongcaycongtrinh.com\/wp-content\/uploads\/2017\/03\/cay-siro-3-1024x634.jpg 1024w, http:\/\/trongcaycongtrinh.com\/wp-content\/uploads\/2017\/03\/cay-siro-3.jpg 2254w\" alt=\"cay siro 3\" width=\"472\" height=\"292\" \/><\/p>\n<div class=\"bottom-page-post\">\n<h3>B\u00c0I VI\u1ebeT LI\u00caN QUAN<\/h3>\n\n  \n    <div class=\"row large-columns-3 medium-columns- small-columns-1 row-small\">\n  \t\t<div class=\"col post-item\" >\n\t\t\t<div class=\"col-inner\">\n\t\t\t<a href=\"https:\/\/webmaibinh.com\/w\/cayxanh\/thi-cong-canh-quan-biet-thu-le-van-thien-nha-mat-pho-1000m2\/\" class=\"plain\">\n\t\t\t\t<div class=\"box box-overlay dark box-text-bottom box-blog-post has-hover\">\n            \t\t\t\t\t<div class=\"box-image\" >\n  \t\t\t\t\t\t<div class=\"image-overlay-add image-cover\" style=\"padding-top:65%;\">\n  \t\t\t\t\t\t\t<img width=\"500\" height=\"316\" src=\"https:\/\/webmaibinh.com\/w\/cayxanh\/wp-content\/uploads\/2018\/04\/canh-quan-san-vuon-biet-thu.jpg\" class=\"attachment-original size-original wp-post-image\" alt=\"\" loading=\"lazy\" srcset=\"https:\/\/webmaibinh.com\/w\/cayxanh\/wp-content\/uploads\/2018\/04\/canh-quan-san-vuon-biet-thu.jpg 500w, https:\/\/webmaibinh.com\/w\/cayxanh\/wp-content\/uploads\/2018\/04\/canh-quan-san-vuon-biet-thu-300x190.jpg 300w\" sizes=\"(max-width: 500px) 100vw, 500px\" \/>  \t\t\t\t\t\t\t<div class=\"overlay\" style=\"background-color: rgba(44, 106, 0, 0.41)\"><\/div>  \t\t\t\t\t\t\t  \t\t\t\t\t\t<\/div>\n  \t\t\t\t\t\t  \t\t\t\t\t<\/div>\n          \t\t\t\t\t<div class=\"box-text text-center is-small\" style=\"background-color:rgba(0, 0, 0, 0.65);\">\n\t\t\t\t\t<div class=\"box-text-inner blog-post-inner\">\n\n\t\t\t\t\t\n\t\t\t\t\t\t\t\t\t\t<h5 class=\"post-title is-large \">Thi c\u00f4ng c\u1ea3nh quan bi\u1ec7t th\u1ef1 LeNam nh\u00e0 m\u1eb7t ph\u1ed1 1000m2<\/h5>\n\t\t\t\t\t\t\t\t\t\t<div class=\"is-divider\"><\/div>\n\t\t\t\t\t                    \n\t\t\t\t\t\n\t\t\t\t\t\n\t\t\t\t\t<\/div>\n\t\t\t\t\t<\/div>\n\t\t\t\t\t\t\t\t\t<\/div>\n\t\t\t\t<\/a>\n\t\t\t<\/div>\n\t\t<\/div>\n\t\t<div class=\"col post-item\" >\n\t\t\t<div class=\"col-inner\">\n\t\t\t<a href=\"https:\/\/webmaibinh.com\/w\/cayxanh\/thi-cong-non-bo-ho-ca-koi-tai-xa-quang-tien-soc-son\/\" class=\"plain\">\n\t\t\t\t<div class=\"box box-overlay dark box-text-bottom box-blog-post has-hover\">\n            \t\t\t\t\t<div class=\"box-image\" >\n  \t\t\t\t\t\t<div class=\"image-overlay-add image-cover\" style=\"padding-top:65%;\">\n  \t\t\t\t\t\t\t<img width=\"500\" height=\"376\" src=\"https:\/\/webmaibinh.com\/w\/cayxanh\/wp-content\/uploads\/2018\/04\/6.jpg\" class=\"attachment-original size-original wp-post-image\" alt=\"\" loading=\"lazy\" srcset=\"https:\/\/webmaibinh.com\/w\/cayxanh\/wp-content\/uploads\/2018\/04\/6.jpg 500w, https:\/\/webmaibinh.com\/w\/cayxanh\/wp-content\/uploads\/2018\/04\/6-300x226.jpg 300w\" sizes=\"(max-width: 500px) 100vw, 500px\" \/>  \t\t\t\t\t\t\t<div class=\"overlay\" style=\"background-color: rgba(44, 106, 0, 0.41)\"><\/div>  \t\t\t\t\t\t\t  \t\t\t\t\t\t<\/div>\n  \t\t\t\t\t\t  \t\t\t\t\t<\/div>\n          \t\t\t\t\t<div class=\"box-text text-center is-small\" style=\"background-color:rgba(0, 0, 0, 0.65);\">\n\t\t\t\t\t<div class=\"box-text-inner blog-post-inner\">\n\n\t\t\t\t\t\n\t\t\t\t\t\t\t\t\t\t<h5 class=\"post-title is-large \">Thi c\u00f4ng Non b\u1ed9 \u2013 H\u1ed3 c\u00e1 Koi t\u1ea1i X\u00e3 Quang Ti\u1ebfn \u2013 S\u00f3c s\u01a1n<\/h5>\n\t\t\t\t\t\t\t\t\t\t<div class=\"is-divider\"><\/div>\n\t\t\t\t\t                    \n\t\t\t\t\t\n\t\t\t\t\t\n\t\t\t\t\t<\/div>\n\t\t\t\t\t<\/div>\n\t\t\t\t\t\t\t\t\t<\/div>\n\t\t\t\t<\/a>\n\t\t\t<\/div>\n\t\t<\/div>\n\t\t<div class=\"col post-item\" >\n\t\t\t<div class=\"col-inner\">\n\t\t\t<a href=\"https:\/\/webmaibinh.com\/w\/cayxanh\/trong-cay-xanh-san-vuon-biet-thu-thi-cong-ho-ca-koi-tai-khu-do-thi-xuan-phuong\/\" class=\"plain\">\n\t\t\t\t<div class=\"box box-overlay dark box-text-bottom box-blog-post has-hover\">\n            \t\t\t\t\t<div class=\"box-image\" >\n  \t\t\t\t\t\t<div class=\"image-overlay-add image-cover\" style=\"padding-top:65%;\">\n  \t\t\t\t\t\t\t<img width=\"477\" height=\"358\" src=\"https:\/\/webmaibinh.com\/w\/cayxanh\/wp-content\/uploads\/2018\/04\/cay-cong-trinh.jpg\" class=\"attachment-original size-original wp-post-image\" alt=\"\" loading=\"lazy\" srcset=\"https:\/\/webmaibinh.com\/w\/cayxanh\/wp-content\/uploads\/2018\/04\/cay-cong-trinh.jpg 477w, https:\/\/webmaibinh.com\/w\/cayxanh\/wp-content\/uploads\/2018\/04\/cay-cong-trinh-300x225.jpg 300w\" sizes=\"(max-width: 477px) 100vw, 477px\" \/>  \t\t\t\t\t\t\t<div class=\"overlay\" style=\"background-color: rgba(44, 106, 0, 0.41)\"><\/div>  \t\t\t\t\t\t\t  \t\t\t\t\t\t<\/div>\n  \t\t\t\t\t\t  \t\t\t\t\t<\/div>\n          \t\t\t\t\t<div class=\"box-text text-center is-small\" style=\"background-color:rgba(0, 0, 0, 0.65);\">\n\t\t\t\t\t<div class=\"box-text-inner blog-post-inner\">\n\n\t\t\t\t\t\n\t\t\t\t\t\t\t\t\t\t<h5 class=\"post-title is-large \">Thi c\u00f4ng H\u1ed3 c\u00e1 Koi t\u1ea1i Khu \u0110\u00f4 th\u1ecb Xu\u00e2n Ph\u01b0\u01a1ng<\/h5>\n\t\t\t\t\t\t\t\t\t\t<div class=\"is-divider\"><\/div>\n\t\t\t\t\t                    \n\t\t\t\t\t\n\t\t\t\t\t\n\t\t\t\t\t<\/div>\n\t\t\t\t\t<\/div>\n\t\t\t\t\t\t\t\t\t<\/div>\n\t\t\t\t<\/a>\n\t\t\t<\/div>\n\t\t<\/div>\n\t\t<div class=\"col post-item\" >\n\t\t\t<div class=\"col-inner\">\n\t\t\t<a href=\"https:\/\/webmaibinh.com\/w\/cayxanh\/trong-cay-xanh-san-vuon-biet-thu-thi-cong-ho-ca-koi-tai-khu-do-thi-bac-an-khanh\/\" class=\"plain\">\n\t\t\t\t<div class=\"box box-overlay dark box-text-bottom box-blog-post has-hover\">\n            \t\t\t\t\t<div class=\"box-image\" >\n  \t\t\t\t\t\t<div class=\"image-overlay-add image-cover\" style=\"padding-top:65%;\">\n  \t\t\t\t\t\t\t<img width=\"1200\" height=\"381\" src=\"https:\/\/webmaibinh.com\/w\/cayxanh\/wp-content\/uploads\/2018\/04\/slide6.jpg\" class=\"attachment-original size-original wp-post-image\" alt=\"\" loading=\"lazy\" srcset=\"https:\/\/webmaibinh.com\/w\/cayxanh\/wp-content\/uploads\/2018\/04\/slide6.jpg 1200w, https:\/\/webmaibinh.com\/w\/cayxanh\/wp-content\/uploads\/2018\/04\/slide6-600x191.jpg 600w, https:\/\/webmaibinh.com\/w\/cayxanh\/wp-content\/uploads\/2018\/04\/slide6-300x95.jpg 300w, https:\/\/webmaibinh.com\/w\/cayxanh\/wp-content\/uploads\/2018\/04\/slide6-768x244.jpg 768w, https:\/\/webmaibinh.com\/w\/cayxanh\/wp-content\/uploads\/2018\/04\/slide6-1024x325.jpg 1024w\" sizes=\"(max-width: 1200px) 100vw, 1200px\" \/>  \t\t\t\t\t\t\t<div class=\"overlay\" style=\"background-color: rgba(44, 106, 0, 0.41)\"><\/div>  \t\t\t\t\t\t\t  \t\t\t\t\t\t<\/div>\n  \t\t\t\t\t\t  \t\t\t\t\t<\/div>\n          \t\t\t\t\t<div class=\"box-text text-center is-small\" style=\"background-color:rgba(0, 0, 0, 0.65);\">\n\t\t\t\t\t<div class=\"box-text-inner blog-post-inner\">\n\n\t\t\t\t\t\n\t\t\t\t\t\t\t\t\t\t<h5 class=\"post-title is-large \">Thi c\u00f4ng H\u1ed3 c\u00e1 Koi t\u1ea1i Khu \u0111\u00f4 th\u1ecb B\u1eafc An Kh\u00e1nh<\/h5>\n\t\t\t\t\t\t\t\t\t\t<div class=\"is-divider\"><\/div>\n\t\t\t\t\t                    \n\t\t\t\t\t\n\t\t\t\t\t\n\t\t\t\t\t<\/div>\n\t\t\t\t\t<\/div>\n\t\t\t\t\t\t\t\t\t<\/div>\n\t\t\t\t<\/a>\n\t\t\t<\/div>\n\t\t<\/div>\n\t\t<div class=\"col post-item\" >\n\t\t\t<div class=\"col-inner\">\n\t\t\t<a href=\"https:\/\/webmaibinh.com\/w\/cayxanh\/trong-cay-xanh-biet-thu-tu-gia-thi-cong-ho-ca-koi-tai-ba-vi-ha-noi\/\" class=\"plain\">\n\t\t\t\t<div class=\"box box-overlay dark box-text-bottom box-blog-post has-hover\">\n            \t\t\t\t\t<div class=\"box-image\" >\n  \t\t\t\t\t\t<div class=\"image-overlay-add image-cover\" style=\"padding-top:65%;\">\n  \t\t\t\t\t\t\t<img width=\"1200\" height=\"381\" src=\"https:\/\/webmaibinh.com\/w\/cayxanh\/wp-content\/uploads\/2018\/04\/slider67.jpg\" class=\"attachment-original size-original wp-post-image\" alt=\"\" loading=\"lazy\" srcset=\"https:\/\/webmaibinh.com\/w\/cayxanh\/wp-content\/uploads\/2018\/04\/slider67.jpg 1200w, https:\/\/webmaibinh.com\/w\/cayxanh\/wp-content\/uploads\/2018\/04\/slider67-600x191.jpg 600w, https:\/\/webmaibinh.com\/w\/cayxanh\/wp-content\/uploads\/2018\/04\/slider67-300x95.jpg 300w, https:\/\/webmaibinh.com\/w\/cayxanh\/wp-content\/uploads\/2018\/04\/slider67-768x244.jpg 768w, https:\/\/webmaibinh.com\/w\/cayxanh\/wp-content\/uploads\/2018\/04\/slider67-1024x325.jpg 1024w\" sizes=\"(max-width: 1200px) 100vw, 1200px\" \/>  \t\t\t\t\t\t\t<div class=\"overlay\" style=\"background-color: rgba(44, 106, 0, 0.41)\"><\/div>  \t\t\t\t\t\t\t  \t\t\t\t\t\t<\/div>\n  \t\t\t\t\t\t  \t\t\t\t\t<\/div>\n          \t\t\t\t\t<div class=\"box-text text-center is-small\" style=\"background-color:rgba(0, 0, 0, 0.65);\">\n\t\t\t\t\t<div class=\"box-text-inner blog-post-inner\">\n\n\t\t\t\t\t\n\t\t\t\t\t\t\t\t\t\t<h5 class=\"post-title is-large \">Tr\u1ed3ng c\u00e2y xanh bi\u1ec7t th\u1ef1 t\u01b0 gia \u2013 Thi c\u00f4ng H\u1ed3 c\u00e1 Koi t\u1ea1i Ba v\u00ec<\/h5>\n\t\t\t\t\t\t\t\t\t\t<div class=\"is-divider\"><\/div>\n\t\t\t\t\t                    \n\t\t\t\t\t\n\t\t\t\t\t\n\t\t\t\t\t<\/div>\n\t\t\t\t\t<\/div>\n\t\t\t\t\t\t\t\t\t<\/div>\n\t\t\t\t<\/a>\n\t\t\t<\/div>\n\t\t<\/div>\n\t\t<div class=\"col post-item\" >\n\t\t\t<div class=\"col-inner\">\n\t\t\t<a href=\"https:\/\/webmaibinh.com\/w\/cayxanh\/trong-cay-xanh-va-thi-cong-canh-quan-biet-thu-tu-gia-tai-viet-tri-phu-tho\/\" class=\"plain\">\n\t\t\t\t<div class=\"box box-overlay dark box-text-bottom box-blog-post has-hover\">\n            \t\t\t\t\t<div class=\"box-image\" >\n  \t\t\t\t\t\t<div class=\"image-overlay-add image-cover\" style=\"padding-top:65%;\">\n  \t\t\t\t\t\t\t<img width=\"500\" height=\"375\" src=\"https:\/\/webmaibinh.com\/w\/cayxanh\/wp-content\/uploads\/2018\/04\/thi-cong-canh-quan-biet-thu.jpg\" class=\"attachment-original size-original wp-post-image\" alt=\"\" loading=\"lazy\" srcset=\"https:\/\/webmaibinh.com\/w\/cayxanh\/wp-content\/uploads\/2018\/04\/thi-cong-canh-quan-biet-thu.jpg 500w, https:\/\/webmaibinh.com\/w\/cayxanh\/wp-content\/uploads\/2018\/04\/thi-cong-canh-quan-biet-thu-300x225.jpg 300w\" sizes=\"(max-width: 500px) 100vw, 500px\" \/>  \t\t\t\t\t\t\t<div class=\"overlay\" style=\"background-color: rgba(44, 106, 0, 0.41)\"><\/div>  \t\t\t\t\t\t\t  \t\t\t\t\t\t<\/div>\n  \t\t\t\t\t\t  \t\t\t\t\t<\/div>\n          \t\t\t\t\t<div class=\"box-text text-center is-small\" style=\"background-color:rgba(0, 0, 0, 0.65);\">\n\t\t\t\t\t<div class=\"box-text-inner blog-post-inner\">\n\n\t\t\t\t\t\n\t\t\t\t\t\t\t\t\t\t<h5 class=\"post-title is-large \">Tr\u1ed3ng v\u00e0 thi c\u00f4ng c\u1ea3nh quan Bi\u1ec7t th\u1ef1 t\u01b0 gia t\u1ea1i Vi\u1ec7t Tr\u00ec Ph\u00fa Th\u1ecd<\/h5>\n\t\t\t\t\t\t\t\t\t\t<div class=\"is-divider\"><\/div>\n\t\t\t\t\t                    \n\t\t\t\t\t\n\t\t\t\t\t\n\t\t\t\t\t<\/div>\n\t\t\t\t\t<\/div>\n\t\t\t\t\t\t\t\t\t<\/div>\n\t\t\t\t<\/a>\n\t\t\t<\/div>\n\t\t<\/div>\n\t\t<div class=\"col post-item\" >\n\t\t\t<div class=\"col-inner\">\n\t\t\t<a href=\"https:\/\/webmaibinh.com\/w\/cayxanh\/da-san-vuon-trang-tri-tho-moc-tu-nhien\/\" class=\"plain\">\n\t\t\t\t<div class=\"box box-overlay dark box-text-bottom box-blog-post has-hover\">\n            \t\t\t\t\t<div class=\"box-image\" >\n  \t\t\t\t\t\t<div class=\"image-overlay-add image-cover\" style=\"padding-top:65%;\">\n  \t\t\t\t\t\t\t<img width=\"250\" height=\"188\" src=\"https:\/\/webmaibinh.com\/w\/cayxanh\/wp-content\/uploads\/2018\/04\/23.jpg\" class=\"attachment-original size-original wp-post-image\" alt=\"\" loading=\"lazy\" \/>  \t\t\t\t\t\t\t<div class=\"overlay\" style=\"background-color: rgba(44, 106, 0, 0.41)\"><\/div>  \t\t\t\t\t\t\t  \t\t\t\t\t\t<\/div>\n  \t\t\t\t\t\t  \t\t\t\t\t<\/div>\n          \t\t\t\t\t<div class=\"box-text text-center is-small\" style=\"background-color:rgba(0, 0, 0, 0.65);\">\n\t\t\t\t\t<div class=\"box-text-inner blog-post-inner\">\n\n\t\t\t\t\t\n\t\t\t\t\t\t\t\t\t\t<h5 class=\"post-title is-large \">\u0110\u00e1 s\u00e2n v\u01b0\u1eddn trang tr\u00ed th\u00f4 m\u1ed9c t\u1ef1 nhi\u00ean<\/h5>\n\t\t\t\t\t\t\t\t\t\t<div class=\"is-divider\"><\/div>\n\t\t\t\t\t                    \n\t\t\t\t\t\n\t\t\t\t\t\n\t\t\t\t\t<\/div>\n\t\t\t\t\t<\/div>\n\t\t\t\t\t\t\t\t\t<\/div>\n\t\t\t\t<\/a>\n\t\t\t<\/div>\n\t\t<\/div>\n\t\t<div class=\"col post-item\" >\n\t\t\t<div class=\"col-inner\">\n\t\t\t<a href=\"https:\/\/webmaibinh.com\/w\/cayxanh\/ve-dep-kho-cuong-cua-nhung-san-vuon-trang-tri-bang-da\/\" class=\"plain\">\n\t\t\t\t<div class=\"box box-overlay dark box-text-bottom box-blog-post has-hover\">\n            \t\t\t\t\t<div class=\"box-image\" >\n  \t\t\t\t\t\t<div class=\"image-overlay-add image-cover\" style=\"padding-top:65%;\">\n  \t\t\t\t\t\t\t<img width=\"500\" height=\"376\" src=\"https:\/\/webmaibinh.com\/w\/cayxanh\/wp-content\/uploads\/2018\/04\/6.jpg\" class=\"attachment-original size-original wp-post-image\" alt=\"\" loading=\"lazy\" srcset=\"https:\/\/webmaibinh.com\/w\/cayxanh\/wp-content\/uploads\/2018\/04\/6.jpg 500w, https:\/\/webmaibinh.com\/w\/cayxanh\/wp-content\/uploads\/2018\/04\/6-300x226.jpg 300w\" sizes=\"(max-width: 500px) 100vw, 500px\" \/>  \t\t\t\t\t\t\t<div class=\"overlay\" style=\"background-color: rgba(44, 106, 0, 0.41)\"><\/div>  \t\t\t\t\t\t\t  \t\t\t\t\t\t<\/div>\n  \t\t\t\t\t\t  \t\t\t\t\t<\/div>\n          \t\t\t\t\t<div class=\"box-text text-center is-small\" style=\"background-color:rgba(0, 0, 0, 0.65);\">\n\t\t\t\t\t<div class=\"box-text-inner blog-post-inner\">\n\n\t\t\t\t\t\n\t\t\t\t\t\t\t\t\t\t<h5 class=\"post-title is-large \">V\u1ebb \u0111\u1eb9p kh\u00f3 c\u01b0\u1ee1ng c\u1ee7a nh\u1eefng s\u00e2n v\u01b0\u1eddn trang tr\u00ed b\u1eb1ng \u0111\u00e1<\/h5>\n\t\t\t\t\t\t\t\t\t\t<div class=\"is-divider\"><\/div>\n\t\t\t\t\t                    \n\t\t\t\t\t\n\t\t\t\t\t\n\t\t\t\t\t<\/div>\n\t\t\t\t\t<\/div>\n\t\t\t\t\t\t\t\t\t<\/div>\n\t\t\t\t<\/a>\n\t\t\t<\/div>\n\t\t<\/div>\n<\/div><\/div>\n","protected":false},"excerpt":{"rendered":"<p>Hi\u1ec7n nay, c\u00f3 r\u1ea5t nhi\u1ec1u lo\u1ea1i c\u00e2y d\u00f9ng \u0111\u1ec3 trang tr\u00ed, c\u00e2y d\u00f9ng trang tr\u00ed ngo\u1ea1i c\u1ea3nh v\u00e0 trong c\u00e1c ph\u00f2ng l\u00e0m vi\u1ec7c hay trong gia \u0111\u00ecnh.C\u00e2y Si r\u00f4 l\u00e0 lo\u1ea1i c\u00e2y \u0111\u01b0\u1ee3c \u01b0a chu\u1ed9ng nh\u1ea5t hi\u1ec7n nay, b\u1edfi n\u00f3 c\u00f3 nhi\u1ec1u c\u00f4ng d\u1ee5ng.<\/p>\n","protected":false},"featured_media":580,"comment_status":"open","ping_status":"closed","template":"","meta":[],"_links":{"self":[{"href":"https:\/\/webmaibinh.com\/w\/cayxanh\/wp-json\/wp\/v2\/product\/493"}],"collection":[{"href":"https:\/\/webmaibinh.com\/w\/cayxanh\/wp-json\/wp\/v2\/product"}],"about":[{"href":"https:\/\/webmaibinh.com\/w\/cayxanh\/wp-json\/wp\/v2\/types\/product"}],"replies":[{"embeddable":true,"href":"https:\/\/webmaibinh.com\/w\/cayxanh\/wp-json\/wp\/v2\/comments?post=493"}],"wp:featuredmedia":[{"embeddable":true,"href":"https:\/\/webmaibinh.com\/w\/cayxanh\/wp-json\/wp\/v2\/media\/580"}],"wp:attachment":[{"href":"https:\/\/webmaibinh.com\/w\/cayxanh\/wp-json\/wp\/v2\/media?parent=493"}],"curies":[{"name":"wp","href":"https:\/\/api.w.org\/{rel}","templated":true}]}}