{"id":136,"date":"2017-09-23T16:23:41","date_gmt":"2017-09-23T16:23:41","guid":{"rendered":"http:\/\/caphe.w2steam.com\/?post_type=product&#038;p=136"},"modified":"2017-10-05T06:58:25","modified_gmt":"2017-10-05T06:58:25","slug":"ca-phe-rubusta","status":"publish","type":"product","link":"https:\/\/webmaibinh.com\/w\/caphe2011\/san-pham\/ca-phe-rubusta\/","title":{"rendered":"C\u00e0 ph\u00ea Rubusta"},"content":{"rendered":"<h2><strong>C\u00e0 ph\u00ea rang xay nguy\u00ean ch\u1ea5t 100%<\/strong><\/h2>\n<p><strong>C\u00e0 ph\u00ea rang xay nguy\u00ean ch\u1ea5t\u00a0<\/strong>l\u00e0 c\u00e0 ph\u00ea \u0111\u01b0\u1ee3c ch\u1ebf bi\u1ebfn t\u1eeb nguy\u00ean li\u1ec7u 100% h\u1ea1t c\u00e0 ph\u00ea rang xay nguy\u00ean ch\u1ea5t kh\u00f4ng pha tr\u1ed9n b\u1ea5t k\u00ec c\u00e1c lo\u1ea1i t\u1ea1p ch\u1ea5t n\u00e0o nh\u01b0 b\u1eafp, \u0111\u1eadu n\u00e0nh, \u0111\u1eadu \u0111en\u2026 v\u00e0 c\u00e1c ch\u1ea5t h\u00f3a h\u1ecdc t\u1ea1o h\u01b0\u01a1ng li\u1ec7u, t\u1ea1o m\u00e0u. H\u1ea1t c\u00e0 ph\u00ea\u00a0\u0111\u01b0\u1ee3c \u1ee7, rang v\u00e0 ch\u1ebf bi\u1ebfn c\u00f9ng v\u1edbi b\u01a1 ho\u1eb7c r\u01b0\u1ee3u vang \u1edf nhi\u1ec7t \u0111\u1ed9 \u00e1p su\u1ea5t ph\u00f9 h\u1ee3p \u0111\u1ec3 gi\u1eef \u0111\u01b0\u1ee3c v\u1ecb \u0111\u1eadm \u0111\u00e0, s\u00e2u l\u1eafng, th\u1ee9c d\u1eady kh\u1ea9u v\u1ecb c\u1ee7a ng\u01b0\u1eddi s\u00e0nh c\u00e0 ph\u00ea<br \/>\n<img class=\"aligncenter\" title=\"C\u00e0 ph\u00ea s\u1ea1ch Coffee Tree\" src=\"http:\/\/caphe.w2steam.com\/wp-content\/uploads\/2017\/10\/ca-phe-rubusta-136.jpg\" alt=\"C\u00e0 ph\u00ea s\u1ea1ch l\u00e0 s\u1ea3n ph\u1ea9m c\u1ee7a CoffeeTree \u0111\u01b0\u1ee3c ch\u1ebf bi\u1ebfn t\u1eeb nguy\u00ean li\u1ec7u 100% h\u1ea1t c\u00e0 ph\u00ea nguy\u00ean ch\u1ea5t kh\u00f4ng pha tr\u1ed9n b\u1ea5t k\u00ec c\u00e1c lo\u1ea1i t\u1ea1p ch\u1ea5t n\u00e0o\" \/><\/p>\n<h2><strong>Ngu\u1ed3n nguy\u00ean li\u1ec7u<\/strong><\/h2>\n<p>Coffee Tree tuy\u1ec3n ch\u1ecdn nh\u1eefng h\u1ea1t c\u00e0 ph\u00ea t\u1eeb \u0111\u1ed3n \u0111i\u1ec1n c\u00e0 ph\u00ea c\u00f4ng ty tr\u1ed3ng \u1edf v\u00f9ng \u0111\u1ea5t\u00a0<strong>Bu\u00f4n Ma Thu\u1ed9t<\/strong>. C\u00e0 ph\u00ea\u00a0<strong>Coffee Tree<\/strong>\u00a0\u0111\u01b0\u1ee3c tr\u1ed3ng tr\u00ean di\u1ec7n t\u00edch l\u1edbn v\u00e0 \u0111\u01b0\u1ee3c \u0111\u00e1nh gi\u00e1 l\u00e0 c\u00f3 ch\u1ea5t l\u01b0\u1ee3ng cao nh\u1ea5t, c\u00f3 h\u01b0\u01a1ng v\u1ecb \u0111\u1eb7c tr\u01b0ng nh\u1ea5t. H\u1ea1t c\u00e0 ph\u00ea \u0111\u1ea1t n\u0103ng su\u1ea5t nh\u1edd th\u1ed5 nh\u01b0\u1ee1ng, ngu\u1ed3n n\u01b0\u1edbc \u0111\u1ed3ng th\u1eddi \u0111\u01b0\u1ee3c ch\u1ebf bi\u1ebfn kh\u00f4 theo ph\u01b0\u01a1ng ph\u00e1p truy\u1ec1n th\u1ed1ng \u0111\u1ebfn khi v\u1ecf ngo\u00e0i se l\u1ea1i m\u1edbi cho v\u00e0o m\u00e1y t\u00e1ch, n\u00ean c\u00e0 ph\u00ea Coffee Tree lu\u00f4n c\u00f3 h\u00e0m l\u01b0\u1ee3ng caffeine cao h\u01a1n nhi\u1ec1u so v\u1edbi c\u00e0 ph\u00ea kh\u00e1c.<\/p>\n<h2><strong>C\u00f4ng ngh\u1ec7 ch\u1ebf bi\u1ebfn s\u1ea1ch<\/strong><\/h2>\n<p>C\u00f9ng v\u1edbi c\u00f4ng ngh\u1ec7 ch\u1ebf bi\u1ebfn s\u1ea1ch v\u00e0 m\u1ed9t s\u1ed1 b\u00ed quy\u1ebft \u0111\u1eb7c bi\u1ec7t truy\u1ec1n th\u1ed1ng, s\u1ea3n ph\u1ea9m c\u00e0 ph\u00ea\u00a0Coffee Tree\u00a0kh\u00f4ng c\u00f3 y\u1ebfu t\u1ed1 g\u00e2y h\u1ea1i cho s\u1ee9c kh\u1ecfe c\u1ee7a ng\u01b0\u1eddi ti\u00eau d\u00f9ng. \u0110\u1eb7c bi\u1ec7t ch\u00fang t\u00f4i cam k\u1ebft kh\u00f4ng c\u00f3 b\u1ea5t k\u00ec m\u1ed9t s\u1ef1 pha tr\u1ed9n t\u1ea1p ch\u1ea5t n\u00e0o trong s\u1ea3n ph\u1ea9m\u00a0<strong>c\u00e0 ph\u00ea\u00a0<\/strong>Coffee Tree c\u1ee7a ch\u00fang t\u00f4i.<\/p>\n<p><img class=\"aligncenter\" title=\"C\u00e0 ph\u00ea s\u1ea1ch Coffee Tree\" src=\"http:\/\/caphe.w2steam.com\/wp-content\/uploads\/2017\/10\/ca-phe-rubusta-136-1.jpg\" alt=\"C\u00e0 ph\u00ea s\u1ea1ch nguy\u00ean ch\u1ea5t 100%\" \/><\/p>\n<h2><strong>Ph\u00e2n bi\u1ec7t c\u00e0 ph\u00ea s\u1ea1ch v\u00e0 c\u00e0 ph\u00ea pha t\u1ea1p<\/strong><\/h2>\n<blockquote><p>Ly c\u00e0 ph\u00ea \u0111en tuy\u1ec1n, ch\u00f3ng ch\u00e1nh nh\u01b0ng tuy\u1ec7t kh\u00f4ng b\u1ebft v\u00e0o ly. D\u00f9 \u0111ang \u0111\u00f3i b\u1ee5ng nh\u01b0ng nh\u1ea5m v\u00e0o kh\u00f4ng th\u1ea5y chu\u1ebfch cho\u00e1ng say. C\u00e0 ph\u00ea rang xay nguy\u00ean ch\u1ea5t l\u00e0 ph\u1ea3i th\u1ebf.<\/p><\/blockquote>\n<h3><em><strong>C\u00e0 ph\u00ea s\u1ea1ch<\/strong><\/em><\/h3>\n<ul class=\"checkmark\">\n<li>B\u1ed9t c\u00e0 ph\u00ea c\u00f3 m\u00f9i th\u01a1m d\u1ecbu d\u00e0ng, quy\u1ebfn r\u0169.<\/li>\n<li>B\u1ed9t c\u00e0 ph\u00ea rang xay nguy\u00ean ch\u1ea5t khi r\u00f3t n\u01b0\u1edbc s\u00f4i v\u00e0o phin th\u00ec b\u1ed9t c\u00e0 ph\u00ea n\u1edf bung.<\/li>\n<li>M\u00e0u n\u01b0\u1edbc c\u00e0 ph\u00ea n\u00e2u nh\u1ea1t, kh\u00f4ng s\u00e1nh \u0111\u1eb7c.<\/li>\n<li>M\u00f9i v\u1ecb khi u\u1ed1ng: \u0111\u1eafng d\u1ecbu, chua thanh, s\u00e2u l\u1eafng, t\u1ef1 nhi\u00ean, c\u1ea3m gi\u00e1c mi\u1ec7ng v\u00e0 l\u01b0\u1ee1i s\u1ea1ch.<\/li>\n<li>T\u00e1ch c\u00e0 ph\u00ea lu\u00f4n c\u00f3 h\u1eadu v\u1ecb l\u01b0u luy\u1ebfn thu\u1ea7n t\u00fay t\u1eeb nguy\u00ean li\u1ec7u l\u00e0 h\u1ea1t c\u00e0 ph\u00ea rang xay nguy\u00ean ch\u1ea5t<\/li>\n<li>L\u00e2u ch\u00ecm khi cho b\u1ed9t c\u00e0 ph\u00ea v\u00e0o n\u01b0\u1edbc \u1edf nhi\u1ec7t \u0111\u1ed9 b\u00ecnh th\u01b0\u1eddng.<\/li>\n<\/ul>\n<h3><strong><em>C\u00e0 ph\u00ea pha t\u1ea1p<\/em><\/strong><\/h3>\n<ul class=\"cross\">\n<li>B\u1ed9t c\u00e0 ph\u00ea c\u00f3 m\u00f9i th\u01a1m n\u1ed3ng, h\u0103ng h\u1eafc c\u1ee7a h\u01b0\u01a1ng li\u1ec7u.<\/li>\n<li>B\u1ed9t c\u00e0 ph\u00ea pha t\u1ea1p khi r\u00f3t n\u01b0\u1edbc s\u00f4i v\u00e0o phin th\u00ec b\u1ed9t c\u00e0 ph\u00ea kh\u00f4ng n\u1edf bung.<\/li>\n<li>M\u00e0u n\u01b0\u1edbc c\u00e0 ph\u00ea \u0111en \u0111\u1eadm, s\u00e1nh \u0111\u1eb7c, nhi\u1ec1u b\u1ecdt.<\/li>\n<li>M\u00f9i v\u1ecb khi u\u1ed1ng: \u0111\u1eafng g\u1eaft, \u0111\u1eadm \u0111\u1eb7c, m\u00f9i h\u01b0\u01a1ng li\u1ec7u n\u1ed3ng n\u1eb7c, c\u1ea3m gi\u00e1c mi\u1ec7ng v\u00e0 l\u01b0\u1ee1i nh\u1eddn.<\/li>\n<li>B\u1ed9t c\u00e0 ph\u00ea ch\u00ecm ngay khi cho v\u00e0o n\u01b0\u1edbc \u1edf nhi\u1ec7t \u0111\u1ed9 th\u01b0\u1eddng<\/li>\n<\/ul>\n","protected":false},"excerpt":{"rendered":"<p>C\u00e0 ph\u00ea rang xay nguy\u00ean ch\u1ea5t 100% C\u00e0 ph\u00ea rang xay nguy\u00ean ch\u1ea5t\u00a0l\u00e0 c\u00e0 ph\u00ea \u0111\u01b0\u1ee3c ch\u1ebf bi\u1ebfn t\u1eeb nguy\u00ean li\u1ec7u 100% h\u1ea1t c\u00e0 ph\u00ea rang xay nguy\u00ean ch\u1ea5t kh\u00f4ng pha tr\u1ed9n b\u1ea5t k\u00ec c\u00e1c lo\u1ea1i t\u1ea1p ch\u1ea5t n\u00e0o nh\u01b0 b\u1eafp, \u0111\u1eadu n\u00e0nh, \u0111\u1eadu \u0111en\u2026 v\u00e0 c\u00e1c ch\u1ea5t h\u00f3a h\u1ecdc t\u1ea1o h\u01b0\u01a1ng li\u1ec7u, t\u1ea1o m\u00e0u. [&#8230;]\n","protected":false},"featured_media":292,"comment_status":"open","ping_status":"closed","template":"","meta":[],"_links":{"self":[{"href":"https:\/\/webmaibinh.com\/w\/caphe2011\/wp-json\/wp\/v2\/product\/136"}],"collection":[{"href":"https:\/\/webmaibinh.com\/w\/caphe2011\/wp-json\/wp\/v2\/product"}],"about":[{"href":"https:\/\/webmaibinh.com\/w\/caphe2011\/wp-json\/wp\/v2\/types\/product"}],"replies":[{"embeddable":true,"href":"https:\/\/webmaibinh.com\/w\/caphe2011\/wp-json\/wp\/v2\/comments?post=136"}],"wp:featuredmedia":[{"embeddable":true,"href":"https:\/\/webmaibinh.com\/w\/caphe2011\/wp-json\/wp\/v2\/media\/292"}],"wp:attachment":[{"href":"https:\/\/webmaibinh.com\/w\/caphe2011\/wp-json\/wp\/v2\/media?parent=136"}],"curies":[{"name":"wp","href":"https:\/\/api.w.org\/{rel}","templated":true}]}}