{"id":308,"date":"2017-10-05T06:47:41","date_gmt":"2017-10-05T06:47:41","guid":{"rendered":"http:\/\/caphe.w2steam.com\/?page_id=308"},"modified":"2017-10-05T06:47:41","modified_gmt":"2017-10-05T06:47:41","slug":"dich-vu-nha-hang-khach-san","status":"publish","type":"page","link":"https:\/\/webmaibinh.com\/w\/caphe2011\/dich-vu-nha-hang-khach-san\/","title":{"rendered":"D\u1ecbch v\u1ee5 Nh\u00e0 H\u00e0ng &#8211; Kh\u00e1ch s\u1ea1n"},"content":{"rendered":"<p>B\u00e0i vi\u1ebft v\u1ec1 d\u1ecbch v\u1ee5 \u00a0nh\u00e0 h\u00e0ng kh\u00e1ch s\u1ea1n.<\/p>\n","protected":false},"excerpt":{"rendered":"<p>B\u00e0i vi\u1ebft v\u1ec1 d\u1ecbch v\u1ee5 \u00a0nh\u00e0 h\u00e0ng kh\u00e1ch s\u1ea1n.<\/p>\n","protected":false},"author":1,"featured_media":0,"parent":0,"menu_order":0,"comment_status":"closed","ping_status":"closed","template":"","meta":[],"_links":{"self":[{"href":"https:\/\/webmaibinh.com\/w\/caphe2011\/wp-json\/wp\/v2\/pages\/308"}],"collection":[{"href":"https:\/\/webmaibinh.com\/w\/caphe2011\/wp-json\/wp\/v2\/pages"}],"about":[{"href":"https:\/\/webmaibinh.com\/w\/caphe2011\/wp-json\/wp\/v2\/types\/page"}],"author":[{"embeddable":true,"href":"https:\/\/webmaibinh.com\/w\/caphe2011\/wp-json\/wp\/v2\/users\/1"}],"replies":[{"embeddable":true,"href":"https:\/\/webmaibinh.com\/w\/caphe2011\/wp-json\/wp\/v2\/comments?post=308"}],"version-history":[{"count":1,"href":"https:\/\/webmaibinh.com\/w\/caphe2011\/wp-json\/wp\/v2\/pages\/308\/revisions"}],"predecessor-version":[{"id":309,"href":"https:\/\/webmaibinh.com\/w\/caphe2011\/wp-json\/wp\/v2\/pages\/308\/revisions\/309"}],"wp:attachment":[{"href":"https:\/\/webmaibinh.com\/w\/caphe2011\/wp-json\/wp\/v2\/media?parent=308"}],"curies":[{"name":"wp","href":"https:\/\/api.w.org\/{rel}","templated":true}]}}