{"id":198,"date":"2017-09-24T04:13:03","date_gmt":"2017-09-24T04:13:03","guid":{"rendered":"http:\/\/caphe.w2steam.com\/?page_id=198"},"modified":"2019-11-15T16:40:09","modified_gmt":"2019-11-15T09:40:09","slug":"lien-he","status":"publish","type":"page","link":"https:\/\/webmaibinh.com\/w\/caphe2011\/lien-he\/","title":{"rendered":"Li\u00ean h\u1ec7"},"content":{"rendered":"\n<strong><span class=\"widget-title\">C\u00d4NG TY TNHH C\u00c0 PH\u00ca ABC<\/span><\/strong>\n<div class=\"textwidget\">\n\n\u0110\u1ecba ch\u1ec9 : 490A, \u0110i\u1ec7n Bi\u00ean Ph\u1ee7, P.21, Q. T\u00e2n B\u00ecnh, Tp. HCM\n\n\u0110i\u1ec7n tho\u1ea1i: 0909000000 \u2013 0909000000\n\nWebsite: www.webdemo.com\n\nFanpage: https:\/\/www.facebook.com\/webdemo.com\n\n<\/div>\n","protected":false},"excerpt":{"rendered":"<p>C\u00d4NG TY TNHH C\u00c0 PH\u00ca ABC \u0110\u1ecba ch\u1ec9 : 490A, \u0110i\u1ec7n Bi\u00ean Ph\u1ee7, P.21, Q. T\u00e2n B\u00ecnh, Tp. HCM \u0110i\u1ec7n tho\u1ea1i: 0909000000 \u2013 0909000000 Website: www.webdemo.com Fanpage: https:\/\/www.facebook.com\/webdemo.com<\/p>\n","protected":false},"author":1,"featured_media":0,"parent":0,"menu_order":0,"comment_status":"closed","ping_status":"closed","template":"","meta":[],"_links":{"self":[{"href":"https:\/\/webmaibinh.com\/w\/caphe2011\/wp-json\/wp\/v2\/pages\/198"}],"collection":[{"href":"https:\/\/webmaibinh.com\/w\/caphe2011\/wp-json\/wp\/v2\/pages"}],"about":[{"href":"https:\/\/webmaibinh.com\/w\/caphe2011\/wp-json\/wp\/v2\/types\/page"}],"author":[{"embeddable":true,"href":"https:\/\/webmaibinh.com\/w\/caphe2011\/wp-json\/wp\/v2\/users\/1"}],"replies":[{"embeddable":true,"href":"https:\/\/webmaibinh.com\/w\/caphe2011\/wp-json\/wp\/v2\/comments?post=198"}],"version-history":[{"count":4,"href":"https:\/\/webmaibinh.com\/w\/caphe2011\/wp-json\/wp\/v2\/pages\/198\/revisions"}],"predecessor-version":[{"id":515,"href":"https:\/\/webmaibinh.com\/w\/caphe2011\/wp-json\/wp\/v2\/pages\/198\/revisions\/515"}],"wp:attachment":[{"href":"https:\/\/webmaibinh.com\/w\/caphe2011\/wp-json\/wp\/v2\/media?parent=198"}],"curies":[{"name":"wp","href":"https:\/\/api.w.org\/{rel}","templated":true}]}}