{"id":200,"date":"2019-03-09T23:32:16","date_gmt":"2019-03-09T16:32:16","guid":{"rendered":"https:\/\/tppone.com\/demo\/camera2\/?post_type=product&#038;p=200"},"modified":"2019-03-10T22:28:04","modified_gmt":"2019-03-10T15:28:04","slug":"webvision-t6836w","status":"publish","type":"product","link":"https:\/\/webmaibinh.com\/w\/camera2\/san-pham\/webvision-t6836w\/","title":{"rendered":"WEBVISION T6836W"},"content":{"rendered":"<p>Camera wifi \u2013 camera kh\u00f4ng d\u00e2y, xu h\u01b0\u1edbng m\u1edbi c\u1ee7a camera IP th\u1eddi hi\u1ec7n \u0111\u1ea1i, gi\u1ea3i ph\u00e1p an ninh cho c\u0103n nh\u00e0 c\u1ee7a b\u1ea1n. Mua camera IP Webvision T6836W \u2013 cho h\u00ecnh \u1ea3nh H264, camera quan s\u00e1t tr\u1ef1c ti\u1ebfp v\u00e0 t\u1eeb xa b\u1eb1ng \u0111i\u1ec7n tho\u1ea1i di \u0111\u1ed9ng.<\/p>\n<p>Camera wifi \u2013 camera kh\u00f4ng d\u00e2y, xu h\u01b0\u1edbng m\u1edbi c\u1ee7a camera IP th\u1eddi hi\u1ec7n \u0111\u1ea1i, gi\u1ea3i ph\u00e1p an ninh cho c\u0103n nh\u00e0 c\u1ee7a b\u1ea1n. Mua camera IP Webvision T6836W \u2013 cho h\u00ecnh \u1ea3nh H264, camera quan s\u00e1t tr\u1ef1c ti\u1ebfp v\u00e0 t\u1eeb xa b\u1eb1ng \u0111i\u1ec7n tho\u1ea1i di \u0111\u1ed9ng.<\/p>\n<p>Camera wifi \u2013 camera kh\u00f4ng d\u00e2y, xu h\u01b0\u1edbng m\u1edbi c\u1ee7a camera IP th\u1eddi hi\u1ec7n \u0111\u1ea1i, gi\u1ea3i ph\u00e1p an ninh cho c\u0103n nh\u00e0 c\u1ee7a b\u1ea1n. Mua camera IP Webvision T6836W \u2013 cho h\u00ecnh \u1ea3nh H264, camera quan s\u00e1t tr\u1ef1c ti\u1ebfp v\u00e0 t\u1eeb xa b\u1eb1ng \u0111i\u1ec7n tho\u1ea1i di \u0111\u1ed9ng.<\/p>\n","protected":false},"excerpt":{"rendered":"<p>Camera wifi \u2013 camera kh\u00f4ng d\u00e2y, xu h\u01b0\u1edbng m\u1edbi c\u1ee7a camera IP th\u1eddi hi\u1ec7n \u0111\u1ea1i, gi\u1ea3i ph\u00e1p an ninh cho c\u0103n nh\u00e0 c\u1ee7a b\u1ea1n. Mua camera IP Webvision T6836W \u2013 cho h\u00ecnh \u1ea3nh H264, camera quan s\u00e1t tr\u1ef1c ti\u1ebfp v\u00e0 t\u1eeb xa b\u1eb1ng \u0111i\u1ec7n tho\u1ea1i di \u0111\u1ed9ng.<\/p>\n","protected":false},"featured_media":201,"comment_status":"open","ping_status":"closed","template":"","meta":[],"brands":[],"_links":{"self":[{"href":"https:\/\/webmaibinh.com\/w\/camera2\/wp-json\/wp\/v2\/product\/200"}],"collection":[{"href":"https:\/\/webmaibinh.com\/w\/camera2\/wp-json\/wp\/v2\/product"}],"about":[{"href":"https:\/\/webmaibinh.com\/w\/camera2\/wp-json\/wp\/v2\/types\/product"}],"replies":[{"embeddable":true,"href":"https:\/\/webmaibinh.com\/w\/camera2\/wp-json\/wp\/v2\/comments?post=200"}],"wp:featuredmedia":[{"embeddable":true,"href":"https:\/\/webmaibinh.com\/w\/camera2\/wp-json\/wp\/v2\/media\/201"}],"wp:attachment":[{"href":"https:\/\/webmaibinh.com\/w\/camera2\/wp-json\/wp\/v2\/media?parent=200"}],"curies":[{"name":"wp","href":"https:\/\/api.w.org\/{rel}","templated":true}]}}