{"id":999,"date":"2019-11-06T21:25:15","date_gmt":"2019-11-06T14:25:15","guid":{"rendered":"https:\/\/tinhoctaynguyen.com\/?post_type=product&#038;p=999"},"modified":"2019-11-06T21:31:13","modified_gmt":"2019-11-06T14:31:13","slug":"camera-hikvision-ds-2ce56d0t-irp-2-0-megapixel-ir-20m","status":"publish","type":"product","link":"https:\/\/webmaibinh.com\/w\/camera12011\/san-pham\/camera-hikvision-ds-2ce56d0t-irp-2-0-megapixel-ir-20m\/","title":{"rendered":"Camera HIKVISION DS-2CE56D0T-IRP 2.0 Megapixel, IR 20m"},"content":{"rendered":"<p>Camera HIKVISION DS-2CE56D0T-IRP<br \/>\n     &#8211; Camera HDTVI Dome Hikvision DS-2CE56D0T-IRP (D\u1ea1ng v\u1ecf nh\u1ef1a) \u0111\u1ed9 ph\u00e2n gi\u1ea3i 2.0 megapixel, h\u00f4\u0300ng ngoa\u0323i th\u00f4ng minh Smart IR, t\u00e2\u0300m xa 20m, h\u1ed7 tr\u1ee3 ch\u00f4\u0301ng n\u01b0\u01a1\u0301c ti\u00eau chu\u00e2\u0309n IP66, ph\u00f9 h\u1ee3p l\u1eafp \u0111\u1eb7t tr\u00ean tr\u1ea7n nh\u00e0 \u1edf c\u00e1c khu v\u1ef1c v\u0103n ph\u00f2ng, nh\u00e0 \u1edf, chung c\u01b0, shop, b\u1ec7nh vi\u1ec7n, nh\u00e0 s\u00e1ch, v.v.v&#8230;    <\/p>\n<p>     &#8211; Camera Hikvision DS-2CE56D0T-IRP l\u00e0 camera HDTVI c\u00f4ng ngh\u1ec7 m\u1edbi, \u0111\u1ed9 ph\u00e2n gi\u1ea3i HD cho h\u00ecnh \u1ea3nh s\u1eafc n\u00e9t, ch\u1ea5t l\u01b0\u1ee3ng cao, \u0111\u00e8n h\u1ed3ng ngo\u1ea1i th\u00f4ng minh, m\u1eabu m\u00e3 thu h\u00fat kh\u00e1ch h\u00e0ng v\u00e0 d\u1ec5 d\u00e0ng s\u1eed d\u1ee5ng, c\u00f3 nhi\u1ec1u t\u00ednh n\u0103ng \u01b0u vi\u1ec7t gi\u00fap ng\u01b0\u1eddi ti\u00eau d\u00f9ng c\u00f3 th\u1ec3 qu\u1ea3n l\u00fd gia \u0111\u00ecnh v\u00e0 c\u00f4ng vi\u1ec7c m\u1ed9t c\u00e1ch hi\u1ec7u qu\u1ea3.<br \/>\n   &#8211; HIKVISION DS-2CE56D0T-IRP c\u00f4ng ngh\u1ec7 HDTVI truy\u1ec1n h\u00ecnh \u1ea3nh HD v\u1edbi kho\u1ea3ng c\u00e1ch r\u1ea5t xa 300-500m, d\u1ec5 d\u00e0ng c\u00e0i \u0111\u1eb7t kh\u00f4ng b\u1ecb gi\u1eadt h\u00ecnh, kh\u00f4ng b\u1ecb \u0111\u1ed9 tr\u1ec5 so v\u1edbi camera IP, h\u01a1n h\u1eb3n c\u00f4ng ngh\u1ec7 HD-SDI v\u1ec1 t\u1ed1c \u0111\u1ed9 truy\u1ec1n, c\u00f4ng ng\u1ec7 HDTVI l\u00e0 c\u00f4ng ngh\u1ec7 analog sau c\u00f9ng cho h\u00ecnh \u1ea3nh s\u1eafc n\u00e9t r\u1ea5t trong v\u00e0 m\u1ecbn t\u1ed1t nh\u1ea5t d\u00f2ng analog.<\/p>\n<p>     &#8211; Camera HIKVISION DS-2CE56D0T-IRP dome h\u1ed3ng ngo\u1ea1i h\u00ecnh \u1ea3nh HD 1080P si\u00eau n\u00e9t, M\u00e0u tr\u1eafng h\u00ecnh th\u1ee9c trang nh\u00e3 d\u1ec5 l\u1eafp \u0111\u1eb7t v\u00e0 \u0111i\u1ec1u ch\u1ec9nh, h\u00ecnh d\u1ea1ng nh\u1ecf g\u1ecdn th\u00edch h\u1ee3p s\u1eed d\u1ee5ng l\u1eafp camera cho v\u0103n ph\u00f2ng c\u00f4ng ty,camera cho shop th\u1eddi trang qu\u1ea7n \u00e1o, camera cho qu\u00e1n caf\u00e9\u2026S\u1ea3n ph\u1ea9m ch\u1ea5t l\u01b0\u1ee3ng si\u00eau n\u00e9t \u0111\u1ea3m b\u1ea3o h\u00e0i l\u00f2ng kh\u00e1ch h\u00e0ng kh\u00f3 t\u00ednh nh\u1ea5t.  <\/p>\n","protected":false},"excerpt":{"rendered":"<p>Camera HIKVISION DS-2CE56D0T-IRP &#8211; Camera HDTVI Dome Hikvision DS-2CE56D0T-IRP (D\u1ea1ng v\u1ecf nh\u1ef1a) \u0111\u1ed9 ph\u00e2n gi\u1ea3i 2.0 megapixel, h\u00f4\u0300ng ngoa\u0323i th\u00f4ng minh Smart IR, t\u00e2\u0300m xa 20m, h\u1ed7 tr\u1ee3 ch\u00f4\u0301ng n\u01b0\u01a1\u0301c ti\u00eau chu\u00e2\u0309n IP66, ph\u00f9 h\u1ee3p l\u1eafp \u0111\u1eb7t tr\u00ean tr\u1ea7n nh\u00e0 \u1edf c\u00e1c khu v\u1ef1c v\u0103n ph\u00f2ng, nh\u00e0 \u1edf, chung c\u01b0, shop, b\u1ec7nh vi\u1ec7n, nh\u00e0 s\u00e1ch, &#8230;<\/p>\n","protected":false},"featured_media":986,"comment_status":"closed","ping_status":"closed","template":"","meta":[],"brands":[{"id":30,"name":"Hikvison","slug":"hikvison"}],"_links":{"self":[{"href":"https:\/\/webmaibinh.com\/w\/camera12011\/wp-json\/wp\/v2\/product\/999"}],"collection":[{"href":"https:\/\/webmaibinh.com\/w\/camera12011\/wp-json\/wp\/v2\/product"}],"about":[{"href":"https:\/\/webmaibinh.com\/w\/camera12011\/wp-json\/wp\/v2\/types\/product"}],"replies":[{"embeddable":true,"href":"https:\/\/webmaibinh.com\/w\/camera12011\/wp-json\/wp\/v2\/comments?post=999"}],"wp:featuredmedia":[{"embeddable":true,"href":"https:\/\/webmaibinh.com\/w\/camera12011\/wp-json\/wp\/v2\/media\/986"}],"wp:attachment":[{"href":"https:\/\/webmaibinh.com\/w\/camera12011\/wp-json\/wp\/v2\/media?parent=999"}],"curies":[{"name":"wp","href":"https:\/\/api.w.org\/{rel}","templated":true}]}}