{"id":996,"date":"2019-11-06T21:18:19","date_gmt":"2019-11-06T14:18:19","guid":{"rendered":"https:\/\/tinhoctaynguyen.com\/?post_type=product&#038;p=996"},"modified":"2019-11-06T21:18:19","modified_gmt":"2019-11-06T14:18:19","slug":"camera-hikvision-ds-2ce56b2-ipf-2-0-megapixel-hong-ngoai-20m-camera-4-in-1-tvi-cvi-ahd-cvbs","status":"publish","type":"product","link":"https:\/\/webmaibinh.com\/w\/camera12011\/san-pham\/camera-hikvision-ds-2ce56b2-ipf-2-0-megapixel-hong-ngoai-20m-camera-4-in-1-tvi-cvi-ahd-cvbs\/","title":{"rendered":"Camera HIKVISION DS-2CE56B2-IPF 2.0 Megapixel, h\u1ed3ng ngo\u1ea1i 20m, Camera 4 in 1 TVI\/CVI\/AHD\/CVBS"},"content":{"rendered":"<p>Camera HIKVISION DS-2CE56B2-IPF Full HD 2.0 Megapixel<br \/>\n    &#8211; Camera quan s\u00e1t Hikvision DS-2CE56B2-IPF l\u00e0 camera HDTVI c\u00f4ng ngh\u1ec7 m\u1edbi, \u0111\u1ed9 ph\u00e2n gi\u1ea3i HD cho h\u00ecnh \u1ea3nh s\u1eafc n\u00e9t, ch\u1ea5t l\u01b0\u1ee3ng cao, \u0111\u00e8n h\u1ed3ng ngo\u1ea1i th\u00f4ng minh, v\u1edbi t\u00ednh n\u0103ng 4 in 1 c\u00f3 th\u1ec3 k\u1ebft n\u1ed1i v\u1edbi h\u1ea7u h\u1ebft c\u00e1c \u0111\u1ea7u ghi h\u00ecnh kh\u00e1c tr\u00ean th\u1ecb tr\u01b0\u1eddng, m\u1eabu m\u00e3 thu h\u00fat kh\u00e1ch h\u00e0ng, d\u1ec5 d\u00e0ng s\u1eed d\u1ee5ng<br \/>\n<a href=\"https:\/\/tinhoctaynguyen.com\/wp-content\/uploads\/2019\/11\/1.jpg\"><img loading=\"lazy\" src=\"https:\/\/tinhoctaynguyen.com\/wp-content\/uploads\/2019\/11\/1-300x126.jpg\" alt=\"\" width=\"300\" height=\"126\" class=\"alignnone size-medium wp-image-993\" srcset=\"https:\/\/webmaibinh.com\/w\/camera12011\/wp-content\/uploads\/2019\/11\/1-300x126.jpg 300w, https:\/\/webmaibinh.com\/w\/camera12011\/wp-content\/uploads\/2019\/11\/1-510x213.jpg 510w, https:\/\/webmaibinh.com\/w\/camera12011\/wp-content\/uploads\/2019\/11\/1.jpg 600w\" sizes=\"(max-width: 300px) 100vw, 300px\" \/><\/a><br \/>\n    &#8211; HIKVISION DS-2CE56B2-IPF c\u00f4ng ngh\u1ec7 HDTVI truy\u1ec1n h\u00ecnh \u1ea3nh HD v\u1edbi kho\u1ea3ng c\u00e1ch r\u1ea5t xa 300-500m, d\u1ec5 d\u00e0ng c\u00e0i \u0111\u1eb7t kh\u00f4ng b\u1ecb gi\u1eadt h\u00ecnh, kh\u00f4ng b\u1ecb \u0111\u1ed9 tr\u1ec5 so v\u1edbi camera IP, h\u01a1n h\u1eb3n c\u00f4ng ngh\u1ec7 HD-SDI v\u1ec1 t\u1ed1c \u0111\u1ed9 truy\u1ec1n, c\u00f4ng ng\u1ec7 HDTVI l\u00e0 c\u00f4ng ngh\u1ec7 analog sau c\u00f9ng cho h\u00ecnh \u1ea3nh s\u1eafc n\u00e9t r\u1ea5t trong v\u00e0 m\u1ecbn t\u1ed1t nh\u1ea5t d\u00f2ng analog c\u1ee7a camera quan s\u00e1t.<br \/>\n<a href=\"https:\/\/tinhoctaynguyen.com\/wp-content\/uploads\/2019\/11\/3.jpg\"><img loading=\"lazy\" src=\"https:\/\/tinhoctaynguyen.com\/wp-content\/uploads\/2019\/11\/3-300x109.jpg\" alt=\"\" width=\"300\" height=\"109\" class=\"alignnone size-medium wp-image-994\" srcset=\"https:\/\/webmaibinh.com\/w\/camera12011\/wp-content\/uploads\/2019\/11\/3-300x109.jpg 300w, https:\/\/webmaibinh.com\/w\/camera12011\/wp-content\/uploads\/2019\/11\/3-510x184.jpg 510w, https:\/\/webmaibinh.com\/w\/camera12011\/wp-content\/uploads\/2019\/11\/3.jpg 600w\" sizes=\"(max-width: 300px) 100vw, 300px\" \/><\/a><br \/>\n    &#8211; Camera HDTVI HIKVISION DS-2CE56B2-IPF dome h\u1ed3ng ngo\u1ea1i h\u00ecnh \u1ea3nh HD 1080P si\u00eau n\u00e9t, M\u00e0u tr\u1eafng h\u00ecnh th\u1ee9c trang nh\u00e3 d\u1ec5 l\u1eafp \u0111\u1eb7t v\u00e0 \u0111i\u1ec1u ch\u1ec9nh, h\u00ecnh d\u1ea1ng nh\u1ecf g\u1ecdn th\u00edch h\u1ee3p s\u1eed d\u1ee5ng l\u1eafp camera cho v\u0103n ph\u00f2ng c\u00f4ng ty,camera cho shop th\u1eddi trang qu\u1ea7n \u00e1o, camera cho qu\u00e1n caf\u00e9\u2026S\u1ea3n ph\u1ea9m ch\u1ea5t l\u01b0\u1ee3ng si\u00eau n\u00e9t \u0111\u1ea3m b\u1ea3o h\u00e0i l\u00f2ng kh\u00e1ch h\u00e0ng kh\u00f3 t\u00ednh nh\u1ea5t.  <\/p>\n","protected":false},"excerpt":{"rendered":"<p>Camera HIKVISION DS-2CE56B2-IPF Full HD 2.0 Megapixel &#8211; Camera quan s\u00e1t Hikvision DS-2CE56B2-IPF l\u00e0 camera HDTVI c\u00f4ng ngh\u1ec7 m\u1edbi, \u0111\u1ed9 ph\u00e2n gi\u1ea3i HD cho h\u00ecnh \u1ea3nh s\u1eafc n\u00e9t, ch\u1ea5t l\u01b0\u1ee3ng cao, \u0111\u00e8n h\u1ed3ng ngo\u1ea1i th\u00f4ng minh, v\u1edbi t\u00ednh n\u0103ng 4 in 1 c\u00f3 th\u1ec3 k\u1ebft n\u1ed1i v\u1edbi h\u1ea7u h\u1ebft c\u00e1c \u0111\u1ea7u ghi h\u00ecnh kh\u00e1c tr\u00ean &#8230;<\/p>\n","protected":false},"featured_media":998,"comment_status":"closed","ping_status":"closed","template":"","meta":[],"brands":[{"id":30,"name":"Hikvison","slug":"hikvison"}],"_links":{"self":[{"href":"https:\/\/webmaibinh.com\/w\/camera12011\/wp-json\/wp\/v2\/product\/996"}],"collection":[{"href":"https:\/\/webmaibinh.com\/w\/camera12011\/wp-json\/wp\/v2\/product"}],"about":[{"href":"https:\/\/webmaibinh.com\/w\/camera12011\/wp-json\/wp\/v2\/types\/product"}],"replies":[{"embeddable":true,"href":"https:\/\/webmaibinh.com\/w\/camera12011\/wp-json\/wp\/v2\/comments?post=996"}],"wp:featuredmedia":[{"embeddable":true,"href":"https:\/\/webmaibinh.com\/w\/camera12011\/wp-json\/wp\/v2\/media\/998"}],"wp:attachment":[{"href":"https:\/\/webmaibinh.com\/w\/camera12011\/wp-json\/wp\/v2\/media?parent=996"}],"curies":[{"name":"wp","href":"https:\/\/api.w.org\/{rel}","templated":true}]}}