{"id":991,"date":"2019-11-06T21:00:23","date_gmt":"2019-11-06T14:00:23","guid":{"rendered":"https:\/\/tinhoctaynguyen.com\/?post_type=product&#038;p=991"},"modified":"2019-11-06T21:00:23","modified_gmt":"2019-11-06T14:00:23","slug":"camera-tvi-hikvision-ds-2ce16c0t-ir-1-0-megapixel-hong-ngoai-20m","status":"publish","type":"product","link":"https:\/\/webmaibinh.com\/w\/camera12011\/san-pham\/camera-tvi-hikvision-ds-2ce16c0t-ir-1-0-megapixel-hong-ngoai-20m\/","title":{"rendered":"Camera TVI HIKVISION DS-2CE16C0T-IR 1.0 Megapixel, h\u1ed3ng ngo\u1ea1i 20M"},"content":{"rendered":"<p>Camera TVI HIKVISION DS-2CE16C0T-IR<br \/>\n  &#8211; HIKVISION DS-2CE16C0T-IR c\u00f4ng ngh\u1ec7 HDTVI  truy\u1ec1n h\u00ecnh \u1ea3nh HD v\u1edbi kho\u1ea3ng c\u00e1ch r\u1ea5t xa 300-500m, d\u1ec5 d\u00e0ng c\u00e0i \u0111\u1eb7t kh\u00f4ng b\u1ecb gi\u1eadt h\u00ecnh, kh\u00f4ng b\u1ecb \u0111\u1ed9 tr\u1ec5 so v\u1edbi camera IP, h\u01a1n h\u1eb3n c\u00f4ng ngh\u1ec7 HD-SDI v\u1ec1 t\u1ed1c \u0111\u1ed9 truy\u1ec1n, c\u00f4ng ng\u1ec7 HDTVI l\u00e0 c\u00f4ng ngh\u1ec7 analog sau c\u00f9ng cho h\u00ecnh \u1ea3nh s\u1eafc n\u00e9t r\u1ea5t trong v\u00e0 m\u1ecbn t\u1ed1t nh\u1ea5t d\u00f2ng analog.<\/p>\n<p>     &#8211; Camera quan s\u00e1t DS-2CE16C0T-IR th\u00e2n h\u1ed3ng ngo\u1ea1i h\u00ecnh \u1ea3nh HD 720P si\u00eau n\u00e9t, M\u00e0u tr\u1eafng h\u00ecnh th\u1ee9c trang nh\u00e3 d\u1ec5 l\u1eafp \u0111\u1eb7t v\u00e0 \u0111i\u1ec1u ch\u1ec9nh, h\u00ecnh d\u1ea1ng nh\u1ecf g\u1ecdn th\u00edch h\u1ee3p s\u1eed d\u1ee5ng l\u1eafp camera cho v\u0103n ph\u00f2ng c\u00f4ng ty,camera cho shop th\u1eddi trang qu\u1ea7n \u00e1o, camera cho qu\u00e1n caf\u00e9\u2026S\u1ea3n ph\u1ea9m ch\u1ea5t l\u01b0\u1ee3ng si\u00eau n\u00e9t \u0111\u1ea3m b\u1ea3o h\u00e0i l\u00f2ng kh\u00e1ch h\u00e0ng kh\u00f3 t\u00ednh nh\u1ea5t.<\/p>\n","protected":false},"excerpt":{"rendered":"<p>Camera TVI HIKVISION DS-2CE16C0T-IR &#8211; HIKVISION DS-2CE16C0T-IR c\u00f4ng ngh\u1ec7 HDTVI truy\u1ec1n h\u00ecnh \u1ea3nh HD v\u1edbi kho\u1ea3ng c\u00e1ch r\u1ea5t xa 300-500m, d\u1ec5 d\u00e0ng c\u00e0i \u0111\u1eb7t kh\u00f4ng b\u1ecb gi\u1eadt h\u00ecnh, kh\u00f4ng b\u1ecb \u0111\u1ed9 tr\u1ec5 so v\u1edbi camera IP, h\u01a1n h\u1eb3n c\u00f4ng ngh\u1ec7 HD-SDI v\u1ec1 t\u1ed1c \u0111\u1ed9 truy\u1ec1n, c\u00f4ng ng\u1ec7 HDTVI l\u00e0 c\u00f4ng ngh\u1ec7 analog sau c\u00f9ng cho &#8230;<\/p>\n","protected":false},"featured_media":990,"comment_status":"closed","ping_status":"closed","template":"","meta":[],"brands":[{"id":30,"name":"Hikvison","slug":"hikvison"}],"_links":{"self":[{"href":"https:\/\/webmaibinh.com\/w\/camera12011\/wp-json\/wp\/v2\/product\/991"}],"collection":[{"href":"https:\/\/webmaibinh.com\/w\/camera12011\/wp-json\/wp\/v2\/product"}],"about":[{"href":"https:\/\/webmaibinh.com\/w\/camera12011\/wp-json\/wp\/v2\/types\/product"}],"replies":[{"embeddable":true,"href":"https:\/\/webmaibinh.com\/w\/camera12011\/wp-json\/wp\/v2\/comments?post=991"}],"wp:featuredmedia":[{"embeddable":true,"href":"https:\/\/webmaibinh.com\/w\/camera12011\/wp-json\/wp\/v2\/media\/990"}],"wp:attachment":[{"href":"https:\/\/webmaibinh.com\/w\/camera12011\/wp-json\/wp\/v2\/media?parent=991"}],"curies":[{"name":"wp","href":"https:\/\/api.w.org\/{rel}","templated":true}]}}