{"id":811,"date":"2019-10-22T16:27:40","date_gmt":"2019-10-22T09:27:40","guid":{"rendered":"https:\/\/tinhoctaynguyen.bizhostvn.com\/?post_type=product&#038;p=811"},"modified":"2019-10-22T16:27:40","modified_gmt":"2019-10-22T09:27:40","slug":"camera-ip-hikvision-ds-2cd2125fhwd-i-2-0-megapixel-ir-30m-vo-kim-loai-chong-va-dap-chong-nguoc-sang","status":"publish","type":"product","link":"https:\/\/webmaibinh.com\/w\/camera12011\/san-pham\/camera-ip-hikvision-ds-2cd2125fhwd-i-2-0-megapixel-ir-30m-vo-kim-loai-chong-va-dap-chong-nguoc-sang\/","title":{"rendered":"Camera IP HIKVISION DS-2CD2125FHWD-I 2.0 Megapixel, IR 30m, V\u1ecf kim lo\u1ea1i, Ch\u1ed1ng va \u0111\u1eadp, Ch\u1ed1ng ng\u01b0\u1ee3c s\u00e1ng"},"content":{"rendered":"<h2><strong>Camera IP HIKVISION DS-2CD2125FHWD-I<\/strong><\/h2>\n<p><strong>\u00a0 \u00a0 \u00a0&#8211;\u00a0Camera IP HIKVISION DS-2CD2125FHWD-I<\/strong>\u00a0c\u00f3 \u0111\u1ed9 ph\u00e2n gi\u1ea3i h\u00ecnh \u1ea3nh Full HD cho ch\u1ea5t l\u01b0\u1ee3ng h\u00ecnh \u1ea3nh c\u00f3 \u0111\u1ed9 n\u00e9t cao. S\u1eed d\u1ee5ng \u1ed1ng k\u00ednh c\u1ed1 \u0111\u1ecbnh 2.8\/4\/6mm cho b\u1ea1n nhi\u1ec1u l\u1ef1a ch\u1ecdn ph\u00f9 h\u01a1p v\u1edbi t\u1eebng \u0111\u1ed1i t\u01b0\u1ee3ng quan s\u00e1t.\u00a0DS-2CD2125FHWD-I\u00a0h\u1ed7 tr\u1ee3 nhi\u1ec1u t\u00ednh n\u0103ng th\u00f4ng minh \u0111\u1ed3ng th\u1eddi n\u00e2ng cao ch\u1ea5t l\u01b0\u1ee3ng h\u00ecnh \u1ea3nh c\u0169ng nh\u01b0 \u0111\u1ed9 an to\u00e0n cho khu v\u1ef1c l\u1eafp \u0111\u1eb7t nh\u01b0: 3D DNR; BLC; ICR, ti\u0301nh n\u0103ng pha\u0301t hi\u00ea\u0323n v\u01b0\u01a1\u0323t ha\u0300ng ra\u0300o a\u0309o, pha\u0301t hi\u00ea\u0323n x\u00e2m nh\u00e2\u0323p, pha\u0301t hi\u00ea\u0323n di d\u01a1\u0300i v\u00e2\u0323t th\u00ea\u0309, pha\u0301t hi\u00ea\u0323n ha\u0300nh ly\u0301 v\u00f4 chu\u0309, pha\u0301t hi\u00ea\u0323n khu\u00f4n m\u0103\u0323t.<\/p>\n<p><img src=\"https:\/\/digione.vn\/upload\/source\/camera-ip-hikvision-ds-2cd2125fhwd-i-20-megapixel-ir-30m-vo-kim-loai-chong-va-dap-chong-nguoc-sang\/1_1.jpg?1561456981189\" alt=\"1_1\" \/><\/p>\n<h3><strong>\u00a0 \u00a0 \u00a0&#8211;\u00a0Camera ip hikvision\u00a0DS-2CD2125FHWD-I\u00a0\u0111\u01b0\u1ee3c s\u1eed d\u1ee5ng\u00a0c<\/strong><strong>\u00f4ng ngh\u1ec7 m\u1edbi nh\u1ea5t cho m\u1ed9t camera cao c\u1ea5p.\u00a0<\/strong><\/h3>\n<p><strong>\u00a0 \u00a0 \u00a0&#8211;\u00a0True WDR 120dB\u00a0<\/strong>chuy\u00ean ch\u1ed1ng ng\u01b0\u1ee3c s\u00e1ng<\/p>\n<p><img src=\"https:\/\/digione.vn\/upload\/source\/camera-ip-hikvision-ds-2cd2125fhwd-i-20-megapixel-ir-30m-vo-kim-loai-chong-va-dap-chong-nguoc-sang\/2.jpg?1561457003045\" alt=\"2\" \/><\/p>\n<p><strong>\u00a0 \u00a0 \u00a0&#8211;\u00a0Camera\u00a0HIKVISION\u00a0DS-2CD2125FHWD-I<\/strong>\u00a0trang b\u1ecb ch\u1ee9c n\u0103ng ch\u1ed1ng ng\u01b0\u1ee3c s\u00e1ng th\u1ef1c True WDR 120dB\u00a0gi\u00fap ch\u00fang ta l\u1eafp \u0111\u1eb7t d\u1ec5 d\u00e0ng \u1edf m\u1ecdi v\u1ecb tr\u00ed m\u00e0 kh\u00f4ng s\u1ee3 b\u1ecb ng\u01b0\u1ee3c s\u00e1ng, h\u00ecnh \u1ea3nh trong r\u00f5 v\u00e0 s\u00e1ng \u00a0h\u01a1n nhi\u1ec1u so v\u1edbi c\u00e1c camera th\u00f4ng th\u01b0\u1eddng kh\u00e1c ( \u0110\u1ed1i v\u1edbi camera m\u1edbi th\u01b0\u1eddng ch\u01b0a k\u00edch ho\u1ea1t ch\u1ed1ng ng\u01b0\u1ee3c s\u00e1ng, v\u00e0o menu camera \u0111\u1ec3 k\u00edch ho\u1ea1t t\u00ednh n\u0103ng ch\u1ed1ng ng\u01b0\u1ee3c s\u00e1ng \u0111\u1ec3 s\u1eed d\u1ee5ng cho h\u00ecnh \u1ea3nh \u0111\u1eb9p nh\u1ea5t ) .<\/p>\n<p><strong>\u00a0 \u00a0 \u00a0&#8211;\u00a03D-DNR<\/strong>\u00a0gi\u1ea3m nhi\u1ec5u k\u1ef9 thu\u1eadt s\u1ed1 3D<\/p>\n<p><img src=\"https:\/\/digione.vn\/upload\/source\/camera-ip-hikvision-ds-2cd2125fhwd-i-20-megapixel-ir-30m-vo-kim-loai-chong-va-dap-chong-nguoc-sang\/3.jpg?1561457024852\" alt=\"3\" \/><\/p>\n<p><strong>\u00a0 \u00a0 \u00a0&#8211; Day\/Night ICR<\/strong>\u00a0Chuy\u1ec3n \u0111\u1ed5i ch\u1ebf \u0111\u1ed9 ng\u00e0y\/ \u0111\u00eam<\/p>\n<p><strong>\u00a0 \u00a0 \u00a0&#8211;\u00a0<\/strong>Ch\u1ee9c n\u0103ng Backlight Compensation (<strong>BLC<\/strong>) h\u1ed7 tr\u1ee3 nh\u00ecn ng\u01b0\u1ee3c s\u00e1ng t\u1ef1 \u0111\u1ed9ng \u0111i\u1ec1u ch\u1ec9nh<\/p>\n<p><strong>\u00a0 \u00a0 \u00a0&#8211;\u00a0<\/strong>Ngu\u00f4\u0300n c\u1ea5p 12V DC ho\u1eb7c\u00a0<strong>PoE<\/strong>.<\/p>\n","protected":false},"excerpt":{"rendered":"<p>Camera IP HIKVISION DS-2CD2125FHWD-I \u00a0 \u00a0 \u00a0&#8211;\u00a0Camera IP HIKVISION DS-2CD2125FHWD-I\u00a0c\u00f3 \u0111\u1ed9 ph\u00e2n gi\u1ea3i h\u00ecnh \u1ea3nh Full HD cho ch\u1ea5t l\u01b0\u1ee3ng h\u00ecnh \u1ea3nh c\u00f3 \u0111\u1ed9 n\u00e9t cao. S\u1eed d\u1ee5ng \u1ed1ng k\u00ednh c\u1ed1 \u0111\u1ecbnh 2.8\/4\/6mm cho b\u1ea1n nhi\u1ec1u l\u1ef1a ch\u1ecdn ph\u00f9 h\u01a1p v\u1edbi t\u1eebng \u0111\u1ed1i t\u01b0\u1ee3ng quan s\u00e1t.\u00a0DS-2CD2125FHWD-I\u00a0h\u1ed7 tr\u1ee3 nhi\u1ec1u t\u00ednh n\u0103ng th\u00f4ng minh \u0111\u1ed3ng th\u1eddi n\u00e2ng &#8230;<\/p>\n","protected":false},"featured_media":802,"comment_status":"closed","ping_status":"closed","template":"","meta":[],"brands":[{"id":30,"name":"Hikvison","slug":"hikvison"}],"_links":{"self":[{"href":"https:\/\/webmaibinh.com\/w\/camera12011\/wp-json\/wp\/v2\/product\/811"}],"collection":[{"href":"https:\/\/webmaibinh.com\/w\/camera12011\/wp-json\/wp\/v2\/product"}],"about":[{"href":"https:\/\/webmaibinh.com\/w\/camera12011\/wp-json\/wp\/v2\/types\/product"}],"replies":[{"embeddable":true,"href":"https:\/\/webmaibinh.com\/w\/camera12011\/wp-json\/wp\/v2\/comments?post=811"}],"wp:featuredmedia":[{"embeddable":true,"href":"https:\/\/webmaibinh.com\/w\/camera12011\/wp-json\/wp\/v2\/media\/802"}],"wp:attachment":[{"href":"https:\/\/webmaibinh.com\/w\/camera12011\/wp-json\/wp\/v2\/media?parent=811"}],"curies":[{"name":"wp","href":"https:\/\/api.w.org\/{rel}","templated":true}]}}