{"id":810,"date":"2019-10-22T16:26:17","date_gmt":"2019-10-22T09:26:17","guid":{"rendered":"https:\/\/tinhoctaynguyen.bizhostvn.com\/?post_type=product&#038;p=810"},"modified":"2019-10-22T16:26:17","modified_gmt":"2019-10-22T09:26:17","slug":"camera-ip-hikvision-ds-2cd2025fhwd-i-2-0-megapixel-ir-led-30m-vo-sat-chong-nguoc-sang","status":"publish","type":"product","link":"https:\/\/webmaibinh.com\/w\/camera12011\/san-pham\/camera-ip-hikvision-ds-2cd2025fhwd-i-2-0-megapixel-ir-led-30m-vo-sat-chong-nguoc-sang\/","title":{"rendered":"Camera IP HIKVISION DS-2CD2025FHWD-I 2.0 Megapixel, IR Led 30m, V\u1ecf s\u1eaft, Ch\u1ed1ng ng\u01b0\u1ee3c s\u00e1ng"},"content":{"rendered":"<h2><strong>Camera IP HIKVISION DS-2CD2025FHWD-I<\/strong><\/h2>\n<p><strong>\u00a0 \u00a0 \u00a0&#8211;\u00a0Camera\u00a0Hikvision\u00a0DS-2CD2025FHWD-I<\/strong>\u00a0l\u00e0 d\u00f2ng camera IP quan s\u00e1t c\u00f3 \u0111\u1ed9 ph\u00e2n gi\u1ea3i h\u00ecnh \u1ea3nh Full HD 2Mp v\u1edbi chu\u1ea9n n\u00e9n hi\u1ec7n \u0111\u1ea1i H265+ gi\u00fap ghi, n\u00e9n h\u00ecnh \u1ea3nh ch\u1ea5t l\u01b0\u1ee3ng cao \u0111\u1ed3ng th\u1eddi ti\u1ebft ki\u00eam t\u1ed1i \u0111a \u0111\u01b0\u1ee3c 70% l\u01b0u l\u01b0\u1ee3ng b\u0103ng th\u00f4ng \u1ed5 c\u1ee9ng.<\/p>\n<p><strong>\u00a0 \u00a0 \u00a0&#8211;\u00a0<\/strong>\u0110\u01b0\u1ee3c trang b\u1ecb \u1ee9ng du\u0323ng c\u00f4ng ngh\u00ea\u0323 Darkfighter chuy\u00ean d\u00e0nh cho gi\u00e1m s\u00e1t trong b\u00f3ng t\u1ed1i n\u1ebfu d\u00f2ng camera th\u00f4ng th\u01b0\u1eddng ch\u1ec9 cho h\u00ecnh \u1ea3nh gi\u00e1m s\u00e1t v\u1ec1 \u0111\u00eam v\u1edbi 2 m\u00e0u \u0111en \u2013 tr\u1eafng, th\u00ec camera DarkFighter \u0111em \u0111\u1ebfn h\u00ecnh \u1ea3nh v\u01b0\u1ee3t tr\u1ed9i c\u00f3 m\u00e0u s\u1eafc r\u00f5 r\u00e0ng, s\u1eafc n\u00e9t \u1edf ngay c\u1ea3 c\u00e1c m\u1ee9c \u0111\u1ed9 \u00e1nh s\u00e1ng th\u1ea5p nh\u1ea5t.<\/p>\n<p><strong>\u00a0 \u00a0 \u00a0&#8211;\u00a0<\/strong>\u0110\u01b0\u1ee3c h\u1ed7 tr\u1ee3 chu\u1ea9n ch\u1ed1ng ng\u01b0\u1ee3c s\u00e1ng WDR v\u01b0\u1ee3t tr\u1ed9i, camera c\u00f3 th\u1ec3 nh\u00ecn xuy\u00ean qua nh\u1eefng v\u00f9ng qu\u00e1 t\u1ed1i ho\u1eb7c qu\u00e1 s\u00e1ng s\u00e1ng \u0111\u1ec3 mang \u0111\u1ebfn h\u00ecnh \u1ea3nh ho\u00e0n h\u1ea3o.<\/p>\n<p><img src=\"https:\/\/digione.vn\/upload\/source\/camera-ip-hikvision-ds-2cd2025fhwd-i-20-megapixel-ir-led-30m-vo-sat-chong-nguoc-sang\/1.jpg?1561456361109\" alt=\"1\" \/><\/p>\n<h3><strong>Camera IP\u00a0HIKVISION\u00a0DS-2CD2025FHWD-I\u00a0\u0111\u01b0\u1ee3c s\u1eed d\u1ee5ng\u00a0c<\/strong><strong>\u00f4ng ngh\u1ec7 m\u1edbi nh\u1ea5t cho m\u1ed9t camera cao c\u1ea5p.\u00a0<\/strong><\/h3>\n<p><strong>\u00a0 \u00a0 \u00a0&#8211;\u00a0True WDR 120dB\u00a0<\/strong>chuy\u00ean ch\u1ed1ng ng\u01b0\u1ee3c s\u00e1ng<\/p>\n<p><img src=\"https:\/\/digione.vn\/upload\/source\/camera-ip-hikvision-ds-2cd2025fhwd-i-20-megapixel-ir-led-30m-vo-sat-chong-nguoc-sang\/2.jpg?1561456389653\" alt=\"2\" \/><\/p>\n<p><strong>\u00a0 \u00a0 \u00a0&#8211;\u00a0Camera\u00a0HIKVISION\u00a0DS-2CD2025FHWD-I\u00a0<\/strong>trang b\u1ecb ch\u1ee9c n\u0103ng ch\u1ed1ng ng\u01b0\u1ee3c s\u00e1ng th\u1ef1c True WDR 120dB\u00a0gi\u00fap ch\u00fang ta l\u1eafp \u0111\u1eb7t d\u1ec5 d\u00e0ng \u1edf m\u1ecdi v\u1ecb tr\u00ed m\u00e0 kh\u00f4ng s\u1ee3 b\u1ecb ng\u01b0\u1ee3c s\u00e1ng, h\u00ecnh \u1ea3nh trong r\u00f5 v\u00e0 s\u00e1ng \u00a0h\u01a1n nhi\u1ec1u so v\u1edbi c\u00e1c camera th\u00f4ng th\u01b0\u1eddng kh\u00e1c ( \u0110\u1ed1i v\u1edbi camera m\u1edbi th\u01b0\u1eddng ch\u01b0a k\u00edch ho\u1ea1t ch\u1ed1ng ng\u01b0\u1ee3c s\u00e1ng, v\u00e0o menu camera \u0111\u1ec3 k\u00edch ho\u1ea1t t\u00ednh n\u0103ng ch\u1ed1ng ng\u01b0\u1ee3c s\u00e1ng \u0111\u1ec3 s\u1eed d\u1ee5ng cho h\u00ecnh \u1ea3nh \u0111\u1eb9p nh\u1ea5t ) .<\/p>\n<p><strong>\u00a0 \u00a0 \u00a0&#8211;\u00a03D-DNR<\/strong>\u00a0gi\u1ea3m nhi\u1ec5u k\u1ef9 thu\u1eadt s\u1ed1 3D<\/p>\n<p><img src=\"https:\/\/digione.vn\/upload\/source\/camera-ip-hikvision-ds-2cd2025fhwd-i-20-megapixel-ir-led-30m-vo-sat-chong-nguoc-sang\/3.jpg?1561456404949\" alt=\"3\" \/><\/p>\n<p><strong>\u00a0 \u00a0 \u00a0&#8211;\u00a0Day\/Night ICR<\/strong>\u00a0Chuy\u1ec3n \u0111\u1ed5i ch\u1ebf \u0111\u1ed9 ng\u00e0y\/ \u0111\u00eam<\/p>\n<p><strong>\u00a0 \u00a0 \u00a0&#8211;\u00a0<\/strong>Ch\u1ee9c n\u0103ng Backlight Compensation (<strong>BLC<\/strong>) h\u1ed7 tr\u1ee3 nh\u00ecn ng\u01b0\u1ee3c s\u00e1ng t\u1ef1 \u0111\u1ed9ng \u0111i\u1ec1u ch\u1ec9nh<\/p>\n<p><strong>\u00a0 \u00a0 \u00a0&#8211;\u00a0<\/strong>Ngu\u00f4\u0300n c\u1ea5p 12V DC ho\u1eb7c\u00a0<strong>PoE<\/strong>.<\/p>\n","protected":false},"excerpt":{"rendered":"<p>Camera IP HIKVISION DS-2CD2025FHWD-I \u00a0 \u00a0 \u00a0&#8211;\u00a0Camera\u00a0Hikvision\u00a0DS-2CD2025FHWD-I\u00a0l\u00e0 d\u00f2ng camera IP quan s\u00e1t c\u00f3 \u0111\u1ed9 ph\u00e2n gi\u1ea3i h\u00ecnh \u1ea3nh Full HD 2Mp v\u1edbi chu\u1ea9n n\u00e9n hi\u1ec7n \u0111\u1ea1i H265+ gi\u00fap ghi, n\u00e9n h\u00ecnh \u1ea3nh ch\u1ea5t l\u01b0\u1ee3ng cao \u0111\u1ed3ng th\u1eddi ti\u1ebft ki\u00eam t\u1ed1i \u0111a \u0111\u01b0\u1ee3c 70% l\u01b0u l\u01b0\u1ee3ng b\u0103ng th\u00f4ng \u1ed5 c\u1ee9ng. \u00a0 \u00a0 \u00a0&#8211;\u00a0\u0110\u01b0\u1ee3c trang b\u1ecb \u1ee9ng &#8230;<\/p>\n","protected":false},"featured_media":801,"comment_status":"closed","ping_status":"closed","template":"","meta":[],"brands":[{"id":30,"name":"Hikvison","slug":"hikvison"}],"_links":{"self":[{"href":"https:\/\/webmaibinh.com\/w\/camera12011\/wp-json\/wp\/v2\/product\/810"}],"collection":[{"href":"https:\/\/webmaibinh.com\/w\/camera12011\/wp-json\/wp\/v2\/product"}],"about":[{"href":"https:\/\/webmaibinh.com\/w\/camera12011\/wp-json\/wp\/v2\/types\/product"}],"replies":[{"embeddable":true,"href":"https:\/\/webmaibinh.com\/w\/camera12011\/wp-json\/wp\/v2\/comments?post=810"}],"wp:featuredmedia":[{"embeddable":true,"href":"https:\/\/webmaibinh.com\/w\/camera12011\/wp-json\/wp\/v2\/media\/801"}],"wp:attachment":[{"href":"https:\/\/webmaibinh.com\/w\/camera12011\/wp-json\/wp\/v2\/media?parent=810"}],"curies":[{"name":"wp","href":"https:\/\/api.w.org\/{rel}","templated":true}]}}