{"id":809,"date":"2019-10-22T16:24:57","date_gmt":"2019-10-22T09:24:57","guid":{"rendered":"https:\/\/tinhoctaynguyen.bizhostvn.com\/?post_type=product&#038;p=809"},"modified":"2019-10-22T16:24:57","modified_gmt":"2019-10-22T09:24:57","slug":"camera-ip-hikvision-ds-2cd2023g0-i-2-0-megapixel-ir-30m","status":"publish","type":"product","link":"https:\/\/webmaibinh.com\/w\/camera12011\/san-pham\/camera-ip-hikvision-ds-2cd2023g0-i-2-0-megapixel-ir-30m\/","title":{"rendered":"Camera IP HIKVISION DS-2CD2023G0-I 2.0 Megapixel, IR 30m"},"content":{"rendered":"<h2><strong>Camera IP HIKVISION DS-2CD2023G0-I<\/strong><\/h2>\n<p>&#8211;\u00a0Camera quan s\u00e1t\u00a0HIKVISION\u00a0DS-2CD2023G0-I\u00a0trang b\u1ecb ch\u1ee9c n\u0103ng ch\u1ed1ng ng\u01b0\u1ee3c s\u00e1ng th\u1ef1c\u00a0True WDR 120dB\u00a0gi\u00fap ch\u00fang ta l\u1eafp \u0111\u1eb7t d\u1ec5 d\u00e0ng \u1edf m\u1ecdi v\u1ecb tr\u00ed m\u00e0 kh\u00f4ng s\u1ee3 b\u1ecb ng\u01b0\u1ee3c s\u00e1ng, h\u00ecnh \u1ea3nh trong r\u00f5 v\u00e0 s\u00e1ng \u00a0h\u01a1n nhi\u1ec1u so v\u1edbi c\u00e1c camera th\u00f4ng th\u01b0\u1eddng kh\u00e1c ( \u0110\u1ed1i v\u1edbi camera m\u1edbi th\u01b0\u1eddng ch\u01b0a k\u00edch ho\u1ea1t ch\u1ed1ng ng\u01b0\u1ee3c s\u00e1ng, v\u00e0o menu camera \u0111\u1ec3 k\u00edch ho\u1ea1t t\u00ednh n\u0103ng ch\u1ed1ng ng\u01b0\u1ee3c s\u00e1ng \u0111\u1ec3 s\u1eed d\u1ee5ng cho h\u00ecnh \u1ea3nh \u0111\u1eb9p nh\u1ea5t ).<\/p>\n<p><img src=\"https:\/\/digione.vn\/upload\/source\/camera-ip-hikvision-ds-2cd2023g0-i-20-megapixel-ir-30m\/1.jpg?1561457602788\" alt=\"1\" \/><\/p>\n<h3><strong>Camera IP HIKVISION\u00a0DS-2CD2023G0-I\u00a0\u0111\u01b0\u1ee3c s\u1eed d\u1ee5ng\u00a0c<\/strong><strong>\u00f4ng ngh\u1ec7 m\u1edbi nh\u1ea5t cho m\u1ed9t camera cao c\u1ea5p.\u00a0<\/strong><\/h3>\n<p><strong>\u00a0 \u00a0 \u00a0&#8211;\u00a0True WDR 120dB\u00a0<\/strong>chuy\u00ean ch\u1ed1ng ng\u01b0\u1ee3c s\u00e1ng th\u1eadt<\/p>\n<p><img src=\"https:\/\/digione.vn\/upload\/source\/camera-ip-hikvision-ds-2cd2023g0-i-20-megapixel-ir-30m\/2.jpg?1561457629012\" alt=\"2\" \/><\/p>\n<p><strong>\u00a0 \u00a0 \u00a0&#8211;\u00a0Camera ip Hikvision\u00a0DS-2CD2023G0-I<\/strong>\u00a0c\u00f4ng ngh\u1ec7 m\u1edbi H.265+, \u0111\u1ed9 ph\u00e2n gi\u1ea3i HD cho h\u00ecnh \u1ea3nh s\u1eafc n\u00e9t, ch\u1ea5t l\u01b0\u1ee3ng cao, \u0111\u00e8n h\u1ed3ng ngo\u1ea1i th\u00f4ng minh, m\u1eabu m\u00e3 thu h\u00fat kh\u00e1ch h\u00e0ng v\u00e0 d\u1ec5 d\u00e0ng s\u1eed d\u1ee5ng, c\u00f3 nhi\u1ec1u t\u00ednh n\u0103ng \u01b0u vi\u1ec7t gi\u00fap ng\u01b0\u1eddi ti\u00eau d\u00f9ng c\u00f3 th\u1ec3 qu\u1ea3n l\u00fd gia \u0111\u00ecnh v\u00e0 c\u00f4ng vi\u1ec7c m\u1ed9t c\u00e1ch hi\u1ec7u qu\u1ea3.<\/p>\n<p><strong>\u00a0 \u00a0 \u00a0&#8211;\u00a03D-DNR<\/strong>\u00a0gi\u1ea3m nhi\u1ec5u k\u1ef9 thu\u1eadt s\u1ed1 3D<\/p>\n<p><img src=\"https:\/\/digione.vn\/upload\/source\/camera-ip-hikvision-ds-2cd2023g0-i-20-megapixel-ir-30m\/3.jpg?1561457654613\" alt=\"3\" \/><\/p>\n<p><strong>\u00a0 \u00a0 \u00a0&#8211;\u00a0Day\/Night (ICR)<\/strong>\u00a0: s\u1eed d\u1ee5ng \u1ed1ng k\u00ednh ban ng\u00e0y v\u00e0 ban \u0111\u00eam kh\u00e1c nhau cho h\u00ecnh \u1ea3nh c\u1ef1c \u0111\u1eb9p xu\u1ea5t s\u1eafc gi\u1eefa ng\u00e0y v\u00e0 \u0111\u00eam<\/p>\n<p>&#8211;\u00a0Ch\u1ee9c n\u0103ng Backlight Compensation (<strong>BLC<\/strong>) h\u1ed7 tr\u1ee3 nh\u00ecn ng\u01b0\u1ee3c s\u00e1ng t\u1ef1 \u0111\u1ed9ng \u0111i\u1ec1u ch\u1ec9nh<\/p>\n<p>&#8211;\u00a0Camera\u00a0HIKVISION DS-2CD2023G0-I\u00a0IP<strong>\u00a0<\/strong>h\u00f4\u0300ng ngoa\u0323i t\u1ea7m xa 30M, d\u00f2ng s\u1ea3n ph\u1ea9m m\u1edbi nh\u1ea5t c\u1ee7a HIKVISION c\u00f3 \u0111\u1ed9 ph\u00e2n gi\u1ea3i 2.0 Megapixel gi\u00e1 r\u1ebb, h\u00ecnh \u1ea3nh HD si\u00eau n\u00e9t, h\u1ed7 tr\u1ee3 b\u00e1o \u0111\u1ed9ng ph\u00e1t hi\u1ec7n khu v\u1ef1c c\u1ea5m hay v\u01b0\u1ee3t h\u00e0ng r\u00e0o \u1ea3o, m\u00e0u tr\u1eafng trang nh\u00e3 sang tr\u1ecdng, s\u1eed d\u1ee5ng cho m\u1ecdi nh\u00e0,\u00a0camera cho v\u0103n ph\u00f2ng c\u00f4ng ty, camera cho shop th\u1eddi trang qu\u1ea7n \u00e1o, camera cho qu\u00e1n caf\u00e9\u2026S\u1ea3n ph\u1ea9m ch\u1ea5t l\u01b0\u1ee3ng si\u00eau n\u00e9t \u0111\u1ea3m b\u1ea3o h\u00e0i l\u00f2ng kh\u00e1ch h\u00e0ng kh\u00f3 t\u00ednh nh\u1ea5t.<\/p>\n","protected":false},"excerpt":{"rendered":"<p>Camera IP HIKVISION DS-2CD2023G0-I &#8211;\u00a0Camera quan s\u00e1t\u00a0HIKVISION\u00a0DS-2CD2023G0-I\u00a0trang b\u1ecb ch\u1ee9c n\u0103ng ch\u1ed1ng ng\u01b0\u1ee3c s\u00e1ng th\u1ef1c\u00a0True WDR 120dB\u00a0gi\u00fap ch\u00fang ta l\u1eafp \u0111\u1eb7t d\u1ec5 d\u00e0ng \u1edf m\u1ecdi v\u1ecb tr\u00ed m\u00e0 kh\u00f4ng s\u1ee3 b\u1ecb ng\u01b0\u1ee3c s\u00e1ng, h\u00ecnh \u1ea3nh trong r\u00f5 v\u00e0 s\u00e1ng \u00a0h\u01a1n nhi\u1ec1u so v\u1edbi c\u00e1c camera th\u00f4ng th\u01b0\u1eddng kh\u00e1c ( \u0110\u1ed1i v\u1edbi camera m\u1edbi th\u01b0\u1eddng ch\u01b0a k\u00edch &#8230;<\/p>\n","protected":false},"featured_media":800,"comment_status":"closed","ping_status":"closed","template":"","meta":[],"brands":[{"id":30,"name":"Hikvison","slug":"hikvison"}],"_links":{"self":[{"href":"https:\/\/webmaibinh.com\/w\/camera12011\/wp-json\/wp\/v2\/product\/809"}],"collection":[{"href":"https:\/\/webmaibinh.com\/w\/camera12011\/wp-json\/wp\/v2\/product"}],"about":[{"href":"https:\/\/webmaibinh.com\/w\/camera12011\/wp-json\/wp\/v2\/types\/product"}],"replies":[{"embeddable":true,"href":"https:\/\/webmaibinh.com\/w\/camera12011\/wp-json\/wp\/v2\/comments?post=809"}],"wp:featuredmedia":[{"embeddable":true,"href":"https:\/\/webmaibinh.com\/w\/camera12011\/wp-json\/wp\/v2\/media\/800"}],"wp:attachment":[{"href":"https:\/\/webmaibinh.com\/w\/camera12011\/wp-json\/wp\/v2\/media?parent=809"}],"curies":[{"name":"wp","href":"https:\/\/api.w.org\/{rel}","templated":true}]}}