{"id":805,"date":"2019-10-22T16:18:41","date_gmt":"2019-10-22T09:18:41","guid":{"rendered":"https:\/\/tinhoctaynguyen.bizhostvn.com\/?post_type=product&#038;p=805"},"modified":"2019-10-22T16:18:41","modified_gmt":"2019-10-22T09:18:41","slug":"camera-ip-hikvision-ds-2cd1023g0e-i-2-0-megapixel-ir-30m","status":"publish","type":"product","link":"https:\/\/webmaibinh.com\/w\/camera12011\/san-pham\/camera-ip-hikvision-ds-2cd1023g0e-i-2-0-megapixel-ir-30m\/","title":{"rendered":"Camera Ip Hikvision DS-2CD1023G0E-I 2.0 Megapixel, IR 30m"},"content":{"rendered":"<h2><strong>Camera\u00a0Ip Hikvison\u00a0DS-2CD1023G0E-I<\/strong><\/h2>\n<p><strong>\u00a0 \u00a0 \u00a0&#8211;\u00a0Camera IP th\u00e2n Hikvision DS-2CD1023G0E-I<\/strong>\u00a0v\u1edbi nhi\u1ec1u c\u00f4ng ngh\u1ec7 m\u1edbi gi\u1ea3m nhi\u1ec5u k\u1ef9 thu\u1eadt s\u1ed1 3DNR, ch\u1ed1ng ng\u01b0\u1ee3c s\u00e1ng k\u1ef9 thu\u1eadt s\u1ed1 D-WDR, c\u1ea5p ngu\u1ed3n qua m\u1ea1ng PoE. C\u00f3 th\u1ec3 tho\u1ea3i m\u00e1i l\u1eafp ngo\u00e0i tr\u1eddi v\u1edbi ti\u00eau chu\u1ea9n ch\u1ed1ng n\u01b0\u1edbc v\u00e0 b\u1ee5i IP67.<\/p>\n<p><img src=\"https:\/\/digione.vn\/upload\/source\/camera-ip-hikvision-ds-2cd1023g0e-i-20-megapixel-ir-30m\/1.jpg?1561431142962\" alt=\"1\" \/><\/p>\n<h3><strong>Camera ip hikvision\u00a0DS-2CD1023G0E-I\u00a0\u0111\u01b0\u1ee3c s\u1eed d\u1ee5ng\u00a0c<\/strong><strong>\u00f4ng ngh\u1ec7 m\u1edbi nh\u1ea5t cho m\u1ed9t camera cao c\u1ea5p.\u00a0<\/strong><\/h3>\n<p><strong>\u00a0 \u00a0 \u00a0&#8211;\u00a0Day\/Night (ICR):<\/strong>\u00a0s\u1eed d\u1ee5ng \u1ed1ng k\u00ednh ban ng\u00e0y v\u00e0 ban \u0111\u00eam kh\u00e1c nhau cho h\u00ecnh \u1ea3nh c\u1ef1c \u0111\u1eb9p xu\u1ea5t s\u1eafc gi\u1eefa ng\u00e0y v\u00e0 \u0111\u00eam<\/p>\n<p><img src=\"https:\/\/digione.vn\/upload\/source\/camera-ip-hikvision-ds-2cd1023g0e-i-20-megapixel-ir-30m\/2.jpg?1561431167818\" alt=\"2\" \/><\/p>\n<p><strong>\u00a0 \u00a0 \u00a0&#8211;\u00a03D-DNR<\/strong>\u00a0gi\u1ea3m nhi\u1ec5u k\u1ef9 thu\u1eadt s\u1ed1 3D<\/p>\n<p><img src=\"https:\/\/digione.vn\/upload\/source\/camera-ip-hikvision-ds-2cd1023g0e-i-20-megapixel-ir-30m\/3.jpg?1561431186298\" alt=\"3\" \/><\/p>\n<p><strong>\u00a0 \u00a0 \u00a0&#8211;\u00a0Camera ip Hikvision DS-2CD1023G0E-I<\/strong><strong>\u00a0<\/strong>h\u00f4\u0300ng ngoa\u0323i t\u1ea7m xa 30M, d\u00f2ng s\u1ea3n ph\u1ea9m m\u1edbi nh\u1ea5t c\u1ee7a HIKVISION c\u00f3 \u0111\u1ed9 ph\u00e2n gi\u1ea3i 2.0 Megapixel gi\u00e1 r\u1ebb, h\u00ecnh \u1ea3nh HD si\u00eau n\u00e9t, h\u1ed7 tr\u1ee3 ch\u1ed1ng ng\u01b0\u1ee3c s\u00e1ng k\u1ef9 thu\u1eadt s\u1ed1, m\u00e0u tr\u1eafng trang nh\u00e3 sang tr\u1ecdng, s\u1eed d\u1ee5ng cho m\u1ecdi nh\u00e0,\u00a0camera cho v\u0103n ph\u00f2ng c\u00f4ng ty,camera cho shop th\u1eddi trang qu\u1ea7n \u00e1o, camera cho qu\u00e1n caf\u00e9\u2026S\u1ea3n ph\u1ea9m ch\u1ea5t l\u01b0\u1ee3ng si\u00eau n\u00e9t \u0111\u1ea3m b\u1ea3o h\u00e0i l\u00f2ng kh\u00e1ch h\u00e0ng kh\u00f3 t\u00ednh nh\u1ea5t.<\/p>\n<p><strong>\u00a0 \u00a0 \u00a0&#8211;\u00a0<\/strong>V\u1edbi nh\u1eefng t\u00ednh n\u0103ng cao c\u1ea5p k\u1ec3 tr\u00ean,\u00a0Camera quan s\u00e1t\u00a0HIKVISION DS-2CD1023G0E-I<strong>\u00a0<\/strong>l\u00e0 l\u1ef1a ch\u1ecdn l\u00fd t\u01b0\u1edfng d\u00e0nh cho c\u00e1c d\u1ef1 \u00e1n\u00a0<strong>l\u1eafp \u0111\u1eb7t camera<\/strong>\u00a0nh\u00e0 x\u01b0\u1edfng, l\u1eafp \u0111\u1eb7t camera c\u00f4ng ty\u2026 gi\u00fap gi\u00e1m s\u00e1t m\u1ed9t khu v\u1ef1c r\u1ed9ng l\u1edbn v\u1edbi chi ph\u00ed ti\u1ebft ki\u1ec7m h\u01a1n.<\/p>\n","protected":false},"excerpt":{"rendered":"<p>Camera\u00a0Ip Hikvison\u00a0DS-2CD1023G0E-I \u00a0 \u00a0 \u00a0&#8211;\u00a0Camera IP th\u00e2n Hikvision DS-2CD1023G0E-I\u00a0v\u1edbi nhi\u1ec1u c\u00f4ng ngh\u1ec7 m\u1edbi gi\u1ea3m nhi\u1ec5u k\u1ef9 thu\u1eadt s\u1ed1 3DNR, ch\u1ed1ng ng\u01b0\u1ee3c s\u00e1ng k\u1ef9 thu\u1eadt s\u1ed1 D-WDR, c\u1ea5p ngu\u1ed3n qua m\u1ea1ng PoE. C\u00f3 th\u1ec3 tho\u1ea3i m\u00e1i l\u1eafp ngo\u00e0i tr\u1eddi v\u1edbi ti\u00eau chu\u1ea9n ch\u1ed1ng n\u01b0\u1edbc v\u00e0 b\u1ee5i IP67. Camera ip hikvision\u00a0DS-2CD1023G0E-I\u00a0\u0111\u01b0\u1ee3c s\u1eed d\u1ee5ng\u00a0c\u00f4ng ngh\u1ec7 m\u1edbi nh\u1ea5t cho &#8230;<\/p>\n","protected":false},"featured_media":798,"comment_status":"closed","ping_status":"closed","template":"","meta":[],"brands":[{"id":30,"name":"Hikvison","slug":"hikvison"}],"_links":{"self":[{"href":"https:\/\/webmaibinh.com\/w\/camera12011\/wp-json\/wp\/v2\/product\/805"}],"collection":[{"href":"https:\/\/webmaibinh.com\/w\/camera12011\/wp-json\/wp\/v2\/product"}],"about":[{"href":"https:\/\/webmaibinh.com\/w\/camera12011\/wp-json\/wp\/v2\/types\/product"}],"replies":[{"embeddable":true,"href":"https:\/\/webmaibinh.com\/w\/camera12011\/wp-json\/wp\/v2\/comments?post=805"}],"wp:featuredmedia":[{"embeddable":true,"href":"https:\/\/webmaibinh.com\/w\/camera12011\/wp-json\/wp\/v2\/media\/798"}],"wp:attachment":[{"href":"https:\/\/webmaibinh.com\/w\/camera12011\/wp-json\/wp\/v2\/media?parent=805"}],"curies":[{"name":"wp","href":"https:\/\/api.w.org\/{rel}","templated":true}]}}