{"id":791,"date":"2019-10-22T16:04:54","date_gmt":"2019-10-22T09:04:54","guid":{"rendered":"https:\/\/tinhoctaynguyen.bizhostvn.com\/?post_type=product&#038;p=791"},"modified":"2019-11-10T21:43:33","modified_gmt":"2019-11-10T14:43:33","slug":"camera-ip-wifi-ezviz-cs-cv206-2-0-megapixel","status":"publish","type":"product","link":"https:\/\/webmaibinh.com\/w\/camera12011\/san-pham\/camera-ip-wifi-ezviz-cs-cv206-2-0-megapixel\/","title":{"rendered":"Camera IP Wifi Ezviz CS-CV206 2.0 Megapixel"},"content":{"rendered":"<p><strong>\u00a0&#8211;\u00a0Camera Ezviz<\/strong>\u00a0CS-CV206\u00a0(HD1080P) \u0111\u01b0\u1ee3c thi\u1ebft k\u1ebf d\u00e0nh ri\u00eang cho t\u1ed5 \u1ea5m c\u1ee7a b\u1ea1n, v\u1eeba v\u1eb7n v\u1edbi m\u1ecdi v\u1ecb tr\u00ed. V\u1edbi k\u00edch th\u01b0\u1edbc nh\u1ecf g\u1ecdn nh\u01b0 l\u00f2ng b\u00e0n tay k\u00e8m theo \u0111\u1ebf t\u1eeb, Ezviz CS-CV206 s\u1eed d\u1ee5ng Wifi (b\u0103ng t\u1ea7n 2.4 GHz) \u0111i\u1ec1u khi\u1ec3n qua h\u1ec7 \u0111i\u1ec1u h\u00e0nh \u0111\u00e1m m\u00e2y EZVIZ &#8211; S\u1eed d\u1ee5ng ph\u1ea7n m\u1ec1m EZVIZ, c\u00f3 th\u1ec3 l\u1eafp \u0111\u1eb7t \u1edf b\u1ea5t k\u1ef3 v\u1ecb tr\u00ed n\u00e0o trong ng\u00f4i nh\u00e0 th\u00e2n y\u00eau c\u1ee7a b\u1ea1n v\u1edbi thi\u1ebft k\u1ebf ch\u00e2n \u0111\u1ebf c\u00f3 g\u1eafn nam ch\u00e2m, cho phe\u0301p g\u0103\u0301n camera l\u00ean b\u00ea\u0300 m\u0103\u0323t kim loa\u0323i.<\/p>\n<p><strong>\u00a0 \u00a0 \u00a0&#8211;\u00a0Camera IP Wifi EZVIZ CS-CV206<\/strong>\u00a0b\u1ea3o v\u1ec7 ng\u00e0y \u0111\u00eam<\/p>\n<p><img src=\"https:\/\/digione.vn\/upload\/source\/camera-hikvision-ip-wifi-ezviz-cs-cv206-20-megapixel\/1.jpg?1561018178077\" alt=\"1\" \/><\/p>\n<p><strong>\u00a0 \u00a0 \u00a0&#8211;\u00a0Camera IP Wifi EZVIZ\u00a0CS-CV206<\/strong>\u00a0l\u1eafp \u0111\u1eb7t \u0111\u01a1n gi\u1ea3n, d\u1ec5 d\u00e0ng<\/p>\n<p><img src=\"https:\/\/digione.vn\/upload\/source\/camera-hikvision-ip-wifi-ezviz-cs-cv206-20-megapixel\/2.jpg?1561018201193\" alt=\"2\" \/><\/p>\n<p><img src=\"https:\/\/digione.vn\/upload\/source\/camera-hikvision-ip-wifi-ezviz-cs-cv206-20-megapixel\/3.jpg?1561018210345\" alt=\"3\" \/><\/p>\n<p><img src=\"https:\/\/digione.vn\/upload\/source\/camera-hikvision-ip-wifi-ezviz-cs-cv206-20-megapixel\/4.jpg?1561018212784\" alt=\"4\" \/><\/p>\n<p><img src=\"https:\/\/digione.vn\/upload\/source\/camera-hikvision-ip-wifi-ezviz-cs-cv206-20-megapixel\/5.jpg?1561018214591\" alt=\"5\" \/><\/p>\n<p><img src=\"https:\/\/digione.vn\/upload\/source\/camera-hikvision-ip-wifi-ezviz-cs-cv206-20-megapixel\/6.jpg?1561018216464\" alt=\"6\" \/><\/p>\n<p><img src=\"https:\/\/digione.vn\/upload\/source\/camera-hikvision-ip-wifi-ezviz-cs-cv206-20-megapixel\/7.jpg?1561018218484\" alt=\"7\" \/><\/p>\n<p><img src=\"https:\/\/digione.vn\/upload\/source\/camera-hikvision-ip-wifi-ezviz-cs-cv206-20-megapixel\/8.jpg?1561018220640\" alt=\"8\" \/><\/p>\n<p><img src=\"https:\/\/digione.vn\/upload\/source\/camera-hikvision-ip-wifi-ezviz-cs-cv206-20-megapixel\/10.jpg?1561018223326\" alt=\"10\" \/><\/p>\n<p><img src=\"https:\/\/digione.vn\/upload\/source\/camera-hikvision-ip-wifi-ezviz-cs-cv206-20-megapixel\/11.jpg?1561018225151\" alt=\"11\" \/><\/p>\n<p><img src=\"https:\/\/digione.vn\/upload\/source\/camera-hikvision-ip-wifi-ezviz-cs-cv206-20-megapixel\/12.jpg?1561018227014\" alt=\"12\" \/><\/p>\n<p><img src=\"https:\/\/digione.vn\/upload\/source\/camera-hikvision-ip-wifi-ezviz-cs-cv206-20-megapixel\/13.jpg?1561018228713\" alt=\"13\" \/><\/p>\n<p><strong>\u00a0 \u00a0 \u00a0&#8211;\u00a0Camera<\/strong><a href=\"https:\/\/digione.vn\/camera-ip-41\/camera-hikvision-ip-wifi-ezviz-cs-cv206-20-megapixel.html\">\u00a0<\/a><strong>IP Wifi\u00a0EZVIZ CS-CV206\u00a0<\/strong>h\u00f4\u0300ng ngoa\u0323i t\u1ea7m xa 5m, d\u00f2ng s\u1ea3n ph\u1ea9m m\u1edbi nh\u1ea5t c\u1ee7a c\u00f3 \u0111\u1ed9 ph\u00e2n gi\u1ea3i 2.0 Megapixel gi\u00e1 r\u1ebb, h\u00ecnh \u1ea3nh HD si\u00eau n\u00e9t, h\u1ed7 tr\u1ee3 ch\u1ed1ng ng\u01b0\u1ee3c s\u00e1ng k\u1ef9 thu\u1eadt s\u1ed1, \u0111\u00e0m tho\u1ea1i \u00e2m thanh 2 chi\u1ec1u m\u00e0u tr\u1eafng trang nh\u00e3 sang tr\u1ecdng, s\u1eed d\u1ee5ng cho m\u1ecdi nh\u00e0,\u00a0camera cho v\u0103n ph\u00f2ng c\u00f4ng ty,camera cho shop th\u1eddi trang qu\u1ea7n \u00e1o, camera cho qu\u00e1n caf\u00e9\u2026S\u1ea3n ph\u1ea9m ch\u1ea5t l\u01b0\u1ee3ng si\u00eau n\u00e9t \u0111\u1ea3m b\u1ea3o h\u00e0i l\u00f2ng kh\u00e1ch h\u00e0ng kh\u00f3 t\u00ednh nh\u1ea5t.<\/p>\n","protected":false},"excerpt":{"rendered":"<p>\u00a0&#8211;\u00a0Camera Ezviz\u00a0CS-CV206\u00a0(HD1080P) \u0111\u01b0\u1ee3c thi\u1ebft k\u1ebf d\u00e0nh ri\u00eang cho t\u1ed5 \u1ea5m c\u1ee7a b\u1ea1n, v\u1eeba v\u1eb7n v\u1edbi m\u1ecdi v\u1ecb tr\u00ed. V\u1edbi k\u00edch th\u01b0\u1edbc nh\u1ecf g\u1ecdn nh\u01b0 l\u00f2ng b\u00e0n tay k\u00e8m theo \u0111\u1ebf t\u1eeb, Ezviz CS-CV206 s\u1eed d\u1ee5ng Wifi (b\u0103ng t\u1ea7n 2.4 GHz) \u0111i\u1ec1u khi\u1ec3n qua h\u1ec7 \u0111i\u1ec1u h\u00e0nh \u0111\u00e1m m\u00e2y EZVIZ &#8211; S\u1eed d\u1ee5ng ph\u1ea7n m\u1ec1m EZVIZ, &#8230;<\/p>\n","protected":false},"featured_media":792,"comment_status":"closed","ping_status":"closed","template":"","meta":[],"brands":[{"id":29,"name":"Ezviz","slug":"ezviz"}],"_links":{"self":[{"href":"https:\/\/webmaibinh.com\/w\/camera12011\/wp-json\/wp\/v2\/product\/791"}],"collection":[{"href":"https:\/\/webmaibinh.com\/w\/camera12011\/wp-json\/wp\/v2\/product"}],"about":[{"href":"https:\/\/webmaibinh.com\/w\/camera12011\/wp-json\/wp\/v2\/types\/product"}],"replies":[{"embeddable":true,"href":"https:\/\/webmaibinh.com\/w\/camera12011\/wp-json\/wp\/v2\/comments?post=791"}],"wp:featuredmedia":[{"embeddable":true,"href":"https:\/\/webmaibinh.com\/w\/camera12011\/wp-json\/wp\/v2\/media\/792"}],"wp:attachment":[{"href":"https:\/\/webmaibinh.com\/w\/camera12011\/wp-json\/wp\/v2\/media?parent=791"}],"curies":[{"name":"wp","href":"https:\/\/api.w.org\/{rel}","templated":true}]}}