{"id":789,"date":"2019-10-22T16:01:42","date_gmt":"2019-10-22T09:01:42","guid":{"rendered":"https:\/\/tinhoctaynguyen.bizhostvn.com\/?post_type=product&#038;p=789"},"modified":"2019-10-22T16:01:42","modified_gmt":"2019-10-22T09:01:42","slug":"camera-ip-wifi-ezviz-c4w-1080p","status":"publish","type":"product","link":"https:\/\/webmaibinh.com\/w\/camera12011\/san-pham\/camera-ip-wifi-ezviz-c4w-1080p\/","title":{"rendered":"Camera ip Wifi Ezviz C4W 1080P"},"content":{"rendered":"<p><strong>\u00a0\u00a0 Camera Wi-Fi th\u00f4ng minh ngo\u00e0i tr\u1eddi<\/strong><\/p>\n<p><strong>C4W<\/strong>\u00a0gi\u00fap b\u1ea3o v\u1ec7 nh\u1eefng khu v\u1ef1c ngo\u00e0i tr\u1eddi c\u1ee7a ng\u00f4i nh\u00e0 ho\u1eb7c c\u1eeda h\u00e0ng c\u1ee7a b\u1ea1n m\u1ed9t c\u00e1ch chuy\u00ean nghi\u1ec7p v\u00e0 \u1ed5n \u0111\u1ecbnh v\u1edbi kh\u1ea3 n\u0103ng ch\u1ee7 \u0111\u1ed9ng ph\u00f2ng v\u1ec7, t\u1ea7m nh\u00ecn xa ban \u0111\u00eam, \u0111\u00e0m tho\u1ea1i hai chi\u1ec1u, ti\u00eau chu\u1ea9n ch\u1ed1ng n\u01b0\u1edbc, b\u1ee5i IP67 v\u00e0 nhi\u1ec1u h\u01a1n n\u1eefa.<\/p>\n<p><img loading=\"lazy\" src=\"https:\/\/digione.vn\/upload\/source\/Ezviz%20c4w\/12.jpg?1571307746396\" alt=\"\" width=\"1920\" height=\"820\" \/><\/p>\n<p><strong>Ch\u1ee7 \u0111\u1ed9ng ph\u00f2ng v\u1ec7 v\u1edbi \u0111\u00e8n v\u00e0 \u00e2m thanh<\/strong><\/p>\n<p>Khi c\u00f3 ng\u01b0\u1eddi \u0111\u1ed9t nh\u1eadp v\u00e0o c\u00e1c khu v\u1ef1c \u0111\u01b0\u1ee3c b\u1ea3o v\u1ec7 t\u1ea1i nh\u1eefng th\u1eddi \u0111i\u1ec3m \u0111\u00e3 c\u00e0i \u0111\u1eb7t tr\u01b0\u1edbc, chi\u1ebfc C4W s\u1ebd nh\u00e1y \u0111\u00e8n c\u1ea3nh b\u00e1o v\u00e0 b\u1eadt \u00e2m thanh \u0111\u1ec3 \u0111u\u1ed5i k\u1ebb \u0111\u1ed9t nh\u1eadp. Ngay l\u1eadp t\u1ee9c, camera s\u1ebd g\u1eedi th\u00f4ng b\u00e1o t\u1edbi \u0111i\u1ec7n tho\u1ea1i c\u1ee7a b\u1ea1n, \u0111\u1ec3 b\u1ea1n c\u00f3 th\u1ec3 xem \u0111i\u1ec1u g\u00ec \u0111ang x\u1ea3y ra v\u00e0 th\u1ef1c hi\u1ec7n h\u00e0nh \u0111\u1ed9ng t\u01b0\u01a1ng \u1ee9ng.<\/p>\n<p><img loading=\"lazy\" src=\"https:\/\/digione.vn\/upload\/source\/Ezviz%20c4w\/24.jpg?1571308007876\" alt=\"\" width=\"1894\" height=\"695\" \/><\/p>\n<p><strong>Tu\u1ef3 ch\u1ec9nh khu v\u1ef1c ph\u00e1t hi\u1ec7n chuy\u1ec3n \u0111\u1ed9ng<\/strong><\/p>\n<p>Chi\u1ebfc camera C4W cho ph\u00e9p b\u1ea1n v\u1ebd khu v\u1ef1cc\u1ea7n ch\u00fa \u00fd tr\u00ean \u1ee9ng d\u1ee5ng EZVIZ v\u00e0 \u0111i\u1ec1u ch\u1ec9nh \u0111\u1ed9 nh\u1ea1y ph\u00e1t hi\u1ec7n chuy\u1ec3n \u0111\u1ed9ng \u0111\u1ec3 ph\u00f9 h\u1ee3p v\u1edbi y\u00eau c\u1ea7u b\u1ea3o v\u1ec7 c\u1ee7a b\u1ea1n<\/p>\n<p><img loading=\"lazy\" src=\"https:\/\/digione.vn\/upload\/source\/Ezviz%20c4w\/25.jpg?1571308176477\" alt=\"\" width=\"1911\" height=\"695\" \/><\/p>\n<p><strong>Hai chi\u1ebfc \u0103ng-ten \u0111\u1ec3 k\u1ebft n\u1ed1i t\u1ed1t h\u01a1n<\/strong><\/p>\n<p>T\u1ef1 tin v\u1edbi kh\u1ea3 n\u0103ng xuy\u00ean t\u01b0\u1eddng v\u00e0 ch\u1ed1ng nhi\u1ec5u, chi\u1ebfc C4W gi\u1eef k\u1ebft n\u1ed1i tr\u1ef1c tuy\u1ebfn \u0111\u01b0\u1ee3c t\u1ed1t h\u01a1n. Chi\u1ebfc camera n\u00e0y c\u00f3 hai chi\u1ebfc \u0103ng-ten t\u00edch h\u1ee3p nh\u1eb1m \u0111\u1ea3m b\u1ea3o k\u1ebft n\u1ed1i Wi-Fi m\u1ea1nh m\u1ebd v\u00e0 \u1ed5n \u0111\u1ecbnh.<\/p>\n<p><img loading=\"lazy\" src=\"https:\/\/digione.vn\/upload\/source\/Ezviz%20c4w\/26.jpg?1571308319316\" alt=\"\" width=\"1911\" height=\"693\" \/><\/p>\n<p><strong>Ch\u1ed1ng ch\u1ecbu m\u1ecdi th\u1eddi ti\u1ebft<\/strong><\/p>\n<p>V\u1edbi ti\u00eau chu\u1ea9n ch\u1ed1ng n\u01b0\u1edbc v\u00e0 b\u1ee5i IP67 k\u1ebft h\u1ee3p v\u1edbi v\u1ecf h\u00ecnh th\u00e2n tr\u1ee5 gi\u00fap camera lu\u00f4n \u0111\u01b0\u1ee3c b\u1ea3o v\u1ec7, b\u1ea5t k\u1ec3 th\u1eddi ti\u1ebft b\u00ean ngo\u00e0i nh\u01b0 th\u1ebf n\u00e0o.<\/p>\n<p><img loading=\"lazy\" src=\"https:\/\/digione.vn\/upload\/source\/Ezviz%20c4w\/27.jpg?1571308384572\" alt=\"\" width=\"1903\" height=\"697\" \/><\/p>\n","protected":false},"excerpt":{"rendered":"<p>\u00a0\u00a0 Camera Wi-Fi th\u00f4ng minh ngo\u00e0i tr\u1eddi C4W\u00a0gi\u00fap b\u1ea3o v\u1ec7 nh\u1eefng khu v\u1ef1c ngo\u00e0i tr\u1eddi c\u1ee7a ng\u00f4i nh\u00e0 ho\u1eb7c c\u1eeda h\u00e0ng c\u1ee7a b\u1ea1n m\u1ed9t c\u00e1ch chuy\u00ean nghi\u1ec7p v\u00e0 \u1ed5n \u0111\u1ecbnh v\u1edbi kh\u1ea3 n\u0103ng ch\u1ee7 \u0111\u1ed9ng ph\u00f2ng v\u1ec7, t\u1ea7m nh\u00ecn xa ban \u0111\u00eam, \u0111\u00e0m tho\u1ea1i hai chi\u1ec1u, ti\u00eau chu\u1ea9n ch\u1ed1ng n\u01b0\u1edbc, b\u1ee5i IP67 v\u00e0 nhi\u1ec1u h\u01a1n &#8230;<\/p>\n","protected":false},"featured_media":790,"comment_status":"closed","ping_status":"closed","template":"","meta":[],"brands":[{"id":29,"name":"Ezviz","slug":"ezviz"}],"_links":{"self":[{"href":"https:\/\/webmaibinh.com\/w\/camera12011\/wp-json\/wp\/v2\/product\/789"}],"collection":[{"href":"https:\/\/webmaibinh.com\/w\/camera12011\/wp-json\/wp\/v2\/product"}],"about":[{"href":"https:\/\/webmaibinh.com\/w\/camera12011\/wp-json\/wp\/v2\/types\/product"}],"replies":[{"embeddable":true,"href":"https:\/\/webmaibinh.com\/w\/camera12011\/wp-json\/wp\/v2\/comments?post=789"}],"wp:featuredmedia":[{"embeddable":true,"href":"https:\/\/webmaibinh.com\/w\/camera12011\/wp-json\/wp\/v2\/media\/790"}],"wp:attachment":[{"href":"https:\/\/webmaibinh.com\/w\/camera12011\/wp-json\/wp\/v2\/media?parent=789"}],"curies":[{"name":"wp","href":"https:\/\/api.w.org\/{rel}","templated":true}]}}