{"id":787,"date":"2019-10-22T15:59:40","date_gmt":"2019-10-22T08:59:40","guid":{"rendered":"https:\/\/tinhoctaynguyen.bizhostvn.com\/?post_type=product&#038;p=787"},"modified":"2019-10-22T16:02:38","modified_gmt":"2019-10-22T09:02:38","slug":"camera-ip-wifi-ezviz-cs-cv310-720p","status":"publish","type":"product","link":"https:\/\/webmaibinh.com\/w\/camera12011\/san-pham\/camera-ip-wifi-ezviz-cs-cv310-720p\/","title":{"rendered":"Camera IP Wifi Ezviz CS-CV310 720P"},"content":{"rendered":"<p>+ K\u1ebft n\u1ed1i wifi, h\u1ed7 tr\u1ee3 cloud v\u00e0 \u1ee9ng d\u1ee5ng th\u00f4ng minh r\u1ea5t d\u1ec5 d\u00e0ng c\u00e0i \u0111\u1eb7t v\u00e0 c\u1ea5u h\u00ecnh.\u00a0 C\u00f3 th\u1ec3 quan s\u00e1t \u0111\u01b0\u1ee3c b\u1ea5t c\u1ee9 n\u01a1i \u0111\u00e2u mi\u1ec5n sao c\u00f3 internet.<\/p>\n<p>+\u00a0T\u00edch h\u1ee3p t\u00ednh n\u0103ng c\u1ea3nh b\u00e1o v\u00e0 ch\u1ee5p h\u00ecnh chuy\u1ec3n \u0111\u1ed9ng g\u1eedi \u0111\u1ebfn \u0111i\u1ec7n tho\u1ea1i \u0111\u1ed3ng th\u1eddi h\u00fa c\u00f2i tr\u00ean Camera.<\/p>\n<p>+ C\u00f3 th\u1ec3 nh\u1ea5n\u00a0h\u00fa c\u00f2i b\u00e1o \u0111\u1ed9ng\u00a0tr\u00ean camera th\u00f4ng qua ph\u1ea7n m\u1ec1m qu\u1ea3n l\u00fd tr\u00ean \u0111i\u1ec7n tho\u1ea1i<\/p>\n<p>+ T\u00edch\u00a0 h\u1ee3p mic v\u00e0 loa n\u00ean cho ph\u00e9p \u0111\u00e0m tho\u1ea1i 2 chi\u1ec1u, mic l\u1ecdc \u00e2m t\u1ed1t n\u00ean ch\u1ea5t l\u01b0\u1ee3ng \u0111\u00e0m tho\u1ea1i r\u1ea5t r\u00f5.<\/p>\n<p>+ \u0110\u1ed9 ph\u00e2n gi\u1ea3i\u00a0HD 1280 x 720p, cho ch\u1ea5t l\u01b0\u1ee3ng h\u00ecnh \u1ea3nh r\u00f5 n\u00e9t v\u00e0 chi ti\u1ebft<\/p>\n<p>+ Len 2.8mm, F2.2\u00a0g\u00f3c quan s\u00e1t r\u1ed9ng 108 \u0111\u1ed9<\/p>\n<p>+ T\u00edch h\u1ee3p 2 anten thu s\u00f3ng wifi b\u00ean ngo\u00e0i n\u00ean t\u0103ng c\u01b0\u1eddng kho\u1ea3ng c\u00e1ch thu s\u00f3ng wifi \u0111\u01b0\u1ee3c t\u1ed1t v\u00e0 m\u1ea1nh m\u1ebd h\u01a1n. Ngo\u00e0i kh\u1ea3 n\u0103ng thu s\u00f3ng wifi th\u00ec\u00a0<strong>Ezviz CS-CV310<\/strong>\u00a0c\u0169ng t\u00edch h\u1ee3p s\u1eb5n c\u1ed5ng g\u1eafn d\u00e2y m\u1ea1ng.<\/p>\n<p>+ Kh\u1ea3 n\u0103ng ng\u01b0\u1ee3c s\u00e1ng t\u1ed1t<\/p>\n<p>+ Quan s\u00e1t ng\u00e0y \u0111\u00eam, \u0111\u00e8n h\u1ed3ng ngo\u1ea1i kh\u00f4ng b\u1ecb l\u1ed9 m\u00e0u. \u0110\u1ed9 xa c\u1ee7a \u0111\u00e8n h\u1ed3ng ngo\u1ea1i l\u00ean t\u1edbi 30m, gi\u00fap cho vi\u1ec7c quan s\u00e1t kho\u1ea3ng c\u00e1ch xa trong \u0111\u00eam \u0111\u01b0\u1ee3c d\u1ec5 d\u00e0ng v\u00e0 s\u1eafc n\u00e9t h\u01a1n<\/p>\n<p>+ H\u1ed7 tr\u1ee3 th\u1ebb nh\u1edb t\u1ed1i \u0111\u00e3 128Gb<\/p>\n<p>+\u00a0<strong>Wifi\u00a0Ezviz CS-CV310\u00a0720P<\/strong>\u00a0\u0111\u01b0\u1ee3c thi\u1ebft k\u1ebf b\u1eb1ng v\u1ecf kim lo\u1ea1i v\u00e0 theo chu\u1ea9n IP66 ch\u1ecbu \u0111\u01b0\u1ee3c m\u01b0a n\u1eafng n\u00ean c\u00f3 th\u1ec3 l\u1eafp \u0111\u1eb7t c\u1ea3 trong nh\u00e0 l\u1eabn ngo\u00e0i tr\u1eddi.<\/p>\n<p>+ Thi\u1ebft k\u1ebf nh\u1ecf g\u1ecdn v\u00e0 k\u00e8m \u0111\u1ee7 ph\u1ee5 ki\u1ec7n n\u00ean d\u1ec5 d\u00e0ng l\u1eafp \u0111\u1eb7t tr\u00ean t\u01b0\u1eddng, tr\u1ea7n nh\u00e0.<\/p>\n<p>+ S\u1eed d\u1ee5ng ngu\u1ed3n \u0111i\u1ec7n 12V-1A<\/p>\n<p><strong>T\u1ed5ng quan ch\u1ee9c n\u0103ng\u00a0<\/strong><strong>Smart Camera Wifi\u00a0Ezviz CS-CV310\u00a01080P<\/strong><\/p>\n<p><strong><img src=\"https:\/\/digione.vn\/upload\/source\/camera-ip-wifi-ezviz-cs-cv310-1080p\/1.jpg?1560765342644\" alt=\"1\" \/><\/strong><\/p>\n<p><strong>\u00a0 \u00a0 \u00a0&#8211;\u00a0<\/strong>Camera c\u00f3 kh\u1ea3 n\u0103ng ng\u0103n ch\u1eb7n ch\u1ee7 \u0111\u1ed9ng:\u00a0C3W l\u00e0 camera Wi-Fi ngo\u00e0i tr\u1eddi g\u1eafn t\u01b0\u1eddng Full HD, s\u1eed d\u1ee5ng \u0111\u00e8n nh\u00e1y v\u00e0 chu\u00f4ng b\u00e1o \u0111\u1ed9ng t\u00edch h\u1ee3p, \u0111\u1ed3ng th\u1eddi cung c\u1ea5p kh\u1ea3 n\u0103ng n\u00f3i chuy\u1ec7n v\u00e0 \u0111\u1ed9 b\u1ec1n hai chi\u1ec1u trong b\u1ea5t k\u1ef3 lo\u1ea1i th\u1eddi ti\u1ebft n\u00e0o.<\/p>\n<p><img src=\"https:\/\/digione.vn\/upload\/source\/camera-ip-wifi-ezviz-cs-cv310-1080p\/2.jpg?1560765389419\" alt=\"2\" \/><\/p>\n<p><strong>\u00a0 \u00a0 \u00a0&#8211;\u00a0<\/strong>B\u1ea3o v\u1ec7 th\u1eadn tr\u1ecdng nh\u1ea5t\u00a0cho b\u1ea1n: B\u1ea1n mu\u1ed1n theo d\u00f5i ng\u00f4i nh\u00e0 c\u1ee7a b\u1ea1n t\u1eeb xa?\u00a0H\u00e3y \u0111\u1ec3\u00a0C3W ph\u1ee5 tr\u00e1ch th\u00f4ng b\u00e1o cho b\u1ea1n khi b\u1ea1n c\u00f3 kh\u00e1ch. N\u1ebfu b\u1ea1n bi\u1ebft h\u1ecd, h\u00e3y n\u00f3i chuy\u1ec7n v\u1edbi h\u1ecd, n\u1ebfu kh\u00f4ng, h\u00e3y s\u1eed d\u1ee5ng c\u00f2i b\u00e1o \u0111\u1ed9ng \u0111\u1ec3 d\u1ecda h\u1ecd \u0111i.<\/p>\n<p><img src=\"https:\/\/digione.vn\/upload\/source\/camera-ip-wifi-ezviz-cs-cv310-1080p\/3.jpg?1560765410851\" alt=\"3\" \/><\/p>\n<p><strong>\u00a0 \u00a0 \u00a0&#8211;\u00a0B\u00e1o \u0111\u1ed9ng b\u1eb1ng \u00e2m thanh v\u00e0 \u00e1nh s\u00e1ng<\/strong>: Khi ph\u00e1t hi\u1ec7n, C3W k\u00edch ho\u1ea1t c\u00f2i b\u00e1o \u0111\u1ed9ng l\u1edbn v\u00e0 \u00e1nh s\u00e1ng nh\u1ea5p nh\u00e1y l\u00e0m ch\u00f3i nh\u1eefng k\u1ebb x\u00e2m nh\u1eadp. Ti\u1ebfng c\u00f2i b\u00e1o \u0111\u1ed9ng c\u00f3 th\u1ec3 \u0111\u1ea1t t\u1edbi 100dB \u0111\u1ee7 m\u1ea1nh \u0111\u1ec3 ho\u1ea1t \u0111\u1ed9ng nh\u01b0 m\u1ed9t r\u00e0o c\u1ea3n.<\/p>\n<p><img src=\"https:\/\/digione.vn\/upload\/source\/camera-ip-wifi-ezviz-cs-cv310-1080p\/4.jpg?1560765429068\" alt=\"4\" \/><\/p>\n<p><strong>\u00a0 \u00a0 \u00a0&#8211;\u00a0\u0110\u00e0m tho\u1ea1i 2 chi\u1ec1u\u00a0v\u1edbi ch\u1ea5t l\u01b0\u1ee3ng \u00e2m thanh HiFi:<\/strong>\u00a0Kh\u00f4ng ph\u1ea3i m\u1ecdi camera an ninh ngo\u00e0i tr\u1eddi \u0111\u1ec1u h\u1ed7 tr\u1ee3 \u00e2m thanh hai chi\u1ec1u. C3W \u0111i k\u00e8m v\u1edbi micr\u00f4 t\u00edch h\u1ee3p v\u00e0 loa ch\u1ea5t l\u01b0\u1ee3ng HiFi \u0111\u1ec3 t\u0103ng c\u01b0\u1eddng \u0111\u00e0m tho\u1ea1i hai chi\u1ec1u.<\/p>\n<p><img src=\"https:\/\/digione.vn\/upload\/source\/camera-ip-wifi-ezviz-cs-cv310-1080p\/5.jpg?1560765460219\" alt=\"5\" \/><\/p>\n<p><strong>\u00a0 \u00a0 \u00a0&#8211;\u00a0Xem m\u1ecdi th\u1ee9 v\u1edbi t\u1ea7m nh\u00ecn ban \u0111\u00eam 30m<\/strong>: T\u00edch h\u1ee3p \u00e1nh s\u00e1ng h\u1ed3ng ngo\u1ea1i hi\u1ec7u qu\u1ea3, b\u1ea3ng \u0111i\u1ec1u khi\u1ec3n ch\u1ed1ng ph\u1ea3n x\u1ea1 v\u00e0 b\u1ed9 l\u1ecdc h\u1ed3ng ngo\u1ea1i ICR cho ph\u00e9p t\u1ea7m nh\u00ecn ban \u0111\u00eam tuy\u1ec7t v\u1eddi l\u00ean t\u1edbi 30m.<\/p>\n<p><img src=\"https:\/\/digione.vn\/upload\/source\/camera-ip-wifi-ezviz-cs-cv310-1080p\/6.jpg?1560765480923\" alt=\"6\" \/><\/p>\n<p><strong>\u00a0 \u00a0 \u00a0&#8211;\u00a0\u0102ng ten Wi-Fi k\u00e9p b\u00ean ngo\u00e0i:<\/strong>\u00a0V\u1edbi \u0103ng-ten m\u1ea1nh m\u1ebd, C3W cung c\u1ea5p kh\u1ea3 n\u0103ng truy\u1ec1n\u00a0t\u1ea3i t\u1ea7m xa c\u00f9ng kh\u1ea3 n\u0103ng ch\u1ed1ng nhi\u1ec5u m\u1ea1nh m\u1ebd.<\/p>\n<p><img src=\"https:\/\/digione.vn\/upload\/source\/camera-ip-wifi-ezviz-cs-cv310-1080p\/7.jpg?1560765499915\" alt=\"7\" \/><\/p>\n<p><strong>\u00a0 \u00a0 \u00a0&#8211;\u00a0\u0110\u01b0\u1ee3c thi\u1ebft k\u1ebf cho m\u1ecdi th\u1eddi ti\u1ebft:<\/strong>\u00a0C3W \u0111\u01b0\u1ee3c ch\u1ee9ng nh\u1eadn IP66 l\u00e0 m\u1ed9t chi\u1ebfc\u00a0camera \u0111\u00e1ng tin c\u1eady v\u00e0 b\u1ec1n, c\u00f3 th\u1ec3 b\u1ea3o v\u1ec7 b\u1ea1n trong m\u1ecdi th\u1eddi ti\u1ebft: m\u01b0a, n\u1eafng ho\u1eb7c th\u1eadm ch\u00ed tuy\u1ebft.<\/p>\n<p><img src=\"https:\/\/digione.vn\/upload\/source\/camera-ip-wifi-ezviz-cs-cv310-1080p\/8.jpg?1560765520748\" alt=\"8\" \/><\/p>\n<p><strong>\u00a0 \u00a0 \u00a0&#8211;\u00a0Xoay 360\u00b0 v\u00e0 \u0111\u1ebf<\/strong>: V\u1edbi kh\u1ea3 n\u0103ng xoay 360\u00b0\u00a0c\u00f9ng \u0111\u1ebf\u00a0g\u1eafn t\u01b0\u1eddng \u0111\u1ec3 \u0111\u00e1p \u1ee9ng y\u00eau c\u1ea7u c\u1ee7a b\u1ea1n.<\/p>\n<p><img src=\"https:\/\/digione.vn\/upload\/source\/camera-ip-wifi-ezviz-cs-cv310-1080p\/9.jpg?1560765557356\" alt=\"9\" \/><\/p>\n<p><strong>\u00a0 \u00a0 \u00a0&#8211;\u00a0T\u00f9y ch\u1ecdn l\u01b0u tr\u1eef \u0111a h\u01b0\u1edbng:<\/strong>\u00a0V\u1edbi nhi\u1ec1u t\u00f9y ch\u1ecdn l\u01b0u tr\u1eef, b\u1ea1n c\u00f3 th\u1ec3 ch\u1ecdn v\u1ecb tr\u00ed l\u01b0u b\u1ea3n ghi c\u1ee7a m\u00ecnh. Camera th\u1eadm ch\u00ed c\u00f3 th\u1ec3 l\u01b0u v\u00e0o c\u1ea3 ba v\u1ecb tr\u00ed c\u00f9ng m\u1ed9t l\u00fac \u0111\u1ec3 sao l\u01b0u th\u00eam trong tr\u01b0\u1eddng h\u1ee3p camera b\u1ecb h\u1ecfng ho\u1eb7c m\u1ea1ng c\u1ee7a b\u1ea1n b\u1ecb treo.<\/p>\n<p><img src=\"https:\/\/digione.vn\/upload\/source\/camera-ip-wifi-ezviz-cs-cv310-1080p\/10.jpg?1560765579259\" alt=\"10\" \/><\/p>\n<p><strong>\u00a0 \u00a0 \u00a0&#8211; B\u1ea3o m\u1eadt trong t\u1ea7m tay c\u1ee7a b\u1ea1n:<\/strong>\u00a0V\u1edbi \u1ee9ng d\u1ee5ng EZVIZ ho\u1eb7c EZVIZ Studio, b\u1ea1n c\u00f3 th\u1ec3 b\u1ea3o v\u1ec7, ch\u1ee5p, l\u01b0u v\u00e0 chia s\u1ebb nh\u1eefng g\u00ec c\u00f3 gi\u00e1 tr\u1ecb v\u1edbi b\u1ea1n.<\/p>\n<p><img src=\"https:\/\/digione.vn\/upload\/source\/camera-ip-wifi-ezviz-cs-cv310-1080p\/11.jpg?1560765603323\" alt=\"11\" \/><\/p>\n","protected":false},"excerpt":{"rendered":"<p>+ K\u1ebft n\u1ed1i wifi, h\u1ed7 tr\u1ee3 cloud v\u00e0 \u1ee9ng d\u1ee5ng th\u00f4ng minh r\u1ea5t d\u1ec5 d\u00e0ng c\u00e0i \u0111\u1eb7t v\u00e0 c\u1ea5u h\u00ecnh.\u00a0 C\u00f3 th\u1ec3 quan s\u00e1t \u0111\u01b0\u1ee3c b\u1ea5t c\u1ee9 n\u01a1i \u0111\u00e2u mi\u1ec5n sao c\u00f3 internet. +\u00a0T\u00edch h\u1ee3p t\u00ednh n\u0103ng c\u1ea3nh b\u00e1o v\u00e0 ch\u1ee5p h\u00ecnh chuy\u1ec3n \u0111\u1ed9ng g\u1eedi \u0111\u1ebfn \u0111i\u1ec7n tho\u1ea1i \u0111\u1ed3ng th\u1eddi h\u00fa c\u00f2i tr\u00ean Camera. + &#8230;<\/p>\n","protected":false},"featured_media":788,"comment_status":"closed","ping_status":"closed","template":"","meta":[],"brands":[{"id":29,"name":"Ezviz","slug":"ezviz"}],"_links":{"self":[{"href":"https:\/\/webmaibinh.com\/w\/camera12011\/wp-json\/wp\/v2\/product\/787"}],"collection":[{"href":"https:\/\/webmaibinh.com\/w\/camera12011\/wp-json\/wp\/v2\/product"}],"about":[{"href":"https:\/\/webmaibinh.com\/w\/camera12011\/wp-json\/wp\/v2\/types\/product"}],"replies":[{"embeddable":true,"href":"https:\/\/webmaibinh.com\/w\/camera12011\/wp-json\/wp\/v2\/comments?post=787"}],"wp:featuredmedia":[{"embeddable":true,"href":"https:\/\/webmaibinh.com\/w\/camera12011\/wp-json\/wp\/v2\/media\/788"}],"wp:attachment":[{"href":"https:\/\/webmaibinh.com\/w\/camera12011\/wp-json\/wp\/v2\/media?parent=787"}],"curies":[{"name":"wp","href":"https:\/\/api.w.org\/{rel}","templated":true}]}}