{"id":783,"date":"2019-10-22T15:48:47","date_gmt":"2019-10-22T08:48:47","guid":{"rendered":"https:\/\/tinhoctaynguyen.bizhostvn.com\/?post_type=product&#038;p=783"},"modified":"2019-11-10T21:49:26","modified_gmt":"2019-11-10T14:49:26","slug":"camera-ip-wifi-ezviz-cs-cv310c3wn-1080p","status":"publish","type":"product","link":"https:\/\/webmaibinh.com\/w\/camera12011\/san-pham\/camera-ip-wifi-ezviz-cs-cv310c3wn-1080p\/","title":{"rendered":"Camera ip Wifi Ezviz CS-CV310(C3WN) 1080P"},"content":{"rendered":"<p><strong>Kh\u1ea3 n\u0103ng k\u1ebft n\u1ed1i kh\u00f4ng d\u00e2y m\u1ea1nh m\u1ebd<\/strong><\/p>\n<p>V\u1edbi t\u00ednh n\u0103ng \u0103ng ten Wi-Fi k\u00e9p, C3WN tr\u00f4ng ch\u1eebng t\u00e0i s\u1ea3n c\u1ee7a b\u1ea1n trong khi v\u1eabn duy tr\u00ec k\u1ebft n\u1ed1i m\u1ed9t c\u00e1ch \u0111\u00e1ng tin c\u1eady.<\/p>\n<p><img loading=\"lazy\" src=\"https:\/\/digione.vn\/upload\/source\/c3wn\/11.jpg?1571213576135\" width=\"1920\" height=\"665\" \/><\/p>\n<p><strong>T\u1ea7m nh\u00ecn ban \u0111\u00eam \u01b0u vi\u1ec7t<\/strong><\/p>\n<p>C\u1ea3m gi\u00e1c s\u1edf h\u1eefu m\u1ed9t chi\u1ebfc camera quan s\u00e1t ban \u0111\u00eam c\u00f3 th\u1ec3 ph\u00e1t hi\u1ec7n c\u00e1c v\u1eadt th\u1ec3 \u1edf kho\u1ea3ng c\u00e1ch 30 m\u00e9t (100 feet) v\u00e0 sao ch\u00e9p v\u1eadt th\u1ec3 \u0111\u00f3 m\u1ed9t c\u00e1ch r\u00f5 r\u00e0ng trong video \u0111\u00e3 ghi h\u00ecnh nh\u01b0 th\u1ebf n\u00e0o? H\u00e3y tr\u1ea3i nghi\u1ec7m \u0111i\u1ec1u \u0111\u00f3 v\u1edbi C3WN, \u201cnh\u00ecn\u201d trong b\u00f3ng \u0111\u00eam b\u1eb1ng \u0111\u00e8n LED h\u1ed3ng ngo\u1ea1i c\u00f4ng su\u1ea5t l\u1edbn.<\/p>\n<p><img loading=\"lazy\" src=\"https:\/\/digione.vn\/upload\/source\/c3wn\/13.jpg?1571213737814\" alt=\"\" width=\"1920\" height=\"700\" \/><\/p>\n<p><strong>D\u00e0nh cho m\u1ecdi ki\u1ec3u th\u1eddi ti\u1ebft<\/strong><\/p>\n<p>Ch\u1ec9 s\u1ed1 ch\u1ed1ng n\u01b0\u1edbc IP66 th\u1ec3 hi\u1ec7n r\u1eb1ng C3WN \u0111\u00e1ng tin c\u1eady v\u00e0 l\u00e2u b\u1ec1n tr\u01b0\u1edbc m\u1ecdi ki\u1ec3u th\u1eddi ti\u1ebft &#8211; n\u1eafng, m\u01b0a ho\u1eb7c tuy\u1ebft &#8211; kh\u00f4ng ng\u1eebng b\u1ea3o v\u1ec7 nh\u1eefng \u0111i\u1ec1u quan tr\u1ecdng nh\u1ea5t.<\/p>\n<p><img loading=\"lazy\" src=\"https:\/\/digione.vn\/upload\/source\/c3wn\/14.jpg?1571213834935\" alt=\"\" width=\"1920\" height=\"700\" \/><\/p>\n","protected":false},"excerpt":{"rendered":"<p>Kh\u1ea3 n\u0103ng k\u1ebft n\u1ed1i kh\u00f4ng d\u00e2y m\u1ea1nh m\u1ebd V\u1edbi t\u00ednh n\u0103ng \u0103ng ten Wi-Fi k\u00e9p, C3WN tr\u00f4ng ch\u1eebng t\u00e0i s\u1ea3n c\u1ee7a b\u1ea1n trong khi v\u1eabn duy tr\u00ec k\u1ebft n\u1ed1i m\u1ed9t c\u00e1ch \u0111\u00e1ng tin c\u1eady. T\u1ea7m nh\u00ecn ban \u0111\u00eam \u01b0u vi\u1ec7t C\u1ea3m gi\u00e1c s\u1edf h\u1eefu m\u1ed9t chi\u1ebfc camera quan s\u00e1t ban \u0111\u00eam c\u00f3 th\u1ec3 ph\u00e1t hi\u1ec7n &#8230;<\/p>\n","protected":false},"featured_media":771,"comment_status":"closed","ping_status":"closed","template":"","meta":[],"brands":[{"id":29,"name":"Ezviz","slug":"ezviz"}],"_links":{"self":[{"href":"https:\/\/webmaibinh.com\/w\/camera12011\/wp-json\/wp\/v2\/product\/783"}],"collection":[{"href":"https:\/\/webmaibinh.com\/w\/camera12011\/wp-json\/wp\/v2\/product"}],"about":[{"href":"https:\/\/webmaibinh.com\/w\/camera12011\/wp-json\/wp\/v2\/types\/product"}],"replies":[{"embeddable":true,"href":"https:\/\/webmaibinh.com\/w\/camera12011\/wp-json\/wp\/v2\/comments?post=783"}],"wp:featuredmedia":[{"embeddable":true,"href":"https:\/\/webmaibinh.com\/w\/camera12011\/wp-json\/wp\/v2\/media\/771"}],"wp:attachment":[{"href":"https:\/\/webmaibinh.com\/w\/camera12011\/wp-json\/wp\/v2\/media?parent=783"}],"curies":[{"name":"wp","href":"https:\/\/api.w.org\/{rel}","templated":true}]}}