{"id":782,"date":"2019-10-22T15:47:23","date_gmt":"2019-10-22T08:47:23","guid":{"rendered":"https:\/\/tinhoctaynguyen.bizhostvn.com\/?post_type=product&#038;p=782"},"modified":"2019-10-22T15:47:23","modified_gmt":"2019-10-22T08:47:23","slug":"camera-ip-wifi-ezviz-cs-cv246-720p","status":"publish","type":"product","link":"https:\/\/webmaibinh.com\/w\/camera12011\/san-pham\/camera-ip-wifi-ezviz-cs-cv246-720p\/","title":{"rendered":"Camera IP Wifi Ezviz CS-CV246 720P"},"content":{"rendered":"<p>+ K\u1ebft n\u1ed1i wifi, h\u1ed7 tr\u1ee3 cloud v\u00e0 \u1ee9ng d\u1ee5ng th\u00f4ng minh r\u1ea5t d\u1ec5 d\u00e0ng c\u00e0i \u0111\u1eb7t v\u00e0 c\u1ea5u h\u00ecnh.\u00a0 C\u00f3 th\u1ec3 quan s\u00e1t \u0111\u01b0\u1ee3c b\u1ea5t c\u1ee9 n\u01a1i \u0111\u00e2u mi\u1ec5n sao c\u00f3 internet.<\/p>\n<p>+\u00a0T\u00edch h\u1ee3p t\u00ednh n\u0103ng c\u1ea3nh b\u00e1o v\u00e0 ch\u1ee5p h\u00ecnh chuy\u1ec3n \u0111\u1ed9ng g\u1eedi \u0111\u1ebfn \u0111i\u1ec7n tho\u1ea1i \u0111\u1ed3ng th\u1eddi h\u00fa c\u00f2i tr\u00ean Camera.<\/p>\n<p>+ T\u00edch\u00a0 h\u1ee3p mic v\u00e0 loa n\u00ean cho ph\u00e9p \u0111\u00e0m tho\u1ea1i 2 chi\u1ec1u, mic l\u1ecdc \u00e2m t\u1ed1t n\u00ean ch\u1ea5t l\u01b0\u1ee3ng \u0111\u00e0m tho\u1ea1i r\u1ea5t r\u00f5.<\/p>\n<p>+ \u0110\u1ed9 ph\u00e2n gi\u1ea3i\u00a0Full HD 1280 x 720p, cho ch\u1ea5t l\u01b0\u1ee3ng h\u00ecnh \u1ea3nh r\u00f5 n\u00e9t v\u00e0 chi ti\u1ebft<\/p>\n<p>+ Len 2.8mm, F2.2\u00a0g\u00f3c quan s\u00e1t r\u1ed9ng 90 \u0111\u1ed9<\/p>\n<p>+ G\u00f3c quanh ngang 340 \u0111\u1ed9 v\u00e0 l\u00ean xu\u1ed1ng 120 \u0111\u1ed9.\u00a0\u0110\u1eb7c bi\u1ec7t l\u00e0\u00a0<strong>Ezviz\u00a0CS-CV246<\/strong>\u00a0c\u00f3 t\u00ednh n\u0103ng t\u1ef1 \u0111\u1ed9ng quay theo v\u1eadt th\u1ec3 chuy\u1ec3n \u0111\u1ed9ng<\/p>\n<p>+ Kh\u1ea3 n\u0103ng ng\u01b0\u1ee3c s\u00e1ng t\u1ed1t<\/p>\n<p>+ Quan s\u00e1t ng\u00e0y \u0111\u00eam, \u0111\u00e8n h\u1ed3ng ngo\u1ea1i kh\u00f4ng b\u1ecb l\u1ed9 m\u00e0u. \u0110\u1ed9 xa c\u1ee7a \u0111\u00e8n h\u1ed3ng ngo\u1ea1i l\u00ean t\u1edbi 10m, gi\u00fap cho vi\u1ec7c quan s\u00e1t kho\u1ea3ng c\u00e1ch xa trong \u0111\u00eam \u0111\u01b0\u1ee3c d\u1ec5 d\u00e0ng v\u00e0 s\u1eafc n\u00e9t h\u01a1n<\/p>\n<p>+ H\u1ed7 tr\u1ee3 th\u1ebb nh\u1edb t\u1ed1i \u0111a 128Gb<\/p>\n<p>+\u00a0Camera wifi\u00a0<strong>Ezviz\u00a0CS-CV246<\/strong>\u00a0\u0111\u01b0\u1ee3c thi\u1ebft k\u1ebf h\u00ecnh c\u1ea7u \u0111\u1eb9p m\u1eb7t n\u00ean c\u00f3 th\u1ec3 g\u1eafn \u1edf m\u1ecdi v\u1ecb tr\u00ed trong c\u0103n nh\u00e0 m\u00e0 v\u1eabn \u0111\u1ea3m b\u1ea3o v\u1ec1 th\u1ea9m m\u1ef9.<\/p>\n<p>+ Thi\u1ebft k\u1ebf nh\u1ecf g\u1ecdn v\u00e0 k\u00e8m \u0111\u1ee7 ph\u1ee5 ki\u1ec7n n\u00ean d\u1ec5 d\u00e0ng l\u1eafp \u0111\u1eb7t tr\u00ean t\u01b0\u1eddng, tr\u1ea7n nh\u00e0.<\/p>\n<p>+ S\u1eed d\u1ee5ng ngu\u1ed3n \u0111i\u1ec7n 5V, c\u1ed5ng giao ti\u1ebfp c\u1ed5ng ngu\u1ed3n Micro USB. C\u00f3 th\u1ec3 s\u1eed d\u1ee5ng s\u1ea1c d\u1ef1 ph\u00f2ng \u0111\u1ec3 c\u1ea5p ngu\u1ed3n n\u00ean c\u00f3 th\u1ec3 l\u1eafp \u0111\u1eb7t quan s\u00e1t b\u00ed m\u1eadt \u1edf nh\u1eefng n\u01a1i kh\u00f4ng c\u00f3 \u0111i\u1ec7n.<\/p>\n<p><strong>T\u1ed5ng quan ch\u1ee9c n\u0103ng c\u1ee7a\u00a0 Smart Camera Wifi\u00a0Ezviz CS-CV246 1080P<\/strong><\/p>\n<p><strong>\u00a0 \u00a0 \u00a0&#8211;\u00a0 360\u00b0 Home Security<\/strong>: \u0110\u01b0\u1ee3c thi\u1ebft k\u1ebf nh\u01b0 m\u1ed9t camera Wi-Fi pan-tilt v\u1edbi g\u00f3c nh\u00ecn to\u00e0n c\u1ea3nh,\u00a0EZVIZ C6C\u00a0c\u00f3 m\u1ed9t g\u00f3c nh\u00ecn ngang 360\u00b0 v\u1edbi t\u00ednh n\u0103ng theo d\u00f5i th\u00f4ng minh. T\u00edch h\u1ee3p v\u1edbi c\u00e1c c\u1ea3m bi\u1ebfn c\u1ea3nh b\u00e1o EZVIZ \u0111\u1ec3 b\u1ea3o m\u1eadt cho gia \u0111\u00ecnh b\u1ea1n.<\/p>\n<p><img src=\"https:\/\/digione.vn\/upload\/source\/camera-hikvision-ip-wifi-ezviz-cs-cv246-1080p\/2080_11.jpg?1560837465454\" alt=\"2080_11\" \/><\/p>\n<p><strong>\u00a0 \u00a0 \u00a0&#8211;\u00a0\u00a0Ch\u1ebf \u0111\u1ed9 xem ngang 360\u00b0:<\/strong>\u00a0V\u1ebb \u0111\u1eb9p c\u1ee7a camera pan-tilt HD \u0111\u00e1ng kinh ng\u1ea1c n\u00e0y l\u00e0 b\u1ea1n c\u00f3 th\u1ec3 \u0111\u1eb7t n\u00f3 \u1edf b\u1ea5t c\u1ee9 n\u01a1i n\u00e0o b\u1ea1n mu\u1ed1n v\u00e0 v\u1eabn nh\u00ecn th\u1ea5y c\u0103n ph\u00f2ng.\u00a0Ezviz C6C\u00a0bao g\u1ed3m ph\u1ea1m vi xem to\u00e0n c\u1ea3nh m\u1edf r\u1ed9ng v\u1edbi chi\u1ec1u ngang 340\u00b0, 120\u00b0 theo chi\u1ec1u d\u1ecdc.<\/p>\n<p><img src=\"https:\/\/digione.vn\/upload\/source\/camera-hikvision-ip-wifi-ezviz-cs-cv246-1080p\/2.jpg?1560837561459\" alt=\"2\" \/><\/p>\n<p><strong>\u00a0 \u00a0 \u00a0&#8211;\u00a0\u00a0Theo d\u00f5i chuy\u1ec3n \u0111\u1ed9ng th\u00f4ng minh:<\/strong>\u00a0Khi ph\u00e1t hi\u1ec7n chuy\u1ec3n \u0111\u1ed9ng,\u00a0EZVIZ C6C\u00a0t\u1ef1 \u0111\u1ed9ng ch\u1ee5p h\u00ecnh v\u00e0 theo d\u00f5i chuy\u1ec3n \u0111\u1ed9ng trong khi g\u1eedi th\u00f4ng b\u00e1o v\u00e0 quay video trong th\u1eddi gian th\u1ef1c.<\/p>\n<p><img src=\"https:\/\/digione.vn\/upload\/source\/camera-hikvision-ip-wifi-ezviz-cs-cv246-1080p\/3.jpg?1560837591830\" alt=\"3\" \/><\/p>\n<p><strong>\u00a0 \u00a0 \u00a0&#8211;\u00a0\u00a0<\/strong>M\u00e0n tr\u1eadp ri\u00eang t\u01b0 \u0111\u01b0\u1ee3c thi\u1ebft k\u1ebf chu \u0111\u00e1o cho ph\u00e9p b\u1ea1n t\u1eaft \u1ed1ng k\u00ednh b\u1ea5t c\u1ee9 khi n\u00e0o b\u1ea1n c\u1ea7n.<\/p>\n<p><img src=\"https:\/\/digione.vn\/upload\/source\/camera-hikvision-ip-wifi-ezviz-cs-cv246-1080p\/4.jpg?1560837610230\" alt=\"4\" \/><\/p>\n<p><strong>\u00a0 \u00a0 \u00a0&#8211;\u00a0\u00a0<\/strong>M\u00e0u s\u1eafc trung th\u1ef1c, h\u00ecnh \u1ea3nh s\u1eafc n\u00e9t, h\u1ed7 tr\u1ee3 zoom k\u1ef9 thu\u1eadt s\u1ed1 4x<\/p>\n<p><img src=\"https:\/\/digione.vn\/upload\/source\/camera-hikvision-ip-wifi-ezviz-cs-cv246-1080p\/5.jpg?1560837659399\" alt=\"5\" \/><\/p>\n<p><strong>\u00a0 \u00a0 \u00a0&#8211;\u00a0\u00a0EZVIZ C6C<\/strong><a href=\"https:\/\/digione.vn\/camera-ip-41\/camera-hikvision-ip-wifi-ezviz-cs-cv246-720p.html\">\u00a0<\/a>\u0111\u01b0\u1ee3c trang b\u1ecb hai \u0111\u00e8n h\u1ed3ng ngo\u1ea1i m\u1ea1nh m\u1ebd v\u1edbi ph\u1ea1m vi l\u00ean \u0111\u1ebfn 10 m\u00e9t (t\u00f9y thu\u1ed9c v\u00e0o m\u00f4i tr\u01b0\u1eddng) &#8211; \u0111\u1ee7 l\u1edbn \u0111\u1ec3 bao ph\u1ee7 b\u1ea5t k\u1ef3 ph\u00f2ng n\u00e0o. T\u1ef1 \u0111\u1ed9ng chuy\u1ec3n gi\u1eefa ch\u1ebf \u0111\u1ed9 ng\u00e0y v\u00e0 \u0111\u00eam.<\/p>\n<p><img src=\"https:\/\/digione.vn\/upload\/source\/camera-hikvision-ip-wifi-ezviz-cs-cv246-1080p\/6.jpg?1560837676319\" alt=\"6\" \/><\/p>\n<p><strong>\u00a0 \u00a0 \u00a0&#8211;\u00a0\u00a0\u0110\u00e0m tho\u1ea1i 2 chi\u1ec1u, th\u1eddi gian th\u1ef1c:<\/strong>\u00a0Khi b\u1ea1n \u0111ang \u1edf xa nh\u00e0 v\u00e0 mu\u1ed1n n\u00f3i chuy\u1ec7n v\u1edbi nh\u1eefng ng\u01b0\u1eddi y\u00eau th\u01b0\u01a1ng ho\u1eb7c v\u1eadt nu\u00f4i, v\u1edbi \u0111\u00e0m tho\u1ea1i 2 chi\u1ec1u. Ch\u1ec9 c\u1ea7n nh\u1ea5n n\u00fat tr\u00ean \u1ee9ng d\u1ee5ng EZVIZ v\u00e0 C6C s\u1ebd gi\u00fap b\u1ea1n th\u1ef1c hi\u1ec7n ph\u1ea7n c\u00f2n l\u1ea1i.<\/p>\n<p><img src=\"https:\/\/digione.vn\/upload\/source\/camera-hikvision-ip-wifi-ezviz-cs-cv246-1080p\/7.jpg?1560837691430\" alt=\"7\" \/><\/p>\n<p><strong>\u00a0 \u00a0 \u00a0&#8211;\u00a0\u00a0D\u1ec5 d\u00e0ng l\u1eafp \u0111\u1eb7t:<\/strong>\u00a0EZVIZ C6C\u00a0\u0111i k\u00e8m v\u1edbi \u0111\u1ebf g\u1eafn \u0111inh v\u00edt v\u00e0 h\u1ed7 tr\u1ee3 l\u1eadt h\u00ecnh \u1ea3nh cho ph\u00e9p l\u1eafp \u0111\u1eb7t tr\u00ean b\u00e0n ho\u1eb7c tr\u1ea7n t\u00f9y theo nhu c\u1ea7u c\u1ee7a b\u1ea1n.<\/p>\n<p><img src=\"https:\/\/digione.vn\/upload\/source\/camera-hikvision-ip-wifi-ezviz-cs-cv246-1080p\/8.jpg?1560837709415\" alt=\"8\" \/><\/p>\n<p><strong>\u00a0 \u00a0 \u00a0&#8211;\u00a0\u00a0T\u01b0\u01a1ng th\u00edch v\u1edbi c\u1ea3m bi\u1ebfn b\u00e1o \u0111\u1ed9ng EZVIZ<\/strong>: C6C c\u00f3 th\u1ec3 \u0111\u01b0\u1ee3c t\u00edch h\u1ee3p v\u00e0o h\u1ec7 th\u1ed1ng b\u00e1o \u0111\u1ed9ng EZVIZ. Khi b\u00e1o \u0111\u1ed9ng \u0111\u01b0\u1ee3c k\u00edch ho\u1ea1t, camera s\u1ebd ch\u1ee5p \u1ea3nh v\u00e0 quay video v\u00e0 g\u1eedi ch\u00fang \u0111\u1ebfn ch\u1ee7 s\u1edf h\u1eefu thi\u1ebft b\u1ecb.<\/p>\n<p><img src=\"https:\/\/digione.vn\/upload\/source\/camera-hikvision-ip-wifi-ezviz-cs-cv246-1080p\/9.jpg?1560837727863\" alt=\"9\" \/><\/p>\n<p><strong>\u00a0 \u00a0 \u00a0&#8211;\u00a0\u00a0T\u00f9y ch\u1ecdn l\u01b0u tr\u1eef \u0111a h\u01b0\u1edbng:<\/strong>\u00a0V\u1edbi nhi\u1ec1u t\u00f9y ch\u1ecdn l\u01b0u tr\u1eef, b\u1ea1n c\u00f3 th\u1ec3 ch\u1ecdn v\u1ecb tr\u00ed l\u01b0u b\u1ea3n ghi c\u1ee7a m\u00ecnh. Camera th\u1eadm ch\u00ed c\u00f3 th\u1ec3 l\u01b0u v\u00e0o c\u1ea3 ba v\u1ecb tr\u00ed c\u00f9ng m\u1ed9t l\u00fac \u0111\u1ec3 sao l\u01b0u th\u00eam trong tr\u01b0\u1eddng h\u1ee3p camera b\u1ecb h\u1ecfng ho\u1eb7c m\u1ea1ng c\u1ee7a b\u1ea1n b\u1ecb treo.<\/p>\n<p><strong>\u00a0 \u00a0 \u00a0&#8211;\u00a0\u00a0B\u1ea3o m\u1eadt trong t\u1ea7m tay c\u1ee7a b\u1ea1n:<\/strong>\u00a0V\u1edbi \u1ee9ng d\u1ee5ng EZVIZ ho\u1eb7c EZVIZ Studio, b\u1ea1n c\u00f3 th\u1ec3 b\u1ea3o v\u1ec7, ch\u1ee5p, l\u01b0u v\u00e0 chia s\u1ebb nh\u1eefng g\u00ec c\u00f3 gi\u00e1 tr\u1ecb v\u1edbi b\u1ea1n.<\/p>\n<p><img src=\"https:\/\/digione.vn\/upload\/source\/camera-hikvision-ip-wifi-ezviz-cs-cv246-1080p\/10.jpg?1560837767166\" alt=\"10\" \/><\/p>\n","protected":false},"excerpt":{"rendered":"<p>+ K\u1ebft n\u1ed1i wifi, h\u1ed7 tr\u1ee3 cloud v\u00e0 \u1ee9ng d\u1ee5ng th\u00f4ng minh r\u1ea5t d\u1ec5 d\u00e0ng c\u00e0i \u0111\u1eb7t v\u00e0 c\u1ea5u h\u00ecnh.\u00a0 C\u00f3 th\u1ec3 quan s\u00e1t \u0111\u01b0\u1ee3c b\u1ea5t c\u1ee9 n\u01a1i \u0111\u00e2u mi\u1ec5n sao c\u00f3 internet. +\u00a0T\u00edch h\u1ee3p t\u00ednh n\u0103ng c\u1ea3nh b\u00e1o v\u00e0 ch\u1ee5p h\u00ecnh chuy\u1ec3n \u0111\u1ed9ng g\u1eedi \u0111\u1ebfn \u0111i\u1ec7n tho\u1ea1i \u0111\u1ed3ng th\u1eddi h\u00fa c\u00f2i tr\u00ean Camera. + &#8230;<\/p>\n","protected":false},"featured_media":770,"comment_status":"closed","ping_status":"closed","template":"","meta":[],"brands":[{"id":29,"name":"Ezviz","slug":"ezviz"}],"_links":{"self":[{"href":"https:\/\/webmaibinh.com\/w\/camera12011\/wp-json\/wp\/v2\/product\/782"}],"collection":[{"href":"https:\/\/webmaibinh.com\/w\/camera12011\/wp-json\/wp\/v2\/product"}],"about":[{"href":"https:\/\/webmaibinh.com\/w\/camera12011\/wp-json\/wp\/v2\/types\/product"}],"replies":[{"embeddable":true,"href":"https:\/\/webmaibinh.com\/w\/camera12011\/wp-json\/wp\/v2\/comments?post=782"}],"wp:featuredmedia":[{"embeddable":true,"href":"https:\/\/webmaibinh.com\/w\/camera12011\/wp-json\/wp\/v2\/media\/770"}],"wp:attachment":[{"href":"https:\/\/webmaibinh.com\/w\/camera12011\/wp-json\/wp\/v2\/media?parent=782"}],"curies":[{"name":"wp","href":"https:\/\/api.w.org\/{rel}","templated":true}]}}