{"id":1191,"date":"2020-04-21T16:01:21","date_gmt":"2020-04-21T09:01:21","guid":{"rendered":"https:\/\/tinhoctaynguyen.com\/?post_type=product&#038;p=1191"},"modified":"2020-04-21T16:01:21","modified_gmt":"2020-04-21T09:01:21","slug":"camera-ip-wifi-carecam-19hs200-cam-bien-hong-ngoai-theo-doi-chuyen-dong-2-0mpx","status":"publish","type":"product","link":"https:\/\/webmaibinh.com\/w\/camera12011\/san-pham\/camera-ip-wifi-carecam-19hs200-cam-bien-hong-ngoai-theo-doi-chuyen-dong-2-0mpx\/","title":{"rendered":"Camera IP Wifi CareCam 19HS200 C\u1ea3m Bi\u1ebfn H\u1ed3ng Ngo\u1ea1i, Theo D\u00f5i Chuy\u1ec3n \u0110\u1ed9ng 2.0Mpx"},"content":{"rendered":"<p><strong>Th\u01b0\u01a1ng hi\u1ec7u: CareCam<\/strong><br \/>\nM\u00e0u s\u1eafc: Tr\u1eafng<br \/>\n\u0110\u1ed9 ph\u00e2n gi\u1ea3i: 2.0Mpx.<br \/>\nC\u1ea3m bi\u1ebfn h\u00ecnh \u1ea3nh: 1080P 2.0M CMOS.<br \/>\nXoay theo chuy\u1ec3n \u0111\u1ed9ng<br \/>\nH\u1ed7 tr\u1ee3 \u0111\u00e0m tho\u1ea1i 2 chi\u1ec1u.<br \/>\nPh\u00e1t hi\u1ec7n chuy\u1ec3n \u0111\u1ed9ng: C\u00f3.<br \/>\nH\u1ed7 tr\u1ee3 ch\u1ee5p \u1ea3nh: C\u00f3.<br \/>\nC\u00f3 th\u1ec3 tua nhanh khi coi l\u1ea1i Video ngay tr\u00ean \u0111i\u1ec7n tho\u1ea1i.<br \/>\nB\u00e1o \u0111\u1ed9ng: H\u1ed7 tr\u1ee3 b\u00e1o \u0111\u1ed9ng qua Camera, \u0111i\u1ec7n tho\u1ea1i.<br \/>\nH\u1ed7 tr\u1ee3 Wireless: 802.11 b\/g\/n.<br \/>\nC\u1ed5ng giao ti\u1ebfp Ethernet: RJ45 100m\/ 1000m\/ Base-TX.<br \/>\nNgu\u1ed3n \u0111\u1ea7u v\u00e0o: DC12V 2A.<br \/>\nC\u00f3 kh\u1ea3 n\u0103ng k\u1ebft n\u1ed1i v\u1edbi r\u1ea5t nhi\u1ec1u d\u00f2ng m\u00e1y smartphone, Iphone, Ipad, m\u00e1y t\u00ednh b\u1ea3ng, PC th\u00f4ng qua Wifi v\u00e0 c\u1ed5ng Ethernet.<br \/>\nQuay ngang 355 \u0111\u1ed9 v\u1edbi g\u00f3c nh\u00ecn r\u1ed9ng, quay d\u1ecdc 90 \u0111\u1ed9.<br \/>\nC\u00f3 r\u1ea5t nhi\u1ec1u kh\u1ea3 n\u0103ng quay v\u00e0 ch\u1ee9c n\u0103ng qu\u00e9t b\u1eb1ng h\u1ed3ng ngo\u1ea1i trong \u0111\u00eam t\u1ed1i ( 3 \u0111\u00e8n h\u1ed3ng ngo\u1ea1i, 3 \u0111\u00e8n Flash).<br \/>\nH\u1ed7 tr\u1ee3 th\u1ebb nh\u1edb.<br \/>\nH\u1ed7 tr\u1ee3 th\u1ebb nh\u1edb l\u00ean t\u1edbi 128GB.<br \/>\nH\u1ed7 tr\u1ee3 c\u1ed5ng USB k\u1ebft n\u1ed1i b\u1ed9 b\u00e1o \u0111\u1ed9ng qua c\u1ed5ng USB.<br \/>\nPh\u1ea7n m\u1ec1m xem qua \u0111i\u1ec7n tho\u1ea1i: CareCam.<br \/>\nPh\u1ea7n m\u1ec1m xem tr\u00ean m\u00e1y t\u00ednh, Laptop: Care Smart Cam.<\/p>\n<p><a href=\"https:\/\/tinhoctaynguyen.com\/wp-content\/uploads\/2020\/04\/8045642252849211e0529221444c0f1c.jpg\"><img loading=\"lazy\" class=\"alignnone size-medium wp-image-1192\" src=\"https:\/\/tinhoctaynguyen.com\/wp-content\/uploads\/2020\/04\/8045642252849211e0529221444c0f1c-300x300.jpg\" alt=\"\" width=\"300\" height=\"300\" srcset=\"https:\/\/webmaibinh.com\/w\/camera12011\/wp-content\/uploads\/2020\/04\/8045642252849211e0529221444c0f1c-300x300.jpg 300w, https:\/\/webmaibinh.com\/w\/camera12011\/wp-content\/uploads\/2020\/04\/8045642252849211e0529221444c0f1c-100x100.jpg 100w, https:\/\/webmaibinh.com\/w\/camera12011\/wp-content\/uploads\/2020\/04\/8045642252849211e0529221444c0f1c-510x510.jpg 510w, https:\/\/webmaibinh.com\/w\/camera12011\/wp-content\/uploads\/2020\/04\/8045642252849211e0529221444c0f1c-150x150.jpg 150w, https:\/\/webmaibinh.com\/w\/camera12011\/wp-content\/uploads\/2020\/04\/8045642252849211e0529221444c0f1c-768x768.jpg 768w, https:\/\/webmaibinh.com\/w\/camera12011\/wp-content\/uploads\/2020\/04\/8045642252849211e0529221444c0f1c.jpg 1000w\" sizes=\"(max-width: 300px) 100vw, 300px\" \/><\/a><\/p>\n<p><a href=\"https:\/\/tinhoctaynguyen.com\/wp-content\/uploads\/2020\/04\/036c290c0d5d41a84abae9ed78232a23.png\"><img loading=\"lazy\" class=\"alignnone size-medium wp-image-1193\" src=\"https:\/\/tinhoctaynguyen.com\/wp-content\/uploads\/2020\/04\/036c290c0d5d41a84abae9ed78232a23-300x300.png\" alt=\"\" width=\"300\" height=\"300\" srcset=\"https:\/\/webmaibinh.com\/w\/camera12011\/wp-content\/uploads\/2020\/04\/036c290c0d5d41a84abae9ed78232a23-300x300.png 300w, https:\/\/webmaibinh.com\/w\/camera12011\/wp-content\/uploads\/2020\/04\/036c290c0d5d41a84abae9ed78232a23-100x100.png 100w, https:\/\/webmaibinh.com\/w\/camera12011\/wp-content\/uploads\/2020\/04\/036c290c0d5d41a84abae9ed78232a23-510x510.png 510w, https:\/\/webmaibinh.com\/w\/camera12011\/wp-content\/uploads\/2020\/04\/036c290c0d5d41a84abae9ed78232a23-150x150.png 150w, https:\/\/webmaibinh.com\/w\/camera12011\/wp-content\/uploads\/2020\/04\/036c290c0d5d41a84abae9ed78232a23.png 750w\" sizes=\"(max-width: 300px) 100vw, 300px\" \/><\/a><\/p>\n<p><a href=\"https:\/\/tinhoctaynguyen.com\/wp-content\/uploads\/2020\/04\/dfe9233e5cd0aebf1af7ac8d50533403.png\"><img loading=\"lazy\" class=\"alignnone size-medium wp-image-1194\" src=\"https:\/\/tinhoctaynguyen.com\/wp-content\/uploads\/2020\/04\/dfe9233e5cd0aebf1af7ac8d50533403-300x300.png\" alt=\"\" width=\"300\" height=\"300\" srcset=\"https:\/\/webmaibinh.com\/w\/camera12011\/wp-content\/uploads\/2020\/04\/dfe9233e5cd0aebf1af7ac8d50533403-300x300.png 300w, https:\/\/webmaibinh.com\/w\/camera12011\/wp-content\/uploads\/2020\/04\/dfe9233e5cd0aebf1af7ac8d50533403-100x100.png 100w, https:\/\/webmaibinh.com\/w\/camera12011\/wp-content\/uploads\/2020\/04\/dfe9233e5cd0aebf1af7ac8d50533403-510x510.png 510w, https:\/\/webmaibinh.com\/w\/camera12011\/wp-content\/uploads\/2020\/04\/dfe9233e5cd0aebf1af7ac8d50533403-150x150.png 150w, https:\/\/webmaibinh.com\/w\/camera12011\/wp-content\/uploads\/2020\/04\/dfe9233e5cd0aebf1af7ac8d50533403.png 750w\" sizes=\"(max-width: 300px) 100vw, 300px\" \/><\/a><\/p>\n<p>&nbsp;<\/p>\n<p>&nbsp;<\/p>\n<p>&nbsp;<\/p>\n<p>&nbsp;<\/p>\n","protected":false},"excerpt":{"rendered":"<p>Th\u01b0\u01a1ng hi\u1ec7u: CareCam M\u00e0u s\u1eafc: Tr\u1eafng \u0110\u1ed9 ph\u00e2n gi\u1ea3i: 2.0Mpx. C\u1ea3m bi\u1ebfn h\u00ecnh \u1ea3nh: 1080P 2.0M CMOS. Xoay theo chuy\u1ec3n \u0111\u1ed9ng H\u1ed7 tr\u1ee3 \u0111\u00e0m tho\u1ea1i 2 chi\u1ec1u. Ph\u00e1t hi\u1ec7n chuy\u1ec3n \u0111\u1ed9ng: C\u00f3. H\u1ed7 tr\u1ee3 ch\u1ee5p \u1ea3nh: C\u00f3. C\u00f3 th\u1ec3 tua nhanh khi coi l\u1ea1i Video ngay tr\u00ean \u0111i\u1ec7n tho\u1ea1i. B\u00e1o \u0111\u1ed9ng: H\u1ed7 tr\u1ee3 b\u00e1o \u0111\u1ed9ng &#8230;<\/p>\n","protected":false},"featured_media":1192,"comment_status":"closed","ping_status":"closed","template":"","meta":[],"brands":[{"id":81,"name":"Care Cam","slug":"care-cam"}],"_links":{"self":[{"href":"https:\/\/webmaibinh.com\/w\/camera12011\/wp-json\/wp\/v2\/product\/1191"}],"collection":[{"href":"https:\/\/webmaibinh.com\/w\/camera12011\/wp-json\/wp\/v2\/product"}],"about":[{"href":"https:\/\/webmaibinh.com\/w\/camera12011\/wp-json\/wp\/v2\/types\/product"}],"replies":[{"embeddable":true,"href":"https:\/\/webmaibinh.com\/w\/camera12011\/wp-json\/wp\/v2\/comments?post=1191"}],"wp:featuredmedia":[{"embeddable":true,"href":"https:\/\/webmaibinh.com\/w\/camera12011\/wp-json\/wp\/v2\/media\/1192"}],"wp:attachment":[{"href":"https:\/\/webmaibinh.com\/w\/camera12011\/wp-json\/wp\/v2\/media?parent=1191"}],"curies":[{"name":"wp","href":"https:\/\/api.w.org\/{rel}","templated":true}]}}