{"id":1174,"date":"2020-04-15T15:28:47","date_gmt":"2020-04-15T08:28:47","guid":{"rendered":"https:\/\/tinhoctaynguyen.com\/?post_type=product&#038;p=1174"},"modified":"2020-04-15T15:28:47","modified_gmt":"2020-04-15T08:28:47","slug":"cap-mang-cat6-utp-hikvision-ds-1ln6-uu","status":"publish","type":"product","link":"https:\/\/webmaibinh.com\/w\/camera12011\/san-pham\/cap-mang-cat6-utp-hikvision-ds-1ln6-uu\/","title":{"rendered":"C\u00e1p m\u1ea1ng CAT6 UTP HIKVISION DS-1LN6-UU"},"content":{"rendered":"<p><a href=\"https:\/\/tinhoctaynguyen.com\/wp-content\/uploads\/2020\/04\/DS-1LN6-UU.png\"><img loading=\"lazy\" class=\"alignnone size-medium wp-image-1175\" src=\"https:\/\/tinhoctaynguyen.com\/wp-content\/uploads\/2020\/04\/DS-1LN6-UU-300x300.png\" alt=\"\" width=\"300\" height=\"300\" srcset=\"https:\/\/webmaibinh.com\/w\/camera12011\/wp-content\/uploads\/2020\/04\/DS-1LN6-UU-300x300.png 300w, https:\/\/webmaibinh.com\/w\/camera12011\/wp-content\/uploads\/2020\/04\/DS-1LN6-UU-100x100.png 100w, https:\/\/webmaibinh.com\/w\/camera12011\/wp-content\/uploads\/2020\/04\/DS-1LN6-UU-150x150.png 150w, https:\/\/webmaibinh.com\/w\/camera12011\/wp-content\/uploads\/2020\/04\/DS-1LN6-UU.png 500w\" sizes=\"(max-width: 300px) 100vw, 300px\" \/><\/a><\/p>\n<p><strong>C\u00e1p m\u1ea1ng CAT6 UTP HIKVISION DS-1LN6-UU<\/strong><\/p>\n<p>&#8211; C\u00e1p m\u1ea1ng CAT6\u00a0UTP HIKVISION DS-1LN6-UU.<\/p>\n<p>&#8211; V\u1ecf PVC m\u00e0u cam.<\/p>\n<p>&#8211; 04 c\u1eb7p l\u00f5i d\u00e2y 24AWG+\/0.565mm \u00b1 0.005mm BC (\u0111\u1ed3ng nguy\u00ean ch\u1ea5t 99.97% chuy\u00ean d\u00f9ng cho truy\u1ec1n d\u1eabn cao t\u1ed1c).<\/p>\n<p>&#8211; Thi\u1ebft k\u1ebf d\u1ef1a theo ti\u00eau chu\u1ea9n M\u1ef9 &amp; \u00c2u cao c\u1ea5p nh\u1ea5t: ANSI\/TIA-568C.2 &amp; ISO\/IEC 11801, YD\/T1019.<\/p>\n<p>&#8211; Quy c\u00e1ch \u0111\u00f3ng g\u00f3i: cu\u1ed9n 305m \u0111\u00f3ng trong h\u1ed9p carton m\u00e0u chuy\u00ean d\u00f9ng k\u00e9o c\u00e1p.<\/p>\n<p><strong>Th\u00f4ng s\u1ed1 k\u1ef9 thu\u1eadt<\/strong><\/p>\n<table border=\"1\" cellspacing=\"0\" cellpadding=\"0\">\n<colgroup>\n<col \/>\n<col \/><\/colgroup>\n<tbody>\n<tr>\n<td class=\"xl65\" colspan=\"2\" height=\"21\"><strong>CABLE<\/strong><\/td>\n<\/tr>\n<tr>\n<td class=\"xl65\" height=\"13\">Category<\/td>\n<td class=\"xl65\">U\/UTP CAT6-4P- PVC-CM<\/td>\n<\/tr>\n<tr>\n<td class=\"xl65\" height=\"21\">Test Standard<\/td>\n<td class=\"xl65\">ISO\/IEC11801, TIA-568-C.2 , YD\/T1019<\/td>\n<\/tr>\n<tr>\n<td class=\"xl65\" colspan=\"2\" height=\"21\"><strong>CONDUCTOR<\/strong><\/td>\n<\/tr>\n<tr>\n<td class=\"xl65\" height=\"21\">Material<\/td>\n<td class=\"xl65\">Solid-Bare Copper<\/td>\n<\/tr>\n<tr>\n<td class=\"xl65\" height=\"20\">Nom.O.D.(mm)<\/td>\n<td class=\"xl65\">0.565<br \/>\nup +0.005<br \/>\ndown -0.005<\/td>\n<\/tr>\n<tr>\n<td class=\"xl65\" colspan=\"2\" height=\"21\"><strong>INSULATION<\/strong><\/td>\n<\/tr>\n<tr>\n<td class=\"xl65\" height=\"21\">Material<\/td>\n<td class=\"xl65\">HDPE<\/td>\n<\/tr>\n<tr>\n<td class=\"xl65\" height=\"21\">Diameter<\/td>\n<td class=\"xl65\">1.02\u00b10.03mm<\/td>\n<\/tr>\n<tr>\n<td class=\"xl65\" colspan=\"2\" height=\"21\"><strong>SHEATH<\/strong><\/td>\n<\/tr>\n<tr>\n<td class=\"xl65\" height=\"21\">Thickness<\/td>\n<td class=\"xl65\">0.55\u00b10.05 mm<\/td>\n<\/tr>\n<tr>\n<td class=\"xl65\" height=\"21\">External O.D<\/td>\n<td class=\"xl65\">6.2\u00b10.4 mm<\/td>\n<\/tr>\n<tr>\n<td class=\"xl65\" height=\"21\">Surface<\/td>\n<td class=\"xl65\">Clean,Frap,Satiation<\/td>\n<\/tr>\n<tr>\n<td class=\"xl65\" height=\"21\">Material<\/td>\n<td class=\"xl65\">PVC(complies RoHS),CM<\/td>\n<\/tr>\n<tr>\n<td class=\"xl65\" height=\"21\">Color<\/td>\n<td class=\"xl65\">Multiple<\/td>\n<\/tr>\n<tr>\n<td class=\"xl65\" colspan=\"2\" height=\"21\"><strong>SURFACE PRINTING<\/strong><\/td>\n<\/tr>\n<tr>\n<td class=\"xl65\" height=\"18\">Letter height<\/td>\n<td class=\"xl65\">3.0\u00b10.3mm<\/td>\n<\/tr>\n<tr>\n<td class=\"xl65\" height=\"21\">Color<\/td>\n<td class=\"xl65\">Black<\/td>\n<\/tr>\n<tr>\n<td class=\"xl65\" height=\"21\">Print error &amp; Space<\/td>\n<td class=\"xl65\">\u2264\u00b10.5%, 1m<\/td>\n<\/tr>\n<tr>\n<td class=\"xl65\" colspan=\"2\" height=\"21\"><strong>GENERAL<\/strong><\/td>\n<\/tr>\n<tr>\n<td class=\"xl65\" height=\"15\">Core Color<\/td>\n<td class=\"xl65\">1 White- Blue \/Blue<br \/>\n2 White-Orange \/Orange<br \/>\n3 White- Green \/Green<br \/>\n4 White- Brown \/Brown<\/td>\n<\/tr>\n<tr>\n<td class=\"xl65\" height=\"21\">Packing<\/td>\n<td class=\"xl65\">Wooden Tray &amp; Carton<\/td>\n<\/tr>\n<tr>\n<td class=\"xl65\" height=\"21\">Carton dimension<\/td>\n<td class=\"xl65\">Per request<\/td>\n<\/tr>\n<tr>\n<td class=\"xl65\" height=\"21\">Packing length<\/td>\n<td class=\"xl65\">305\u00b11.5m<\/td>\n<\/tr>\n<tr>\n<td class=\"xl65\" height=\"21\">Rip-cord<\/td>\n<td class=\"xl65\">YES<\/td>\n<\/tr>\n<tr>\n<td class=\"xl65\" height=\"21\">Ambient temperature<\/td>\n<td class=\"xl65\">-20\u2103 &#8211; 75\u2103<\/td>\n<\/tr>\n<\/tbody>\n<\/table>\n<p>&nbsp;<\/p>\n","protected":false},"excerpt":{"rendered":"<p>C\u00e1p m\u1ea1ng CAT6 UTP HIKVISION DS-1LN6-UU &#8211; C\u00e1p m\u1ea1ng CAT6\u00a0UTP HIKVISION DS-1LN6-UU. &#8211; V\u1ecf PVC m\u00e0u cam. &#8211; 04 c\u1eb7p l\u00f5i d\u00e2y 24AWG+\/0.565mm \u00b1 0.005mm BC (\u0111\u1ed3ng nguy\u00ean ch\u1ea5t 99.97% chuy\u00ean d\u00f9ng cho truy\u1ec1n d\u1eabn cao t\u1ed1c). &#8211; Thi\u1ebft k\u1ebf d\u1ef1a theo ti\u00eau chu\u1ea9n M\u1ef9 &amp; \u00c2u cao c\u1ea5p nh\u1ea5t: ANSI\/TIA-568C.2 &amp; ISO\/IEC 11801, YD\/T1019. &#8230;<\/p>\n","protected":false},"featured_media":1175,"comment_status":"closed","ping_status":"closed","template":"","meta":[],"brands":[{"id":30,"name":"Hikvison","slug":"hikvison"}],"_links":{"self":[{"href":"https:\/\/webmaibinh.com\/w\/camera12011\/wp-json\/wp\/v2\/product\/1174"}],"collection":[{"href":"https:\/\/webmaibinh.com\/w\/camera12011\/wp-json\/wp\/v2\/product"}],"about":[{"href":"https:\/\/webmaibinh.com\/w\/camera12011\/wp-json\/wp\/v2\/types\/product"}],"replies":[{"embeddable":true,"href":"https:\/\/webmaibinh.com\/w\/camera12011\/wp-json\/wp\/v2\/comments?post=1174"}],"wp:featuredmedia":[{"embeddable":true,"href":"https:\/\/webmaibinh.com\/w\/camera12011\/wp-json\/wp\/v2\/media\/1175"}],"wp:attachment":[{"href":"https:\/\/webmaibinh.com\/w\/camera12011\/wp-json\/wp\/v2\/media?parent=1174"}],"curies":[{"name":"wp","href":"https:\/\/api.w.org\/{rel}","templated":true}]}}