{"id":1172,"date":"2020-04-15T15:23:53","date_gmt":"2020-04-15T08:23:53","guid":{"rendered":"https:\/\/tinhoctaynguyen.com\/?post_type=product&#038;p=1172"},"modified":"2020-04-15T15:23:53","modified_gmt":"2020-04-15T08:23:53","slug":"day-mang-cap-mang-cat-5e-hikvision-ds-1ln5e-e-e-1-thung","status":"publish","type":"product","link":"https:\/\/webmaibinh.com\/w\/camera12011\/san-pham\/day-mang-cap-mang-cat-5e-hikvision-ds-1ln5e-e-e-1-thung\/","title":{"rendered":"D\u00e2y m\u1ea1ng c\u00e1p m\u1ea1ng Cat 5e Hikvision Ds 1LN5E E E &#8211; 1 Th\u00f9ng"},"content":{"rendered":"<p><a href=\"https:\/\/tinhoctaynguyen.com\/wp-content\/uploads\/2020\/04\/HIKVISION-DS-1LN5E-E-E.jpg\"><img loading=\"lazy\" class=\"alignnone size-medium wp-image-1173\" src=\"https:\/\/tinhoctaynguyen.com\/wp-content\/uploads\/2020\/04\/HIKVISION-DS-1LN5E-E-E-300x300.jpg\" alt=\"\" width=\"300\" height=\"300\" srcset=\"https:\/\/webmaibinh.com\/w\/camera12011\/wp-content\/uploads\/2020\/04\/HIKVISION-DS-1LN5E-E-E-300x300.jpg 300w, https:\/\/webmaibinh.com\/w\/camera12011\/wp-content\/uploads\/2020\/04\/HIKVISION-DS-1LN5E-E-E-100x100.jpg 100w, https:\/\/webmaibinh.com\/w\/camera12011\/wp-content\/uploads\/2020\/04\/HIKVISION-DS-1LN5E-E-E-510x510.jpg 510w, https:\/\/webmaibinh.com\/w\/camera12011\/wp-content\/uploads\/2020\/04\/HIKVISION-DS-1LN5E-E-E-150x150.jpg 150w, https:\/\/webmaibinh.com\/w\/camera12011\/wp-content\/uploads\/2020\/04\/HIKVISION-DS-1LN5E-E-E.jpg 700w\" sizes=\"(max-width: 300px) 100vw, 300px\" \/><\/a><\/p>\n<p>D\u00e2y m\u1ea1ng c\u00e1p m\u1ea1ng Cat 5e Hikvision Ds 1LN5E E E &#8211; 1 Th\u00f9ng C\u00e1p m\u1ea1ng CAT5E BC HIKVISION DS-1LN5E-E\/E &#8211; C\u00e1p m\u1ea1ng CAT5E BC HIKVISION DS-1LN5E-E\/E l\u00e0 c\u00e1p m\u1ea1ng Cat 5E UTP. &#8211; V\u1ecf PVC m\u00e0u x\u00e1m. &#8211; 04 c\u1eb7p l\u00f5i d\u00e2y 24AWG\/0.45mm \u00b1 0.005mm BC (\u0111\u1ed3ng nguy\u00ean ch\u1ea5t 99.97% chuy\u00ean d\u00f9ng cho truy\u1ec1n d\u1eabn cao t\u1ed1c). &#8211; Thi\u1ebft k\u1ebf tu\u00e2n theo ti\u00eau chu\u1ea9n M\u1ef9 &amp; \u00c2u cao c\u1ea5p nh\u1ea5t: ANSI\/TIA-568C.2 &amp; ISO\/IEC 11801, YD\/T1019. &#8211; Quy c\u00e1ch \u0111\u00f3ng g\u00f3i: cu\u1ed9n 305m \u0111\u00f3ng trong h\u1ed9p carton m\u00e0u chuy\u00ean d\u00f9ng k\u00e9o c\u00e1p.<\/p>\n<p>&nbsp;<\/p>\n<p>&nbsp;<\/p>\n","protected":false},"excerpt":{"rendered":"<p>D\u00e2y m\u1ea1ng c\u00e1p m\u1ea1ng Cat 5e Hikvision Ds 1LN5E E E &#8211; 1 Th\u00f9ng C\u00e1p m\u1ea1ng CAT5E BC HIKVISION DS-1LN5E-E\/E &#8211; C\u00e1p m\u1ea1ng CAT5E BC HIKVISION DS-1LN5E-E\/E l\u00e0 c\u00e1p m\u1ea1ng Cat 5E UTP. &#8211; V\u1ecf PVC m\u00e0u x\u00e1m. &#8211; 04 c\u1eb7p l\u00f5i d\u00e2y 24AWG\/0.45mm \u00b1 0.005mm BC (\u0111\u1ed3ng nguy\u00ean ch\u1ea5t 99.97% chuy\u00ean d\u00f9ng cho truy\u1ec1n &#8230;<\/p>\n","protected":false},"featured_media":1173,"comment_status":"closed","ping_status":"closed","template":"","meta":[],"brands":[{"id":30,"name":"Hikvison","slug":"hikvison"}],"_links":{"self":[{"href":"https:\/\/webmaibinh.com\/w\/camera12011\/wp-json\/wp\/v2\/product\/1172"}],"collection":[{"href":"https:\/\/webmaibinh.com\/w\/camera12011\/wp-json\/wp\/v2\/product"}],"about":[{"href":"https:\/\/webmaibinh.com\/w\/camera12011\/wp-json\/wp\/v2\/types\/product"}],"replies":[{"embeddable":true,"href":"https:\/\/webmaibinh.com\/w\/camera12011\/wp-json\/wp\/v2\/comments?post=1172"}],"wp:featuredmedia":[{"embeddable":true,"href":"https:\/\/webmaibinh.com\/w\/camera12011\/wp-json\/wp\/v2\/media\/1173"}],"wp:attachment":[{"href":"https:\/\/webmaibinh.com\/w\/camera12011\/wp-json\/wp\/v2\/media?parent=1172"}],"curies":[{"name":"wp","href":"https:\/\/api.w.org\/{rel}","templated":true}]}}