{"id":1170,"date":"2020-04-15T15:13:07","date_gmt":"2020-04-15T08:13:07","guid":{"rendered":"https:\/\/tinhoctaynguyen.com\/?post_type=product&#038;p=1170"},"modified":"2020-04-15T15:13:07","modified_gmt":"2020-04-15T08:13:07","slug":"hdd-wd-purple-500gb-3-5-inch-sata-iii","status":"publish","type":"product","link":"https:\/\/webmaibinh.com\/w\/camera12011\/san-pham\/hdd-wd-purple-500gb-3-5-inch-sata-iii\/","title":{"rendered":"HDD WD Purple 500GB 3.5 inch SATA III"},"content":{"rendered":"<p><a href=\"https:\/\/tinhoctaynguyen.com\/wp-content\/uploads\/2020\/04\/244_o_cung_camera_wd_purple_500gb_wd05purz.jpg\"><img loading=\"lazy\" class=\"alignnone size-medium wp-image-1171\" src=\"https:\/\/tinhoctaynguyen.com\/wp-content\/uploads\/2020\/04\/244_o_cung_camera_wd_purple_500gb_wd05purz-249x300.jpg\" alt=\"\" width=\"249\" height=\"300\" srcset=\"https:\/\/webmaibinh.com\/w\/camera12011\/wp-content\/uploads\/2020\/04\/244_o_cung_camera_wd_purple_500gb_wd05purz-249x300.jpg 249w, https:\/\/webmaibinh.com\/w\/camera12011\/wp-content\/uploads\/2020\/04\/244_o_cung_camera_wd_purple_500gb_wd05purz.jpg 450w\" sizes=\"(max-width: 249px) 100vw, 249px\" \/><\/a><\/p>\n<div id=\"tab02\" class=\"tab-content\">\n<h2>Th\u00f4ng s\u1ed1 k\u1ef9 thu\u1eadt HDD WD Purple 500GB WD05PURZ<\/h2>\n<p>M\u00e3 s\u1ea3n ph\u1ea9m:\u00a0<strong>WD05PURZ<\/strong><br \/>\nChu\u1ea9n k\u1ebft n\u1ed1i: SATA 3 (6Gb\/s)<br \/>\nDung l\u01b0\u1ee3ng l\u01b0u tr\u1eef:\u00a0<strong>500GB<\/strong><br \/>\nK\u00edch th\u01b0\u1edbc \/ Lo\u1ea1i: 3.5 inch<br \/>\nC\u00f4ng ngh\u1ec7 Advanced Format (AF): C\u00f3<br \/>\nCh\u1ee9ng nh\u1eadn RoHS: C\u00f3<\/p>\n<p><strong>Hi\u1ec7u n\u0103ng<\/strong><br \/>\nT\u1ed1c \u0111\u1ed9 truy\u1ec1n d\u1eef li\u1ec7u (max)<br \/>\nT\u1ed1c \u0111\u1ed9 chu\u1ea9n k\u1ebft n\u1ed1i: 6 Gb\/s<br \/>\nT\u1ed1c \u0111\u1ed9 ghi d\u1eef li\u1ec7u: 110 MB\/s<br \/>\nT\u1ed1c \u0111\u1ed9 v\u00f2ng quay: 5400 RPM<br \/>\nB\u1ed9 nh\u1edb \u0111\u1ec7m: 64MB<\/p>\n<p><strong>T\u00ednh n\u0103ng s\u1ea3n ph\u1ea9m<\/strong><br \/>\nS\u1ed1 l\u01b0\u1ee3ng camera h\u1ed7 tr\u1ee3: L\u00ean t\u1edbi 64 cameras<br \/>\nS\u1ed1 l\u01b0\u1ee3ng bay \u1ed5 \u0111\u0129a h\u1ed7 tr\u1ee3 t\u1ed1i \u0111a: 8 bay<br \/>\nT\u01b0\u01a1ng th\u00edch \u0111\u1ea7u ghi DVR\/NVR ho\u1ea1t \u0111\u1ed9ng 24\/7<\/p>\n<p><strong>Qu\u1ea3n l\u00fd \u0111i\u1ec7n n\u0103ng ti\u00eau th\u1ee5<\/strong><br \/>\nY\u00eau c\u1ea7u ngu\u1ed3n \u0111i\u1ec7n trung b\u00ecnh:<br \/>\n\u0110\u1ecdc\/ghi: 3.3 W<br \/>\nNh\u00e0n r\u1ed7i: 2.9W<br \/>\nNg\u1ee7: 0.4 W<\/p>\n<p><strong>Th\u00f4ng s\u1ed1 khi ho\u1ea1t \u0111\u1ed9ng<\/strong><br \/>\nNhi\u1ec7t \u0111\u1ed9<br \/>\nHo\u1ea1t \u0111\u1ed9ng: 0 &#8211; 65\u00b0C<br \/>\nKh\u00f4ng ho\u1ea1t \u0111\u1ed9ng: -40 &#8211; 70\u00b0C<br \/>\nShock<br \/>\nHo\u1ea1t \u0111\u1ed9ng (2ms, \u0111\u1ecdc): 30 Gs<br \/>\nHo\u1ea1t \u0111\u1ed9ng (2ms, \u0111\u1ecdc\/ghi): 65 Gs<br \/>\nKh\u00f4ng ho\u1ea1t \u0111\u1ed9ng (1ms) 350 Gs<br \/>\n\u0110\u1ed9 \u1ed3n (dBA)<br \/>\nNh\u00e0n r\u1ed7i: 21<br \/>\nHo\u1ea1t \u0111\u1ed9ng (Trung b\u00ecnh): 22<br \/>\nK\u00edch th\u01b0\u1edbc v\u1eadt l\u00fd: 26.1 x147x101.6 mm (Cao x D\u00e0i x R\u1ed9ng); N\u1eb7ng: 0.45 kg<\/p>\n<div class=\"clear space10px\"><\/div>\n<\/div>\n<div id=\"tab03\" class=\"tab-content\">\n<h3>H\u01b0\u1edbng d\u1eabn s\u1eed d\u1ee5ng WD Purple 500GB<\/h3>\n<ul>\n<li>S\u1eed d\u1ee5ng\u00a0<strong>\u1ed4 c\u1ee9ng WD Purple 500GB WD05PURZ<\/strong>\u00a0g\u1eafn trong \u0111\u1ea7u ghi camera theo d\u00f5i gi\u00e1m s\u00e1t. Tham kh\u1ea3o s\u1ef1 t\u01b0\u01a1ng th\u00edch tr\u00ean thi\u1ebft b\u1ecb ghi h\u00ecnh c\u1ee7a b\u1ea1n.<\/li>\n<li>Ho\u1eb7c kh\u00e1ch h\u00e0ng c\u00f3 th\u1ec3 s\u1eed d\u1ee5ng WD Purple g\u1eafn trong cho m\u00e1y t\u00ednh \u0111\u1ec3 l\u01b0u tr\u1eef d\u1eef li\u1ec7u t\u1eeb camera.<\/li>\n<\/ul>\n<\/div>\n<p>&nbsp;<\/p>\n","protected":false},"excerpt":{"rendered":"<p>Th\u00f4ng s\u1ed1 k\u1ef9 thu\u1eadt HDD WD Purple 500GB WD05PURZ M\u00e3 s\u1ea3n ph\u1ea9m:\u00a0WD05PURZ Chu\u1ea9n k\u1ebft n\u1ed1i: SATA 3 (6Gb\/s) Dung l\u01b0\u1ee3ng l\u01b0u tr\u1eef:\u00a0500GB K\u00edch th\u01b0\u1edbc \/ Lo\u1ea1i: 3.5 inch C\u00f4ng ngh\u1ec7 Advanced Format (AF): C\u00f3 Ch\u1ee9ng nh\u1eadn RoHS: C\u00f3 Hi\u1ec7u n\u0103ng T\u1ed1c \u0111\u1ed9 truy\u1ec1n d\u1eef li\u1ec7u (max) T\u1ed1c \u0111\u1ed9 chu\u1ea9n k\u1ebft n\u1ed1i: 6 Gb\/s T\u1ed1c \u0111\u1ed9 &#8230;<\/p>\n","protected":false},"featured_media":1171,"comment_status":"closed","ping_status":"closed","template":"","meta":[],"brands":[{"id":79,"name":"WD","slug":"wd"}],"_links":{"self":[{"href":"https:\/\/webmaibinh.com\/w\/camera12011\/wp-json\/wp\/v2\/product\/1170"}],"collection":[{"href":"https:\/\/webmaibinh.com\/w\/camera12011\/wp-json\/wp\/v2\/product"}],"about":[{"href":"https:\/\/webmaibinh.com\/w\/camera12011\/wp-json\/wp\/v2\/types\/product"}],"replies":[{"embeddable":true,"href":"https:\/\/webmaibinh.com\/w\/camera12011\/wp-json\/wp\/v2\/comments?post=1170"}],"wp:featuredmedia":[{"embeddable":true,"href":"https:\/\/webmaibinh.com\/w\/camera12011\/wp-json\/wp\/v2\/media\/1171"}],"wp:attachment":[{"href":"https:\/\/webmaibinh.com\/w\/camera12011\/wp-json\/wp\/v2\/media?parent=1170"}],"curies":[{"name":"wp","href":"https:\/\/api.w.org\/{rel}","templated":true}]}}