{"id":1169,"date":"2020-04-15T15:04:29","date_gmt":"2020-04-15T08:04:29","guid":{"rendered":"https:\/\/tinhoctaynguyen.com\/?post_type=product&#038;p=1169"},"modified":"2020-04-15T15:07:12","modified_gmt":"2020-04-15T08:07:12","slug":"converter-quang-g-net-hhd-220g-20-toc-do-10-100-1000","status":"publish","type":"product","link":"https:\/\/webmaibinh.com\/w\/camera12011\/san-pham\/converter-quang-g-net-hhd-220g-20-toc-do-10-100-1000\/","title":{"rendered":"Converter quang G-NET HHD-220G-20 t\u1ed1c \u0111\u1ed9 10\/100\/1000"},"content":{"rendered":"<p><a href=\"https:\/\/tinhoctaynguyen.com\/wp-content\/uploads\/2020\/03\/gnet-10-100-1000.jpg\"><img loading=\"lazy\" class=\"alignnone size-medium wp-image-1132\" src=\"https:\/\/tinhoctaynguyen.com\/wp-content\/uploads\/2020\/03\/gnet-10-100-1000-300x180.jpg\" alt=\"\" width=\"300\" height=\"180\" srcset=\"https:\/\/webmaibinh.com\/w\/camera12011\/wp-content\/uploads\/2020\/03\/gnet-10-100-1000-300x180.jpg 300w, https:\/\/webmaibinh.com\/w\/camera12011\/wp-content\/uploads\/2020\/03\/gnet-10-100-1000-510x306.jpg 510w, https:\/\/webmaibinh.com\/w\/camera12011\/wp-content\/uploads\/2020\/03\/gnet-10-100-1000-768x461.jpg 768w, https:\/\/webmaibinh.com\/w\/camera12011\/wp-content\/uploads\/2020\/03\/gnet-10-100-1000.jpg 800w\" sizes=\"(max-width: 300px) 100vw, 300px\" \/><\/a><\/p>\n<p><strong>Converter quang 10\/100\/1000 G-Net HHD- 220G-20<\/strong> \u0111\u01b0\u1ee3c s\u1ea3n xu\u1ea5t theo d\u00e2y chuy\u1ec1n c\u00f4ng ngh\u1ec7 ti\u00ean ti\u1ebfn c\u1ee7a \u0110\u00e0i Loan, c\u00f3 ch\u1ee9c n\u0103ng chuy\u1ec3n \u0111\u1ed5i t\u1eeb t\u00edn hi\u1ec7u d\u1ea1ng \u0111i\u1ec7n sang t\u00edn hi\u1ec7u d\u1ea1ng quang v\u00e0 ng\u01b0\u1ee3c l\u1ea1i. S\u1ea3n ph\u1ea9m \u0111\u01b0\u1ee3c s\u1ea3n xu\u1ea5t d\u00e0nh cho kh\u00e1ch h\u00e0ng c\u00f3 nhu c\u1ea7u chuy\u1ec3n \u0111\u1ed5i t\u00edn hi\u1ec7u \u1edf t\u1ed1c \u0111\u1ed9 m\u1ea1ng ti\u00eau chu\u1ea9n cao 10\/100\/1000. <a href=\"https:\/\/tinhoctaynguyen.com\/san-pham\/converter-quang-g-net-hhd-220g-20-toc-do-10-100-1000\/\"><strong>G-NET HHD-220G-20<\/strong><\/a>\u00a0s\u1ebd l\u00e0m h\u00e0i l\u00f2ng m\u1ecdi nhu c\u1ea7u c\u0169ng nh\u01b0 m\u1ee5c \u0111\u00edch truy\u1ec1n t\u1ea3i convert c\u1ee7a m\u1ecdi nh\u00e0 th\u1ea7u c\u0169ng nh\u01b0 c\u00e1c k\u1ef9 thu\u1eadt sever.<\/p>\n<p><strong>B\u1ed9 chuy\u1ec3n \u0111\u1ed5i quang \u0111i\u1ec7n<\/strong>\u00a0G-Net HHD- 220G-20\u00a010\/100\/1000 hay converter\u00a0quang 2 s\u1ee3i quang\u00a0G-Net HHD- 220G-20 th\u01b0\u1eddng \u0111\u01b0\u1ee3c s\u1eed d\u1ee5ng trong nh\u1eefng h\u1ec7 th\u1ed1ng m\u1ea1ng c\u00f3 nhu c\u1ea7u truy\u1ec1n t\u1ea3i d\u1eef li\u1ec7u \u1edf t\u1ed1c \u0111\u1ed9 cao, kho\u1ea3ng c\u00e1ch xa v\u00e0 nh\u1ea5t l\u00e0 \u0111\u00f2i h\u1ecfi kh\u1eaft khe v\u1ec1 s\u1ef1 \u1ed5n \u0111\u1ecbnh c\u1ee7a t\u00edn hi\u1ec7u.<\/p>\n<div>H\u00e3ng s\u1ea3n xu\u1ea5t G-Net c\u1ee7a \u0110\u00e0i Loan l\u00e0 \u0111\u01a1n v\u1ecb \u0111\u1ea1t \u00ab \u0111i\u1ec3m 10 cho ch\u1ea5t l\u01b0\u1ee3ng \u00bb cho ra \u0111\u1eddi s\u1ea3n ph\u1ea9m converter quang m\u1edbi \u0111\u00e1p \u1ee9ng h\u1ea7u h\u1ebft c\u00e1c y\u00eau c\u1ea7u c\u1ee7a kh\u00e1ch h\u00e0ng v\u1ec1 ch\u1ea5t l\u01b0\u1ee3ng, hi\u1ec7u su\u1ea5t, \u0111\u1ed9 b\u1ec1n v\u00e0 c\u1ea3 gi\u00e1 th\u00e0nh. V\u00ec v\u1eady, lo\u1ea1i b\u1ed9 chuy\u1ec3n \u0111\u1ed5i quang \u0111i\u1ec7n 2 s\u01a1\u0323i quang n\u00e0y \u0111\u01b0\u1ee3c s\u01b0\u0309 du\u0323ng ph\u1ed5 bi\u1ebfn cho m\u1ea1ng Internet Lan va\u0300 Camera IP, cho ca\u0309 ca\u0301p quang Multi mode \u0111\u1ebfn 2km v\u00e0 ca\u0301p quang Single mode kho\u1ea3ng c\u00e1ch \u0111i xa \u0111\u1ebfn 20km.<\/div>\n<div>\n<h3><strong>C\u1ea5u t\u1ea1o b\u00ean trong c\u1ee7a\u00a0G-NET HHD-220G-20<\/strong><\/h3>\n<div>C\u1ea5u t\u1ea1o c\u1ee7a\u00a0<strong>converter quang ch\u00ednh h\u00e3ng<\/strong>\u00a0G-Net t\u01b0\u01a1ng \u0111\u1ed1i \u0111\u01a1n gi\u1ea3n nh\u01b0ng v\u00f4 c\u00f9ng \u201c ch\u1ea5t\u201d. L\u00f5i d\u00e2y d\u1eabn \u0111\u01b0\u1ee3c l\u00e0m b\u1eb1ng ch\u1ea5t li\u1ec7u \u0111\u1ed3ng nguy\u00ean ch\u1ea5t, kh\u00f4ng l\u1eabn ch\u1ea5t pha t\u1ea1p n\u00ean c\u00f3 kh\u1ea3 n\u0103ng duy tr\u00ec t\u1ed1c \u0111\u1ed9 \u0111\u01b0\u1eddng truy\u1ec1n d\u1eabn d\u1eef li\u1ec7u h\u00ecnh \u1ea3nh, \u00e2m thanh, \u2026 nhanh ch\u00f3ng, th\u00f4ng su\u1ed1t trong m\u1ed9t kho\u1ea3ng c\u00e1ch xa. L\u00f5i d\u00e2y d\u1eabn c\u1ee7a b\u1ed9 chuy\u1ec3n \u0111\u1ed5i quang \u0111i\u1ec7n G-Net gi\u00e1 r\u1ebb \u0111\u01b0\u1ee3c t\u1ea1o th\u00e0nh t\u1eeb c\u00e1c s\u1ee3i c\u00e1p b\u1ec7n xo\u1eafn l\u1ea1i v\u1edbi nhau theo t\u1eebng c\u1eb7p b\u1eb1ng ph\u01b0\u01a1ng ph\u00e1p SZ hi\u1ec7n \u0111\u1ea1i v\u1eeba gi\u00fap t\u0103ng \u0111\u1ed9 b\u1ec1n b\u1ec9 theo th\u1eddi gian v\u00e0 \u0111\u1ed3ng th\u1eddi gi\u1ea3m thi\u1ec3u \u0111\u1ed9 suy hao n\u0103ng l\u01b0\u1ee3ng di\u1ec5n ra tr\u00ean \u0111\u01b0\u1eddng truy\u1ec1n.<\/div>\n<\/div>\n<p>&nbsp;<\/p>\n<p>&nbsp;<\/p>\n<p>&nbsp;<\/p>\n","protected":false},"excerpt":{"rendered":"<p>Converter quang 10\/100\/1000 G-Net HHD- 220G-20 \u0111\u01b0\u1ee3c s\u1ea3n xu\u1ea5t theo d\u00e2y chuy\u1ec1n c\u00f4ng ngh\u1ec7 ti\u00ean ti\u1ebfn c\u1ee7a \u0110\u00e0i Loan, c\u00f3 ch\u1ee9c n\u0103ng chuy\u1ec3n \u0111\u1ed5i t\u1eeb t\u00edn hi\u1ec7u d\u1ea1ng \u0111i\u1ec7n sang t\u00edn hi\u1ec7u d\u1ea1ng quang v\u00e0 ng\u01b0\u1ee3c l\u1ea1i. S\u1ea3n ph\u1ea9m \u0111\u01b0\u1ee3c s\u1ea3n xu\u1ea5t d\u00e0nh cho kh\u00e1ch h\u00e0ng c\u00f3 nhu c\u1ea7u chuy\u1ec3n \u0111\u1ed5i t\u00edn hi\u1ec7u \u1edf t\u1ed1c &#8230;<\/p>\n","protected":false},"featured_media":1132,"comment_status":"closed","ping_status":"closed","template":"","meta":[],"brands":[{"id":78,"name":"G-NET","slug":"g-net"}],"_links":{"self":[{"href":"https:\/\/webmaibinh.com\/w\/camera12011\/wp-json\/wp\/v2\/product\/1169"}],"collection":[{"href":"https:\/\/webmaibinh.com\/w\/camera12011\/wp-json\/wp\/v2\/product"}],"about":[{"href":"https:\/\/webmaibinh.com\/w\/camera12011\/wp-json\/wp\/v2\/types\/product"}],"replies":[{"embeddable":true,"href":"https:\/\/webmaibinh.com\/w\/camera12011\/wp-json\/wp\/v2\/comments?post=1169"}],"wp:featuredmedia":[{"embeddable":true,"href":"https:\/\/webmaibinh.com\/w\/camera12011\/wp-json\/wp\/v2\/media\/1132"}],"wp:attachment":[{"href":"https:\/\/webmaibinh.com\/w\/camera12011\/wp-json\/wp\/v2\/media?parent=1169"}],"curies":[{"name":"wp","href":"https:\/\/api.w.org\/{rel}","templated":true}]}}