{"id":1165,"date":"2020-04-15T14:51:49","date_gmt":"2020-04-15T07:51:49","guid":{"rendered":"https:\/\/tinhoctaynguyen.com\/?post_type=product&#038;p=1165"},"modified":"2020-04-15T14:52:32","modified_gmt":"2020-04-15T07:52:32","slug":"nguon-adapter-phicomm-12v-2a","status":"publish","type":"product","link":"https:\/\/webmaibinh.com\/w\/camera12011\/san-pham\/nguon-adapter-phicomm-12v-2a\/","title":{"rendered":"Ngu\u1ed3n Adapter PHICOMM 12V-2A"},"content":{"rendered":"<p><a href=\"https:\/\/tinhoctaynguyen.com\/wp-content\/uploads\/2020\/04\/biMAXK_simg_de2fe0_500x500_maxb.jpg\"><img loading=\"lazy\" class=\"alignnone size-medium wp-image-1166\" src=\"https:\/\/tinhoctaynguyen.com\/wp-content\/uploads\/2020\/04\/biMAXK_simg_de2fe0_500x500_maxb-300x300.jpg\" alt=\"\" width=\"300\" height=\"300\" srcset=\"https:\/\/webmaibinh.com\/w\/camera12011\/wp-content\/uploads\/2020\/04\/biMAXK_simg_de2fe0_500x500_maxb-300x300.jpg 300w, https:\/\/webmaibinh.com\/w\/camera12011\/wp-content\/uploads\/2020\/04\/biMAXK_simg_de2fe0_500x500_maxb-100x100.jpg 100w, https:\/\/webmaibinh.com\/w\/camera12011\/wp-content\/uploads\/2020\/04\/biMAXK_simg_de2fe0_500x500_maxb-150x150.jpg 150w, https:\/\/webmaibinh.com\/w\/camera12011\/wp-content\/uploads\/2020\/04\/biMAXK_simg_de2fe0_500x500_maxb.jpg 500w\" sizes=\"(max-width: 300px) 100vw, 300px\" \/><\/a><br \/>\n&#8211; Ngu\u1ed3n PHICOMM 12V-1.5A lo\u1ea1i t\u1ed1t c\u00f4ng su\u1ea5t th\u1eadt<\/p>\n<p>&#8211; Lo\u1ea1i t\u1ed1t, t\u1ef7 l\u1ec7 h\u1ecfng g\u1ea7n nh\u01b0 b\u1eb1ng 0<\/p>\n<p>Kho h\u00e0ng: C\u00f2n h\u00e0ng<\/p>\n","protected":false},"excerpt":{"rendered":"<p>&#8211; Ngu\u1ed3n PHICOMM 12V-1.5A lo\u1ea1i t\u1ed1t c\u00f4ng su\u1ea5t th\u1eadt &#8211; Lo\u1ea1i t\u1ed1t, t\u1ef7 l\u1ec7 h\u1ecfng g\u1ea7n nh\u01b0 b\u1eb1ng 0 Kho h\u00e0ng: C\u00f2n h\u00e0ng<\/p>\n","protected":false},"featured_media":1166,"comment_status":"closed","ping_status":"closed","template":"","meta":[],"brands":[{"id":77,"name":"phimcom","slug":"phimcom"}],"_links":{"self":[{"href":"https:\/\/webmaibinh.com\/w\/camera12011\/wp-json\/wp\/v2\/product\/1165"}],"collection":[{"href":"https:\/\/webmaibinh.com\/w\/camera12011\/wp-json\/wp\/v2\/product"}],"about":[{"href":"https:\/\/webmaibinh.com\/w\/camera12011\/wp-json\/wp\/v2\/types\/product"}],"replies":[{"embeddable":true,"href":"https:\/\/webmaibinh.com\/w\/camera12011\/wp-json\/wp\/v2\/comments?post=1165"}],"wp:featuredmedia":[{"embeddable":true,"href":"https:\/\/webmaibinh.com\/w\/camera12011\/wp-json\/wp\/v2\/media\/1166"}],"wp:attachment":[{"href":"https:\/\/webmaibinh.com\/w\/camera12011\/wp-json\/wp\/v2\/media?parent=1165"}],"curies":[{"name":"wp","href":"https:\/\/api.w.org\/{rel}","templated":true}]}}