{"id":1161,"date":"2020-04-15T14:40:14","date_gmt":"2020-04-15T07:40:14","guid":{"rendered":"https:\/\/tinhoctaynguyen.com\/?post_type=product&#038;p=1161"},"modified":"2020-04-15T14:47:26","modified_gmt":"2020-04-15T07:47:26","slug":"the-nho-microsd-toshiba-m203-32gb-class10-100mb-s-danh-cho-camera-va-dien-thoai-den","status":"publish","type":"product","link":"https:\/\/webmaibinh.com\/w\/camera12011\/san-pham\/the-nho-microsd-toshiba-m203-32gb-class10-100mb-s-danh-cho-camera-va-dien-thoai-den\/","title":{"rendered":"Th\u1ebb Nh\u1edb Micro SDXC Toshiba 32GB"},"content":{"rendered":"<p><a href=\"https:\/\/tinhoctaynguyen.com\/wp-content\/uploads\/2020\/04\/unnamed-1.jpg\"><img loading=\"lazy\" class=\"alignnone size-medium wp-image-1162\" src=\"https:\/\/tinhoctaynguyen.com\/wp-content\/uploads\/2020\/04\/unnamed-1-300x300.jpg\" alt=\"\" width=\"300\" height=\"300\" srcset=\"https:\/\/webmaibinh.com\/w\/camera12011\/wp-content\/uploads\/2020\/04\/unnamed-1-300x300.jpg 300w, https:\/\/webmaibinh.com\/w\/camera12011\/wp-content\/uploads\/2020\/04\/unnamed-1-100x100.jpg 100w, https:\/\/webmaibinh.com\/w\/camera12011\/wp-content\/uploads\/2020\/04\/unnamed-1-150x150.jpg 150w, https:\/\/webmaibinh.com\/w\/camera12011\/wp-content\/uploads\/2020\/04\/unnamed-1.jpg 400w\" sizes=\"(max-width: 300px) 100vw, 300px\" \/><\/a><\/p>\n<p>Th\u1ebb nh\u1edb MicroSDHC Toshiba M203 UHS-I U1 32GB 100MB\/s &#8211; chuy\u00ean d\u00e0nh cho camera v\u00e0 \u0111i\u1ec7n tho\u1ea1i (\u0110en) \u0110\u1eb7c \u0111i\u1ec3m n\u1ed5i b\u1eadt: Th\u1ebb nh\u1edb MicroSDHC Toshiba M203 UHS-I U1 100MB\/s v\u1edbi dung l\u01b0\u1ee3ng l\u00ean t\u1edbi 32GB, gi\u00fap b\u1ea1n c\u00f3 r\u1ea5t nhi\u1ec1u kh\u00f4ng gian \u0111\u1ec3 l\u01b0u tr\u1eef h\u00ecnh \u1ea3nh v\u00e0 video c\u1ee7a b\u1ea1n. V\u00e0 b\u1ea1n c\u0169ng s\u1ebd kh\u00f4ng c\u1ea7n ph\u1ea3i quan t\u00e2m \u0111\u1ebfn vi\u1ec7c x\u00f3a b\u1ea5t k\u1ef3 d\u1eef li\u1ec7u n\u00e0o kh\u00e1c khi v\u1ea5n \u0111\u1ec1 v\u1ec1 kh\u00f4ng gian l\u01b0u tr\u1eef \u0111\u00e3 kh\u00f4ng c\u00f2n quan tr\u1ecdng. Th\u00eam nhi\u1ec1u kh\u00f4ng gian, ti\u1ebft ki\u1ec7m th\u1eddi gian: V\u1edbi t\u1ed1c \u0111\u1ed9 c\u1ef1c nhanh l\u00ean \u0111\u1ebfn 100MB\/s (ch\u1ec9 \u0111\u1ea1t t\u1ed1c \u0111\u1ed9 t\u1ed1i \u0111a \u1edf \u0111i\u1ec1u ki\u1ec7n ho\u00e0n h\u1ea3o), th\u1ebb nh\u1edb MicroSDHC Toshiba M203 U1 100MB\/s c\u00f3 th\u1ec3 nhanh ch\u00f3ng di chuy\u1ec3n t\u1ea5t c\u1ea3 h\u00ecnh \u1ea3nh v\u00e0 video c\u1ee7a b\u1ea1n t\u1eeb \u0111i\u1ec7n tho\u1ea1i ho\u1eb7c m\u00e1y t\u00ednh b\u1ea3ng c\u1ee7a b\u1ea1n \u0111\u1ec3 m\u00e1y t\u00ednh. Mang \u0111\u1ebfn ch\u1ea5t l\u01b0\u1ee3ng h\u00ecnh \u1ea3nh v\u00e0 Video ch\u1ea5t l\u01b0\u1ee3ng c\u1ef1c cao: Th\u1ebb nh\u1edb MicroSDHC Toshiba M203 UHS-I U1 v\u1edbi t\u1ed1c \u0111\u1ed9 cao, cho ph\u00e9p b\u1ea1n ch\u1ee5p \u1ea3nh ch\u1ea5t l\u01b0\u1ee3ng cao 4K v\u00e0 quay video Full HD r\u1ea5t m\u01b0\u1ee3t m\u00e0. M\u1edf r\u1ed9ng b\u1ed9 nh\u1edb c\u1ee7a b\u1ea1n: V\u1edbi dung l\u01b0\u1ee3ng l\u00ean \u0111\u1ebfn 16GB. Th\u1ebb nh\u1edb MicroSDHC Toshiba M203 U1 100MB\/s cung c\u1ea5p cho b\u1ea1n r\u1ea5t nhi\u1ec1u dung l\u01b0\u1ee3ng \u0111\u1ec3 l\u01b0u tr\u1eef h\u00ecnh \u1ea3nh, nh\u1ea1c, video v\u00e0 c\u00e1c t\u1eadp tin kh\u00e1c. Chuy\u00ean d\u00f9ng d\u00e0nh cho Camera V\u1edbi s\u1ed1 l\u1ea7n \u0111\u1ecdc\/ghi g\u1ea5p nhi\u1ec1u l\u1ea7n so v\u1edbi c\u00e1c th\u1ebb nh\u1edb th\u00f4ng th\u01b0\u1eddng, M203 l\u00e0 s\u1ea3n ph\u1ea9m d\u00e0nh ri\u00eang cho c\u00e1c b\u1ea1n d\u00f9ng Camera IP, h\u00e0nh \u0111\u1ed9ng, h\u00e0nh tr\u00ecnh, &#8230; Si\u00eau b\u1ec1n b\u1ec9: Th\u1ebb nh\u1edb MicroSDHC Toshiba Exceria U1 100MB\/s c\u00f3 th\u1ec3 ch\u1ed1ng n\u01b0\u1edbc, nhi\u1ec7t \u0111\u1ed9, ch\u1ed1ng sock,ch\u1ed1ng tia X-ray, gi\u1eef cho d\u1eef li\u1ec7u c\u1ee7a b\u1ea1n an to\u00e0n v\u00e0 \u0111\u01b0\u1ee3c b\u1ea3o h\u00e0nh 5 n\u0103m. Th\u00f4ng s\u1ed1 k\u1ef9 thu\u1eadt: Lo\u1ea1i th\u1ebb nh\u1edb: MicroSDHC H\u00e3ng s\u1ea3n xu\u1ea5t: Toshiba T\u1ed1c \u0111\u1ed9 \u0111\u1ecdc: 100Mb\/s (t\u1ed1i \u0111a) Chuy\u00ean d\u00f9ng cho c\u00e1c thi\u1ebft b\u1ecb quay phim t\u1ed1c \u0111\u1ed9 cao Dung l\u01b0\u1ee3ng: 32GB B\u1ea3o h\u00e0nh 05 n\u0103m b\u1eb1ng tem (L\u01b0u \u00fd: ph\u1ea3i r\u1ecdc seal v\u1ecf h\u1ed9p ra \u0111\u1ec3 d\u00e1n tem B\u1ea3o h\u00e0nh l\u00ean th\u1ebb nh\u1edb) ( KH\u00d4NG D\u00d9NG CHO M\u00c1Y \u1ea2NH )<\/p>\n<p>&nbsp;<\/p>\n<p>&nbsp;<\/p>\n<p>&nbsp;<\/p>\n<p>&nbsp;<\/p>\n","protected":false},"excerpt":{"rendered":"<p><a href=\"https:\/\/tinhoctaynguyen.com\/wp-content\/uploads\/2020\/04\/unnamed-1.jpg\"><img loading=\"lazy\" class=\"alignnone size-medium wp-image-1162\" src=\"https:\/\/tinhoctaynguyen.com\/wp-content\/uploads\/2020\/04\/unnamed-1-300x300.jpg\" alt=\"\" width=\"300\" height=\"300\" srcset=\"https:\/\/webmaibinh.com\/w\/camera12011\/wp-content\/uploads\/2020\/04\/unnamed-1-300x300.jpg 300w, https:\/\/webmaibinh.com\/w\/camera12011\/wp-content\/uploads\/2020\/04\/unnamed-1-100x100.jpg 100w, https:\/\/webmaibinh.com\/w\/camera12011\/wp-content\/uploads\/2020\/04\/unnamed-1-150x150.jpg 150w, https:\/\/webmaibinh.com\/w\/camera12011\/wp-content\/uploads\/2020\/04\/unnamed-1.jpg 400w\" sizes=\"(max-width: 300px) 100vw, 300px\" \/><\/a><\/p>\n<p>&nbsp;<\/p>\n","protected":false},"featured_media":1162,"comment_status":"closed","ping_status":"closed","template":"","meta":[],"brands":[{"id":72,"name":"Toshiba","slug":"toshiba"}],"_links":{"self":[{"href":"https:\/\/webmaibinh.com\/w\/camera12011\/wp-json\/wp\/v2\/product\/1161"}],"collection":[{"href":"https:\/\/webmaibinh.com\/w\/camera12011\/wp-json\/wp\/v2\/product"}],"about":[{"href":"https:\/\/webmaibinh.com\/w\/camera12011\/wp-json\/wp\/v2\/types\/product"}],"replies":[{"embeddable":true,"href":"https:\/\/webmaibinh.com\/w\/camera12011\/wp-json\/wp\/v2\/comments?post=1161"}],"wp:featuredmedia":[{"embeddable":true,"href":"https:\/\/webmaibinh.com\/w\/camera12011\/wp-json\/wp\/v2\/media\/1162"}],"wp:attachment":[{"href":"https:\/\/webmaibinh.com\/w\/camera12011\/wp-json\/wp\/v2\/media?parent=1161"}],"curies":[{"name":"wp","href":"https:\/\/api.w.org\/{rel}","templated":true}]}}