{"id":1068,"date":"2019-11-10T23:00:43","date_gmt":"2019-11-10T16:00:43","guid":{"rendered":"https:\/\/tinhoctaynguyen.com\/?post_type=product&#038;p=1068"},"modified":"2019-11-10T23:00:44","modified_gmt":"2019-11-10T16:00:44","slug":"laptop-asus-s430un-eb139t-i5-8250u","status":"publish","type":"product","link":"https:\/\/webmaibinh.com\/w\/camera12011\/san-pham\/laptop-asus-s430un-eb139t-i5-8250u\/","title":{"rendered":"Laptop ASUS S430UN-EB139T (i5-8250U)"},"content":{"rendered":"<p>Gi\u1edbi thi\u1ec7u ASUS S430UN-EB139T<br \/>\n\u0110\u01b0\u1ee3c gi\u1edbi thi\u1ec7u l\u1ea7n \u0111\u1ea7u ti\u00ean t\u1ea1i Computex 2018, VivoBook S14\/ S15 g\u00e2y \u0111\u01b0\u1ee3c s\u1ef1 ch\u00fa \u00fd t\u1eeb b\u00e1o ch\u00ed v\u00e0 gi\u1edbi y\u00eau c\u00f4ng ngh\u1ec7 v\u1edbi thi\u1ebft k\u1ebf t\u1ea1o b\u1ea1o &#038; kh\u00e1c bi\u1ec7t, nhi\u1ec1u l\u1ef1a ch\u1ecdn m\u00e0u s\u1eafc v\u00e0 \u0111a d\u1ea1ng h\u1ecda ti\u1ebft trang tr\u00ed. VivoBook S14\/ S15 l\u00e0 lo\u1ea1t laptop \u0111\u00e1p \u1ee9ng ti\u00eau chu\u1ea9n c\u1ee7a nh\u1eefng d\u00f2ng thi\u1ebft b\u1ecb di \u0111\u1ed9ng cho ng\u01b0\u1eddi d\u00f9ng v\u1edbi k\u00edch c\u1ee1 si\u00eau m\u1ecfng nh\u1eb9, cho ph\u00e9p m\u00e1y d\u1ec5 d\u00e0ng \u0111\u1ed3ng h\u00e0nh c\u00f9ng ng\u01b0\u1eddi d\u00f9ng trong \u0111\u1eddi s\u1ed1ng n\u0103ng \u0111\u1ed9ng.<\/p>\n<p>B\u1ea3n l\u1ec1 ErgoLift &#8211; N\u00e2ng t\u1ea7m tr\u1ea3i nghi\u1ec7m<\/p>\n<p>M\u1edf n\u1eafp VivoBook S14 \u0111\u1ec3 th\u1ea5y \u0111\u01b0\u1ee3c n\u0103ng su\u1ea5t v\u00e0 nh\u1eefng kh\u1ea3 n\u0103ng v\u00f4 h\u1ea1n. B\u1ea3n l\u1ec1 gia c\u00f4ng ch\u00ednh x\u00e1c ErgoLift mang t\u1edbi t\u00e1c d\u1ee5ng k\u00e9p m\u01b0\u1ee3t m\u00e0 nh\u01b0 l\u1ee5a v\u1eeba gi\u1eef c\u1ed1 \u0111\u1ecbnh m\u00e0n h\u00ecnh \u1edf m\u1ecdi g\u00f3c \u0111\u1ed9, v\u1eeba n\u00e2ng nh\u1eb9 b\u00e0n ph\u00edm l\u00ean 3,5\u00b0 cho v\u1ecb tr\u00ed g\u00f5 ph\u00edm ho\u00e0n h\u1ea3o ph\u00f9 h\u1ee3p v\u1edbi m\u1ecdi \u0111i\u1ec1u ki\u1ec7n. B\u1ea3n l\u1ec1 ErgoLift c\u00f2n gi\u00fap t\u0103ng c\u01b0\u1eddng l\u00e0m m\u00e1t \u0111\u1ec3 mang \u0111\u1ebfn tr\u1ea3i nghi\u1ec7m s\u1eed d\u1ee5ng m\u00e1y t\u00ednh \u1ed5n \u0111\u1ecbnh.<\/p>\n<p>M\u00e0n h\u00ecnh NanoEdge &#8211; Th\u1ea5y nhi\u1ec1u h\u01a1n, l\u00e0m \u0111\u01b0\u1ee3c nhi\u1ec1u h\u01a1n<\/p>\n<p>M\u00e0n h\u00ecnh NanoEdge m\u1edbi tr\u00ean VivoBook S15 ti\u1ebfp t\u1ee5c t\u1ea1o n\u00ean ranh gi\u1edbi m\u1edbi v\u1ec1 gi\u1edbi h\u1ea1n \u2013 m\u00e0n h\u00ecnh NanoEdge vi\u1ec1n m\u1ecfng ba c\u1ea1nh m\u1edbi gi\u1edd \u0111\u00e2y c\u00f2n s\u1edf h\u1eefu vi\u1ec1n m\u1ecfng h\u01a1n \u1edf c\u1ea3 c\u1ea1nh tr\u00ean v\u00e0 hai c\u1ea1nh b\u00ean c\u1ee7a m\u00e0n h\u00ecnh. S\u1ef1 \u0111\u1ed9t ph\u00e1 n\u00e0y c\u0169ng \u0111\u1ed3ng ngh\u0129a v\u1edbi t\u1ef7 l\u1ec7 m\u00e0n h\u00ecnh tr\u00ean th\u00e2n m\u00e1y l\u00ean \u0111\u1ebfn 86%, mang \u0111\u1ebfn tr\u1ea3i nghi\u1ec7m \u0111\u1eafm ch\u00ecm kh\u00f4ng \u0111\u1ed1i th\u1ee7 trong khung m\u00e1y nh\u1ecf g\u1ecdn h\u01a1n r\u1ea5t nhi\u1ec1u. Ngo\u00e0i ra, c\u00f4ng ngh\u1ec7 g\u00f3c nh\u00ecn r\u1ed9ng k\u1ebft h\u1ee3p v\u1edbi kh\u1ea3 n\u0103ng t\u00e1i t\u1ea1o m\u00e0u s\u1eafc s\u1ebd khi\u1ebfn m\u1ecdi t\u00e1c v\u1ee5 h\u00ecnh \u1ea3nh \u0111\u1ec1u tr\u1edf n\u00ean \u0111\u01a1n gi\u1ea3n.<\/p>\n<p>V\u1edbi v\u1ec1 d\u00e0y th\u00e2n m\u00e1y ch\u1ec9 18mm v\u00e0 tr\u1ecdng l\u01b0\u1ee3ng t\u1eeb 1.4 kg, VivoBook S14\/S15 si\u00eau linh \u0111\u1ed9ng kh\u00f4ng bao gi\u1edd l\u00e0m b\u1ea1n ph\u1ea3i b\u1eadn t\u00e2m. Si\u00eau m\u1ecfng nh\u1eb9, ch\u1ec9 c\u1ea7n \u0111\u1eb7t v\u00e0o t\u00fai \u0111eo ch\u00e9o hay bal\u00f4 v\u00e0 \u0111i t\u1edbi b\u1ea5t c\u1ee9 n\u01a1i \u0111\u00e2u b\u1ea1n mu\u1ed1n!<\/p>\n<p>M\u1edf kh\u00f3a ASUS VivoBook S14\/S15 d\u1ec5 d\u00e0ng v\u00e0 b\u1ea3o m\u1eadt h\u01a1n bao gi\u1edd h\u1ebft. Nh\u1edd c\u1ea3m bi\u1ebfn v\u00e2n tay t\u00edch h\u1ee3p trong chu\u1ed9t c\u1ea3m \u1ee9ng c\u00f9ng v\u1edbi Windows Hello, b\u1ea1n s\u1ebd kh\u00f4ng c\u1ea7n nh\u1eadp m\u1eadt kh\u1ea9u m\u1ed7i khi \u0111\u0103ng nh\u1eadp, ch\u1ec9 c\u1ea7n m\u1ed9t l\u1ea7n ch\u1ea1m l\u00e0 \u0111\u1ee7!<\/p>\n<p>T\u00f4 \u0111i\u1ec3m s\u1eafc m\u00e0u cho cu\u1ed9c s\u1ed1ng t\u01b0\u01a1i m\u1edbi<\/p>\n<p>VivoBook S14 kh\u00f4ng l\u1eb7p l\u1ea1i m\u00e0u s\u1eafc nh\u00e0m ch\u00e1n nh\u01b0 c\u00e1c m\u1eabu m\u00e1y t\u00ednh x\u00e1ch tay th\u00f4ng th\u01b0\u1eddng kh\u00e1c. Thay v\u00e0o \u0111\u00f3 l\u00e0 c\u00e1c m\u00e0u s\u1eafc g\u00e2y \u1ea5n t\u01b0\u1ee3ng m\u1ea1nh gi\u00fap b\u1ea1n th\u1ec3 hi\u1ec7n ch\u00ednh m\u00ecnh, d\u1ef1a tr\u00ean tri\u1ebft l\u00fd thi\u1ebft k\u1ebf s\u1eed d\u1ee5ng m\u00e0u s\u1eafc t\u01b0\u01a1ng ph\u1ea3n (color block) \u0111\u1ec3 k\u1ebft h\u1ee3p h\u00e0i h\u00f2a gi\u1eefa s\u1ef1 t\u01b0\u01a1i s\u00e1ng v\u00e0 c\u00e1 t\u00ednh t\u00e1o b\u1ea1o t\u1eeb nhi\u1ec1u m\u00e0u s\u1eafc tinh t\u1ebf h\u01a1n cho m\u00e1y t\u00ednh x\u00e1ch tay n\u1ed5i b\u1eadt h\u01a1n. V\u1edbi 5 m\u00e0u s\u1eafc s\u00f4i \u0111\u1ed9ng th\u1ec3 hi\u1ec7n c\u00e1 t\u00ednh b\u1ea3n th\u00e2n. B\u1ea5t k\u1ec3 phong c\u00e1ch hay gu th\u1ea9m m\u1ef9 c\u1ee7a b\u1ea1n, S14\/S15 \u0111\u1ec1u c\u00f3 c\u00e1ch k\u1ebft h\u1ee3p m\u00e0u ph\u00f9 h\u1ee3p<\/p>\n<p>V\u1edbi VivoBook S14\/S15, t\u1eebng chi ti\u1ebft nh\u1ecf \u0111\u1ec1u mang \u00fd ngh\u0129a ri\u00eang. M\u1eabu m\u00e1y n\u00e0y mang t\u1edbi n\u0103m t\u00f9y ch\u1ecdn m\u00e0u s\u1eafc \u0111\u1ed9c \u0111\u00e1o, v\u1edbi m\u00e0u Xanh l\u1ee5c thi\u00ean \u0111\u01b0\u1eddng \u0111\u1eb7c tr\u01b0ng v\u1edbi m\u1eb7t ho\u00e0n thi\u1ec7n c\u00f3 v\u00e2n d\u1ec7t bao quanh b\u00e0n ph\u00edm, t\u1ea1o n\u00ean c\u1ea3m gi\u00e1c tuy\u1ec7t v\u1eddi m\u00e0 ai c\u0169ng mu\u1ed1n ch\u1ea1m th\u1eed.<\/p>\n<p>\u1ed4 c\u1ee9ng SSD t\u1ed1i \u0111a t\u1ed1c \u0111\u1ed9 x\u1eed l\u00fd <\/p>\n<p>Thi\u1ebft k\u1ebf \u1ed5 l\u01b0u tr\u1eef k\u00e9p c\u1ee7a VivoBook S14\/S15 mang \u0111\u1ebfn s\u1ee9c m\u1ea1nh t\u1ed1i t\u00e2n c\u1ee7a hai th\u1ebf gi\u1edbi: t\u1ed1c \u0111\u1ed9 truy\u1ec1n d\u1eef li\u1ec7u s\u1eafc b\u00e9n c\u1ee7a \u1ed5 SSD v\u00e0 dung l\u01b0\u1ee3ng l\u01b0u tr\u1eef l\u1edbn t\u1eeb \u1ed5 HDD. C\u00e0i \u0111\u1eb7t \u1ee9ng d\u1ee5ng tr\u00ean SSD \u0111\u1ec3 t\u1eadn h\u01b0\u1edfng th\u1eddi gian t\u1ea3i si\u00eau nhanh v\u00e0 l\u01b0u tr\u1eef album \u1ea3nh, \u00e2m nh\u1ea1c v\u00e0 phim kh\u00f4ng gi\u1edbi h\u1ea1n tr\u00ean HDD. H\u00e3y ch\u1ecdn cho m\u00ecnh VivoBook S14\/S15 v\u1edbi SSD nhanh, \u00eam \u00e1i v\u00e0 tin c\u1eady \u0111\u1ec3 t\u1eadn h\u01b0\u1edfng s\u1ef1 c\u1ea3i thi\u1ec7n r\u00f5 r\u1ec7t trong hi\u1ec7u n\u0103ng t\u1ed5ng th\u1ec3 v\u00e0 th\u1eddi gian kh\u1edfi \u0111\u1ed9ng g\u1ea7n nh\u01b0 t\u1ee9c th\u00ec.<\/p>\n<p>VivoBook S14\/S15 \u0111\u01b0\u1ee3c trang b\u1ecb c\u1ed5ng USB Type-C\u2122 (USB-C\u2122) cho ph\u00e9p k\u1ebft n\u1ed1i hai chi\u1ec1u, h\u1ed7 tr\u1ee3 thi\u1ebft k\u1ebf hai m\u1eb7t gi\u00fap k\u1ebft n\u1ed1i c\u00e1c thi\u1ebft b\u1ecb d\u1ec5 d\u00e0ng nh\u1ea5t c\u00f3 th\u1ec3. USB-C\u2122 c\u00f2n \u0111em \u0111\u1ebfn t\u1ed1c \u0111\u1ed9 truy\u1ec1n d\u1eef li\u1ec7u nhanh h\u01a1n \u0111\u1ebfn 10 l\u1ea7n so v\u1edbi c\u00e1c chu\u1ea9n k\u1ebft n\u1ed1i USB 2.0 c\u0169 h\u01a1n! Ngo\u00e0i ra c\u00f2n c\u00f3 c\u1ed5ng USB 3.1 Th\u1ebf h\u1ec7 1 v\u00e0 USB 2.0, \u0111\u1ea7u ra HDMI v\u00e0 \u0111\u1ea7u \u0111\u1ecdc th\u1ebb microSD \u2013 cho ph\u00e9p b\u1ea1n k\u1ebft n\u1ed1i d\u1ec5 d\u00e0ng v\u1edbi t\u1ea5t c\u1ea3 c\u00e1c thi\u1ebft b\u1ecb ngo\u1ea1i vi hi\u1ec7n t\u1ea1i, m\u00e0n h\u00ecnh v\u00e0 m\u00e1y chi\u1ebfu m\u00e0 kh\u00f4ng g\u1eb7p m\u1ed9t ch\u00fat phi\u1ec1n ph\u1ee9c.<\/p>\n<p>H\u1ec7 th\u1ed1ng loa \u00e2m thanh ch\u00e2n th\u1ef1c <\/p>\n<p>ASUS SonicMaster l\u00e0 s\u1ef1 k\u1ebft h\u1ee3p ho\u00e0n h\u1ea3o gi\u1eefa ph\u1ea7n c\u1ee9ng, ph\u1ea7n m\u1ec1m v\u00e0 kh\u1ea3 n\u0103ng tinh ch\u1ec9nh \u00e2m thanh \u0111\u01b0\u1ee3c thi\u1ebft k\u1ebf nh\u1eb1m \u0111em \u0111\u1ebfn cho b\u1ea1n tr\u1ea3i nghi\u1ec7m \u00e2m thanh t\u1ed1t nh\u1ea5t. B\u1ed9 m\u00e3 codec c\u1ea5p chuy\u00ean gia \u0111\u1ea3m b\u1ea3o m\u00e3 h\u00f3a v\u00e0 gi\u1ea3i m\u00e3 \u00e2m thanh ch\u00ednh x\u00e1c, trong khi \u0111\u00f3, c\u00e1c b\u1ed9 khu\u1ebfch \u0111\u1ea1i v\u00e0 c\u00e1c loa c\u00f4ng su\u1ea5t l\u1edbn c\u00f9ng v\u1edbi c\u00e1c bu\u1ed3ng c\u1ed9ng h\u01b0\u1edfng ph\u00f9 h\u1ee3p ho\u00e0n h\u1ea3o v\u1edbi S14\/S15 \u0111\u1ea3m b\u1ea3o mang \u0111\u1ebfn \u00e2m thanh m\u1ea1nh m\u1ebd v\u00e0 \u00e2m tr\u1ea7m s\u00e2u h\u01a1n.<\/p>\n<p>Qu\u00e1 tr\u00ecnh x\u1eed l\u00fd v\u00e0 tinh ch\u1ec9nh t\u00edn hi\u1ec7u t\u0103ng c\u01b0\u1eddng gi\u00fap \u0111i\u1ec1u ch\u1ec9nh t\u1eebng chi ti\u1ebft tinh t\u1ebf nh\u1ea5t, l\u1ecdc b\u1ecf ti\u1ebfng \u1ed3n v\u00e0 n\u00e2ng cao \u0111\u1ed9 r\u00f5 n\u00e9t c\u1ee7a \u00e2m thanh \u0111\u1ec3 b\u1ea1n th\u1ef1c s\u1ef1 \u0111\u1eafm ch\u00ecm trong kh\u00f4ng gian \u00e2m thanh.<\/p>\n<p>C\u00f4ng ngh\u1ec7 Wifi m\u1edbi nh\u1ea5t <\/p>\n<p>VivoBook S14\/S15 t\u1ef1 h\u00e0o trang b\u1ecb m\u1ea1ng kh\u00f4ng d\u00e2y m\u1edbi nh\u1ea5t v\u00e0 c\u00f4ng ngh\u1ec7 ASUS Wi-Fi Master \u0111\u1ec3 mang \u0111\u1ebfn cho b\u1ea1n k\u1ebft n\u1ed1i nhanh h\u01a1n v\u00e0 tin c\u1eady h\u01a1n \u1edf kho\u1ea3ng c\u00e1ch xa h\u01a1n bao gi\u1edd h\u1ebft. Ngay c\u1ea3 khi \u0111ang d\u00f9ng c\u00e1c thi\u1ebft b\u1ecb USB 3.0 \u2013 c\u00f3 th\u1ec3 l\u00e0 ngu\u1ed3n g\u00e2y nhi\u1ec5u m\u1ea1ng kh\u00f4ng d\u00e2y \u2013 b\u1ea1n v\u1eabn c\u00f3 th\u1ec3 ph\u00e1t tr\u1ef1c tuy\u1ebfn m\u01b0\u1ee3t m\u00e0 ngay c\u1ea3 khi c\u00e1ch xa router 225 m\u00e9t, xa h\u01a1n 65 m\u00e9t so v\u1edbi t\u1ea7m thu s\u00f3ng c\u1ee7a m\u00e1y t\u00ednh x\u00e1ch tay ti\u00eau chu\u1ea9n!<\/p>\n<p>B\u00e0n ph\u00edm k\u00edch c\u1ee1 \u0111\u1ea7y \u0111\u1ee7 c\u00f3 \u0111\u00e8n n\u1ec1n tr\u00ean VivoBook S14\/S15 l\u00e0 s\u1ef1 h\u1ed7 tr\u1ee3 ho\u00e0n h\u1ea3o trong \u0111i\u1ec1u ki\u1ec7n \u00e1nh s\u00e1ng k\u00e9m. Mang thi\u1ebft k\u1ebf c\u00f4ng th\u00e1i h\u1ecdc, k\u1ebft c\u1ea5u li\u1ec1n kh\u1ed1i v\u1eefng ch\u1eafc c\u1ee7a m\u00e1y c\u00f9ng v\u1edbi h\u00e0nh tr\u00ecnh ph\u00edm 1,4mm mang \u0111\u1ebfn c\u1ea3m gi\u00e1c g\u00f5 ph\u00edm ho\u00e0n to\u00e0n tho\u1ea3i m\u00e1i.<\/p>\n<p>V\u1edbi c\u00f4ng ngh\u1ec7 t\u1ed1i \u01b0u h\u00f3a h\u00ecnh \u1ea3nh ASUS Splendid, b\u1ea1n s\u1ebd \u0111\u01b0\u1ee3c chi\u00eam ng\u01b0\u1ee1ng nh\u1eefng h\u00ecnh \u1ea3nh t\u1ed1t nh\u1ea5t, b\u1ea5t k\u1ec3 m\u1ecdi lo\u1ea1i n\u1ed9i dung \u0111ang xem. B\u1ed1n ch\u1ebf \u0111\u1ed9 c\u00e0i s\u1eb5n c\u0169ng mang t\u1edbi s\u1ef1 ti\u1ec7n d\u1ee5ng, ch\u1ec9 c\u1ea7n m\u1edf nhanh b\u1eb1ng m\u1ed9t l\u1ea7n b\u1ea5m chu\u1ed9t.<\/p>\n<p>Ch\u1ebf \u0111\u1ed9 Th\u00f4ng th\u01b0\u1eddng l\u00e0 l\u1ef1a ch\u1ecdn l\u00fd t\u01b0\u1edfng cho c\u00e1c t\u00e1c v\u1ee5 th\u01b0\u1eddng ng\u00e0y; ch\u1ebf \u0111\u1ed9 S\u1ed1ng \u0111\u1ed9ng s\u1ebd gi\u00fap t\u1ed1i \u01b0u \u0111\u1ed9 t\u01b0\u01a1ng ph\u1ea3n \u0111\u1ec3 \u0111em \u0111\u1ebfn nh\u1eefng b\u1ee9c \u1ea3nh v\u00e0 video tuy\u1ec7t \u0111\u1eb9p; ch\u1ebf \u0111\u1ed9 Eye Care gi\u00fap gi\u1ea3m 30% m\u1ee9c \u00e1nh s\u00e1ng xanh d\u01b0\u01a1ng \u0111\u1ec3 tr\u00e1nh m\u1ecfi m\u1eaft; v\u00e0 ch\u1ebf \u0111\u1ed9 Th\u1ee7 c\u00f4ng cho ph\u00e9p b\u1ea1n t\u00f9y ch\u1ec9nh m\u00e0u s\u1eafc theo s\u1edf th\u00edch c\u00e1 nh\u00e2n.<\/p>\n","protected":false},"excerpt":{"rendered":"<p>Gi\u1edbi thi\u1ec7u ASUS S430UN-EB139T \u0110\u01b0\u1ee3c gi\u1edbi thi\u1ec7u l\u1ea7n \u0111\u1ea7u ti\u00ean t\u1ea1i Computex 2018, VivoBook S14\/ S15 g\u00e2y \u0111\u01b0\u1ee3c s\u1ef1 ch\u00fa \u00fd t\u1eeb b\u00e1o ch\u00ed v\u00e0 gi\u1edbi y\u00eau c\u00f4ng ngh\u1ec7 v\u1edbi thi\u1ebft k\u1ebf t\u1ea1o b\u1ea1o &#038; kh\u00e1c bi\u1ec7t, nhi\u1ec1u l\u1ef1a ch\u1ecdn m\u00e0u s\u1eafc v\u00e0 \u0111a d\u1ea1ng h\u1ecda ti\u1ebft trang tr\u00ed. VivoBook S14\/ S15 l\u00e0 lo\u1ea1t laptop &#8230;<\/p>\n","protected":false},"featured_media":1069,"comment_status":"closed","ping_status":"closed","template":"","meta":[],"brands":[{"id":67,"name":"Asus","slug":"asus"}],"_links":{"self":[{"href":"https:\/\/webmaibinh.com\/w\/camera12011\/wp-json\/wp\/v2\/product\/1068"}],"collection":[{"href":"https:\/\/webmaibinh.com\/w\/camera12011\/wp-json\/wp\/v2\/product"}],"about":[{"href":"https:\/\/webmaibinh.com\/w\/camera12011\/wp-json\/wp\/v2\/types\/product"}],"replies":[{"embeddable":true,"href":"https:\/\/webmaibinh.com\/w\/camera12011\/wp-json\/wp\/v2\/comments?post=1068"}],"wp:featuredmedia":[{"embeddable":true,"href":"https:\/\/webmaibinh.com\/w\/camera12011\/wp-json\/wp\/v2\/media\/1069"}],"wp:attachment":[{"href":"https:\/\/webmaibinh.com\/w\/camera12011\/wp-json\/wp\/v2\/media?parent=1068"}],"curies":[{"name":"wp","href":"https:\/\/api.w.org\/{rel}","templated":true}]}}