{"id":1066,"date":"2019-11-10T22:36:43","date_gmt":"2019-11-10T15:36:43","guid":{"rendered":"https:\/\/tinhoctaynguyen.com\/?post_type=product&#038;p=1066"},"modified":"2019-11-10T22:37:52","modified_gmt":"2019-11-10T15:37:52","slug":"lap-dat-tron-bo-6-camera-giam-sat-1-0m-hikvision","status":"publish","type":"product","link":"https:\/\/webmaibinh.com\/w\/camera12011\/san-pham\/lap-dat-tron-bo-6-camera-giam-sat-1-0m-hikvision\/","title":{"rendered":"L\u1eafp \u0111\u1eb7t tr\u1ecdn b\u1ed9 6 camera gi\u00e1m s\u00e1t 1.0M Hikvision"},"content":{"rendered":"<p>* Gi\u1edbi thi\u1ec7u s\u01a1 l\u01b0\u1ee3c v\u1ec1 camera HIKVISION<br \/>\nHikvision \u0111\u01b0\u1ee3c th\u00e0nh l\u1eadp v\u00e0o th\u00e1ng 11 n\u0103m 2001, Hikvision cung c\u1ea5p c\u00e1c s\u1ea3n ph\u1ea9m gi\u00e1m s\u00e1t video v\u00e0 c\u00e1c gi\u1ea3i ph\u00e1p th\u1ecb tr\u01b0\u1eddng theo chi\u1ec1u d\u1ecdc tr\u00ean th\u1ecb tr\u01b0\u1eddng to\u00e0n c\u1ea7u, th\u00f4ng qua h\u01a1n 2.400 \u0111\u1ed1i t\u00e1c \u1edf 155 qu\u1ed1c gia v\u00e0 khu v\u1ef1c. T\u00ednh \u0111\u1ebfn ng\u00e0y 16 th\u00e1ng 9 n\u0103m 2016, Hikvision c\u00f3 v\u1ed1n h\u00f3a th\u1ecb tr\u01b0\u1eddng h\u01a1n 20 t\u1ef7 USD, h\u01a1n 18.000 nh\u00e2n vi\u00ean v\u00e0 40 c\u00f4ng ty con ho\u1eb7c c\u00f4ng ty c\u1ed5 ph\u1ea7n tr\u00ean to\u00e0n th\u1ebf gi\u1edbi (Hoa K\u1ef3, H\u00e0 Lan, \u00dd, Anh, Singapore, Australia, Brazil, Nam Phi v\u00e0 Dubai, \u2026) &#8211; (Ngu\u1ed3n: hikvision.com)<br \/>\n<a href=\"https:\/\/tinhoctaynguyen.com\/wp-content\/uploads\/2019\/10\/hikvision.jpg\"><img loading=\"lazy\" src=\"https:\/\/tinhoctaynguyen.com\/wp-content\/uploads\/2019\/10\/hikvision-300x66.jpg\" alt=\"\" width=\"300\" height=\"66\" class=\"alignnone size-medium wp-image-1058\" srcset=\"https:\/\/webmaibinh.com\/w\/camera12011\/wp-content\/uploads\/2019\/10\/hikvision-300x66.jpg 300w, https:\/\/webmaibinh.com\/w\/camera12011\/wp-content\/uploads\/2019\/10\/hikvision-510x111.jpg 510w, https:\/\/webmaibinh.com\/w\/camera12011\/wp-content\/uploads\/2019\/10\/hikvision.jpg 650w\" sizes=\"(max-width: 300px) 100vw, 300px\" \/><\/a><br \/>\n>>> Tr\u1ecdn b\u1ed9 06 camera Hikvision th\u00edch h\u1ee3p l\u1eafp \u0111\u1eb7t trong ph\u00f2ng v\u00e0 ngo\u00e0i tr\u1eddi camera \u0111\u1ed9 ph\u00e2n gi\u1ea3i 1.0MP (720P) cho h\u00ecnh \u1ea3nh s\u1eafc n\u00e9t, t\u1ea7m quan s\u00e1t 20m v\u00e0 h\u1ed7 tr\u1ee3 h\u1ed3ng ngo\u1ea1i qu\u00e1n s\u00e1t ban \u0111\u00eam, l\u1eafp \u0111\u1eb7t trong ph\u00f2ng ho\u1eb7c ngo\u00e0i tr\u1eddi n\u00ean r\u1ea5t ph\u00f9 h\u1ee3p l\u1eafp \u0111\u1eb7t cho gia \u0111\u00ecnh, c\u1eeda h\u00e0ng, v\u0103n ph\u00f2ng, shop th\u1eddi trang, tr\u01b0\u1eddng m\u1ea7m non, nh\u00e0 tr\u1ecd, ti\u1ec7m v\u00e0ng,&#8230;<\/p>\n<p>*Tr\u1ecdn b\u1ed9 camera HIKVISION bao g\u1ed3m:<\/p>\n<p>      + 06 Camera Hikvision 720P. (B\u1ea3o h\u00e0nh 24 th\u00e1ng)<\/p>\n<p>      + 01 \u0110\u1ea7u ghi h\u00ecnh 8 k\u00eanh. (B\u1ea3o h\u00e0nh 24 th\u00e1ng)<\/p>\n<p>      + 01 \u1ed5 c\u1ee9ng Western 1TB (B\u1ea3o h\u00e0nh 24 th\u00e1ng)<\/p>\n<p>      + 06 Ngu\u1ed3n 12V. (B\u1ea3o h\u00e0nh 6 th\u00e1ng)<\/p>\n<p>      + 12 Jack BNC (B\u1ea3o h\u00e0nh 12 th\u00e1ng).<\/p>\n<p>=>>> D\u1ef1 ki\u1ebfn 06 camera l\u1eafp trong 1 ng\u00e0y s\u1ebd ho\u00e0n th\u00e0nh v\u00e0 s\u1eed d\u1ee5ng \u0111\u01b0\u1ee3c ngay.<br \/>\n=>>> Nh\u00e2n vi\u00ean k\u1ef9 thu\u1eadt s\u1ebd h\u01b0\u1edbng d\u1eabn t\u1eadn t\u00ecnh cho Qu\u00fd kh\u00e1ch s\u1eed d\u1ee5ng camera tr\u00ean \u0111i\u1ec7n tho\u1ea1i, Ipad, m\u00e1y t\u00ednh b\u00e0n v\u00e0 laptop.<\/p>\n<p>*Khuy\u1ebfn m\u00e3i khi l\u1eafp tr\u1ecdn b\u1ed9 camera HIKVISION:<\/p>\n<p>+  Mi\u1ec5n ph\u00ed ho\u00e0n to\u00e0n c\u00f4ng l\u1eafp r\u00e1p.<\/p>\n<p>+ T\u1eb7ng 60 m\u00e9t d\u00e2y \u0111i\u1ec7n v\u00e0 60 m\u00e9t d\u00e2y t\u00edn hi\u1ec7u.<\/p>\n<p>+ T\u1eb7ng t\u00ean mi\u1ec1n xem qua \u0111i\u1ec7n tho\u1ea1i tr\u1ecdn \u0111\u1eddi<\/p>\n<p>+ T\u1eb7ng D\u00e2y HDMI Ho\u1eb7c VGA Tr\u1ecb Gi\u00e1 150k<br \/>\n (L\u01b0u \u00fd : B\u1ea1n l\u1eafp \u0111\u0103t tr\u1ecdn b\u1ed9 camera t\u1ea1i Tin H\u1ecdc T\u00e2y Nguy\u00ean g\u1ea7n nh\u01b0 kh\u00f4ng ph\u00e1t sinh b\u1ea5t k\u1ef3 g\u00ec c\u1ea3 ch\u1ec9 ph\u00e1t sinh th\u00eam d\u00e2y t\u00edn hi\u1ec7u v\u00e0 d\u00e2y \u0111i\u1ec7n n\u1ebfu v\u01b0\u1ee3t qu\u00e1 60m khuy\u1ebfn m\u1ea1i)<\/p>\n","protected":false},"excerpt":{"rendered":"<p>* Gi\u1edbi thi\u1ec7u s\u01a1 l\u01b0\u1ee3c v\u1ec1 camera HIKVISION Hikvision \u0111\u01b0\u1ee3c th\u00e0nh l\u1eadp v\u00e0o th\u00e1ng 11 n\u0103m 2001, Hikvision cung c\u1ea5p c\u00e1c s\u1ea3n ph\u1ea9m gi\u00e1m s\u00e1t video v\u00e0 c\u00e1c gi\u1ea3i ph\u00e1p th\u1ecb tr\u01b0\u1eddng theo chi\u1ec1u d\u1ecdc tr\u00ean th\u1ecb tr\u01b0\u1eddng to\u00e0n c\u1ea7u, th\u00f4ng qua h\u01a1n 2.400 \u0111\u1ed1i t\u00e1c \u1edf 155 qu\u1ed1c gia v\u00e0 khu v\u1ef1c. T\u00ednh \u0111\u1ebfn &#8230;<\/p>\n","protected":false},"featured_media":1067,"comment_status":"closed","ping_status":"closed","template":"","meta":[],"brands":[{"id":30,"name":"Hikvison","slug":"hikvison"}],"_links":{"self":[{"href":"https:\/\/webmaibinh.com\/w\/camera12011\/wp-json\/wp\/v2\/product\/1066"}],"collection":[{"href":"https:\/\/webmaibinh.com\/w\/camera12011\/wp-json\/wp\/v2\/product"}],"about":[{"href":"https:\/\/webmaibinh.com\/w\/camera12011\/wp-json\/wp\/v2\/types\/product"}],"replies":[{"embeddable":true,"href":"https:\/\/webmaibinh.com\/w\/camera12011\/wp-json\/wp\/v2\/comments?post=1066"}],"wp:featuredmedia":[{"embeddable":true,"href":"https:\/\/webmaibinh.com\/w\/camera12011\/wp-json\/wp\/v2\/media\/1067"}],"wp:attachment":[{"href":"https:\/\/webmaibinh.com\/w\/camera12011\/wp-json\/wp\/v2\/media?parent=1066"}],"curies":[{"name":"wp","href":"https:\/\/api.w.org\/{rel}","templated":true}]}}