{"id":1044,"date":"2019-11-10T18:10:47","date_gmt":"2019-11-10T11:10:47","guid":{"rendered":"https:\/\/tinhoctaynguyen.com\/?post_type=product&#038;p=1044"},"modified":"2020-04-15T14:09:22","modified_gmt":"2020-04-15T07:09:22","slug":"dau-ghi-hinh-hikvision-ds-7116hghi-f1-n-16-kenh-hd-1080n-1-sata-audio","status":"publish","type":"product","link":"https:\/\/webmaibinh.com\/w\/camera12011\/san-pham\/dau-ghi-hinh-hikvision-ds-7116hghi-f1-n-16-kenh-hd-1080n-1-sata-audio\/","title":{"rendered":"\u0110\u1ea7u ghi h\u00ecnh HIKVISION DS-7116HGHI-F1\/N 16 k\u00eanh HD 1080N, 1 SATA , Audio"},"content":{"rendered":"<p>\u0110\u1ea7u ghi h\u00ecnh HIKVISION DS-7116HGHI-F1\/N 16 k\u00eanh FHD 1080N<br \/>\n    &#8211; \u0110\u1ea7u ghi HDTVI HIKVISION DS-7116HGHI-F1\/N th\u1ebf h\u1ec7 Turbo HD 3.0 c\u00f3 16 k\u00eanh c\u00f4ng ngh\u1ec7 m\u1edbi High Definition Transport Video Interface (HDTVI) cho h\u00ecnh \u1ea3nh s\u1eafc n\u00e9t g\u1ea5p nhi\u1ec1u l\u1ea7n so v\u1edbi chu\u1ea9n analog th\u00f4ng th\u01b0\u1eddng, kh\u1ea3 n\u0103ng truy\u1ec1n h\u00ecnh \u1ea3nh HD qua m\u1ea1ng t\u1ed1t.<\/p>\n<p><a href=\"https:\/\/tinhoctaynguyen.com\/wp-content\/uploads\/2019\/11\/3388_dau_ghi_hikvision_ds_7108hghi_f1_n-Copy-1.jpg\"><img loading=\"lazy\" src=\"https:\/\/tinhoctaynguyen.com\/wp-content\/uploads\/2019\/11\/3388_dau_ghi_hikvision_ds_7108hghi_f1_n-Copy-1-300x300.jpg\" alt=\"\" width=\"300\" height=\"300\" class=\"alignnone size-medium wp-image-1028\" srcset=\"https:\/\/webmaibinh.com\/w\/camera12011\/wp-content\/uploads\/2019\/11\/3388_dau_ghi_hikvision_ds_7108hghi_f1_n-Copy-1-300x300.jpg 300w, https:\/\/webmaibinh.com\/w\/camera12011\/wp-content\/uploads\/2019\/11\/3388_dau_ghi_hikvision_ds_7108hghi_f1_n-Copy-1-100x100.jpg 100w, https:\/\/webmaibinh.com\/w\/camera12011\/wp-content\/uploads\/2019\/11\/3388_dau_ghi_hikvision_ds_7108hghi_f1_n-Copy-1-150x150.jpg 150w, https:\/\/webmaibinh.com\/w\/camera12011\/wp-content\/uploads\/2019\/11\/3388_dau_ghi_hikvision_ds_7108hghi_f1_n-Copy-1.jpg 380w\" sizes=\"(max-width: 300px) 100vw, 300px\" \/><\/a><br \/>\n\u0110\u1ea7u ghi h\u00ecnh HIKVISION DS-7116HGHI-F1\/N h\u1ed7 tr\u1ee3 xem nhi\u1ec1u \u0111i\u1ec7n tho\u1ea1i di \u0111\u1ed9ng kh\u00e1c nhau<br \/>\n<a href=\"https:\/\/tinhoctaynguyen.com\/wp-content\/uploads\/2019\/11\/2-3.jpg\"><img loading=\"lazy\" src=\"https:\/\/tinhoctaynguyen.com\/wp-content\/uploads\/2019\/11\/2-3-300x66.jpg\" alt=\"\" width=\"300\" height=\"66\" class=\"alignnone size-medium wp-image-1022\" srcset=\"https:\/\/webmaibinh.com\/w\/camera12011\/wp-content\/uploads\/2019\/11\/2-3-300x66.jpg 300w, https:\/\/webmaibinh.com\/w\/camera12011\/wp-content\/uploads\/2019\/11\/2-3-510x111.jpg 510w, https:\/\/webmaibinh.com\/w\/camera12011\/wp-content\/uploads\/2019\/11\/2-3.jpg 700w\" sizes=\"(max-width: 300px) 100vw, 300px\" \/><\/a><br \/>\n   &#8211; Xem camera online qua \u0111i\u1ec7n tho\u1ea1i di \u0111\u1ed9ng h\u1ed7 tr\u1ee3 h\u1ebft t\u1ea5t c\u1ea3 c\u00e1c d\u00f2ng \u0111i\u1ec7n tho\u1ea1i ch\u1ea1y h\u1ec7 \u0111i\u1ec1u h\u00e0nh kh\u00e1c nhau IPhone, IPad, Android b\u1eb1ng ph\u1ea7n m\u1ec1m IVMS-4500 ho\u1eb7c Hik-Connect<\/p>\n<p>    &#8211; Xem l\u1ea1i h\u00ecnh \u1ea3nh camera v\u00e0 nghe \u00e2m thanh xem l\u1ea1i qua \u0111i\u1ec7n tho\u1ea1i di \u0111\u1ed9ng <\/p>\n<p>\u0110\u1ea7u ghi h\u00ecnh HIKVISION DS-7116HGHI-F1\/N h\u1ed7 tr\u1ee3 xem camera tr\u00ean nhi\u1ec1u tr\u00ecnh duy\u1ec7t web v\u00e0 h\u1ec7 \u0111i\u1ec1u h\u00e0nh tr\u00ean m\u00e1y t\u00ednh kh\u00e1c nhau.<\/p>\n<p>    &#8211; Qu\u1ea3n l\u00fd Web: Internet Explorer, Mozilla FireFox, CMS software, xem \u0111\u1ed3ng th\u1eddi t\u1ea5t c\u1ea3 c\u00e1c camera<\/p>\n<p>    &#8211; H\u1ed7 tr\u1ee3 \u0111\u1ea7y \u0111\u1ee7 t\u1ea5t c\u1ea3 c\u00e1c t\u00ednh n\u0103ng<\/p>\n","protected":false},"excerpt":{"rendered":"<p>\u0110\u1ea7u ghi h\u00ecnh HIKVISION DS-7116HGHI-F1\/N 16 k\u00eanh FHD 1080N &#8211; \u0110\u1ea7u ghi HDTVI HIKVISION DS-7116HGHI-F1\/N th\u1ebf h\u1ec7 Turbo HD 3.0 c\u00f3 16 k\u00eanh c\u00f4ng ngh\u1ec7 m\u1edbi High Definition Transport Video Interface (HDTVI) cho h\u00ecnh \u1ea3nh s\u1eafc n\u00e9t g\u1ea5p nhi\u1ec1u l\u1ea7n so v\u1edbi chu\u1ea9n analog th\u00f4ng th\u01b0\u1eddng, kh\u1ea3 n\u0103ng truy\u1ec1n h\u00ecnh \u1ea3nh HD qua m\u1ea1ng t\u1ed1t. &#8230;<\/p>\n","protected":false},"featured_media":1028,"comment_status":"closed","ping_status":"closed","template":"","meta":[],"brands":[{"id":30,"name":"Hikvison","slug":"hikvison"}],"_links":{"self":[{"href":"https:\/\/webmaibinh.com\/w\/camera12011\/wp-json\/wp\/v2\/product\/1044"}],"collection":[{"href":"https:\/\/webmaibinh.com\/w\/camera12011\/wp-json\/wp\/v2\/product"}],"about":[{"href":"https:\/\/webmaibinh.com\/w\/camera12011\/wp-json\/wp\/v2\/types\/product"}],"replies":[{"embeddable":true,"href":"https:\/\/webmaibinh.com\/w\/camera12011\/wp-json\/wp\/v2\/comments?post=1044"}],"wp:featuredmedia":[{"embeddable":true,"href":"https:\/\/webmaibinh.com\/w\/camera12011\/wp-json\/wp\/v2\/media\/1028"}],"wp:attachment":[{"href":"https:\/\/webmaibinh.com\/w\/camera12011\/wp-json\/wp\/v2\/media?parent=1044"}],"curies":[{"name":"wp","href":"https:\/\/api.w.org\/{rel}","templated":true}]}}