{"id":1042,"date":"2019-11-10T17:54:25","date_gmt":"2019-11-10T10:54:25","guid":{"rendered":"https:\/\/tinhoctaynguyen.com\/?post_type=product&#038;p=1042"},"modified":"2020-04-15T14:09:52","modified_gmt":"2020-04-15T07:09:52","slug":"dau-ghi-hinh-hikvision-ds-7232hqhi-k2-32-kenh-hd-4mp-lite-2-sata-audio-add-2-camera-ip","status":"publish","type":"product","link":"https:\/\/webmaibinh.com\/w\/camera12011\/san-pham\/dau-ghi-hinh-hikvision-ds-7232hqhi-k2-32-kenh-hd-4mp-lite-2-sata-audio-add-2-camera-ip\/","title":{"rendered":"\u0110\u1ea7u ghi h\u00ecnh HIKVISION DS-7232HQHI-K2 32 k\u00eanh HD 4MP Lite, 2 Sata, Audio, add 2 camera IP"},"content":{"rendered":"<p>\u0110\u1ea7u ghi h\u00ecnh HIKVISION DS-7232HQHI-K2 32 k\u00eanh HD 4MP Lite chu\u1ea9n H.265 Pro+<br \/>\n    &#8211; \u0110\u1ea7u ghi h\u00ecnh HDTVI Hikvision DS-7232HQHI-K2 l\u00e0 s\u1ea3n ph\u1ea9m \u0111\u1ea7u ghi h\u00ecnh 32 k\u00eanh c\u00f3 \u0111\u1ed9 ph\u00e2n gi\u1ea3i h\u00ecnh \u1ea3nh 3Mp ch\u1ea5t l\u01b0\u1ee3ng cao, s\u1eed d\u1ee5ng chu\u1ea9n n\u00e9n hi\u1ec7n \u0111\u1ea1i nh\u1ea5t hi\u1ec7n nay c\u1ee7a Hikvision H.265+ gi\u00fap ti\u1ebft ki\u1ec7m t\u1ed1i \u0111a l\u01b0u l\u01b0\u1ee3ng b\u0103ng th\u00f4ng \u1ed5 c\u1ee9ng m\u00e0 kh\u00f4ng l\u00e0m gi\u1ea3m ch\u1ea5t l\u01b0\u1ee3ng h\u00ecnh \u1ea3nh c\u0169ng nh\u01b0 t\u00edn hi\u1ec7u \u0111\u01b0\u1eddng truy\u1ec1n.<br \/>\n<a href=\"https:\/\/tinhoctaynguyen.com\/wp-content\/uploads\/2019\/11\/3111_dau_ghi_hikvision_ds_7204huhi_k1.jpg\"><img loading=\"lazy\" src=\"https:\/\/tinhoctaynguyen.com\/wp-content\/uploads\/2019\/11\/3111_dau_ghi_hikvision_ds_7204huhi_k1-300x300.jpg\" alt=\"\" width=\"300\" height=\"300\" class=\"alignnone size-medium wp-image-1033\" srcset=\"https:\/\/webmaibinh.com\/w\/camera12011\/wp-content\/uploads\/2019\/11\/3111_dau_ghi_hikvision_ds_7204huhi_k1-300x300.jpg 300w, https:\/\/webmaibinh.com\/w\/camera12011\/wp-content\/uploads\/2019\/11\/3111_dau_ghi_hikvision_ds_7204huhi_k1-100x100.jpg 100w, https:\/\/webmaibinh.com\/w\/camera12011\/wp-content\/uploads\/2019\/11\/3111_dau_ghi_hikvision_ds_7204huhi_k1-150x150.jpg 150w, https:\/\/webmaibinh.com\/w\/camera12011\/wp-content\/uploads\/2019\/11\/3111_dau_ghi_hikvision_ds_7204huhi_k1.jpg 500w\" sizes=\"(max-width: 300px) 100vw, 300px\" \/><\/a><br \/>\n    &#8211; \u0110\u1ea7u ghi h\u00ecnh HDTVI HIKVISION DS-7232HQHI-K2 h\u1ed7 tr\u1ee3 g\u00e1n th\u00eam 8 k\u00eanh camera IP 6MP (t\u1ed1i \u0111a 40 k\u00eanh) \u0111\u1ed3ng th\u1eddi h\u1ed7 tr\u1ee3 4 k\u00eanh ph\u00e1t hi\u1ec7n v\u01b0\u1ee3t h\u00e0ng r\u00e0o \u1ea3o, v\u00f9ng x\u00e2m nh\u1eadp gi\u00fap ng\u01b0\u1eddi d\u00f9ng b\u1ea3o v\u1ec7 t\u1ed1t h\u01a1n khu v\u1ef1c c\u1ea7n quan s\u00e1t. Ng\u00f5 ra h\u00ecnh \u1ea3nh HDMI ch\u1ea5t l\u01b0\u1ee3ng 4K cho ph\u00e9p b\u1ea1n ch\u1ee5p \u0111\u01b0\u1ee3c nh\u1eefng \u0111\u1ed1i t\u01b0\u1ee3ng chuy\u1ec3n \u0111\u1ed9ng nhanh v\u1edbi \u0111\u1ed9 ph\u00e2n gi\u1ea3i cao \u0111\u1ed1i v\u1edbi c\u00e1c v\u1eadt th\u1ec3 \u1edf xa, khi b\u1ea1n quan s\u00e1t ho\u00e0n to\u00e0n c\u00f3 th\u1ec3 zoom l\u1ea1i kh\u00e1 chi ti\u1ebft m\u00e0 kh\u00f4ng b\u1ecb v\u1ee1 h\u00ecnh.<\/p>\n<p>\u0110\u1ea7u ghi h\u00ecnh HIKVISION DS-7232HQHI-K2 h\u1ed7 tr\u1ee3 xem nhi\u1ec1u \u0111i\u1ec7n tho\u1ea1i di \u0111\u1ed9ng kh\u00e1c nhau<\/p>\n<p>    &#8211; Xem camera online qua \u0111i\u1ec7n tho\u1ea1i di \u0111\u1ed9ng h\u1ed7 tr\u1ee3 h\u1ebft t\u1ea5t c\u1ea3 c\u00e1c d\u00f2ng \u0111i\u1ec7n tho\u1ea1i ch\u1ea1y h\u1ec7 \u0111i\u1ec1u h\u00e0nh kh\u00e1c nhau IPhone, IPad, Android, Windows phone 7 b\u1eb1ng ph\u1ea7n m\u1ec1m  IVMS-4500 ho\u1eb7c Hik-Connect<\/p>\n<p>    &#8211; Xem l\u1ea1i h\u00ecnh \u1ea3nh camera v\u00e0 nghe \u00e2m thanh xem l\u1ea1i qua \u0111i\u1ec7n tho\u1ea1i di \u0111\u1ed9ng<br \/>\n<a href=\"https:\/\/tinhoctaynguyen.com\/wp-content\/uploads\/2019\/11\/2-3.jpg\"><img loading=\"lazy\" src=\"https:\/\/tinhoctaynguyen.com\/wp-content\/uploads\/2019\/11\/2-3-300x66.jpg\" alt=\"\" width=\"300\" height=\"66\" class=\"alignnone size-medium wp-image-1022\" srcset=\"https:\/\/webmaibinh.com\/w\/camera12011\/wp-content\/uploads\/2019\/11\/2-3-300x66.jpg 300w, https:\/\/webmaibinh.com\/w\/camera12011\/wp-content\/uploads\/2019\/11\/2-3-510x111.jpg 510w, https:\/\/webmaibinh.com\/w\/camera12011\/wp-content\/uploads\/2019\/11\/2-3.jpg 700w\" sizes=\"(max-width: 300px) 100vw, 300px\" \/><\/a><br \/>\n\u0110\u1ea7u ghi h\u00ecnh HIKVISION DS-7232HQHI-K2 h\u1ed7 tr\u1ee3 xem camera tr\u00ean nhi\u1ec1u tr\u00ecnh duy\u1ec7t web v\u00e0 h\u1ec7 \u0111i\u1ec1u h\u00e0nh tr\u00ean m\u00e1y t\u00ednh kh\u00e1c nhau.<\/p>\n<p>    &#8211; Qu\u1ea3n l\u00fd Web: Internet Explorer, Mozilla FireFox, CMS software, xem \u0111\u1ed3ng th\u1eddi t\u1ea5t c\u1ea3 c\u00e1c camera<\/p>\n<p>    &#8211; H\u1ed7 tr\u1ee3 \u0111\u1ea7y \u0111\u1ee7 t\u1ea5t c\u1ea3 c\u00e1c t\u00ednh n\u0103ng<\/p>\n","protected":false},"excerpt":{"rendered":"<p>\u0110\u1ea7u ghi h\u00ecnh HIKVISION DS-7232HQHI-K2 32 k\u00eanh HD 4MP Lite chu\u1ea9n H.265 Pro+ &#8211; \u0110\u1ea7u ghi h\u00ecnh HDTVI Hikvision DS-7232HQHI-K2 l\u00e0 s\u1ea3n ph\u1ea9m \u0111\u1ea7u ghi h\u00ecnh 32 k\u00eanh c\u00f3 \u0111\u1ed9 ph\u00e2n gi\u1ea3i h\u00ecnh \u1ea3nh 3Mp ch\u1ea5t l\u01b0\u1ee3ng cao, s\u1eed d\u1ee5ng chu\u1ea9n n\u00e9n hi\u1ec7n \u0111\u1ea1i nh\u1ea5t hi\u1ec7n nay c\u1ee7a Hikvision H.265+ gi\u00fap ti\u1ebft ki\u1ec7m t\u1ed1i \u0111a &#8230;<\/p>\n","protected":false},"featured_media":1033,"comment_status":"closed","ping_status":"closed","template":"","meta":[],"brands":[{"id":30,"name":"Hikvison","slug":"hikvison"}],"_links":{"self":[{"href":"https:\/\/webmaibinh.com\/w\/camera12011\/wp-json\/wp\/v2\/product\/1042"}],"collection":[{"href":"https:\/\/webmaibinh.com\/w\/camera12011\/wp-json\/wp\/v2\/product"}],"about":[{"href":"https:\/\/webmaibinh.com\/w\/camera12011\/wp-json\/wp\/v2\/types\/product"}],"replies":[{"embeddable":true,"href":"https:\/\/webmaibinh.com\/w\/camera12011\/wp-json\/wp\/v2\/comments?post=1042"}],"wp:featuredmedia":[{"embeddable":true,"href":"https:\/\/webmaibinh.com\/w\/camera12011\/wp-json\/wp\/v2\/media\/1033"}],"wp:attachment":[{"href":"https:\/\/webmaibinh.com\/w\/camera12011\/wp-json\/wp\/v2\/media?parent=1042"}],"curies":[{"name":"wp","href":"https:\/\/api.w.org\/{rel}","templated":true}]}}