{"id":1005,"date":"2019-11-06T22:01:57","date_gmt":"2019-11-06T15:01:57","guid":{"rendered":"https:\/\/tinhoctaynguyen.com\/?post_type=product&#038;p=1005"},"modified":"2019-11-06T22:01:57","modified_gmt":"2019-11-06T15:01:57","slug":"camera-hdtvi-2mp-hikvision-ds-2ce16d3t-it","status":"publish","type":"product","link":"https:\/\/webmaibinh.com\/w\/camera12011\/san-pham\/camera-hdtvi-2mp-hikvision-ds-2ce16d3t-it\/","title":{"rendered":"Camera HDTVI 2MP Hikvision DS-2CE16D3T-IT"},"content":{"rendered":"<p> &#8211; Camera th\u00e2n tr\u1ee5 DS-2CE16D3T-IT c\u00f3 \u0111\u1ed9 ph\u00e2n gi\u1ea3i h\u00ecnh \u1ea3nh Full HD 2.0MP \u0111\u1ed9 n\u00e9t cao, h\u1ed7 tr\u1ee3 c\u00f4ng ngh\u1ec7 ch\u1ed1ng ng\u01b0\u1ee3c s\u00e1ng th\u1ef1c WDR t\u1ef1 \u0111\u1ed9ng x\u1eed l\u00fd v\u00e0 \u0111i\u1ec1u ch\u1ec9nh c\u01b0\u1eddng \u0111\u1ed9 \u00e1nh s\u00e1ng h\u1eaft v\u00e0o camera, gi\u1ea3m thi\u1ec3u c\u00e1c tia s\u00e1ng kh\u00f4ng c\u1ea7n thi\u1ebft, \u0111em l\u1ea1i h\u00ecnh \u1ea3nh m\u01b0\u1ee3t m\u00e0 v\u00e0 r\u00f5 n\u00e9t. <\/p>\n<p>     &#8211; Camera HDTVI HIKVISION DS-2CE16D3T-IT trang b\u1ecb h\u1ed3ng ngo\u1ea1i th\u00f4ng minh v\u1edbi t\u1ea7m xa h\u1ed3ng ngo\u1ea1i 30m. H\u00f4\u0303 tr\u01a1\u0323 4 chu\u00e2\u0309n ti\u0301n hi\u00ea\u0323u TVI\/AHD\/CVI\/CVBS (Co\u0301 nu\u0301t b\u00e2\u0301m \u0111\u00ea\u0309 chuy\u00ea\u0309n). Ti\u00eau chu\u1ea9n b\u1ea3o v\u1ec7 ngo\u00e0i tr\u1eddi IP67 \u0111\u1ea3m b\u1ea3o cho camera ho\u1ea1t \u0111\u1ed9ng \u0111\u01b0\u1ee3c \u1edf nh\u1eefng m\u00f4i tr\u01b0\u1eddng kh\u1eafc nghi\u1ec7t.<br \/>\n<a href=\"https:\/\/tinhoctaynguyen.com\/wp-content\/uploads\/2019\/11\/camera-tvi-than-tru-2mp-hikvision-ds-2ce16d3t-itpf-P1126-1552349442231.jpg\"><img loading=\"lazy\" src=\"https:\/\/tinhoctaynguyen.com\/wp-content\/uploads\/2019\/11\/camera-tvi-than-tru-2mp-hikvision-ds-2ce16d3t-itpf-P1126-1552349442231-300x300.jpg\" alt=\"\" width=\"300\" height=\"300\" class=\"alignnone size-medium wp-image-1006\" srcset=\"https:\/\/webmaibinh.com\/w\/camera12011\/wp-content\/uploads\/2019\/11\/camera-tvi-than-tru-2mp-hikvision-ds-2ce16d3t-itpf-P1126-1552349442231-300x300.jpg 300w, https:\/\/webmaibinh.com\/w\/camera12011\/wp-content\/uploads\/2019\/11\/camera-tvi-than-tru-2mp-hikvision-ds-2ce16d3t-itpf-P1126-1552349442231-100x100.jpg 100w, https:\/\/webmaibinh.com\/w\/camera12011\/wp-content\/uploads\/2019\/11\/camera-tvi-than-tru-2mp-hikvision-ds-2ce16d3t-itpf-P1126-1552349442231-150x150.jpg 150w, https:\/\/webmaibinh.com\/w\/camera12011\/wp-content\/uploads\/2019\/11\/camera-tvi-than-tru-2mp-hikvision-ds-2ce16d3t-itpf-P1126-1552349442231.jpg 500w\" sizes=\"(max-width: 300px) 100vw, 300px\" \/><\/a><br \/>\nD3T l\u00e0 d\u00f2ng camera Turbo HD v\u1edbi nhi\u1ec1u t\u00ednh n\u0103ng \u01b0u vi\u1ec7t nh\u01b0:<br \/>\n\u2013 Si\u00eau nh\u1ea1y s\u00e1ng.<br \/>\n\u2013 Ch\u1ed1ng ng\u01b0\u1ee3c s\u00e1ng th\u1ef1c.<br \/>\n\u2013 H\u1ed3ng ngo\u1ea1i th\u00f4ng minh, nh\u00ecn r\u00f5 v\u00e0o ban \u0111\u00eam.<br \/>\n\u2013 H\u00ecnh \u1ea3nh r\u00f5 n\u00e9t, ch\u00e2n th\u1ef1c.<br \/>\n\u2013 Gi\u00e1 c\u1ea1nh tranh.<\/p>\n","protected":false},"excerpt":{"rendered":"<p>&#8211; Camera th\u00e2n tr\u1ee5 DS-2CE16D3T-IT c\u00f3 \u0111\u1ed9 ph\u00e2n gi\u1ea3i h\u00ecnh \u1ea3nh Full HD 2.0MP \u0111\u1ed9 n\u00e9t cao, h\u1ed7 tr\u1ee3 c\u00f4ng ngh\u1ec7 ch\u1ed1ng ng\u01b0\u1ee3c s\u00e1ng th\u1ef1c WDR t\u1ef1 \u0111\u1ed9ng x\u1eed l\u00fd v\u00e0 \u0111i\u1ec1u ch\u1ec9nh c\u01b0\u1eddng \u0111\u1ed9 \u00e1nh s\u00e1ng h\u1eaft v\u00e0o camera, gi\u1ea3m thi\u1ec3u c\u00e1c tia s\u00e1ng kh\u00f4ng c\u1ea7n thi\u1ebft, \u0111em l\u1ea1i h\u00ecnh \u1ea3nh m\u01b0\u1ee3t m\u00e0 v\u00e0 &#8230;<\/p>\n","protected":false},"featured_media":1006,"comment_status":"closed","ping_status":"closed","template":"","meta":[],"brands":[{"id":30,"name":"Hikvison","slug":"hikvison"}],"_links":{"self":[{"href":"https:\/\/webmaibinh.com\/w\/camera12011\/wp-json\/wp\/v2\/product\/1005"}],"collection":[{"href":"https:\/\/webmaibinh.com\/w\/camera12011\/wp-json\/wp\/v2\/product"}],"about":[{"href":"https:\/\/webmaibinh.com\/w\/camera12011\/wp-json\/wp\/v2\/types\/product"}],"replies":[{"embeddable":true,"href":"https:\/\/webmaibinh.com\/w\/camera12011\/wp-json\/wp\/v2\/comments?post=1005"}],"wp:featuredmedia":[{"embeddable":true,"href":"https:\/\/webmaibinh.com\/w\/camera12011\/wp-json\/wp\/v2\/media\/1006"}],"wp:attachment":[{"href":"https:\/\/webmaibinh.com\/w\/camera12011\/wp-json\/wp\/v2\/media?parent=1005"}],"curies":[{"name":"wp","href":"https:\/\/api.w.org\/{rel}","templated":true}]}}