{"id":1000,"date":"2019-11-06T21:44:29","date_gmt":"2019-11-06T14:44:29","guid":{"rendered":"https:\/\/tinhoctaynguyen.com\/?post_type=product&#038;p=1000"},"modified":"2019-11-06T21:44:34","modified_gmt":"2019-11-06T14:44:34","slug":"camera-hikvision-ds-2ce16d0t-irp-2-0-megapixel-ir-20mf3-6mm","status":"publish","type":"product","link":"https:\/\/webmaibinh.com\/w\/camera12011\/san-pham\/camera-hikvision-ds-2ce16d0t-irp-2-0-megapixel-ir-20mf3-6mm\/","title":{"rendered":"Camera HIKVISION DS-2CE16D0T-IRP 2.0 Megapixel, IR 20m,F3.6mm"},"content":{"rendered":"<p>Camera HIKVISION DS-2CE16D0T-IRP<br \/>\n     &#8211; Camera HDTVI Hikvision DS-2CE16D0T-IRP (D\u1ea1ng v\u1ecf nh\u1ef1a) \u0111\u1ed9 ph\u00e2n gi\u1ea3i 2.0 megapixel, h\u00f4\u0300ng ngoa\u0323i th\u00f4ng minh Smart IR (24 Leds), t\u00e2\u0300m xa 20m, h\u1ed7 tr\u1ee3 ch\u00f4\u0301ng n\u01b0\u01a1\u0301c ti\u00eau chu\u00e2\u0309n IP66, ph\u00f9 h\u1ee3p l\u1eafp \u0111\u1eb7t tr\u00ean tr\u1ea7n nh\u00e0 \u1edf c\u00e1c khu v\u1ef1c v\u0103n ph\u00f2ng, nh\u00e0 \u1edf, chung c\u01b0, shop, b\u1ec7nh vi\u1ec7n, nh\u00e0 s\u00e1ch, v.v.v&#8230;<\/p>\n<p>     &#8211; Camera th\u00e2n h\u1ed3ng ngo\u1ea1i Hikvision DS-2CE16D0T-IRP l\u00e0 camera HDTVI c\u00f4ng ngh\u1ec7 m\u1edbi, \u0111\u1ed9 ph\u00e2n gi\u1ea3i HD cho h\u00ecnh \u1ea3nh s\u1eafc n\u00e9t, ch\u1ea5t l\u01b0\u1ee3ng cao, \u0111\u00e8n h\u1ed3ng ngo\u1ea1i th\u00f4ng minh, m\u1eabu m\u00e3 thu h\u00fat kh\u00e1ch h\u00e0ng v\u00e0 d\u1ec5 d\u00e0ng s\u1eed d\u1ee5ng, c\u00f3 nhi\u1ec1u t\u00ednh n\u0103ng \u01b0u vi\u1ec7t gi\u00fap ng\u01b0\u1eddi ti\u00eau d\u00f9ng c\u00f3 th\u1ec3 qu\u1ea3n l\u00fd gia \u0111\u00ecnh v\u00e0 c\u00f4ng vi\u1ec7c m\u1ed9t c\u00e1ch hi\u1ec7u qu\u1ea3.<br \/>\n<a href=\"https:\/\/tinhoctaynguyen.com\/wp-content\/uploads\/2019\/11\/1-1.jpg\"><img loading=\"lazy\" src=\"https:\/\/tinhoctaynguyen.com\/wp-content\/uploads\/2019\/11\/1-1-300x300.jpg\" alt=\"\" width=\"300\" height=\"300\" class=\"alignnone size-medium wp-image-1001\" srcset=\"https:\/\/webmaibinh.com\/w\/camera12011\/wp-content\/uploads\/2019\/11\/1-1-300x300.jpg 300w, https:\/\/webmaibinh.com\/w\/camera12011\/wp-content\/uploads\/2019\/11\/1-1-100x100.jpg 100w, https:\/\/webmaibinh.com\/w\/camera12011\/wp-content\/uploads\/2019\/11\/1-1-510x510.jpg 510w, https:\/\/webmaibinh.com\/w\/camera12011\/wp-content\/uploads\/2019\/11\/1-1-150x150.jpg 150w, https:\/\/webmaibinh.com\/w\/camera12011\/wp-content\/uploads\/2019\/11\/1-1-768x768.jpg 768w, https:\/\/webmaibinh.com\/w\/camera12011\/wp-content\/uploads\/2019\/11\/1-1.jpg 800w\" sizes=\"(max-width: 300px) 100vw, 300px\" \/><\/a><br \/>\nCamera HIKVISION DS-2CE16D0T-IRP \u0111\u01b0\u1ee3c s\u1eed d\u1ee5ng c\u00f4ng ngh\u1ec7 m\u1edbi nh\u1ea5t cho m\u1ed9t camera cao c\u1ea5p.<br \/>\n     &#8211; Day\/Night (ICR): s\u1eed d\u1ee5ng \u1ed1ng k\u00ednh ban ng\u00e0y v\u00e0 ban \u0111\u00eam kh\u00e1c nhau cho h\u00ecnh \u1ea3nh c\u1ef1c \u0111\u1eb9p xu\u1ea5t s\u1eafc gi\u1eefa ng\u00e0y v\u00e0 \u0111\u00eam<br \/>\n<a href=\"https:\/\/tinhoctaynguyen.com\/wp-content\/uploads\/2019\/11\/2.jpg\"><img loading=\"lazy\" src=\"https:\/\/tinhoctaynguyen.com\/wp-content\/uploads\/2019\/11\/2-300x223.jpg\" alt=\"\" width=\"300\" height=\"223\" class=\"alignnone size-medium wp-image-1002\" srcset=\"https:\/\/webmaibinh.com\/w\/camera12011\/wp-content\/uploads\/2019\/11\/2-300x223.jpg 300w, https:\/\/webmaibinh.com\/w\/camera12011\/wp-content\/uploads\/2019\/11\/2.jpg 412w\" sizes=\"(max-width: 300px) 100vw, 300px\" \/><\/a><br \/>\n     &#8211; 3D-DNR gi\u1ea3m nhi\u1ec5u k\u1ef9 thu\u1eadt s\u1ed1 3D<br \/>\n<a href=\"https:\/\/tinhoctaynguyen.com\/wp-content\/uploads\/2019\/11\/3-2.jpg\"><img loading=\"lazy\" src=\"https:\/\/tinhoctaynguyen.com\/wp-content\/uploads\/2019\/11\/3-2-300x133.jpg\" alt=\"\" width=\"300\" height=\"133\" class=\"alignnone size-medium wp-image-1003\" srcset=\"https:\/\/webmaibinh.com\/w\/camera12011\/wp-content\/uploads\/2019\/11\/3-2-300x133.jpg 300w, https:\/\/webmaibinh.com\/w\/camera12011\/wp-content\/uploads\/2019\/11\/3-2-510x226.jpg 510w, https:\/\/webmaibinh.com\/w\/camera12011\/wp-content\/uploads\/2019\/11\/3-2.jpg 548w\" sizes=\"(max-width: 300px) 100vw, 300px\" \/><\/a><\/p>\n","protected":false},"excerpt":{"rendered":"<p>Camera HIKVISION DS-2CE16D0T-IRP &#8211; Camera HDTVI Hikvision DS-2CE16D0T-IRP (D\u1ea1ng v\u1ecf nh\u1ef1a) \u0111\u1ed9 ph\u00e2n gi\u1ea3i 2.0 megapixel, h\u00f4\u0300ng ngoa\u0323i th\u00f4ng minh Smart IR (24 Leds), t\u00e2\u0300m xa 20m, h\u1ed7 tr\u1ee3 ch\u00f4\u0301ng n\u01b0\u01a1\u0301c ti\u00eau chu\u00e2\u0309n IP66, ph\u00f9 h\u1ee3p l\u1eafp \u0111\u1eb7t tr\u00ean tr\u1ea7n nh\u00e0 \u1edf c\u00e1c khu v\u1ef1c v\u0103n ph\u00f2ng, nh\u00e0 \u1edf, chung c\u01b0, shop, b\u1ec7nh vi\u1ec7n, nh\u00e0 &#8230;<\/p>\n","protected":false},"featured_media":990,"comment_status":"closed","ping_status":"closed","template":"","meta":[],"brands":[{"id":30,"name":"Hikvison","slug":"hikvison"}],"_links":{"self":[{"href":"https:\/\/webmaibinh.com\/w\/camera12011\/wp-json\/wp\/v2\/product\/1000"}],"collection":[{"href":"https:\/\/webmaibinh.com\/w\/camera12011\/wp-json\/wp\/v2\/product"}],"about":[{"href":"https:\/\/webmaibinh.com\/w\/camera12011\/wp-json\/wp\/v2\/types\/product"}],"replies":[{"embeddable":true,"href":"https:\/\/webmaibinh.com\/w\/camera12011\/wp-json\/wp\/v2\/comments?post=1000"}],"wp:featuredmedia":[{"embeddable":true,"href":"https:\/\/webmaibinh.com\/w\/camera12011\/wp-json\/wp\/v2\/media\/990"}],"wp:attachment":[{"href":"https:\/\/webmaibinh.com\/w\/camera12011\/wp-json\/wp\/v2\/media?parent=1000"}],"curies":[{"name":"wp","href":"https:\/\/api.w.org\/{rel}","templated":true}]}}