{"id":686,"date":"2019-07-30T17:29:25","date_gmt":"2019-07-30T10:29:25","guid":{"rendered":"https:\/\/ghevanphong.khowebseotop.vn\/?page_id=686"},"modified":"2019-07-30T17:29:25","modified_gmt":"2019-07-30T10:29:25","slug":"chinh-sach-bao-hanh","status":"publish","type":"page","link":"https:\/\/webmaibinh.com\/w\/camera12011\/chinh-sach-bao-hanh\/","title":{"rendered":"Ch\u00ednh s\u00e1ch b\u1ea3o h\u00e0nh"},"content":{"rendered":"<p>Ch\u00ednh s\u00e1ch b\u1ea3o h\u00e0nh<\/p>\n<p>&nbsp;<\/p>\n","protected":false},"excerpt":{"rendered":"<p>Ch\u00ednh s\u00e1ch b\u1ea3o h\u00e0nh &nbsp;<\/p>\n","protected":false},"author":1,"featured_media":0,"parent":0,"menu_order":0,"comment_status":"closed","ping_status":"closed","template":"","meta":[],"_links":{"self":[{"href":"https:\/\/webmaibinh.com\/w\/camera12011\/wp-json\/wp\/v2\/pages\/686"}],"collection":[{"href":"https:\/\/webmaibinh.com\/w\/camera12011\/wp-json\/wp\/v2\/pages"}],"about":[{"href":"https:\/\/webmaibinh.com\/w\/camera12011\/wp-json\/wp\/v2\/types\/page"}],"author":[{"embeddable":true,"href":"https:\/\/webmaibinh.com\/w\/camera12011\/wp-json\/wp\/v2\/users\/1"}],"replies":[{"embeddable":true,"href":"https:\/\/webmaibinh.com\/w\/camera12011\/wp-json\/wp\/v2\/comments?post=686"}],"version-history":[{"count":0,"href":"https:\/\/webmaibinh.com\/w\/camera12011\/wp-json\/wp\/v2\/pages\/686\/revisions"}],"wp:attachment":[{"href":"https:\/\/webmaibinh.com\/w\/camera12011\/wp-json\/wp\/v2\/media?parent=686"}],"curies":[{"name":"wp","href":"https:\/\/api.w.org\/{rel}","templated":true}]}}