{"id":218,"date":"2019-03-09T23:39:12","date_gmt":"2019-03-09T16:39:12","guid":{"rendered":"https:\/\/tppone.com\/demo\/camera\/?post_type=product&#038;p=218"},"modified":"2019-03-10T22:30:56","modified_gmt":"2019-03-10T15:30:56","slug":"bo-tau-chia-3-o-to-hoco-c1-chinh-hang","status":"publish","type":"product","link":"https:\/\/webmaibinh.com\/w\/camera\/san-pham\/bo-tau-chia-3-o-to-hoco-c1-chinh-hang\/","title":{"rendered":"B\u1ed9 t\u1ea9u chia 3 \u00f4 t\u00f4 Hoco C1 ch\u00ednh h\u00e3ng"},"content":{"rendered":"<p><b>\u0110\u1eb6T H\u00c0NG NGAY<\/b><\/p>\n<div>\n<p>C\u00e1c b\u1ea1n\u00a0<strong>\u0111\u1eb7t h\u00e0ng\u00a0<\/strong>theo 1 trong c\u00e1c c\u00e1ch sau:<\/p>\n<p>\u2013 C\u00e1ch 1:\u00a0<strong>Comment S\u1ed1 \u0111i\u1ec7n tho\u1ea1i + H\u1ecd T\u00ean + \u0110\u1ecba Ch\u1ec9<\/strong><\/p>\n<p>\u2013 C\u00e1ch 2:\u00a0<strong>\u0110\u1eb7t h\u00e0ng nhanh\/ \u0110\u1eb7t h\u00e0ng<\/strong><\/p>\n<p>\u2013 C\u00e1ch 3:\u00a0<strong>\u0110\u1eb7t h\u00e0ng qua s\u1ed1 hotline<\/strong>\u00a0(h\u1ed7 tr\u1ee3 24\/7)<\/p>\n<p>\u2013 C\u00e1ch 4:\u00a0<strong>Chat tr\u1ef1c ti\u1ebfp qua Facebook<\/strong><\/p>\n<p>\u2013 C\u00e1ch 5:\u00a0<strong>\u0110\u1ebfn tr\u1ef1c ti\u1ebfp c\u00e1c c\u1eeda h\u00e0ng c\u1ee7a Webvision<\/strong><\/p>\n<div>\n<p class=\"p1\"><strong><span class=\"s1\"><img class=\"emoji lazy-load-active\" draggable=\"false\" src=\"https:\/\/s.w.org\/images\/core\/emoji\/11\/svg\/260e.svg\" alt=\"\u260e\ufe0f\" data-src=\"https:\/\/s.w.org\/images\/core\/emoji\/11\/svg\/260e.svg\" \/>\u00a0\u00a0T\u1ed5ng \u0111\u00e0i\u00a0<a href=\"tel:19000388\">1900 0388<\/a>\u00a0\u2013\u00a0081 667 667\u00a0\u2013\u00a00971 133 133\u00a0\u2013\u00a0<a href=\"tel:0934000000\">0934 000 000<\/a>\u00a0\u2013\u00a0<a href=\"tel:0969999929\">0969 9999 29<\/a>\u00a0\u2013<a href=\"tel:01234666666\">0834 666 666 \u2013 0379 555222<\/a><\/span><\/strong><\/p>\n<\/div>\n<div>Chat facebook:\u00a0<strong>Webvision.vn<\/strong><\/div>\n<div><\/div>\n<\/div>\n<p><strong>H\u1ec6 TH\u1ed0NG SHOWROOM V\u00c0 \u0110\u1ea0I L\u00dd TR\u00caN TO\u00c0N QU\u1ed0C<\/strong><\/p>\n<p><b>\u25ca H\u00e0 N\u1ed9i<\/b><\/p>\n<p>\u0110\u1ecba ch\u1ec9: S\u1ed1 33, Ng\u00f5 121 Th\u00e1i H\u00e0, Trung Li\u1ec7t, \u0110\u1ed1ng \u0110a, H\u00e0 N\u1ed9i.<\/p>\n<p><b>\u25ca Th\u00e1i Nguy\u00ean<\/b><\/p>\n<p>\u0110\u1ecba ch\u1ec9: S\u1ed1 579 Phan \u0110\u00ecnh Ph\u00f9ng (\u0110\u1ed1i di\u1ec7n \u0110\u00f4ng \u00c1 Plaza Hotel), Th\u00e0nh ph\u1ed1 Th\u00e1i Nguy\u00ean<\/p>\n<p><b>\u25ca Th\u00e0nh ph\u1ed1 H\u1ed3 Ch\u00ed Minh<\/b><\/p>\n<p>\u0110\u1ecba ch\u1ec9: S\u1ed1 232\/17 Cao Th\u1eafng, Ph\u01b0\u1eddng 12, Qu\u1eadn 10, Th\u00e0nh ph\u1ed1 H\u1ed3 Ch\u00ed Minh.<\/p>\n<p><strong><b>\u25ca\u00a0<\/b>H\u1ec7 th\u1ed1ng \u0111\u1ea1i l\u00fd tr\u00ean to\u00e0n qu\u1ed1c:\u00a0<\/strong>https:\/\/webvision.vn\/danh-sach-dai-ly\/<\/p>\n","protected":false},"excerpt":{"rendered":"<p>\u0110\u1ecba ch\u1ec9: S\u1ed1 579 Phan \u0110\u00ecnh Ph\u00f9ng (\u0110\u1ed1i di\u1ec7n \u0110\u00f4ng \u00c1 Plaza Hotel), Th\u00e0nh ph\u1ed1 Th\u00e1i Nguy\u00ean<\/p>\n","protected":false},"featured_media":219,"comment_status":"open","ping_status":"closed","template":"","meta":[],"_links":{"self":[{"href":"https:\/\/webmaibinh.com\/w\/camera\/wp-json\/wp\/v2\/product\/218"}],"collection":[{"href":"https:\/\/webmaibinh.com\/w\/camera\/wp-json\/wp\/v2\/product"}],"about":[{"href":"https:\/\/webmaibinh.com\/w\/camera\/wp-json\/wp\/v2\/types\/product"}],"replies":[{"embeddable":true,"href":"https:\/\/webmaibinh.com\/w\/camera\/wp-json\/wp\/v2\/comments?post=218"}],"wp:featuredmedia":[{"embeddable":true,"href":"https:\/\/webmaibinh.com\/w\/camera\/wp-json\/wp\/v2\/media\/219"}],"wp:attachment":[{"href":"https:\/\/webmaibinh.com\/w\/camera\/wp-json\/wp\/v2\/media?parent=218"}],"curies":[{"name":"wp","href":"https:\/\/api.w.org\/{rel}","templated":true}]}}