{"id":214,"date":"2019-03-09T23:37:21","date_gmt":"2019-03-09T16:37:21","guid":{"rendered":"https:\/\/tppone.com\/demo\/camera\/?post_type=product&#038;p=214"},"modified":"2019-03-10T22:31:48","modified_gmt":"2019-03-10T15:31:48","slug":"bom-dien-michelin-12266","status":"publish","type":"product","link":"https:\/\/webmaibinh.com\/w\/camera\/san-pham\/bom-dien-michelin-12266\/","title":{"rendered":"B\u01a1m \u0111i\u1ec7n MICHELIN 12266 BH 24 th\u00e1ng"},"content":{"rendered":"<p>V\u1edbi b\u1ea5t c\u1ee9 ph\u01b0\u01a1ng ti\u1ec7n n\u00e0o th\u00ec l\u1ed1p xe l\u00e0 m\u1ed9t ph\u1ee5 ki\u1ec7n r\u1ea5t quan tr\u1ecdng, ch\u1ecbu to\u00e0n b\u1ed9 tr\u1ecdng t\u1ea3i c\u1ee7a xe, ch\u00ednh v\u00ec v\u1eady n\u00f3 c\u1ea7n \u0111\u01b0\u1ee3c quan t\u00e2m \u0111\u1eb7c bi\u1ec7t v\u00e0 ph\u1ea3i lu\u00f4n \u0111\u1ea3m b\u1ea3o \u0111\u1ea7y h\u01a1i khi di chuy\u1ec3n.\u00a0<strong><em>B\u01a1m \u0111i\u1ec7n 12V Michelin<\/em><\/strong><strong><em>\u00a012266<\/em><\/strong>\u00a0l\u00e0 m\u1ed9t ph\u1ee5 ki\u1ec7n th\u00f4ng minh gi\u00fap b\u1ea1n \u0111\u1ea3m b\u1ea3o an to\u00e0n khi di chuy\u1ec3n, gi\u1ea3i quy\u1ebft t\u00ecnh tr\u1ea1ng l\u1ed1p non h\u01a1i, d\u00ednh ph\u1ea3i \u0111inh.<\/p>\n<p>B\u01a1m \u0111i\u1ec7n Michelin lu\u00f4n \u0111\u1ea3m b\u1ea3o an to\u00e0n v\u1edbi nhi\u1ec1u t\u00ednh n\u0103ng th\u00f4ng d\u1ee5ng cho ph\u00e9p b\u1ea1n c\u00e0i \u0111\u1eb7t \u00e1p su\u1ea5t l\u1ed1p t\u00edch h\u1ee3p ph\u00f9 h\u1ee3p v\u00e0 th\u00f4ng s\u1ed1 h\u01a1i t\u1ef1 \u0111\u1ed9ng ng\u1eaft. Ngo\u00e0i ra m\u00e1y b\u01a1m Michelin c\u00f2n t\u00edch h\u1ee3p \u0111\u00e8n LED chi\u1ebfu s\u00e1ng v\u00e0 \u0111\u00e8n LED m\u00e0u \u0111\u1ecf nh\u1ea5p nh\u00e1y \u0111\u1ec3 c\u1ea3nh b\u00e1o an to\u00e0n khi b\u1ea1n b\u01a1m trong \u0111\u00eam t\u1ed1i, m\u00f4i tr\u01b0\u1eddng thi\u1ebfu \u00e1nh s\u00e1ng.<\/p>\n<p><img loading=\"lazy\" class=\"aligncenter wp-image-5371 lazy-load-active\" src=\"https:\/\/webvision.vn\/wp-content\/uploads\/2017\/10\/bom-dien-michelin-12266-1.jpg\" sizes=\"(max-width: 650px) 100vw, 650px\" srcset=\"https:\/\/webvision.vn\/wp-content\/uploads\/2017\/10\/bom-dien-michelin-12266-1.jpg 800w, https:\/\/webvision.vn\/wp-content\/uploads\/2017\/10\/bom-dien-michelin-12266-1-711x400.jpg 711w, https:\/\/webvision.vn\/wp-content\/uploads\/2017\/10\/bom-dien-michelin-12266-1-768x432.jpg 768w\" alt=\"\" width=\"650\" height=\"366\" data-src=\"https:\/\/webvision.vn\/wp-content\/uploads\/2017\/10\/bom-dien-michelin-12266-1.jpg\" data-srcset=\"https:\/\/webvision.vn\/wp-content\/uploads\/2017\/10\/bom-dien-michelin-12266-1.jpg 800w, https:\/\/webvision.vn\/wp-content\/uploads\/2017\/10\/bom-dien-michelin-12266-1-711x400.jpg 711w, https:\/\/webvision.vn\/wp-content\/uploads\/2017\/10\/bom-dien-michelin-12266-1-768x432.jpg 768w\" \/><br \/>\nM\u00e1y b\u01a1m \u0111i\u1ec7n 12V Michelin c\u00f3 thi\u1ebft k\u1ebf nh\u1ecf g\u1ecdn, ti\u1ec7n d\u1ee5ng thu\u1eadn ti\u1ec7n cho b\u1ea1n khi di chuy\u1ec3n v\u00e0 khi c\u1ea5t, b\u1ea1n c\u00f3 th\u1ec3 \u0111\u1ec3 trong c\u1ed1p xe \u0111\u1ec3 s\u1eed d\u1ee5ng b\u1ea5t c\u1ee9 khi n\u00e0o c\u1ea7n thi\u1ebft. Ngo\u00e0i ra, m\u00e1y c\u00f2n c\u00f3 k\u00e8m theo nhi\u1ec1u lo\u1ea1i van b\u01a1m kh\u00e1c nhau: van b\u01a1m b\u00f3ng, b\u01a1m xe m\u00e1y, xe \u0111\u1ea1p, xu\u1ed3ng, phao, \u0111\u1ec7m\u2026 v\u00e0 m\u00e1y c\u00f2n trang b\u1ecb th\u00eam 1 \u1ed5 chia m\u1ed3i thu\u1ed1c 12V,1 \u1ed5 chia USB r\u1ea5t thu\u1eadn ti\u1ec7n cho vi\u1ec7c d\u00f9ng nhi\u1ec1u thi\u1ebft b\u1ecb c\u00f9ng m\u1ed9t l\u00fac.<\/p>\n<p>&nbsp;<\/p>\n<p><img loading=\"lazy\" class=\"aligncenter wp-image-5374 lazy-load-active\" src=\"https:\/\/webvision.vn\/wp-content\/uploads\/2017\/10\/bom-dien-michelin-12266-3.jpg\" sizes=\"(max-width: 500px) 100vw, 500px\" srcset=\"https:\/\/webvision.vn\/wp-content\/uploads\/2017\/10\/bom-dien-michelin-12266-3.jpg 300w, https:\/\/webvision.vn\/wp-content\/uploads\/2017\/10\/bom-dien-michelin-12266-3-280x280.jpg 280w, https:\/\/webvision.vn\/wp-content\/uploads\/2017\/10\/bom-dien-michelin-12266-3-180x180.jpg 180w\" alt=\"\" width=\"500\" height=\"500\" data-src=\"https:\/\/webvision.vn\/wp-content\/uploads\/2017\/10\/bom-dien-michelin-12266-3.jpg\" data-srcset=\"https:\/\/webvision.vn\/wp-content\/uploads\/2017\/10\/bom-dien-michelin-12266-3.jpg 300w, https:\/\/webvision.vn\/wp-content\/uploads\/2017\/10\/bom-dien-michelin-12266-3-280x280.jpg 280w, https:\/\/webvision.vn\/wp-content\/uploads\/2017\/10\/bom-dien-michelin-12266-3-180x180.jpg 180w\" \/><\/p>\n<p>S\u1ea3n ph\u1ea9m \u0111\u01b0\u1ee3c trang b\u1ecb \u0111\u1ed9ng c\u01a1 m\u1ea1nh m\u1ebd cho \u00e1p su\u1ea5t t\u1ed1i \u0111a 150psi ~ 10kg\/cm2, c\u00f3 th\u1ec3 th\u1ed5i ph\u1ed3ng m\u1ed9t l\u1ed1p xe t\u1eeb c\u0103n h\u1ed9 \u0111\u1ebfn 30 psi trong kho\u1ea3ng 3 ph\u00fat trong khi t\u1ea1o cho b\u1ea1n th\u1eddi gian r\u1ea3nh \u0111\u1ec3 c\u00f3 th\u1ec3 l\u00e0m vi\u1ec7c kh\u00e1c. M\u00e0n h\u00ecnh LCD hi\u1ec3n th\u1ecb k\u1ef9 thu\u1eadt s\u1ed1 m\u00e0u tr\u1eafng r\u1ea5t d\u1ec5 \u0111\u1ecdc v\u00e0 c\u00f3 th\u1ec3 chuy\u1ec3n gi\u1eefa PSI.<\/p>\n<p>Hi\u1ec7n t\u1ea1i, B\u01a1m \u0111i\u1ec7n \u00f4 t\u00f4 12V Michelin 12266 \u0111\u01b0\u1ee3c \u0110\u1eb2NG C\u1ea4P CAMERA \u2013 \u0110\u1ea0I L\u00dd MICHELIN T\u1ea0I VI\u1ec6T NAM ph\u00e2n ph\u1ed1i. \u0110\u1ec3 bi\u1ebft th\u00eam th\u00f4ng tin chi ti\u1ebft v\u00e0 \u0111\u1eb7t mua s\u1ea3n ph\u1ea9m h\u00e3y li\u00ean h\u1ec7 v\u1edbi ch\u00fang t\u00f4i qua s\u1ed1 \u0111i\u1ec7n tho\u1ea1i sau:<\/p>\n<p>Hotline \u0111\u1eb7t h\u00e0ng:<\/p>\n<p>01234.000.000 0934.000.000 01234.666.666<\/p>\n<p>Hotline h\u1ed7 tr\u1ee3:<\/p>\n<p>0969.9999.19 0969.9999.29 0969.9999.69<\/p>\n<p>SHOWROOM TR\u01afNG B\u00c0Y S\u1ea2N PH\u1ea8M T\u1ea0I \u0110\u1eb2NG C\u1ea4P CAMERA<\/p>\n<p>MI\u1ec0N B\u1eaeC:<\/p>\n<p>S\u1ed1 33\/121 Th\u00e1i h\u00e0, Ph\u01b0\u1eddng Trung Li\u1ec7t, Qu\u1eadn \u0110\u1ed1ng \u0110a, Th\u00e0nh ph\u1ed1 H\u00e0 N\u1ed9i. \u0110i\u1ec7n tho\u1ea1i: (04).22.66.77.88 \u2013 (04).62.555.553<br \/>\nS\u1ed1 11 Phan \u0110\u00ecnh Ph\u00f9ng, Ph\u01b0\u1eddng \u0110\u1ed3ng Quang, Th\u00e0nh ph\u1ed1 Th\u00e1i Nguy\u00ean. \u0110i\u1ec7n tho\u1ea1i: 0969.9999.69<br \/>\nMI\u1ec0N NAM: S\u1ed1 232\/17 Cao Th\u1eafng, Ph\u01b0\u1eddng 12, Qu\u1eadn 10, Th\u00e0nh ph\u1ed1 H\u1ed3 Ch\u00ed Minh. \u0110i\u1ec7n tho\u1ea1i: (08).22.44.66.88 \u2013 (08).22.444.666 \u2013 (08).22.444.888<\/p>\n","protected":false},"excerpt":{"rendered":"<p>S\u1ea3n ph\u1ea9m \u0111\u01b0\u1ee3c trang b\u1ecb \u0111\u1ed9ng c\u01a1 m\u1ea1nh m\u1ebd cho \u00e1p su\u1ea5t t\u1ed1i \u0111a 150psi ~ 10kg\/cm2, c\u00f3 th\u1ec3 th\u1ed5i ph\u1ed3ng m\u1ed9t l\u1ed1p xe t\u1eeb c\u0103n h\u1ed9 \u0111\u1ebfn 30 psi trong kho\u1ea3ng 3 ph\u00fat trong khi t\u1ea1o cho b\u1ea1n th\u1eddi gian r\u1ea3nh \u0111\u1ec3 c\u00f3 th\u1ec3 l\u00e0m vi\u1ec7c kh\u00e1c. M\u00e0n h\u00ecnh LCD hi\u1ec3n th\u1ecb k\u1ef9 thu\u1eadt s\u1ed1 m\u00e0u tr\u1eafng r\u1ea5t d\u1ec5 \u0111\u1ecdc v\u00e0 c\u00f3 th\u1ec3 chuy\u1ec3n gi\u1eefa PSI.<\/p>\n","protected":false},"featured_media":215,"comment_status":"open","ping_status":"closed","template":"","meta":[],"_links":{"self":[{"href":"https:\/\/webmaibinh.com\/w\/camera\/wp-json\/wp\/v2\/product\/214"}],"collection":[{"href":"https:\/\/webmaibinh.com\/w\/camera\/wp-json\/wp\/v2\/product"}],"about":[{"href":"https:\/\/webmaibinh.com\/w\/camera\/wp-json\/wp\/v2\/types\/product"}],"replies":[{"embeddable":true,"href":"https:\/\/webmaibinh.com\/w\/camera\/wp-json\/wp\/v2\/comments?post=214"}],"wp:featuredmedia":[{"embeddable":true,"href":"https:\/\/webmaibinh.com\/w\/camera\/wp-json\/wp\/v2\/media\/215"}],"wp:attachment":[{"href":"https:\/\/webmaibinh.com\/w\/camera\/wp-json\/wp\/v2\/media?parent=214"}],"curies":[{"name":"wp","href":"https:\/\/api.w.org\/{rel}","templated":true}]}}