{"id":204,"date":"2019-03-09T23:33:23","date_gmt":"2019-03-09T16:33:23","guid":{"rendered":"https:\/\/tppone.com\/demo\/camera\/?post_type=product&#038;p=204"},"modified":"2019-03-10T22:27:11","modified_gmt":"2019-03-10T15:27:11","slug":"webvision-6203w","status":"publish","type":"product","link":"https:\/\/webmaibinh.com\/w\/camera\/san-pham\/webvision-6203w\/","title":{"rendered":"WEBVISION 6203W"},"content":{"rendered":"<div><em><strong>Khi c\u00f3 nhu c\u1ea7u mua m\u1ed9t chi\u1ebfc camera quan s\u00e1t, ng\u01b0\u1eddi ti\u00eau d\u00f9ng th\u01b0\u1eddng quan t\u00e2m t\u1edbi c\u00e1c \u01b0u \u0111i\u1ec3m v\u01b0\u1ee3t tr\u1ed9i, nhi\u1ec1u t\u00ednh n\u0103ng hi\u1ec7n \u0111\u1ea1i c\u1ee7a s\u1ea3n ph\u1ea9m.\u00a0<a href=\"https:\/\/webvision.vn\/san-pham\/webvision-6203w\/\" target=\"_blank\" rel=\"noopener\">Camera IP Webvision 6203W l<\/a>\u00e0 m\u1ed9t trong nh\u1eefng s\u1ea3n ph\u1ea9m \u0111\u00e1p \u1ee9ng ti\u00eau chu\u1ea9n \u0111\u00f3 c\u1ee7a kh\u00e1ch h\u00e0nh hi\u1ec7n nay.<\/strong><\/em><\/div>\n<div>V\u1edbi gi\u00e1 th\u00e0nh r\u1ea5t h\u1ee3p l\u00fd ch\u1ec9 v\u1edbi 2 tri\u1ec7u \u0111\u1ed3ng, k\u00e8m theo nh\u1eefng t\u00ednh n\u0103ng hi\u1ec7n \u0111\u1ea1i \u201c\u0111\u1ed9c nh\u1ea5t v\u00f4 nh\u1ecb\u201d, c\u00f4ng ngh\u1ec7 cao c\u1ea5p kh\u00f4ng thua k\u00e9m g\u00ec nh\u1eefng si\u00eau ph\u1ea9m ra \u0111\u1eddi tr\u01b0\u1edbc \u0111\u00f3.\u00a0Camera IP Webvision 6203W<em>\u00a0<\/em>l\u00e0 camera quan s\u00e1t \u0111\u01b0\u1ee3c ng\u01b0\u1eddi d\u00f9ng l\u1ef1a ch\u1ecdn s\u1ed1 1 hi\u1ec7n nay.<\/div>\n<div><img loading=\"lazy\" class=\"aligncenter wp-image-1702 lazy-load-active\" src=\"https:\/\/webvision.vn\/wp-content\/uploads\/2017\/08\/6203w-1.jpg\" sizes=\"(max-width: 600px) 100vw, 600px\" srcset=\"https:\/\/webvision.vn\/wp-content\/uploads\/2017\/08\/6203w-1.jpg 500w, https:\/\/webvision.vn\/wp-content\/uploads\/2017\/08\/6203w-1-280x280.jpg 280w, https:\/\/webvision.vn\/wp-content\/uploads\/2017\/08\/6203w-1-400x400.jpg 400w, https:\/\/webvision.vn\/wp-content\/uploads\/2017\/08\/6203w-1-180x180.jpg 180w, https:\/\/webvision.vn\/wp-content\/uploads\/2017\/08\/6203w-1-300x300.jpg 300w\" alt=\"\" width=\"600\" height=\"600\" data-src=\"https:\/\/webvision.vn\/wp-content\/uploads\/2017\/08\/6203w-1.jpg\" data-srcset=\"https:\/\/webvision.vn\/wp-content\/uploads\/2017\/08\/6203w-1.jpg 500w, https:\/\/webvision.vn\/wp-content\/uploads\/2017\/08\/6203w-1-280x280.jpg 280w, https:\/\/webvision.vn\/wp-content\/uploads\/2017\/08\/6203w-1-400x400.jpg 400w, https:\/\/webvision.vn\/wp-content\/uploads\/2017\/08\/6203w-1-180x180.jpg 180w, https:\/\/webvision.vn\/wp-content\/uploads\/2017\/08\/6203w-1-300x300.jpg 300w\" \/><\/div>\n<h2><strong>C\u00e0i \u0111\u1eb7t d\u1ec5 d\u00e0ng<\/strong><\/h2>\n<div>\u0110\u1ea7u ti\u00ean ph\u1ea3i n\u00f3i v\u1ec1 s\u1ef1 ti\u1ec7n \u00edch trong vi\u1ec7c c\u00e1i \u0111\u1eb7t c\u1ee7a d\u00f2ng\u00a0Camera WebVision\u00a06203W n\u00e0y. C\u00f3 th\u1ec3 n\u00f3i, ch\u01b0a bao gi\u1edd ng\u01b0\u1eddi d\u00f9ng c\u00f3 th\u1ec3 d\u1ec5 d\u00e0ng s\u1eed d\u1ee5ng \u0111\u1ebfn v\u1eady. Ngay c\u1ea3 m\u1ed9t ng\u01b0\u1eddi kh\u00f4ng c\u00f3 ki\u1ebfn th\u1ee9c v\u1ec1 k\u0129 thu\u1eadt, th\u1eadm ch\u00ed ngay c\u1ea3 ch\u1ecb em ph\u1ee5 n\u1eef c\u0169ng c\u00f3 th\u1ec3 nhanh ch\u00f3ng l\u1eafp \u0111\u1eb7t \u0111\u01b0\u1ee3c chi\u1ebfc camera n\u00e0y.<\/div>\n<div>\n<p>Kh\u00f4ng c\u1ea7n c\u00e1c thao t\u00e1c c\u00e0i \u0111\u1eb7t ph\u1ee9c t\u1ea1p, kh\u00f4ng c\u1ea7n c\u1ea5u h\u00ecnh, kh\u00f4ng c\u1ea7n mua t\u00ean mi\u1ec1n, kh\u00f4ng c\u1ea7n mua hosting\u2026B\u1ea1n ch\u1ec9 c\u1ea7n c\u1eafm l\u00e0 chi\u1ebfc camera s\u1ebd t\u1ef1 \u0111\u1ed9ng ch\u1ea1y v\u00e0 ngay l\u1eadp t\u1ee9c, b\u1ea1n c\u00f3 th\u1ec3 xem ngay tr\u00ean chi\u1ebfc \u0111i\u1ec7n tho\u1ea1i c\u1ee7a m\u00ecnh \u1edf b\u1ea5t k\u00ec n\u01a1i \u0111\u00e2u tr\u00ean th\u1ebf gi\u1edbi.<\/p>\n<h2><strong>Ki\u1ec3m so\u00e1t t\u1eeb xa qua smartphone<\/strong><\/h2>\n<p>V\u1edbi kh\u1ea3 n\u0103ng chia s\u1ebb h\u00ecnh \u1ea3nh c\u1ee7a camera qua m\u00e0n h\u00ecnh smartphone, nh\u1eefng chi\u1ebfc Camera IP \u0111ang tr\u1edf th\u00e0nh l\u1ef1a ch\u1ecdn c\u1ee7a nhi\u1ec1u ng\u01b0\u1eddi ti\u00eau d\u00f9ng. Nh\u1edd n\u00f3, b\u1ea1n ho\u00e0n to\u00e0n c\u00f3 th\u1ec3 ki\u1ec3m so\u00e1t \u0111\u01b0\u1ee3c to\u00e0n b\u1ed9 ng\u00f4i nh\u00e0 c\u1ee7a m\u00ecnh d\u00f9 b\u1ea1n \u0111ang \u1edf b\u1ea5t k\u1ef3 \u0111\u00e2u. \u0110\u00e2y c\u0169ng ch\u00ednh l\u00e0 m\u1ed9t trong nh\u1eefng ti\u1ec7n \u00edch c\u1ee7a ng\u00f4i nh\u00e0 th\u00f4ng minh m\u00e0 m\u1ed9t chi\u1ebfc camera c\u00f3 th\u1ec3 mang l\u1ea1i.<\/p>\n<h2><strong>M\u1eaft th\u1ea7n xoay 360 k\u00e8m g\u1eadt g\u00f9 si\u00eau gi\u00e1m s\u00e1t<\/strong><\/h2>\n<p>Camera WebVision 6203W c\u00f3 kh\u1ea3 n\u0103ng xoay 360 \u0111\u1ed9, g\u1eadt g\u00f9 l\u00ean xu\u1ed1ng 120 \u0111\u1ed9 khi\u1ebfn cho kh\u1ea3 n\u0103ng \u0111eo b\u00e1m v\u00e0 theo d\u00f5i tr\u00ean c\u1ea3 h\u00e0i l\u00f2ng. Kh\u00f4ng c\u00f2n kh\u00e1i ni\u1ec7m g\u00f3c ch\u1ebft n\u1eefa. C\u00e1c b\u1ea1n c\u00f3 tin \u0111\u01b0\u1ee3c kh\u00f4ng, ch\u1ee9c n\u0103ng n\u00e0y c\u00f3 th\u1ec3 thao t\u00e1c 100% tr\u00ean \u0111i\u1ec7n tho\u1ea1i hay m\u00e1y t\u00ednh b\u1ea3ng ch\u1ee9 kh\u00f4ng ch\u1ec9 tr\u00ean m\u00e1y t\u00ednh nh\u01b0 m\u1ed9t s\u1ed1 d\u00f2ng camera kh\u00e1c. D\u1ec5 h\u01a1n \u0103n b\u00e1nh l\u00e0 c\u1ea3m nh\u1eadn c\u1ee7a to\u00e0n b\u1ed9 c\u00e1c kh\u00e1ch h\u00e0ng \u0111\u00e3 s\u1eed d\u1ee5ng, t\u1ea5t c\u1ea3 ch\u1ec9 l\u00e0 vu\u1ed1t ng\u00f3n tay tr\u00ean m\u00e0n h\u00ecnh.<\/p>\n<h2><strong>T\u1ef1 \u0111\u1ed9ng ph\u00e1t hi\u1ec7n tr\u1ed9m th\u00f4ng b\u00e1o ngay l\u1eadp t\u1ee9c qua email<\/strong><\/h2>\n<p>Camera IP Wifi WebVision 6203W d\u1ef1a v\u00e0o c\u00f4ng ngh\u1ec7 ph\u00e1t hi\u1ec7n chuy\u1ec3n \u0111\u1ed9ng b\u1ea5t th\u01b0\u1eddng, ghi h\u00ecnh khi c\u00f3 chuy\u1ec3n \u0111\u1ed9ng. \u0110i\u1ec1u n\u00e0y c\u00f3 ngh\u0129a b\u1ea1n c\u00f3 th\u1ec3 thi\u1ebft l\u1eadp ch\u1ebf \u0111\u1ed9 ch\u1ec9 ghi h\u00ecnh khi c\u00f3 chuy\u1ec3n \u0111\u1ed9ng. H\u00e3y h\u00ecnh dung b\u1ea1n \u0111i l\u00e0m v\u1ec1, ch\u1ec9 c\u1ea7n li\u1ebfc qua xem l\u1ea1i camera xem c\u00f3 \u0111i\u1ec1u g\u00ec b\u1ea5t th\u01b0\u1eddng kh\u00f4ng. Kh\u00f4ng nh\u01b0 c\u00e1c lo\u1ea1i camera kh\u00e1c, b\u1ea1n kh\u00f4ng bi\u1ebft l\u00fac n\u00e0o c\u1ea7n xem l\u1ea1i v\u00e0 g\u1ea7n nh\u01b0 to\u00e0n b\u1ed9 \u0111\u1ec1u kh\u00f4ng bi\u1ebft \u0111\u1ebfn hay b\u1ecf s\u00f3t nh\u1eefng kho\u1ea3nh kh\u1eafc \u0111\u00e1ng ng\u1edd<\/p>\n<p>Hi\u1ec7n nay tr\u00ean th\u1ecb tr\u01b0\u1eddng c\u00f3 r\u1ea5t nhi\u1ec1u s\u1ea3n ph\u1ea9m Camera kh\u00f4ng d\u00e2y c\u1ee7a nhi\u1ec1u h\u00e3ng kh\u00e1c nhau, gi\u00e1 c\u1ea3 c\u00f3 khi ch\u00eanh nhau c\u1ea3 tri\u1ec7u \u0111\u1ed3ng. Tuy nhi\u00ean r\u1ee7i ro ti\u1ec1m \u1ea9n kh\u00f4ng h\u1ec1 nh\u1ecf, ch\u01b0a n\u00f3i \u0111\u1ebfn nh\u1eefng t\u1ed5n th\u1ea5t kh\u00f4ng th\u1ec3 \u0111o \u0111\u1ebfm b\u1eb1ng v\u1eadt ch\u1ea5t nh\u01b0 m\u1ee5c \u0111\u00edch theo d\u00f5i con nh\u1ecf \u1edf nh\u00e0 v\u1edbi oshin.<\/p>\n<\/div>\n","protected":false},"excerpt":{"rendered":"<p>Hi\u1ec7n nay tr\u00ean th\u1ecb tr\u01b0\u1eddng c\u00f3 r\u1ea5t nhi\u1ec1u s\u1ea3n ph\u1ea9m Camera kh\u00f4ng d\u00e2y c\u1ee7a nhi\u1ec1u h\u00e3ng kh\u00e1c nhau, gi\u00e1 c\u1ea3 c\u00f3 khi ch\u00eanh nhau c\u1ea3 tri\u1ec7u \u0111\u1ed3ng. Tuy nhi\u00ean r\u1ee7i ro ti\u1ec1m \u1ea9n kh\u00f4ng h\u1ec1 nh\u1ecf, ch\u01b0a n\u00f3i \u0111\u1ebfn nh\u1eefng t\u1ed5n th\u1ea5t kh\u00f4ng th\u1ec3 \u0111o \u0111\u1ebfm b\u1eb1ng v\u1eadt ch\u1ea5t nh\u01b0 m\u1ee5c \u0111\u00edch theo d\u00f5i con nh\u1ecf \u1edf nh\u00e0 v\u1edbi oshin.<\/p>\n","protected":false},"featured_media":205,"comment_status":"open","ping_status":"closed","template":"","meta":[],"_links":{"self":[{"href":"https:\/\/webmaibinh.com\/w\/camera\/wp-json\/wp\/v2\/product\/204"}],"collection":[{"href":"https:\/\/webmaibinh.com\/w\/camera\/wp-json\/wp\/v2\/product"}],"about":[{"href":"https:\/\/webmaibinh.com\/w\/camera\/wp-json\/wp\/v2\/types\/product"}],"replies":[{"embeddable":true,"href":"https:\/\/webmaibinh.com\/w\/camera\/wp-json\/wp\/v2\/comments?post=204"}],"wp:featuredmedia":[{"embeddable":true,"href":"https:\/\/webmaibinh.com\/w\/camera\/wp-json\/wp\/v2\/media\/205"}],"wp:attachment":[{"href":"https:\/\/webmaibinh.com\/w\/camera\/wp-json\/wp\/v2\/media?parent=204"}],"curies":[{"name":"wp","href":"https:\/\/api.w.org\/{rel}","templated":true}]}}