{"id":202,"date":"2019-03-09T23:32:45","date_gmt":"2019-03-09T16:32:45","guid":{"rendered":"https:\/\/tppone.com\/demo\/camera\/?post_type=product&#038;p=202"},"modified":"2019-03-10T22:27:38","modified_gmt":"2019-03-10T15:27:38","slug":"webvision-s6263yhd","status":"publish","type":"product","link":"https:\/\/webmaibinh.com\/w\/camera\/san-pham\/webvision-s6263yhd\/","title":{"rendered":"WEBVISION S6263YHD"},"content":{"rendered":"<p>\u2013 \u0110\u01b0\u1ee3c thi\u1ebft k\u1ebf v\u1edbi v\u1ecf b\u1ea3o v\u1ec7 ti\u00eau chu\u1ea9n ch\u1ed1ng n\u01b0\u1edbc, v\u1edbi \u0111\u1ed9 b\u1ec1n cao camera ip webvision S6263Y th\u00e1ch th\u1ee9c m\u1ecdi \u0111i\u1ec1u ki\u1ec7n c\u1ee7a kh\u1eafc nghi\u1ec7t c\u1ee7a th\u1eddi ti\u1ebft.<br \/>\n\u2013 T\u00edch h\u1ee3p ghi h\u00ecnh c\u1ea3 ng\u00e0y l\u1eabn \u0111\u00eam r\u00f5 n\u00e9t. Bao g\u1ed3m 30 \u0111\u00e8n led cung c\u1ea5p kh\u1ea3 n\u0103ng quan s\u00e1t khi \u00e1nh s\u00e1ng = 0, \u0111\u1ed9 xa t\u1ed1i \u0111a 25 m\u00e9t.<\/p>\n<p>\u2013 D\u1ec5 d\u00e0ng l\u1eafp \u0111\u1eb7t v\u00e0 s\u1eed d\u1ee5ng<\/p>\n","protected":false},"excerpt":{"rendered":"<p>\u0110\u01b0\u1ee3c thi\u1ebft k\u1ebf v\u1edbi v\u1ecf b\u1ea3o v\u1ec7 ti\u00eau chu\u1ea9n ch\u1ed1ng n\u01b0\u1edbc, v\u1edbi \u0111\u1ed9 b\u1ec1n cao camera ip webvision S6263Y th\u00e1ch th\u1ee9c m\u1ecdi \u0111i\u1ec1u ki\u1ec7n c\u1ee7a kh\u1eafc nghi\u1ec7t c\u1ee7a th\u1eddi ti\u1ebft.<br \/>\n\u2013 T\u00edch h\u1ee3p ghi h\u00ecnh c\u1ea3 ng\u00e0y l\u1eabn \u0111\u00eam r\u00f5 n\u00e9t. Bao g\u1ed3m 30 \u0111\u00e8n led cung c\u1ea5p kh\u1ea3 n\u0103ng quan s\u00e1t khi \u00e1nh s\u00e1ng = 0, \u0111\u1ed9 xa t\u1ed1i \u0111a 25 m\u00e9t.<\/p>\n","protected":false},"featured_media":203,"comment_status":"open","ping_status":"closed","template":"","meta":[],"_links":{"self":[{"href":"https:\/\/webmaibinh.com\/w\/camera\/wp-json\/wp\/v2\/product\/202"}],"collection":[{"href":"https:\/\/webmaibinh.com\/w\/camera\/wp-json\/wp\/v2\/product"}],"about":[{"href":"https:\/\/webmaibinh.com\/w\/camera\/wp-json\/wp\/v2\/types\/product"}],"replies":[{"embeddable":true,"href":"https:\/\/webmaibinh.com\/w\/camera\/wp-json\/wp\/v2\/comments?post=202"}],"wp:featuredmedia":[{"embeddable":true,"href":"https:\/\/webmaibinh.com\/w\/camera\/wp-json\/wp\/v2\/media\/203"}],"wp:attachment":[{"href":"https:\/\/webmaibinh.com\/w\/camera\/wp-json\/wp\/v2\/media?parent=202"}],"curies":[{"name":"wp","href":"https:\/\/api.w.org\/{rel}","templated":true}]}}