{"id":196,"date":"2019-03-09T23:31:11","date_gmt":"2019-03-09T16:31:11","guid":{"rendered":"https:\/\/tppone.com\/demo\/camera\/?post_type=product&#038;p=196"},"modified":"2019-03-10T22:28:58","modified_gmt":"2019-03-10T15:28:58","slug":"webvision-t6100ip","status":"publish","type":"product","link":"https:\/\/webmaibinh.com\/w\/camera\/san-pham\/webvision-t6100ip\/","title":{"rendered":"WEBVISION T6100IP"},"content":{"rendered":"<p>C\u00f3 2 v\u1ea5n \u0111\u1ec1 then ch\u1ed1t ch\u00fang t\u00f4i lu\u00f4n khuy\u00ean kh\u00e1ch h\u00e0ng khi \u0111\u1eb7t mua camera \u0111\u00f3 l\u00e0:<\/p>\n<p>X\u00e1c \u0111\u1ecbnh \u0111\u00fang nhu c\u1ea7u c\u1ee7a b\u1ea1n ( t\u1ee9c quan s\u00e1t c\u00e1i g\u00ec?)<br \/>\nX\u00e1c \u0111\u1ecbnh khu v\u1ef1c mu\u1ed1n quan s\u00e1t, theo d\u00f5i v\u00e0 kho\u1ea3ng c\u00e1ch t\u1edbi \u0111\u1ed1i t\u01b0\u1ee3ng<\/p>\n<p>S\u1ea3n ph\u1ea9m T6100WIP th\u00edch h\u1ee3p v\u1edbi nh\u1eefng kh\u00e1ch h\u00e0ng sau:<\/p>\n<p>Ng\u01b0\u1eddi \u0111i c\u00f4ng t\u00e1c \u1edf n\u01b0\u1edbc ngo\u00e0i mu\u1ed1n theo d\u00f5i c\u00f4ng vi\u1ec7c \u0111ang di\u1ec5n ra t\u1ea1i c\u00f4ng ty.<br \/>\nNg\u01b0\u1eddi \u1edf v\u0103n ph\u00f2ng mu\u1ed1n gi\u00e1m s\u00e1t c\u00f4ng vi\u1ec7c \u0111ang di\u1ec5n ra \u1edf x\u01b0\u1edfng s\u1ea3n xu\u1ea5t<br \/>\nNg\u01b0\u1eddi \u1edf v\u0103n ph\u00f2ng \u0111\u1ea1i di\u1ec7n mu\u1ed1n gi\u1edbi thi\u1ec7u v\u1edbi c\u00e1c \u0111\u1ed1i t\u00e1c v\u1ec1 x\u01b0\u1edfng s\u1ea3n xu\u1ea5t c\u1ee7a m\u00ecnh \u1edf c\u00e1c t\u1ec9nh<br \/>\nNg\u01b0\u1eddi \u0111i l\u00e0m xa v\u00e0 mu\u1ed1n theo d\u00f5i con c\u00e1i \u0111ang l\u00e0m g\u00ec \u1edf nh\u00e0.<br \/>\nNg\u01b0\u1eddi \u1edf nh\u00e0 v\u00e0 mu\u1ed1n quan s\u00e1t nh\u00e2n vi\u00ean \u0111ang b\u00e1n h\u00e0ng t\u1ea1i c\u00e1c c\u1eeda h\u00e0ng\u2026<br \/>\nNg\u01b0\u1eddi \u1edf v\u0103n ph\u00f2ng mu\u1ed1n tr\u00f4ng ch\u1eebng ng\u01b0\u1eddi gi\u00e0 , tr\u1ebb con , osin \u2026.\u1edf nh\u00e0<\/p>\n","protected":false},"excerpt":{"rendered":"<p>Ng\u01b0\u1eddi \u0111i c\u00f4ng t\u00e1c \u1edf n\u01b0\u1edbc ngo\u00e0i mu\u1ed1n theo d\u00f5i c\u00f4ng vi\u1ec7c \u0111ang di\u1ec5n ra t\u1ea1i c\u00f4ng ty.<br \/>\nNg\u01b0\u1eddi \u1edf v\u0103n ph\u00f2ng mu\u1ed1n gi\u00e1m s\u00e1t c\u00f4ng vi\u1ec7c \u0111ang di\u1ec5n ra \u1edf x\u01b0\u1edfng s\u1ea3n xu\u1ea5t<br \/>\nNg\u01b0\u1eddi \u1edf v\u0103n ph\u00f2ng \u0111\u1ea1i di\u1ec7n mu\u1ed1n gi\u1edbi thi\u1ec7u v\u1edbi c\u00e1c \u0111\u1ed1i t\u00e1c v\u1ec1 x\u01b0\u1edfng s\u1ea3n xu\u1ea5t c\u1ee7a m\u00ecnh \u1edf c\u00e1c t\u1ec9nh<\/p>\n","protected":false},"featured_media":197,"comment_status":"open","ping_status":"closed","template":"","meta":[],"_links":{"self":[{"href":"https:\/\/webmaibinh.com\/w\/camera\/wp-json\/wp\/v2\/product\/196"}],"collection":[{"href":"https:\/\/webmaibinh.com\/w\/camera\/wp-json\/wp\/v2\/product"}],"about":[{"href":"https:\/\/webmaibinh.com\/w\/camera\/wp-json\/wp\/v2\/types\/product"}],"replies":[{"embeddable":true,"href":"https:\/\/webmaibinh.com\/w\/camera\/wp-json\/wp\/v2\/comments?post=196"}],"wp:featuredmedia":[{"embeddable":true,"href":"https:\/\/webmaibinh.com\/w\/camera\/wp-json\/wp\/v2\/media\/197"}],"wp:attachment":[{"href":"https:\/\/webmaibinh.com\/w\/camera\/wp-json\/wp\/v2\/media?parent=196"}],"curies":[{"name":"wp","href":"https:\/\/api.w.org\/{rel}","templated":true}]}}