{"id":190,"date":"2019-03-09T23:29:29","date_gmt":"2019-03-09T16:29:29","guid":{"rendered":"https:\/\/tppone.com\/demo\/camera\/?post_type=product&#038;p=190"},"modified":"2019-03-10T22:30:25","modified_gmt":"2019-03-10T15:30:25","slug":"webvision-s633y-i9","status":"publish","type":"product","link":"https:\/\/webmaibinh.com\/w\/camera\/san-pham\/webvision-s633y-i9\/","title":{"rendered":"WEBVISION S633Y-i9"},"content":{"rendered":"<p>Camera 360 \u0111\u1ed9 IP Wifi Webvision S633Y-i9 Panoramic HD 960P v\u1edbi thi\u1ebft k\u1ebf g\u00f3c m\u1edf to\u00e0n c\u1ea3nh Panoramic 360 \u0111\u1ed9 l\u00e0 xu h\u01b0\u1edbng gi\u00e1m s\u00e1t m\u1edbi nh\u1ea5t hi\u1ec7n nay \u0111\u01b0\u1ee3c nh\u00e0 s\u1ea3n xu\u1ea5t h\u00e0ng \u0111\u1ea7u WEBVISION \u0111\u00e3 \u0111\u01b0a ra v\u00e0 n\u00e2ng cao ch\u1ea5t l\u01b0\u1ee3ng trong n\u0103m nay.<\/p>\n<p>V\u1edbi thi\u1ebft k\u1ebf d\u1ea1ng v\u00f2m g\u00f3c quay 360 \u0111\u1ed9 , camera IP Webvision S633Y-i9 Panoramic HD 960P th\u1ef1c s\u1ef1 l\u00e0 c\u00f4ng c\u1ee5 gi\u00e1m s\u00e1t hi\u1ec7u qu\u1ea3 cho nh\u1eefng kh\u00f4ng gian r\u1ed9ng.<\/p>\n<p>Camera gi\u00e1m s\u00e1t to\u00e0n c\u1ea3nh l\u00e0 m\u1ed9t ch\u1ee7ng lo\u1ea1i m\u1edbi trong ng\u00e0nh camera an ninh v\u00e0 \u0111ang tr\u1edf th\u00e0nh l\u1ef1a ch\u1ecdn ph\u1ed5 bi\u1ebfn c\u1ee7a ng\u01b0\u1eddi ti\u00eau d\u00f9ng hi\u1ec7n nay. So v\u1edbi camera gi\u00e1m s\u00e1t th\u00f4ng th\u01b0\u1eddng, camera to\u00e0n c\u1ea3nh c\u00f3 l\u1ebd l\u00e0 s\u1ef1 l\u1ef1a ch\u1ecdn t\u1ed1t nh\u1ea5t khi c\u1ea7n theo d\u00f5i gi\u00e1m s\u00e1t trong kh\u00f4ng gian 360 \u0111\u1ed9. Thay v\u00ec ph\u1ea3i c\u00e0i \u0111\u1eb7t nhi\u1ec1u camera gi\u00e1m s\u00e1t, b\u1ea1n ch\u1ec9 c\u1ea7n s\u1eed d\u1ee5ng m\u1ed9t camera to\u00e0n c\u1ea3nh duy nh\u1ea5t \u0111\u1ec3 c\u00f3 th\u1ec3 theo d\u00f5i to\u00e0n b\u1ed9 khu v\u1ef1c xung quanh, \u0111\u1ed3ng th\u1eddi gi\u00fap gi\u1ea3m b\u1edbt g\u00e1nh n\u1eb7ng ng\u00e2n s\u00e1ch \u0111\u1ea7u t\u01b0 thi\u1ebft b\u1ecb, l\u1eafp \u0111\u1eb7t v\u00e0 b\u1ea3o tr\u00ec.<\/p>\n","protected":false},"excerpt":{"rendered":"<p>Camera 360 \u0111\u1ed9 IP Wifi Webvision S633Y-i9 Panoramic HD 960P v\u1edbi thi\u1ebft k\u1ebf g\u00f3c m\u1edf to\u00e0n c\u1ea3nh Panoramic 360 \u0111\u1ed9 l\u00e0 xu h\u01b0\u1edbng gi\u00e1m s\u00e1t m\u1edbi nh\u1ea5t hi\u1ec7n nay \u0111\u01b0\u1ee3c nh\u00e0 s\u1ea3n xu\u1ea5t h\u00e0ng \u0111\u1ea7u WEBVISION \u0111\u00e3 \u0111\u01b0a ra v\u00e0 n\u00e2ng cao ch\u1ea5t l\u01b0\u1ee3ng trong n\u0103m nay.<\/p>\n","protected":false},"featured_media":191,"comment_status":"open","ping_status":"closed","template":"","meta":[],"_links":{"self":[{"href":"https:\/\/webmaibinh.com\/w\/camera\/wp-json\/wp\/v2\/product\/190"}],"collection":[{"href":"https:\/\/webmaibinh.com\/w\/camera\/wp-json\/wp\/v2\/product"}],"about":[{"href":"https:\/\/webmaibinh.com\/w\/camera\/wp-json\/wp\/v2\/types\/product"}],"replies":[{"embeddable":true,"href":"https:\/\/webmaibinh.com\/w\/camera\/wp-json\/wp\/v2\/comments?post=190"}],"wp:featuredmedia":[{"embeddable":true,"href":"https:\/\/webmaibinh.com\/w\/camera\/wp-json\/wp\/v2\/media\/191"}],"wp:attachment":[{"href":"https:\/\/webmaibinh.com\/w\/camera\/wp-json\/wp\/v2\/media?parent=190"}],"curies":[{"name":"wp","href":"https:\/\/api.w.org\/{rel}","templated":true}]}}