{"id":168,"date":"2019-03-09T23:18:37","date_gmt":"2019-03-09T16:18:37","guid":{"rendered":"https:\/\/tppone.com\/demo\/camera\/?post_type=product&#038;p=168"},"modified":"2019-03-10T22:25:37","modified_gmt":"2019-03-10T15:25:37","slug":"webvision-n93-thiet-bi-dan-duong-camera-hanh-trinh-kep","status":"publish","type":"product","link":"https:\/\/webmaibinh.com\/w\/camera\/san-pham\/webvision-n93-thiet-bi-dan-duong-camera-hanh-trinh-kep\/","title":{"rendered":"WEBVISION N93 \u2013 Thi\u1ebft b\u1ecb d\u1eabn \u0111\u01b0\u1eddng, camera h\u00e0nh tr\u00ecnh k\u00e9p"},"content":{"rendered":"<p>Webvision l\u00e0 h\u00e3ng\u00a0<strong>Camera h\u00e0nh tr\u00ecnh<\/strong>\u00a0h\u00e0ng \u0111\u1ea7u Vi\u1ec7t Nam \u0111\u01b0\u1ee3c s\u1ea3n xu\u1ea5t li\u00ean doanh gi\u1eefa Nga, H\u1ed3ng K\u00f4ng v\u00e0 Vi\u1ec7t Nam v\u1edbi ch\u1ea5t l\u01b0\u1ee3ng t\u1ed1t nh\u1ea5t, \u0111\u01b0\u1ee3c t\u00edch h\u1ee3p c\u00f4ng ngh\u1ec7 ti\u00ean ti\u1ebfn nh\u1ea5t nh\u1eb1m gi\u00fap t\u00e0i x\u1ebf l\u00e1i xe an to\u00e0n tr\u00ean m\u1ecdi h\u00e0nh tr\u00ecnh.<\/p>\n<h2><b>Camera H\u00e0nh Tr\u00ecnh Webvision N93 \u2013 Tr\u1ee3 L\u00fd \u0111\u1eafc l\u1ef1c C\u1ee7a L\u00e1i Xe Vi\u1ec7t<\/b><\/h2>\n<p><strong>Webvision N93<\/strong>\u00a0l\u00e0 m\u1eabu camera h\u00e0nh tr\u00ecnh \u00f4 t\u00f4 \u0111ang \u0111\u01b0\u1ee3c thu h\u00fat s\u1ef1 ch\u00fa \u00fd c\u1ee7a l\u00e1i xe v\u1edbi vi\u1ec7c t\u00edch h\u1ee3p nhi\u1ec1u t\u00ednh n\u0103ng th\u00f4ng minh h\u1ed7 tr\u1ee3 ng\u01b0\u1eddi l\u00e1i b\u1eb1ng ng\u00f4n ng\u1eef ti\u1ebfng Vi\u1ec7t.\u00a0Ngo\u00e0i ghi h\u00ecnh v\u1edbi ch\u1ea5t l\u01b0\u1ee3ng Full HD, chi\u1ebfc camera Webvision N93 c\u00f2n \u0111\u01b0\u1ee3c trang b\u1ecb GPS v\u1edbi d\u1eef li\u1ec7u b\u1ea3n \u0111\u1ed3 63 t\u1ec9nh th\u00e0nh, c\u00f3 th\u1ec3 \u0111\u01b0a ra nh\u1eefng c\u1ea3nh b\u00e1o d\u1ef1a tr\u00ean t\u00ecnh h\u00ecnh v\u1eadn h\u00e0nh th\u1ef1c t\u1ebf c\u1ee7a chi\u1ebfc xe v\u00e0 \u0111\u00e1p \u1ee9ng \u0111\u01b0\u1ee3c m\u1ecdi y\u00eau c\u1ea7u c\u1ee7a m\u1ed9t l\u00e1i xe c\u1ea7n.<\/p>\n<p>M\u1eddi c\u00e1c b\u1ea1n xem video\u00a0<strong>\u0110\u1eadp h\u1ed9p Camera h\u00e0nh tr\u00ecnh Webvision N93 \u2013 Tr\u1ee3 L\u00fd \u0111\u1eafc l\u1ef1c C\u1ee7a L\u00e1i Xe Vi\u1ec7t Nam<\/strong><\/p>\n<p>Xem th\u00eam:\u00a0\u00a0Chuy\u00ean gia Webvision Vi\u1ec7t Nam \u0111\u00e1nh gi\u00e1\u00a0v\u1ec1 Camera h\u00e0nh tr\u00ecnh Webvision N93<\/p>\n<h2><strong>Th\u00f4ng tin chi ti\u1ebft ph\u1ee5 ki\u1ec7n s\u1ea3n ph\u1ea9m<\/strong><\/h2>\n<p>Webvision N93 g\u1ed3m ph\u1ea7n th\u00e2n v\u00e0 6 ph\u1ee5 ki\u1ec7n \u0111i k\u00e8m v\u1edbi nh\u1eefng ch\u1ee9c n\u0103ng kh\u00e1c nhau, c\u1ee5 th\u1ec3 l\u00e0:<\/p>\n<p>\u2013 B\u1ed9 s\u1ea1c: D\u00f9ng \u0111\u1ec3 d\u1eabn \u0111i\u1ec7n t\u1eeb \u00f4 t\u00f4 v\u00e0o Camera.<br \/>\n\u2013 C\u00e1p n\u1ed1i Camera ph\u00eda sau: D\u00f9ng \u0111\u1ec3 n\u1ed1i th\u00e2n m\u00e1y v\u1edbi Camera sau.<br \/>\n\u2013 Camera sau: Th\u1ef1c hi\u1ec7n ch\u1ee9c n\u0103ng ghi ph\u00eda sau xe.<br \/>\n\u2013 Thi\u1ebft b\u1ecb \u0111\u1ecbnh v\u1ecb GPS: Th\u1ef1c hi\u1ec7n ch\u1ee9c n\u0103ng d\u1eabn \u0111\u01b0\u1eddng cho \u00f4 t\u00f4.<br \/>\n\u2013 S\u00e1ch h\u01b0\u1edbng d\u1eabn: H\u01b0\u1edbng d\u1eabn s\u1eed d\u1ee5ng Camera h\u00e0nh tr\u00ecnh Webvision N93.<br \/>\n\u2013 Mi\u1ebfng d\u00e1n 3M: D\u00f9ng \u0111\u1ec3 c\u1ed1 \u0111\u1ecbnh Camera v\u1edbi t\u00e1p l\u00f4 xe.<\/p>\n","protected":false},"excerpt":{"rendered":"<p><strong>Webvision N93<\/strong>\u00a0l\u00e0 m\u1eabu camera h\u00e0nh tr\u00ecnh \u00f4 t\u00f4 \u0111ang \u0111\u01b0\u1ee3c thu h\u00fat s\u1ef1 ch\u00fa \u00fd c\u1ee7a l\u00e1i xe v\u1edbi vi\u1ec7c t\u00edch h\u1ee3p nhi\u1ec1u t\u00ednh n\u0103ng th\u00f4ng minh h\u1ed7 tr\u1ee3 ng\u01b0\u1eddi l\u00e1i b\u1eb1ng ng\u00f4n ng\u1eef ti\u1ebfng Vi\u1ec7t.\u00a0Ngo\u00e0i ghi h\u00ecnh v\u1edbi ch\u1ea5t l\u01b0\u1ee3ng Full HD, chi\u1ebfc camera Webvision N93 c\u00f2n \u0111\u01b0\u1ee3c trang b\u1ecb GPS v\u1edbi d\u1eef li\u1ec7u b\u1ea3n \u0111\u1ed3 63 t\u1ec9nh th\u00e0nh, c\u00f3 th\u1ec3 \u0111\u01b0a ra nh\u1eefng c\u1ea3nh b\u00e1o d\u1ef1a tr\u00ean t\u00ecnh h\u00ecnh v\u1eadn h\u00e0nh th\u1ef1c t\u1ebf c\u1ee7a chi\u1ebfc xe v\u00e0 \u0111\u00e1p \u1ee9ng \u0111\u01b0\u1ee3c m\u1ecdi y\u00eau c\u1ea7u c\u1ee7a m\u1ed9t l\u00e1i xe c\u1ea7n.<\/p>\n","protected":false},"featured_media":169,"comment_status":"open","ping_status":"closed","template":"","meta":[],"_links":{"self":[{"href":"https:\/\/webmaibinh.com\/w\/camera\/wp-json\/wp\/v2\/product\/168"}],"collection":[{"href":"https:\/\/webmaibinh.com\/w\/camera\/wp-json\/wp\/v2\/product"}],"about":[{"href":"https:\/\/webmaibinh.com\/w\/camera\/wp-json\/wp\/v2\/types\/product"}],"replies":[{"embeddable":true,"href":"https:\/\/webmaibinh.com\/w\/camera\/wp-json\/wp\/v2\/comments?post=168"}],"wp:featuredmedia":[{"embeddable":true,"href":"https:\/\/webmaibinh.com\/w\/camera\/wp-json\/wp\/v2\/media\/169"}],"wp:attachment":[{"href":"https:\/\/webmaibinh.com\/w\/camera\/wp-json\/wp\/v2\/media?parent=168"}],"curies":[{"name":"wp","href":"https:\/\/api.w.org\/{rel}","templated":true}]}}