{"id":468,"date":"2018-10-12T07:32:26","date_gmt":"2018-10-12T07:32:26","guid":{"rendered":"https:\/\/tppone.com\/demo\/benhvien\/?page_id=468"},"modified":"2018-10-12T07:45:52","modified_gmt":"2018-10-12T07:45:52","slug":"dat-lich-kham","status":"publish","type":"page","link":"https:\/\/webmaibinh.com\/w\/benhvien\/dat-lich-kham\/","title":{"rendered":"\u0110\u1eb7t l\u1ecbch kh\u00e1m"},"content":{"rendered":"<div role=\"form\" class=\"wpcf7\" id=\"wpcf7-f474-o1\" lang=\"vi\" dir=\"ltr\">\n<div class=\"screen-reader-response\"><p role=\"status\" aria-live=\"polite\" aria-atomic=\"true\"><\/p> <ul><\/ul><\/div>\n<form action=\"\/w\/benhvien\/wp-json\/wp\/v2\/pages\/468#wpcf7-f474-o1\" method=\"post\" class=\"wpcf7-form init\" novalidate=\"novalidate\" data-status=\"init\">\n<div style=\"display: none;\">\n<input type=\"hidden\" name=\"_wpcf7\" value=\"474\" \/>\n<input type=\"hidden\" name=\"_wpcf7_version\" value=\"5.3\" \/>\n<input type=\"hidden\" name=\"_wpcf7_locale\" value=\"vi\" \/>\n<input type=\"hidden\" name=\"_wpcf7_unit_tag\" value=\"wpcf7-f474-o1\" \/>\n<input type=\"hidden\" name=\"_wpcf7_container_post\" value=\"0\" \/>\n<input type=\"hidden\" name=\"_wpcf7_posted_data_hash\" value=\"\" \/>\n<\/div>\n<div class=\"dat-lich-kham\">\n<div class=\"row1\">\n<h3>Th\u00f4ng tin kh\u00e1ch h\u00e0ng<\/h3>\n<p><span>Vui l\u00f2ng \u0111i\u1ec1n th\u00f4ng tin b\u00ean d\u01b0\u1edbi \u0111\u1ec3 \u0111\u0103ng k\u00ed \u0111\u1eb7t l\u1ecbch. Vinmec s\u1ebd li\u00ean l\u1ea1c v\u1edbi qu\u00fd kh\u00e1ch trong th\u1eddi gian s\u1edbm nh\u1ea5t \u0111\u1ec3 t\u01b0 v\u1ea5n v\u00e0 b\u1ed1 tr\u00ed l\u1ecbch kh\u00e1m v\u00e0o c\u00e1c khung gi\u1edd c\u00f2n tr\u1ed1ng<\/span><\/p>\n<div class=\"left\">\n<label>H\u1ecd v\u00e0 t\u00ean (*)<\/label><br \/>\n<span class=\"wpcf7-form-control-wrap text-312\"><input type=\"text\" name=\"text-312\" value=\"\" size=\"40\" class=\"wpcf7-form-control wpcf7-text wpcf7-validates-as-required\" aria-required=\"true\" aria-invalid=\"false\" placeholder=\"H\u1ecd v\u00e0 t\u00ean...\" \/><\/span><br \/>\n<label>S\u1ed1 \u0111i\u1ec7n tho\u1ea1i (*)<\/label><br \/>\n<span class=\"wpcf7-form-control-wrap tel-610\"><input type=\"tel\" name=\"tel-610\" value=\"\" size=\"40\" class=\"wpcf7-form-control wpcf7-text wpcf7-tel wpcf7-validates-as-required wpcf7-validates-as-tel\" aria-required=\"true\" aria-invalid=\"false\" placeholder=\"S\u1ed1 \u0111i\u1ec7n tho\u1ea1i...\" \/><\/span><br \/>\n<label>Gi\u1edbi t\u00ednh (*)<\/label><br \/>\n<span class=\"wpcf7-form-control-wrap checkbox-372\"><span class=\"wpcf7-form-control wpcf7-checkbox wpcf7-validates-as-required\"><span class=\"wpcf7-list-item first\"><input type=\"checkbox\" name=\"checkbox-372[]\" value=\"Nam\" \/><span class=\"wpcf7-list-item-label\">Nam<\/span><\/span><span class=\"wpcf7-list-item last\"><input type=\"checkbox\" name=\"checkbox-372[]\" value=\"N\u1eef\" \/><span class=\"wpcf7-list-item-label\">N\u1eef<\/span><\/span><\/span><\/span>\n<\/div>\n<div class=\"right\">\n<label>Ng\u00e0y sinh<\/label><br \/>\n<span class=\"wpcf7-form-control-wrap date-12\"><input type=\"date\" name=\"date-12\" value=\"\" class=\"wpcf7-form-control wpcf7-date wpcf7-validates-as-date\" min=\"2018-10-03\" aria-invalid=\"false\" placeholder=\"Ng\u00e0y sinh\" \/><\/span><br \/>\n<label>\u0110\u1ecba ch\u1ec9 email<\/label><br \/>\n<span class=\"wpcf7-form-control-wrap email-231\"><input type=\"email\" name=\"email-231\" value=\"\" size=\"40\" class=\"wpcf7-form-control wpcf7-text wpcf7-email wpcf7-validates-as-email\" aria-invalid=\"false\" placeholder=\"\u0110\u1ecba ch\u1ec9 email\" \/><\/span>\n<\/div>\n<div class=\"clearboth\"><\/div>\n<\/div>\n<div class=\"row2\">\n<h3>Th\u00f4ng tin h\u1eb9n kh\u00e1m<\/h3>\n<div class=\"left\">\n<label>Ng\u00e0y h\u1eb9n kh\u00e1m (*):<\/label><br \/>\n<span class=\"wpcf7-form-control-wrap date-14\"><input type=\"date\" name=\"date-14\" value=\"\" class=\"wpcf7-form-control wpcf7-date wpcf7-validates-as-required wpcf7-validates-as-date\" min=\"2018-10-01\" max=\"2018-10-31\" aria-required=\"true\" aria-invalid=\"false\" placeholder=\"Ng\u00e0y h\u1eb9n kh\u00e1m\" \/><\/span><br \/>\n<label>N\u1ed9i dung kh\u00e1m b\u1ec7nh (*):<\/label><br \/>\n<span class=\"wpcf7-form-control-wrap textarea-8167\"><textarea name=\"textarea-8167\" cols=\"40\" rows=\"10\" class=\"wpcf7-form-control wpcf7-textarea wpcf7-validates-as-required\" aria-required=\"true\" aria-invalid=\"false\" placeholder=\"N\u1ed9i dung kh\u00e1m b\u1ec7nh...\"><\/textarea><\/span>\n<\/div>\n<div class=\"right\">\n<label>B\u00e1c s\u1ef9:<\/label><br \/>\n<span class=\"wpcf7-form-control-wrap text-318\"><input type=\"text\" name=\"text-318\" value=\"\" size=\"40\" class=\"wpcf7-form-control wpcf7-text\" aria-invalid=\"false\" placeholder=\"B\u00e1c s\u1ef9\" \/><\/span><br \/>\n<label>Gi\u1edd (*):<\/label><br \/>\n<span class=\"wpcf7-form-control-wrap text-316\"><input type=\"text\" name=\"text-316\" value=\"\" size=\"40\" class=\"wpcf7-form-control wpcf7-text wpcf7-validates-as-required\" aria-required=\"true\" aria-invalid=\"false\" placeholder=\"Gi\u1edd: V\u00ed d\u1ee5: 14:00-15:00\" \/><\/span><\/p>\n<\/div>\n<div class=\"clearboth\"><\/div>\n<\/div>\n<div class=\"row3\">\n<span class=\"wpcf7-form-control-wrap acceptance-584\"><span class=\"wpcf7-form-control wpcf7-acceptance optional\"><span class=\"wpcf7-list-item\"><label><input type=\"checkbox\" name=\"acceptance-584\" value=\"1\" aria-invalid=\"false\" \/><span class=\"wpcf7-list-item-label\">Ch\u1ea5p nh\u1eadn \u0111i\u1ec1u kho\u1ea3n & \u0111i\u1ec1u ki\u1ec7n<\/span><\/label><\/span><\/span><\/span>\n<\/div>\n<p><input type=\"submit\" value=\"G\u1eedi \u0111\u0103ng k\u00fd\" class=\"wpcf7-form-control wpcf7-submit\" \/>\n<\/p><\/div>\n<div class=\"wpcf7-response-output\" aria-hidden=\"true\"><\/div><\/form><\/div>\n","protected":false},"excerpt":{"rendered":"","protected":false},"author":1,"featured_media":0,"parent":0,"menu_order":0,"comment_status":"closed","ping_status":"closed","template":"page-left-sidebar.php","meta":[],"_links":{"self":[{"href":"https:\/\/webmaibinh.com\/w\/benhvien\/wp-json\/wp\/v2\/pages\/468"}],"collection":[{"href":"https:\/\/webmaibinh.com\/w\/benhvien\/wp-json\/wp\/v2\/pages"}],"about":[{"href":"https:\/\/webmaibinh.com\/w\/benhvien\/wp-json\/wp\/v2\/types\/page"}],"author":[{"embeddable":true,"href":"https:\/\/webmaibinh.com\/w\/benhvien\/wp-json\/wp\/v2\/users\/1"}],"replies":[{"embeddable":true,"href":"https:\/\/webmaibinh.com\/w\/benhvien\/wp-json\/wp\/v2\/comments?post=468"}],"version-history":[{"count":0,"href":"https:\/\/webmaibinh.com\/w\/benhvien\/wp-json\/wp\/v2\/pages\/468\/revisions"}],"wp:attachment":[{"href":"https:\/\/webmaibinh.com\/w\/benhvien\/wp-json\/wp\/v2\/media?parent=468"}],"curies":[{"name":"wp","href":"https:\/\/api.w.org\/{rel}","templated":true}]}}