{"id":227,"date":"2017-12-04T07:39:28","date_gmt":"2017-12-04T07:39:28","guid":{"rendered":"http:\/\/bds5.khowebseotop.vn\/?post_type=product&#038;p=227"},"modified":"2017-12-04T07:39:28","modified_gmt":"2017-12-04T07:39:28","slug":"cho-thue-can-ho-3-phong-ngu-124m2-sunrise-city","status":"publish","type":"product","link":"https:\/\/webmaibinh.com\/w\/bds52011\/san-pham\/cho-thue-can-ho-3-phong-ngu-124m2-sunrise-city\/","title":{"rendered":"Cho thu\u00ea c\u0103n h\u1ed9 3 ph\u00f2ng ng\u1ee7, 124m2 Sunrise City"},"content":{"rendered":"<p>Cho thu\u00ea c\u0103n h\u1ed9 Sunrise City 124m2, c\u00f3 3PN, bao g\u1ed3m ph\u00ed qu\u1ea3n l\u00fd, TV cable v\u00e0 internet wifi. Nh\u00e0 c\u00f3 b\u1ed3n t\u1eafm n\u1eb1m, nh\u00e0 thi\u1ec7t k\u1ebf tinh t\u1ebf, \u0111\u1ea7y \u0111\u1ee7 n\u1ed9i th\u1ea5t, ch\u1ec9 c\u1ea7n x\u00e1ch vali v\u00e0o \u1edd.<br \/>\nTh\u00edch h\u1ee3p \u1edf gia \u0111\u00ecnh, chuy\u00ean gia n\u01b0\u1edbc ngo\u00e0i.<br \/>\nG\u1ea7n si\u00eau th\u1ecb, tr\u01b0\u1eddng h\u1ecdc qu\u1ed1c t\u1ebf t\u1eeb ti\u1ec3u h\u1ecdc \u0111\u1ebfn \u0111\u1ea1i h\u1ecdc, tr\u1ea1m xe bu\u00fdt, shoping mall, h\u1ed3 b\u01a1i, gym, BBQ.<br \/>\nC\u00e1ch ch\u1ee3 B\u1ebfn Th\u00e0nh 3km.<br \/>\n3 bedrooms Sunrise city apartment for rent. Full furniture, look luxury. That suits for family, expert living and working in city center.<br \/>\nIt&#8217;s take 3km to Benthanh market.<br \/>\nClose to supper market, shopping mall, bus stop, International school from Elementary school to University.<br \/>\nHave a nice sky swimming pool, BBQ, place for kid.<br \/>\nThe price included management fee, TV cable, Internet wifi.<\/p>\n","protected":false},"excerpt":{"rendered":"<p>Cho thu\u00ea c\u0103n h\u1ed9 Sunrise City 124m2, c\u00f3 3PN, bao g\u1ed3m ph\u00ed qu\u1ea3n l\u00fd, TV cable v\u00e0 internet wifi. Nh\u00e0 c\u00f3 b\u1ed3n t\u1eafm n\u1eb1m, nh\u00e0 thi\u1ec7t k\u1ebf tinh t\u1ebf, \u0111\u1ea7y \u0111\u1ee7 n\u1ed9i th\u1ea5t, ch\u1ec9 c\u1ea7n x\u00e1ch vali v\u00e0o \u1edd. Th\u00edch h\u1ee3p \u1edf gia \u0111\u00ecnh, chuy\u00ean gia n\u01b0\u1edbc ngo\u00e0i. G\u1ea7n si\u00eau th\u1ecb, tr\u01b0\u1eddng h\u1ecdc qu\u1ed1c t\u1ebf [&#8230;]\n","protected":false},"featured_media":228,"comment_status":"open","ping_status":"closed","template":"","meta":[],"loai_du_an":[46],"thanh_pho":[43],"huong_nha":[33],"khoang_gia":[37],"_links":{"self":[{"href":"https:\/\/webmaibinh.com\/w\/bds52011\/wp-json\/wp\/v2\/product\/227"}],"collection":[{"href":"https:\/\/webmaibinh.com\/w\/bds52011\/wp-json\/wp\/v2\/product"}],"about":[{"href":"https:\/\/webmaibinh.com\/w\/bds52011\/wp-json\/wp\/v2\/types\/product"}],"replies":[{"embeddable":true,"href":"https:\/\/webmaibinh.com\/w\/bds52011\/wp-json\/wp\/v2\/comments?post=227"}],"wp:featuredmedia":[{"embeddable":true,"href":"https:\/\/webmaibinh.com\/w\/bds52011\/wp-json\/wp\/v2\/media\/228"}],"wp:attachment":[{"href":"https:\/\/webmaibinh.com\/w\/bds52011\/wp-json\/wp\/v2\/media?parent=227"}],"wp:term":[{"taxonomy":"loai_du_an","embeddable":true,"href":"https:\/\/webmaibinh.com\/w\/bds52011\/wp-json\/wp\/v2\/loai_du_an?post=227"},{"taxonomy":"thanh_pho","embeddable":true,"href":"https:\/\/webmaibinh.com\/w\/bds52011\/wp-json\/wp\/v2\/thanh_pho?post=227"},{"taxonomy":"huong_nha","embeddable":true,"href":"https:\/\/webmaibinh.com\/w\/bds52011\/wp-json\/wp\/v2\/huong_nha?post=227"},{"taxonomy":"khoang_gia","embeddable":true,"href":"https:\/\/webmaibinh.com\/w\/bds52011\/wp-json\/wp\/v2\/khoang_gia?post=227"}],"curies":[{"name":"wp","href":"https:\/\/api.w.org\/{rel}","templated":true}]}}