{"id":223,"date":"2017-12-04T07:28:06","date_gmt":"2017-12-04T07:28:06","guid":{"rendered":"http:\/\/bds5.khowebseotop.vn\/?post_type=product&#038;p=223"},"modified":"2017-12-04T07:45:38","modified_gmt":"2017-12-04T07:45:38","slug":"1-can-duy-nhat-hoang-anh-gia-lai-3-cho-thue-10-tr-th-call-0917952852","status":"publish","type":"product","link":"https:\/\/webmaibinh.com\/w\/bds52011\/san-pham\/1-can-duy-nhat-hoang-anh-gia-lai-3-cho-thue-10-tr-th-call-0917952852\/","title":{"rendered":"1 C\u0103n duy nh\u1ea5t Ho\u00e0ng Anh Gia Lai 3 cho thu\u00ea 10 tr\/th. Call: 0917952852"},"content":{"rendered":"<p>Cho thu\u00ea c\u0103n h\u1ed9 Ho\u00e0ng Anh Gia Lai 3 &#8211; New S\u00e0i G\u00f2n. 2 ph\u00f2ng ng\u1ee7, 2 toilet \u0111\u1ea7y \u0111\u1ee7 n\u1ed9i th\u1ea5t, view \u0111\u1eb9p gi\u00e1 10 tr\/th\u00e1ng, nh\u00e0 \u0111\u1eb9p s\u1ea1ch s\u1ebd.<br \/>\nGi\u00e1 r\u1ebb nh\u1ea5t so v\u1edbi th\u1ecb tr\u01b0\u1eddng.<br \/>\nLi\u00ean h\u1ec7: 0917952852.<\/p>\n","protected":false},"excerpt":{"rendered":"<p>Cho thu\u00ea c\u0103n h\u1ed9 Ho\u00e0ng Anh Gia Lai 3 &#8211; New S\u00e0i G\u00f2n. 2 ph\u00f2ng ng\u1ee7, 2 toilet \u0111\u1ea7y \u0111\u1ee7 n\u1ed9i th\u1ea5t, view \u0111\u1eb9p gi\u00e1 10 tr\/th\u00e1ng, nh\u00e0 \u0111\u1eb9p s\u1ea1ch s\u1ebd. Gi\u00e1 r\u1ebb nh\u1ea5t so v\u1edbi th\u1ecb tr\u01b0\u1eddng. Li\u00ean h\u1ec7: 0917952852.<\/p>\n","protected":false},"featured_media":224,"comment_status":"open","ping_status":"closed","template":"","meta":[],"loai_du_an":[46],"thanh_pho":[43],"huong_nha":[35],"khoang_gia":[37],"_links":{"self":[{"href":"https:\/\/webmaibinh.com\/w\/bds52011\/wp-json\/wp\/v2\/product\/223"}],"collection":[{"href":"https:\/\/webmaibinh.com\/w\/bds52011\/wp-json\/wp\/v2\/product"}],"about":[{"href":"https:\/\/webmaibinh.com\/w\/bds52011\/wp-json\/wp\/v2\/types\/product"}],"replies":[{"embeddable":true,"href":"https:\/\/webmaibinh.com\/w\/bds52011\/wp-json\/wp\/v2\/comments?post=223"}],"wp:featuredmedia":[{"embeddable":true,"href":"https:\/\/webmaibinh.com\/w\/bds52011\/wp-json\/wp\/v2\/media\/224"}],"wp:attachment":[{"href":"https:\/\/webmaibinh.com\/w\/bds52011\/wp-json\/wp\/v2\/media?parent=223"}],"wp:term":[{"taxonomy":"loai_du_an","embeddable":true,"href":"https:\/\/webmaibinh.com\/w\/bds52011\/wp-json\/wp\/v2\/loai_du_an?post=223"},{"taxonomy":"thanh_pho","embeddable":true,"href":"https:\/\/webmaibinh.com\/w\/bds52011\/wp-json\/wp\/v2\/thanh_pho?post=223"},{"taxonomy":"huong_nha","embeddable":true,"href":"https:\/\/webmaibinh.com\/w\/bds52011\/wp-json\/wp\/v2\/huong_nha?post=223"},{"taxonomy":"khoang_gia","embeddable":true,"href":"https:\/\/webmaibinh.com\/w\/bds52011\/wp-json\/wp\/v2\/khoang_gia?post=223"}],"curies":[{"name":"wp","href":"https:\/\/api.w.org\/{rel}","templated":true}]}}