{"id":217,"date":"2017-12-04T07:23:32","date_gmt":"2017-12-04T07:23:32","guid":{"rendered":"http:\/\/bds5.khowebseotop.vn\/?post_type=product&#038;p=217"},"modified":"2018-03-14T02:51:04","modified_gmt":"2018-03-14T02:51:04","slug":"ban-gap-3-nen-dat-300m2-15x23m-chi-500-trieu-nen-ck-ngay-4-chi-vang","status":"publish","type":"product","link":"https:\/\/webmaibinh.com\/w\/bds52011\/san-pham\/ban-gap-3-nen-dat-300m2-15x23m-chi-500-trieu-nen-ck-ngay-4-chi-vang\/","title":{"rendered":"B\u00e1n g\u1ea5p 3 n\u1ec1n \u0111\u1ea5t 300m2 (15x23m), ch\u1ec9 500 tri\u1ec7u\/n\u1ec1n, CK ngay 4 ch\u1ec9 v\u00e0ng"},"content":{"rendered":"<div class=\"pd-desc-content\">B\u00e1n g\u1ea5p 3 n\u1ec1n \u0111\u1ea5t 300m2 (15x23m), ch\u1ec9 500 tri\u1ec7u\/n\u1ec1n, CK ngay 4 ch\u1ec9 v\u00e0ng.<br \/>\n\u0110\u1ea5t\u00a0H\u00f3c M\u00f4n, s\u1ed5 h\u1ed3ng ri\u00eang, x\u00e2y d\u1ef1ng t\u1ef1 do, c\u00e1ch ch\u1ee3 b\u00e0 \u0111i\u1ec3m 7km, g\u1ea7n b\u1ec7nh vi\u1ec7n, tr\u01b0\u1eddng h\u1ecdC, UBND. C\u01a1 s\u1edf h\u1ea1 t\u1ea7ng ho\u00e0n ch\u1ec9nh, \u0111\u01b0\u1eddng nh\u1ef1a 12m, b\u1ea3o v\u1ec7 24\/24.<br \/>\n&#8211; V\u1ecb tr\u00ed \u0111\u1eafc \u0111\u1ecba ngay sau 4 khu c\u00f4ng nghi\u1ec7p l\u1edbn, d\u00e2n c\u01b0, c\u00f4ng nh\u00e2n r\u1ea5t \u0111\u00f4ng giao th\u00f4ng thu\u1eadn ti\u1ec7n theo h\u01b0\u1edbng Nguy\u1ec5n V\u0103n B\u1ee9a, Phan V\u0103n H\u1edbn, ch\u1ec9 c\u1ea7n 10 ph\u00fat \u0111\u1ebfn Ch\u1ee3 B\u00e0 \u0110i\u1ec3m, 15 ph\u00fat \u0111\u1ebfn b\u1ebfn xe An S\u01b0\u01a1ng, 25 \u0111\u1ebfn s\u00e2n bay T\u00e2n S\u01a1n Nh\u1ea5t. Ph\u00f9 h\u1ee3p \u1edf, kinh doanh, cho thu\u00ea.<br \/>\nLH: 0909.906.729 H\u01b0\u01a1ng.<\/div>\n","protected":false},"excerpt":{"rendered":"<p>B\u00e1n g\u1ea5p 3 n\u1ec1n \u0111\u1ea5t 300m2 (15x23m), ch\u1ec9 500 tri\u1ec7u\/n\u1ec1n, CK ngay 4 ch\u1ec9 v\u00e0ng. \u0110\u1ea5t\u00a0H\u00f3c M\u00f4n, s\u1ed5 h\u1ed3ng ri\u00eang, x\u00e2y d\u1ef1ng t\u1ef1 do, c\u00e1ch ch\u1ee3 b\u00e0 \u0111i\u1ec3m 7km, g\u1ea7n b\u1ec7nh vi\u1ec7n, tr\u01b0\u1eddng h\u1ecdC, UBND. C\u01a1 s\u1edf h\u1ea1 t\u1ea7ng ho\u00e0n ch\u1ec9nh, \u0111\u01b0\u1eddng nh\u1ef1a 12m, b\u1ea3o v\u1ec7 24\/24. &#8211; V\u1ecb tr\u00ed \u0111\u1eafc \u0111\u1ecba ngay sau 4 [&#8230;]\n","protected":false},"featured_media":272,"comment_status":"open","ping_status":"closed","template":"","meta":[],"loai_du_an":[47],"thanh_pho":[43],"huong_nha":[33],"khoang_gia":[39],"_links":{"self":[{"href":"https:\/\/webmaibinh.com\/w\/bds52011\/wp-json\/wp\/v2\/product\/217"}],"collection":[{"href":"https:\/\/webmaibinh.com\/w\/bds52011\/wp-json\/wp\/v2\/product"}],"about":[{"href":"https:\/\/webmaibinh.com\/w\/bds52011\/wp-json\/wp\/v2\/types\/product"}],"replies":[{"embeddable":true,"href":"https:\/\/webmaibinh.com\/w\/bds52011\/wp-json\/wp\/v2\/comments?post=217"}],"wp:featuredmedia":[{"embeddable":true,"href":"https:\/\/webmaibinh.com\/w\/bds52011\/wp-json\/wp\/v2\/media\/272"}],"wp:attachment":[{"href":"https:\/\/webmaibinh.com\/w\/bds52011\/wp-json\/wp\/v2\/media?parent=217"}],"wp:term":[{"taxonomy":"loai_du_an","embeddable":true,"href":"https:\/\/webmaibinh.com\/w\/bds52011\/wp-json\/wp\/v2\/loai_du_an?post=217"},{"taxonomy":"thanh_pho","embeddable":true,"href":"https:\/\/webmaibinh.com\/w\/bds52011\/wp-json\/wp\/v2\/thanh_pho?post=217"},{"taxonomy":"huong_nha","embeddable":true,"href":"https:\/\/webmaibinh.com\/w\/bds52011\/wp-json\/wp\/v2\/huong_nha?post=217"},{"taxonomy":"khoang_gia","embeddable":true,"href":"https:\/\/webmaibinh.com\/w\/bds52011\/wp-json\/wp\/v2\/khoang_gia?post=217"}],"curies":[{"name":"wp","href":"https:\/\/api.w.org\/{rel}","templated":true}]}}