{"id":132,"date":"2017-12-02T15:15:58","date_gmt":"2017-12-02T15:15:58","guid":{"rendered":"http:\/\/bds5.khowebseotop.vn\/?post_type=product&#038;p=132"},"modified":"2018-09-16T15:20:34","modified_gmt":"2018-09-16T15:20:34","slug":"nha-moi-xay-1-phong-ngu-duong-duong-cong-khi-binh-chanh-ban-sao","status":"publish","type":"product","link":"https:\/\/webmaibinh.com\/w\/bds52011\/san-pham\/nha-moi-xay-1-phong-ngu-duong-duong-cong-khi-binh-chanh-ban-sao\/","title":{"rendered":"Nh\u00e0 M\u1edbi X\u00e2y 1 Ph\u00f2ng Ng\u1ee7 \u0110\u01b0\u1eddng D\u01b0\u01a1ng C\u00f4ng Khi- B\u00ecnh Ch\u00e1nh (b\u1ea3n sao)"},"content":{"rendered":"<p>\u0110\u1ea5t n\u1ec1n tr\u00ean \u0111\u01b0\u1eddng Tr\u1ecbnh Th\u1ecb Mi\u1ebfng h\u01b0\u1edbng ra Qu\u1ed1c L\u1ed9 1A, Qu\u1ed1c L\u1ed9 22 c\u00e1ch TT H\u00f3c M\u00f4n 500m.<br \/>\nV\u00e0 li\u1ec1n k\u1ec1 v\u1edbi c\u00e1c khu c\u00f4ng nghi\u1ec7p, ch\u1ee3, tr\u01b0\u1eddng C1-C2-C3 r\u1ea5t thu\u1eadn l\u1ee3i cho vi\u1ec7c kinh doanh.<\/p>\n","protected":false},"excerpt":{"rendered":"<p>\u0110\u1ea5t n\u1ec1n tr\u00ean \u0111\u01b0\u1eddng Tr\u1ecbnh Th\u1ecb Mi\u1ebfng h\u01b0\u1edbng ra Qu\u1ed1c L\u1ed9 1A, Qu\u1ed1c L\u1ed9 22 c\u00e1ch TT H\u00f3c M\u00f4n 500m. V\u00e0 li\u1ec1n k\u1ec1 v\u1edbi c\u00e1c khu c\u00f4ng nghi\u1ec7p, ch\u1ee3, tr\u01b0\u1eddng C1-C2-C3 r\u1ea5t thu\u1eadn l\u1ee3i cho vi\u1ec7c kinh doanh.<\/p>\n","protected":false},"featured_media":224,"comment_status":"open","ping_status":"closed","template":"","meta":[],"loai_du_an":[49],"thanh_pho":[32],"huong_nha":[36],"khoang_gia":[38],"_links":{"self":[{"href":"https:\/\/webmaibinh.com\/w\/bds52011\/wp-json\/wp\/v2\/product\/132"}],"collection":[{"href":"https:\/\/webmaibinh.com\/w\/bds52011\/wp-json\/wp\/v2\/product"}],"about":[{"href":"https:\/\/webmaibinh.com\/w\/bds52011\/wp-json\/wp\/v2\/types\/product"}],"replies":[{"embeddable":true,"href":"https:\/\/webmaibinh.com\/w\/bds52011\/wp-json\/wp\/v2\/comments?post=132"}],"wp:featuredmedia":[{"embeddable":true,"href":"https:\/\/webmaibinh.com\/w\/bds52011\/wp-json\/wp\/v2\/media\/224"}],"wp:attachment":[{"href":"https:\/\/webmaibinh.com\/w\/bds52011\/wp-json\/wp\/v2\/media?parent=132"}],"wp:term":[{"taxonomy":"loai_du_an","embeddable":true,"href":"https:\/\/webmaibinh.com\/w\/bds52011\/wp-json\/wp\/v2\/loai_du_an?post=132"},{"taxonomy":"thanh_pho","embeddable":true,"href":"https:\/\/webmaibinh.com\/w\/bds52011\/wp-json\/wp\/v2\/thanh_pho?post=132"},{"taxonomy":"huong_nha","embeddable":true,"href":"https:\/\/webmaibinh.com\/w\/bds52011\/wp-json\/wp\/v2\/huong_nha?post=132"},{"taxonomy":"khoang_gia","embeddable":true,"href":"https:\/\/webmaibinh.com\/w\/bds52011\/wp-json\/wp\/v2\/khoang_gia?post=132"}],"curies":[{"name":"wp","href":"https:\/\/api.w.org\/{rel}","templated":true}]}}