{"id":131,"date":"2017-12-02T15:14:07","date_gmt":"2017-12-02T15:14:07","guid":{"rendered":"http:\/\/bds5.khowebseotop.vn\/?post_type=product&#038;p=131"},"modified":"2018-03-14T02:52:05","modified_gmt":"2018-03-14T02:52:05","slug":"nha-moi-xay-1-phong-ngu-duong-duong-cong-khi-binh-chanh","status":"publish","type":"product","link":"https:\/\/webmaibinh.com\/w\/bds52011\/san-pham\/nha-moi-xay-1-phong-ngu-duong-duong-cong-khi-binh-chanh\/","title":{"rendered":"Nh\u00e0 M\u1edbi X\u00e2y 1 Ph\u00f2ng Ng\u1ee7 \u0110\u01b0\u1eddng D\u01b0\u01a1ng C\u00f4ng Khi- B\u00ecnh Ch\u00e1nh"},"content":{"rendered":"","protected":false},"excerpt":{"rendered":"","protected":false},"featured_media":273,"comment_status":"open","ping_status":"closed","template":"","meta":[],"loai_du_an":[46],"thanh_pho":[43],"huong_nha":[36],"khoang_gia":[39],"_links":{"self":[{"href":"https:\/\/webmaibinh.com\/w\/bds52011\/wp-json\/wp\/v2\/product\/131"}],"collection":[{"href":"https:\/\/webmaibinh.com\/w\/bds52011\/wp-json\/wp\/v2\/product"}],"about":[{"href":"https:\/\/webmaibinh.com\/w\/bds52011\/wp-json\/wp\/v2\/types\/product"}],"replies":[{"embeddable":true,"href":"https:\/\/webmaibinh.com\/w\/bds52011\/wp-json\/wp\/v2\/comments?post=131"}],"wp:featuredmedia":[{"embeddable":true,"href":"https:\/\/webmaibinh.com\/w\/bds52011\/wp-json\/wp\/v2\/media\/273"}],"wp:attachment":[{"href":"https:\/\/webmaibinh.com\/w\/bds52011\/wp-json\/wp\/v2\/media?parent=131"}],"wp:term":[{"taxonomy":"loai_du_an","embeddable":true,"href":"https:\/\/webmaibinh.com\/w\/bds52011\/wp-json\/wp\/v2\/loai_du_an?post=131"},{"taxonomy":"thanh_pho","embeddable":true,"href":"https:\/\/webmaibinh.com\/w\/bds52011\/wp-json\/wp\/v2\/thanh_pho?post=131"},{"taxonomy":"huong_nha","embeddable":true,"href":"https:\/\/webmaibinh.com\/w\/bds52011\/wp-json\/wp\/v2\/huong_nha?post=131"},{"taxonomy":"khoang_gia","embeddable":true,"href":"https:\/\/webmaibinh.com\/w\/bds52011\/wp-json\/wp\/v2\/khoang_gia?post=131"}],"curies":[{"name":"wp","href":"https:\/\/api.w.org\/{rel}","templated":true}]}}