{"id":127,"date":"2017-12-02T14:45:06","date_gmt":"2017-12-02T14:45:06","guid":{"rendered":"http:\/\/bds5.khowebseotop.vn\/?post_type=product&#038;p=127"},"modified":"2018-03-14T08:20:26","modified_gmt":"2018-03-14T08:20:26","slug":"dat-nen-khu-vuc-huyen-hoc-mon-tp-ho-chi-minh-100m2","status":"publish","type":"product","link":"https:\/\/webmaibinh.com\/w\/bds52011\/san-pham\/dat-nen-khu-vuc-huyen-hoc-mon-tp-ho-chi-minh-100m2\/","title":{"rendered":"\u0110\u1ea5t n\u1ec1n khu v\u1ef1c huy\u1ec7n H\u00f3c M\u00f4n, TP H\u1ed3 Ch\u00ed Minh 100m2"},"content":{"rendered":"<p>\u0110\u1ea5t n\u1ec1n tr\u00ean \u0111\u01b0\u1eddng Tr\u1ecbnh Th\u1ecb Mi\u1ebfng h\u01b0\u1edbng ra Qu\u1ed1c L\u1ed9 1A, Qu\u1ed1c L\u1ed9 22 c\u00e1ch TT H\u00f3c M\u00f4n 500m.<br \/>\nV\u00e0 li\u1ec1n k\u1ec1 v\u1edbi c\u00e1c khu c\u00f4ng nghi\u1ec7p, ch\u1ee3, tr\u01b0\u1eddng C1-C2-C3 r\u1ea5t thu\u1eadn l\u1ee3i cho vi\u1ec7c kinh doanh.<\/p>\n","protected":false},"excerpt":{"rendered":"<p>\u0110\u1ea5t n\u1ec1n tr\u00ean \u0111\u01b0\u1eddng Tr\u1ecbnh Th\u1ecb Mi\u1ebfng h\u01b0\u1edbng ra Qu\u1ed1c L\u1ed9 1A, Qu\u1ed1c L\u1ed9 22 c\u00e1ch TT H\u00f3c M\u00f4n 500m. V\u00e0 li\u1ec1n k\u1ec1 v\u1edbi c\u00e1c khu c\u00f4ng nghi\u1ec7p, ch\u1ee3, tr\u01b0\u1eddng C1-C2-C3 r\u1ea5t thu\u1eadn l\u1ee3i cho vi\u1ec7c kinh doanh.<\/p>\n","protected":false},"featured_media":188,"comment_status":"open","ping_status":"closed","template":"","meta":[],"loai_du_an":[47],"thanh_pho":[43],"huong_nha":[33],"khoang_gia":[39],"_links":{"self":[{"href":"https:\/\/webmaibinh.com\/w\/bds52011\/wp-json\/wp\/v2\/product\/127"}],"collection":[{"href":"https:\/\/webmaibinh.com\/w\/bds52011\/wp-json\/wp\/v2\/product"}],"about":[{"href":"https:\/\/webmaibinh.com\/w\/bds52011\/wp-json\/wp\/v2\/types\/product"}],"replies":[{"embeddable":true,"href":"https:\/\/webmaibinh.com\/w\/bds52011\/wp-json\/wp\/v2\/comments?post=127"}],"wp:featuredmedia":[{"embeddable":true,"href":"https:\/\/webmaibinh.com\/w\/bds52011\/wp-json\/wp\/v2\/media\/188"}],"wp:attachment":[{"href":"https:\/\/webmaibinh.com\/w\/bds52011\/wp-json\/wp\/v2\/media?parent=127"}],"wp:term":[{"taxonomy":"loai_du_an","embeddable":true,"href":"https:\/\/webmaibinh.com\/w\/bds52011\/wp-json\/wp\/v2\/loai_du_an?post=127"},{"taxonomy":"thanh_pho","embeddable":true,"href":"https:\/\/webmaibinh.com\/w\/bds52011\/wp-json\/wp\/v2\/thanh_pho?post=127"},{"taxonomy":"huong_nha","embeddable":true,"href":"https:\/\/webmaibinh.com\/w\/bds52011\/wp-json\/wp\/v2\/huong_nha?post=127"},{"taxonomy":"khoang_gia","embeddable":true,"href":"https:\/\/webmaibinh.com\/w\/bds52011\/wp-json\/wp\/v2\/khoang_gia?post=127"}],"curies":[{"name":"wp","href":"https:\/\/api.w.org\/{rel}","templated":true}]}}