{"id":8,"date":"2019-05-31T10:50:20","date_gmt":"2019-05-31T03:50:20","guid":{"rendered":"https:\/\/bds28.khowebseotop.vn\/?page_id=8"},"modified":"2020-05-09T09:06:07","modified_gmt":"2020-05-09T02:06:07","slug":"lien-he","status":"publish","type":"page","link":"https:\/\/webmaibinh.com\/w\/bds282011\/lien-he\/","title":{"rendered":"Li\u00ean h\u1ec7"},"content":{"rendered":"<div class=\"row\"  id=\"row-538873638\">\n\n\t<div class=\"col medium-6 small-12 large-6\"  >\n\t\t<div class=\"col-inner\"  >\n\t\t\t\n\t\t\t\n<h4>Link House &#8211; K\u1ebft n\u1ed1i b\u1ea5t \u0111\u1ed9ng s\u1ea3n<\/h4>\n<p>T\u1ef1 h\u00e0o l\u00e0 m\u1ed9t trong nh\u1eefng nh\u00e2n vi\u00ean t\u01b0 v\u1ea5n B\u1ea5t \u0111\u1ed9ng s\u1ea3n xu\u1ea5t x\u1eafc nh\u1ea5t n\u0103m 2018 v\u1edbi h\u01a1n 100 d\u1ef1 \u00e1n t\u01b0 v\u1ea5n mua &#8211; b\u00e1n th\u00e0nh c\u00f4ng, t\u00f4i t\u1ef1 tin gi\u00fap b\u1ea1n v\u1edbi m\u1ecdi nhu c\u1ea7u v\u1ec1 b\u1ea5t \u0111\u1ed9ng s\u1ea3n \u1edf v\u00e0 cho thu\u00ea,&#8230;<\/p>\n<p><iframe src=\"https:\/\/www.google.com\/maps\/embed?pb=!1m18!1m12!1m3!1d3918.8951647747363!2d106.63615131462117!3d10.819334261359117!2m3!1f0!2f0!3f0!3m2!1i1024!2i768!4f13.1!3m3!1m2!1s0x317529667c77fcdd%3A0x39f60dd29f004faf!2zMi84NSBQaOG6oW0gVsSDbiBC4bqhY2gsIFBoxrDhu51uZyAxNSwgVMOibiBCw6xuaCwgSOG7kyBDaMOtIE1pbmgsIFZp4buHdCBOYW0!5e0!3m2!1svi!2s!4v1568732176587!5m2!1svi!2s\" width=\"100%\" height=\"250\" frameborder=\"0\" style=\"border:0;\" allowfullscreen=\"\"><\/iframe><\/p>\n\t\t<\/div>\n\t<\/div>\n\n\t\n\n\t<div class=\"col medium-6 small-12 large-6\"  >\n\t\t<div class=\"col-inner\"  >\n\t\t\t\n\t\t\t\n<h4>Li\u00ean h\u1ec7 t\u01b0 v\u1ea5n<\/h4>\n<p>M\u1eddi b\u1ea1n ho\u00e0n th\u00e0nh bi\u1ec3u m\u1eabu sau v\u00e0 g\u1eedi t\u1edbi ch\u00fang t\u00f4i \u0111\u1ec3 \u0111\u01b0\u1ee3c h\u1ed7 tr\u1ee3 t\u01b0 v\u1ea5n nhanh nh\u1ea5t<\/p>\n<div role=\"form\" class=\"wpcf7\" id=\"wpcf7-f434-o1\" lang=\"vi\" dir=\"ltr\">\n<div class=\"screen-reader-response\"><p role=\"status\" aria-live=\"polite\" aria-atomic=\"true\"><\/p> <ul><\/ul><\/div>\n<form action=\"\/w\/bds282011\/wp-json\/wp\/v2\/pages\/8#wpcf7-f434-o1\" method=\"post\" class=\"wpcf7-form init\" novalidate=\"novalidate\" data-status=\"init\">\n<div style=\"display: none;\">\n<input type=\"hidden\" name=\"_wpcf7\" value=\"434\" \/>\n<input type=\"hidden\" name=\"_wpcf7_version\" value=\"5.3\" \/>\n<input type=\"hidden\" name=\"_wpcf7_locale\" value=\"vi\" \/>\n<input type=\"hidden\" name=\"_wpcf7_unit_tag\" value=\"wpcf7-f434-o1\" \/>\n<input type=\"hidden\" name=\"_wpcf7_container_post\" value=\"0\" \/>\n<input type=\"hidden\" name=\"_wpcf7_posted_data_hash\" value=\"\" \/>\n<\/div>\n<p><span class=\"wpcf7-form-control-wrap text-494\"><input type=\"text\" name=\"text-494\" value=\"\" size=\"40\" class=\"wpcf7-form-control wpcf7-text wpcf7-validates-as-required\" aria-required=\"true\" aria-invalid=\"false\" placeholder=\"H\u1ecd v\u00e0 t\u00ean...\" \/><\/span><br \/>\n<span class=\"wpcf7-form-control-wrap text-49445\"><input type=\"text\" name=\"text-49445\" value=\"\" size=\"40\" class=\"wpcf7-form-control wpcf7-text\" aria-invalid=\"false\" placeholder=\"\u0110\u1ecba ch\u1ec9...\" \/><\/span><br \/>\n<span class=\"wpcf7-form-control-wrap tel-432\"><input type=\"tel\" name=\"tel-432\" value=\"\" size=\"40\" class=\"wpcf7-form-control wpcf7-text wpcf7-tel wpcf7-validates-as-required wpcf7-validates-as-tel\" aria-required=\"true\" aria-invalid=\"false\" placeholder=\"S\u1ed1 \u0111i\u1ec7n tho\u1ea1i...\" \/><\/span><br \/>\n<span class=\"wpcf7-form-control-wrap text-4944\"><input type=\"text\" name=\"text-4944\" value=\"\" size=\"40\" class=\"wpcf7-form-control wpcf7-text\" aria-invalid=\"false\" placeholder=\"D\u1ef1 \u00e1n quan t\u00e2m...\" \/><\/span><br \/>\n<input type=\"submit\" value=\"\u0110\u0103ng k\u00fd t\u01b0 v\u1ea5n\" class=\"wpcf7-form-control wpcf7-submit\" \/><\/p>\n<div class=\"wpcf7-response-output\" aria-hidden=\"true\"><\/div><\/form><\/div>\n<div class=\"social-icons follow-icons full-width text-left\" ><a href=\"#\" target=\"_blank\" data-label=\"Facebook\"  rel=\"noopener noreferrer nofollow\" class=\"icon primary button circle facebook tooltip\" title=\"Follow on Facebook\"><i class=\"icon-facebook\" ><\/i><\/a><a href=\"mailto:hotro@webdemo.com\" data-label=\"E-mail\"  rel=\"nofollow\" class=\"icon primary button circle  email tooltip\" title=\"Send us an email\"><i class=\"icon-envelop\" ><\/i><\/a><a href=\"tel:0949999295\" target=\"_blank\"  data-label=\"Phone\"  rel=\"noopener noreferrer nofollow\" class=\"icon primary button circle  phone tooltip\" title=\"Call us\"><i class=\"icon-phone\" ><\/i><\/a><a href=\"#\" target=\"_blank\" rel=\"noopener noreferrer nofollow\" data-label=\"YouTube\" class=\"icon primary button circle  youtube tooltip\" title=\"Follow on YouTube\"><i class=\"icon-youtube\" ><\/i><\/a><\/div>\n\t\t<\/div>\n\t<\/div>\n\n\t\n<\/div>\n","protected":false},"excerpt":{"rendered":"","protected":false},"author":2,"featured_media":0,"parent":0,"menu_order":0,"comment_status":"closed","ping_status":"closed","template":"page-blank-title-center.php","meta":[],"_links":{"self":[{"href":"https:\/\/webmaibinh.com\/w\/bds282011\/wp-json\/wp\/v2\/pages\/8"}],"collection":[{"href":"https:\/\/webmaibinh.com\/w\/bds282011\/wp-json\/wp\/v2\/pages"}],"about":[{"href":"https:\/\/webmaibinh.com\/w\/bds282011\/wp-json\/wp\/v2\/types\/page"}],"author":[{"embeddable":true,"href":"https:\/\/webmaibinh.com\/w\/bds282011\/wp-json\/wp\/v2\/users\/2"}],"replies":[{"embeddable":true,"href":"https:\/\/webmaibinh.com\/w\/bds282011\/wp-json\/wp\/v2\/comments?post=8"}],"version-history":[{"count":3,"href":"https:\/\/webmaibinh.com\/w\/bds282011\/wp-json\/wp\/v2\/pages\/8\/revisions"}],"predecessor-version":[{"id":751,"href":"https:\/\/webmaibinh.com\/w\/bds282011\/wp-json\/wp\/v2\/pages\/8\/revisions\/751"}],"wp:attachment":[{"href":"https:\/\/webmaibinh.com\/w\/bds282011\/wp-json\/wp\/v2\/media?parent=8"}],"curies":[{"name":"wp","href":"https:\/\/api.w.org\/{rel}","templated":true}]}}