{"id":6,"date":"2019-05-31T10:49:46","date_gmt":"2019-05-31T03:49:46","guid":{"rendered":"https:\/\/bds28.khowebseotop.vn\/?page_id=6"},"modified":"2019-06-01T17:04:30","modified_gmt":"2019-06-01T10:04:30","slug":"gioi-thieu","status":"publish","type":"page","link":"https:\/\/webmaibinh.com\/w\/bds282011\/gioi-thieu\/","title":{"rendered":"Gi\u1edbi thi\u1ec7u"},"content":{"rendered":"<p>Th\u00e1ng 11\/2003 th\u01b0\u01a1ng hi\u1ec7u \u00d0\u1ea5t Xanh ch\u00ednh th\u1ee9c c\u00f3 m\u1eb7t tr\u00ean th\u1ecb tru\u1eddng b\u1ea5t \u0111\u1ed9ng s\u1ea3n Vi\u1ec7t Nam. Tr\u1ea3i qua 14 n\u0103m h\u00ecnh th\u00e0nh v\u00e0 ph\u00e1t tri\u1ec3n, \u00d0\u1ea5t Xanh lu\u00f4n v\u1eefng v\u00e0ng v\u1edbi m\u1ee5c ti\u00eau mang l\u1ea1i cho kh\u00e1ch h\u00e0ng nh\u1eefng s\u1ea3n ph\u1ea9m b\u1ea5t \u0111\u1ed9ng s\u1ea3n t\u1ed1t nh\u1ea5t b\u1eb1ng d\u1ecbch v\u1ee5 chuy\u00ean nghi\u1ec7p nh\u1ea5t.<\/p>\n<p>V\u1edbi ti\u1ec1m l\u1ef1c m\u1ea1nh v\u1ec1 t\u00e0i ch\u00ednh, v\u1eefng v\u00e0ng v\u1ec1 kinh nghi\u1ec7m, c\u00f9ng \u0111\u1ed9i ng\u0169 c\u00e1n b\u1ed9 nh\u00e2n vi\u00ean \u0111\u01b0\u1ee3c \u0111\u00e0o t\u1ea1o chuy\u00ean nghi\u1ec7p, nhi\u1ec7t t\u00ecnh, n\u0103ng \u0111\u1ed9ng, s\u00e1ng t\u1ea1o v\u00e0 l\u00e0m vi\u1ec7c hi\u1ec7u qu\u1ea3, \u00d0\u1ea5t Xanh n\u1ed7 l\u1ef1c kh\u00f4ng ng\u1eebng trong m\u1ecdi ho\u00e0n c\u1ea3nh \u0111\u1ec3 kh\u1eb3ng \u0111\u1ecbnh v\u00e0 n\u00e2ng cao v\u1ecb th\u1ebf c\u1ee7a m\u00ecnh tr\u00ean th\u1ecb tr\u01b0\u1eddng b\u1ea5t \u0111\u1ed9ng s\u1ea3n Vi\u1ec7t Nam, gi\u1eef v\u1eefng ni\u1ec1m tin trong t\u00e2m tr\u00ed kh\u00e1ch h\u00e0ng v\u00e0 \u0111\u1ed1i t\u00e1c.<\/p>\n<p>T\u1ef1 tin v\u1edbi s\u1ee9c m\u1ea1nh c\u1ee7a ba m\u0169i nh\u1ecdn l\u00e0 \u00d0\u1ea7u t\u01b0 &#8211; X\u00e2y d\u1ef1ng &#8211; D\u1ecbch v\u1ee5, \u00d0\u1ea5t Xanh \u0111\u00e3 v\u00e0 \u0111ang kh\u1eb3ng \u0111\u1ecbnh v\u1ecb th\u1ebf l\u00e0 Nh\u00e0 cung c\u1ea5p gi\u1ea3i ph\u00e1p b\u1ea5t \u0111\u1ed9ng s\u1ea3n to\u00e0n di\u1ec7n nh\u1eb1m t\u1ea1o l\u1eadp cu\u1ed9c s\u1ed1ng \u01b0u vi\u1ec7t cho kh\u00e1ch h\u00e0ng.<\/p>\n<p>V\u1edbi chi\u1ebfn l\u01b0\u1ee3c \u0111a ng\u00e0nh ngh\u1ec1, \u0111a s\u1edf h\u1eefu v\u00e0 \u0111a qu\u1ed1c gia, \u0110\u1ea5t Xanh ch\u1ee7 tr\u01b0\u01a1ng li\u00ean doanh, li\u00ean k\u1ebft, h\u1ee3p t\u00e1c v\u1edbi c\u00e1c t\u1ed5 ch\u1ee9c T\u00e0i ch\u00ednh, Ng\u00e2n h\u00e0ng, C\u00f4ng ngh\u1ec7, Nh\u00e2n l\u1ef1c&#8230;nh\u1eb1m t\u1ed1i \u01b0u h\u00f3a l\u1ee3i th\u1ebf c\u1ea1nh tranh tr\u00ean th\u1ecb tr\u01b0\u1eddng. \u0110\u1ea5t Xanh l\u00e0 m\u1ed9t trong nh\u1eefng doanh nghi\u1ec7p c\u00f3 \u0111\u01b0\u1ee3c n\u00e9t v\u0103n h\u00f3a ri\u00eang, t\u1ea1o \u0111\u01b0\u1ee3c m\u00f4i tr\u01b0\u1eddng l\u00fd t\u01b0\u1edfng cho m\u1ecdi ng\u01b0\u1eddi ph\u00e1t tri\u1ec3n s\u1ef1 nghi\u1ec7p trong l\u0129nh v\u1ef1c b\u1ea5t \u0111\u1ed9ng s\u1ea3n, \u0111\u1ed3ng th\u1eddi \u0111\u1ec1 cao m\u1ee5c ti\u00eau ph\u00e1t tri\u1ec3n doanh nghi\u1ec7p g\u1eafn v\u1edbi s\u1ef1 ph\u00e1t tri\u1ec3n x\u00e3 h\u1ed9i, lu\u00f4n c\u00f3 nh\u1eefng h\u00e0nh \u0111\u1ed9ng thi\u1ebft th\u1ef1c chung tay v\u00ec m\u1ed9t c\u1ed9ng \u0111\u1ed3ng b\u1ec1n v\u1eefng v\u00e0 nh\u00e2n \u00e1i.<\/p>\n","protected":false},"excerpt":{"rendered":"<p>Th\u00e1ng 11\/2003 th\u01b0\u01a1ng hi\u1ec7u \u00d0\u1ea5t Xanh ch\u00ednh th\u1ee9c c\u00f3 m\u1eb7t tr\u00ean th\u1ecb tru\u1eddng b\u1ea5t \u0111\u1ed9ng s\u1ea3n Vi\u1ec7t Nam. Tr\u1ea3i qua 14 n\u0103m h\u00ecnh th\u00e0nh v\u00e0 ph\u00e1t tri\u1ec3n, \u00d0\u1ea5t Xanh lu\u00f4n v\u1eefng v\u00e0ng v\u1edbi m\u1ee5c ti\u00eau mang l\u1ea1i cho kh\u00e1ch h\u00e0ng nh\u1eefng s\u1ea3n ph\u1ea9m b\u1ea5t \u0111\u1ed9ng s\u1ea3n t\u1ed1t nh\u1ea5t b\u1eb1ng d\u1ecbch v\u1ee5 chuy\u00ean nghi\u1ec7p nh\u1ea5t. V\u1edbi &#8230;<\/p>\n","protected":false},"author":2,"featured_media":0,"parent":0,"menu_order":0,"comment_status":"closed","ping_status":"closed","template":"page-blank-title-center.php","meta":[],"_links":{"self":[{"href":"https:\/\/webmaibinh.com\/w\/bds282011\/wp-json\/wp\/v2\/pages\/6"}],"collection":[{"href":"https:\/\/webmaibinh.com\/w\/bds282011\/wp-json\/wp\/v2\/pages"}],"about":[{"href":"https:\/\/webmaibinh.com\/w\/bds282011\/wp-json\/wp\/v2\/types\/page"}],"author":[{"embeddable":true,"href":"https:\/\/webmaibinh.com\/w\/bds282011\/wp-json\/wp\/v2\/users\/2"}],"replies":[{"embeddable":true,"href":"https:\/\/webmaibinh.com\/w\/bds282011\/wp-json\/wp\/v2\/comments?post=6"}],"version-history":[{"count":0,"href":"https:\/\/webmaibinh.com\/w\/bds282011\/wp-json\/wp\/v2\/pages\/6\/revisions"}],"wp:attachment":[{"href":"https:\/\/webmaibinh.com\/w\/bds282011\/wp-json\/wp\/v2\/media?parent=6"}],"curies":[{"name":"wp","href":"https:\/\/api.w.org\/{rel}","templated":true}]}}