{"id":6,"date":"2016-04-06T06:56:38","date_gmt":"2016-04-06T06:56:38","guid":{"rendered":"http:\/\/localhost\/m31\/?page_id=6"},"modified":"2016-04-06T06:56:38","modified_gmt":"2016-04-06T06:56:38","slug":"gioi-thieu","status":"publish","type":"page","link":"https:\/\/webmaibinh.com\/w\/bds2011\/gioi-thieu\/","title":{"rendered":"Gi\u1edbi thi\u1ec7u"},"content":{"rendered":"<div class=\"summary-detail-art\">C\u00f4ng ty c\u1ed5 ph\u1ea7n \u0110\u1ecba \u1ed1c Th\u1ee7 \u0110\u00f4 l\u00e0 c\u00f4ng ty kinh doanh d\u1ecbch v\u1ee5 b\u1ea5t \u0111\u1ed9ng s\u1ea3n \u0111\u01b0\u1ee3c th\u00e0nh l\u1eadp trong th\u1eddi \u0111i\u1ec3m n\u1ec1n kinh t\u1ebf kh\u00f3 kh\u0103n, th\u1ecb tr\u01b0\u1eddng c\u00f3 nhi\u1ec1u s\u1ef1 c\u1ea1nh tranh kh\u1ed1c li\u1ec7t. C\u00f4ng ty \u0111ang qu\u1ea3n l\u00fd v\u00e0 \u0111i\u1ec1u h\u00e0nh s\u00e0n giao d\u1ecbch b\u1ea5t \u0111\u1ed9ng s\u1ea3n tr\u1ef1c tuy\u1ebfn t\u1ea1i website: www.diaocthudo.vn &#8211; www.diaocthudo.com &#8211; www.acr.vn m\u1ecdi b\u1ea5t \u0111\u1ed9ng s\u1ea3n \u0111\u1ec1u \u0111\u01b0\u1ee3c gi\u1edbi thi\u1ec7u chi ti\u1ebft r\u00f5 r\u00e0ng, ch\u00ednh x\u00e1c v\u00e0 minh b\u1ea1ch.<\/div>\n<div id=\"content-art\" class=\"content-detail-art\">\n<p>V\u1edbi \u0111\u1ed9i ng\u0169 nh\u00e2n s\u1ef1 \u0111\u01b0\u1ee3c \u0111\u00e0o t\u1ea1o chuy\u00ean nghi\u1ec7p v\u00e0 c\u00f3 nhi\u1ec1u n\u0103m kinh nghi\u1ec7m, c\u00f4ng ty \u0111\u00e3 giao d\u1ecbch th\u00e0nh c\u00f4ng h\u00e0ng ngh\u00ecn b\u1ea5t \u0111\u1ed9ng s\u1ea3n.<\/p>\n<p><strong>I. D\u1ecaCH V\u1ee4 B\u1ea4T \u0110\u1ed8NG S\u1ea2N<\/strong><br \/>\n1. M\u00f4i gi\u1edbi b\u1ea5t \u0111\u1ed9ng s\u1ea3n:<br \/>\nQu\u00fd kh\u00e1ch c\u00f3 nhu c\u1ea7u b\u00e1n ho\u1eb7c cho thu\u00ea b\u1ea5t \u0111\u1ed9ng s\u1ea3n, c\u00f4ng ty s\u1ebd t\u00ecm ki\u1ebfm, gi\u1edbi thi\u1ec7u, qu\u1ea3ng c\u00e1o \u0111\u1ebfn kh\u00e1ch h\u00e0ng c\u00f3 nhu c\u1ea7u mua ho\u1eb7c thu\u00ea b\u1ea5t \u0111\u1ed9ng s\u1ea3n (Qu\u00fd kh\u00e1ch l\u00e0 ng\u01b0\u1eddi c\u00f3 nhu c\u1ea7u thu\u00ea, mua b\u1ea5t \u0111\u1ed9ng s\u1ea3n, c\u00f4ng ty s\u1ebd t\u00ecm ki\u1ebfm b\u1ea5t \u0111\u1ed9ng s\u1ea3n c\u1ea7n b\u00e1n, cho thu\u00ea \u0111\u1ec3 gi\u1edbi thi\u1ec7u cho qu\u00fd kh\u00e1ch). Khi qu\u00fd kh\u00e1ch giao d\u1ecbch th\u00e0nh c\u00f4ng, c\u00f4ng ty s\u1ebd th\u1ef1c hi\u1ec7n d\u1ecbch v\u1ee5 h\u1ed3 s\u01a1, th\u1ee7 t\u1ee5c chuy\u1ec3n nh\u01b0\u1ee3ng ho\u1eb7c cho thu\u00ea b\u1ea5t \u0111\u1ed9ng s\u1ea3n mi\u1ec5n ph\u00ed.<br \/>\nHoa h\u1ed3ng m\u00f4i gi\u1edbi:<br \/>\n&#8211; Chuy\u1ec3n nh\u01b0\u1ee3ng (b\u00e1n) b\u1ea5t \u0111\u1ed9ng s\u1ea3n: 1% gi\u00e1 tr\u1ecb b\u1ea5t \u0111\u1ed9ng s\u1ea3n (Kh\u00e1ch mua: 0.5% &#8211; Ch\u1ee7 nh\u00e0: 0.5%).<br \/>\n&#8211; Cho thu\u00ea b\u1ea5t \u0111\u1ed9ng s\u1ea3n: 1 th\u00e1ng ti\u1ec1n cho thu\u00ea (Kh\u00e1ch thu\u00ea 1\/2 th\u00e1ng &#8211; Ch\u1ee7 nh\u00e0 1\/2 th\u00e1ng).<br \/>\n2. Ph\u00e1p l\u00fd b\u1ea5t \u0111\u1ed9ng s\u1ea3n:<br \/>\nQu\u00fd kh\u00e1ch kh\u00f4ng c\u00f3 th\u1eddi gian ho\u1eb7c kh\u00f4ng am hi\u1ec3u v\u1ec1 h\u1ed3 s\u01a1, th\u1ee7 t\u1ee5c b\u1ea5t \u0111\u1ed9ng s\u1ea3n nh\u01b0: chuy\u1ec3n nh\u01b0\u1ee3ng, t\u1eb7ng cho, th\u1eeba k\u1ebf, chuy\u1ec3n m\u1ee5c \u0111\u00edch s\u1eed d\u1ee5ng \u0111\u1ea5t, xin ph\u00e9p x\u00e2y d\u1ef1ng, s\u1edf h\u1eefu nh\u00e0 \u1edf\u2026 C\u00f4ng ty s\u1ebd thay m\u1eb7t qu\u00fd kh\u00e1ch \u0111\u1ec3 th\u1ef1c hi\u1ec7n c\u00e1c th\u1ee7 t\u1ee5c tr\u00ean. Qu\u00fd kh\u00e1ch ch\u1ec9 k\u00fd t\u00ean v\u00e0o m\u1ed9t s\u1ed1 gi\u1ea5y t\u1edd c\u1ea7n thi\u1ebft, ph\u1ea7n vi\u1ec7c c\u00f2n l\u1ea1i c\u00f4ng ty s\u1ebd th\u1ef1c hi\u1ec7n v\u00e0 b\u00e0n giao h\u1ed3 s\u01a1 ho\u00e0n ch\u1ec9nh t\u1eadn nh\u00e0 qu\u00fd kh\u00e1ch.<br \/>\nGi\u00e1 d\u1ecbch v\u1ee5 b\u1ea5t \u0111\u1ed9ng s\u1ea3n: 10.000.000\u0111\/h\u1ed3 s\u01a1.<br \/>\n3. Th\u1ea9m \u0111\u1ecbnh gi\u00e1 b\u1ea5t \u0111\u1ed9ng s\u1ea3n:<br \/>\nQu\u00fd kh\u00e1ch th\u1ef1c hi\u1ec7n th\u1ea9m \u0111\u1ecbnh gi\u00e1 b\u1ea5t \u0111\u1ed9ng s\u1ea3n v\u00e0o c\u00e1c m\u1ee5c \u0111\u00edch sau: th\u1ebf ch\u1ea5p vay v\u1ed1n ng\u00e2n h\u00e0ng, tranh ch\u1ea5p ho\u1eb7c kh\u1edfi ki\u1ec7n t\u1ea1i t\u00f2a \u00e1n, k\u00ea bi\u00ean ho\u1eb7c \u0111\u1ea5u gi\u00e1 \u0111\u1ec3 thi h\u00e0nh \u00e1n, b\u1ea3o l\u00e3nh, g\u00f3p v\u1ed1n, chuy\u1ec3n nh\u01b0\u1ee3ng, cho thu\u00ea\u2026<br \/>\nGi\u00e1 d\u1ecbch v\u1ee5 th\u1ea9m \u0111\u1ecbnh gi\u00e1 b\u1ea5t \u0111\u1ed9ng s\u1ea3n l\u00e0 0,5% gi\u00e1 tr\u1ecb b\u1ea5t \u0111\u1ed9ng s\u1ea3n th\u1ea9m \u0111\u1ecbnh.<br \/>\n4. T\u01b0 v\u1ea5n th\u1ebf ch\u1ea5p b\u1ea5t \u0111\u1ed9ng s\u1ea3n:<br \/>\nQu\u00fd kh\u00e1ch c\u1ea7n th\u1ebf ch\u1ea5p b\u1ea5t \u0111\u1ed9ng s\u1ea3n \u0111\u1ec3 vay ti\u1ec1n, c\u00f4ng ty s\u1ebd t\u01b0 v\u1ea5n cho qu\u00fd kh\u00e1ch c\u00e1c h\u1ed3 s\u01a1, th\u1ee7 t\u1ee5c \u0111\u1ec3 qu\u00fd kh\u00e1ch c\u00f3 th\u1ec3 nh\u1eadn ti\u1ec1n trong th\u1eddi gian s\u1edbm nh\u1ea5t.<\/p>\n<p><strong>II. D\u1ecaCH V\u1ee4 THI\u1ebeT K\u1ebe &amp; THI C\u00d4NG X\u00c2Y D\u1ef0NG<\/strong><br \/>\nC\u00f4ng ty c\u00f3 nhi\u1ec1u k\u1ef9 s\u01b0 v\u00e0 c\u00f4ng nh\u00e2n c\u00f3 nhi\u1ec1u kinh nghi\u1ec7m \u0111\u00e3 thi\u1ebft k\u1ebf v\u00e0 thi c\u00f4ng nhi\u1ec1u c\u00f4ng tr\u00ecnh x\u00e2y d\u1ef1ng nh\u01b0: C\u1eeda h\u00e0ng, showroom, outlet, nh\u00e0 \u1edf ri\u00eang l\u1ebb, nh\u00e0 \u1edf li\u1ec1n k\u1ec1, nh\u00e0 bi\u1ec7t th\u1ef1, x\u01b0\u1edfng, kho\u2026 \u0110\u1eb7c bi\u1ec7t C\u00f4ng ty c\u00f2n thi\u1ebft k\u1ebf v\u00e0 thi c\u00f4ng c\u00e1c c\u00f4ng tr\u00ecnh s\u1eed d\u1ee5ng v\u1eadt li\u1ec7u th\u00e9p m\u1ea1 h\u1ee3p kim nh\u00f4m c\u01b0\u1eddng \u0111\u1ed9 cao ch\u00f4ng r\u1ec9 s\u00e9t hi\u1ec7n \u0111ang \u0111\u01b0\u1ee3c nhi\u1ec1u kh\u00e1ch h\u00e0ng s\u1eed d\u1ee5ng. Thi\u1ebft k\u1ebf b\u1ea3n v\u1ebd k\u1ef9 thu\u1eadt xin ph\u00e9p x\u00e2y d\u1ef1ng v\u1edbi gi\u00e1 \u01b0u \u0111\u00e3i.<\/p>\n<p><strong>Th\u00f4ng tin li\u00ean h\u1ec7:<br \/>\n<\/strong>C\u00d4NG TY C\u1ed4 PH\u1ea6N \u0110\u1ecaA \u1ed0C TH\u1ee6 \u0110\u00d4<br \/>\n\u0110\u1ecba ch\u1ec9: 98 Hai B\u00e0 Tr\u01b0ng &#8211; H\u00e0 N\u1ed9i<br \/>\n\u0110i\u1ec7n tho\u1ea1i:\u00a0<img loading=\"lazy\" src=\"chrome-extension:\/\/lifbcibllhkdhoafpjfnlhfpfgnpldfl\/call_skype_logo.png\" alt=\"\" width=\"0\" height=\"0\" \/>0422.333.555<br \/>\nHotline:\u00a0<img loading=\"lazy\" src=\"chrome-extension:\/\/lifbcibllhkdhoafpjfnlhfpfgnpldfl\/call_skype_logo.png\" alt=\"\" width=\"0\" height=\"0\" \/>0976.222.111<br \/>\nEmail: info@diaocthudo.com<br \/>\nWebsite:\u00a0<a href=\"http:\/\/diaocthudo.com\/\">www.diaocthudo.com<\/a>\u00a0 &#8211; <a href=\"http:\/\/diaocthudo.vn\/\">www.diaocthudo.vn<\/a> &#8211; \u00a0<a href=\"http:\/\/acr.vn\/\">www.acr.vn<\/a><\/p>\n<\/div>\n","protected":false},"excerpt":{"rendered":"<p>C\u00f4ng ty c\u1ed5 ph\u1ea7n \u0110\u1ecba \u1ed1c Th\u1ee7 \u0110\u00f4 l\u00e0 c\u00f4ng ty kinh doanh d\u1ecbch v\u1ee5 b\u1ea5t \u0111\u1ed9ng s\u1ea3n \u0111\u01b0\u1ee3c th\u00e0nh l\u1eadp trong th\u1eddi \u0111i\u1ec3m n\u1ec1n kinh t\u1ebf kh\u00f3 kh\u0103n, th\u1ecb tr\u01b0\u1eddng c\u00f3 nhi\u1ec1u s\u1ef1 c\u1ea1nh tranh kh\u1ed1c li\u1ec7t. C\u00f4ng ty \u0111ang qu\u1ea3n l\u00fd v\u00e0 \u0111i\u1ec1u h\u00e0nh s\u00e0n giao d\u1ecbch b\u1ea5t \u0111\u1ed9ng s\u1ea3n tr\u1ef1c tuy\u1ebfn t\u1ea1i [&hellip;]<\/p>\n","protected":false},"author":17,"featured_media":0,"parent":0,"menu_order":0,"comment_status":"closed","ping_status":"closed","template":"","meta":[],"_links":{"self":[{"href":"https:\/\/webmaibinh.com\/w\/bds2011\/wp-json\/wp\/v2\/pages\/6"}],"collection":[{"href":"https:\/\/webmaibinh.com\/w\/bds2011\/wp-json\/wp\/v2\/pages"}],"about":[{"href":"https:\/\/webmaibinh.com\/w\/bds2011\/wp-json\/wp\/v2\/types\/page"}],"author":[{"embeddable":true,"href":"https:\/\/webmaibinh.com\/w\/bds2011\/wp-json\/wp\/v2\/users\/17"}],"replies":[{"embeddable":true,"href":"https:\/\/webmaibinh.com\/w\/bds2011\/wp-json\/wp\/v2\/comments?post=6"}],"version-history":[{"count":0,"href":"https:\/\/webmaibinh.com\/w\/bds2011\/wp-json\/wp\/v2\/pages\/6\/revisions"}],"wp:attachment":[{"href":"https:\/\/webmaibinh.com\/w\/bds2011\/wp-json\/wp\/v2\/media?parent=6"}],"curies":[{"name":"wp","href":"https:\/\/api.w.org\/{rel}","templated":true}]}}