{"id":6,"date":"2018-02-06T11:00:49","date_gmt":"2018-02-06T04:00:49","guid":{"rendered":"https:\/\/bizhostvn.com\/w\/bbq\/?page_id=6"},"modified":"2018-02-06T16:59:06","modified_gmt":"2018-02-06T09:59:06","slug":"lien-he","status":"publish","type":"page","link":"https:\/\/webmaibinh.com\/w\/bbq\/lien-he\/","title":{"rendered":"Li\u00ean h\u1ec7"},"content":{"rendered":"\t<div class=\"img has-hover x md-x lg-x y md-y lg-y\" id=\"image_1956147458\">\n\t\t\t\t\t\t\t\t<div class=\"img-inner image-cover dark\" style=\"padding-top:15%;\">\n\t\t\t<img width=\"1920\" height=\"500\" src=\"https:\/\/webmaibinh.com\/w\/bbq\/wp-content\/uploads\/2018\/02\/banner-234.jpg\" class=\"attachment-original size-original\" alt=\"\" loading=\"lazy\" srcset=\"https:\/\/webmaibinh.com\/w\/bbq\/wp-content\/uploads\/2018\/02\/banner-234.jpg 1920w, https:\/\/webmaibinh.com\/w\/bbq\/wp-content\/uploads\/2018\/02\/banner-234-300x78.jpg 300w, https:\/\/webmaibinh.com\/w\/bbq\/wp-content\/uploads\/2018\/02\/banner-234-768x200.jpg 768w, https:\/\/webmaibinh.com\/w\/bbq\/wp-content\/uploads\/2018\/02\/banner-234-1024x267.jpg 1024w\" sizes=\"(max-width: 1920px) 100vw, 1920px\" \/>\t\t\t\t\t\t\n\t\t\t\t\t<\/div>\n\t\t\t\t\t\t\t\t\n<style>\n#image_1956147458 {\n  width: 100%;\n}\n<\/style>\n\t<\/div>\n\t\n\t<section class=\"section\" id=\"section_1433593084\">\n\t\t<div class=\"bg section-bg fill bg-fill  bg-loaded\" >\n\n\t\t\t\n\t\t\t\n\t\t\t\n\n\t\t<\/div>\n\n\t\t<div class=\"section-content relative\">\n\t\t\t\n<div class=\"row row-small\"  id=\"row-1402163517\">\n\n\t<div id=\"col-812791856\" class=\"col medium-6 small-12 large-6\"  >\n\t\t<div class=\"col-inner\"  >\n\t\t\t\n\t\t\t\n<h3 class=\"alt-font\"><span style=\"color: #000000; font-size: 130%;\">Contact<\/span><\/h3>\n<p><span style=\"font-size: 95%;\">Ch\u00fang t\u00f4i lu\u00f4n tr\u00e2n tr\u1ecdng m\u1ecdi \u00fd ki\u1ebfn c\u1ee7a qu\u00fd kh\u00e1ch, \u00fd ki\u1ebfn t\u1eeb qu\u00fd kh\u00e1ch s\u1ebd gi\u00fap ch\u00fang t\u00f4i n\u00e2ng cao v\u1ec1 ch\u1ea5t l\u01b0\u1ee3ng ph\u1ee5c v\u1ee5 ch\u00ednh qu\u00fd kh\u00e1ch c\u0169ng g\u00f3p ph\u1ea7n v\u00e0o s\u1ef1 th\u00e0nh c\u00f4ng v\u00e0 ph\u00e1t tri\u1ec3n th\u01b0\u01a1ng hi\u1ec7u Sun Homes BBQ c\u1ee7a ch\u00fang t\u00f4i:<\/span><\/p>\n<p><span style=\"font-size: 95%;\">Webdesign r\u1ea5t hoan ngh\u00eanh \u0111\u1ed9c gi\u1ea3 g\u1eedi th\u00f4ng tin v\u00e0 g\u00f3p \u00fd cho ch\u00fang t\u00f4i!<\/span><\/p>\n<p><span style=\"font-size: 95%;\"><strong>\u0110\u1ecba ch\u1ec9:<\/strong> S\u1ed1 29 ng\u00f5 18 L\u01b0\u01a1ng Ng\u1ecdc Quy\u1ebfn, H\u00e0 \u0110\u00f4ng, H\u00e0 N\u1ed9i.<\/span><br \/><span style=\"font-size: 95%;\"><strong>Email: <\/strong>webdesign@gmail.com<br \/><strong>S\u0110T:<\/strong> 0909.009.009<br \/><strong>Website:<\/strong> www.webdesign.com<\/span><\/p>\n\t\t<\/div>\n\t\t\t<\/div>\n\n\t\n\n\t<div id=\"col-575263347\" class=\"col medium-6 small-12 large-6\"  >\n\t\t<div class=\"col-inner\"  >\n\t\t\t\n\t\t\t\n<div role=\"form\" class=\"wpcf7\" id=\"wpcf7-f307-o1\" lang=\"vi\" dir=\"ltr\">\n<div class=\"screen-reader-response\"><p role=\"status\" aria-live=\"polite\" aria-atomic=\"true\"><\/p> <ul><\/ul><\/div>\n<form action=\"\/w\/bbq\/wp-json\/wp\/v2\/pages\/6#wpcf7-f307-o1\" method=\"post\" class=\"wpcf7-form init\" novalidate=\"novalidate\" data-status=\"init\">\n<div style=\"display: none;\">\n<input type=\"hidden\" name=\"_wpcf7\" value=\"307\" \/>\n<input type=\"hidden\" name=\"_wpcf7_version\" value=\"5.3\" \/>\n<input type=\"hidden\" name=\"_wpcf7_locale\" value=\"vi\" \/>\n<input type=\"hidden\" name=\"_wpcf7_unit_tag\" value=\"wpcf7-f307-o1\" \/>\n<input type=\"hidden\" name=\"_wpcf7_container_post\" value=\"0\" \/>\n<input type=\"hidden\" name=\"_wpcf7_posted_data_hash\" value=\"\" \/>\n<\/div>\n<p><span class=\"wpcf7-form-control-wrap text-458\"><input type=\"text\" name=\"text-458\" value=\"\" size=\"40\" class=\"wpcf7-form-control wpcf7-text wpcf7-validates-as-required\" aria-required=\"true\" aria-invalid=\"false\" placeholder=\"T\u00ean c\u1ee7a b\u1ea1n...\" \/><\/span><br \/>\n<span class=\"wpcf7-form-control-wrap email-157\"><input type=\"email\" name=\"email-157\" value=\"\" size=\"40\" class=\"wpcf7-form-control wpcf7-text wpcf7-email wpcf7-validates-as-required wpcf7-validates-as-email\" aria-required=\"true\" aria-invalid=\"false\" placeholder=\"\u0110\u1ecba ch\u1ec9 email...\" \/><\/span><br \/>\n<span class=\"wpcf7-form-control-wrap tel-825\"><input type=\"tel\" name=\"tel-825\" value=\"\" size=\"40\" class=\"wpcf7-form-control wpcf7-text wpcf7-tel wpcf7-validates-as-required wpcf7-validates-as-tel\" aria-required=\"true\" aria-invalid=\"false\" placeholder=\"S\u1ed1 \u0111i\u1ec7n tho\u1ea1i...\" \/><\/span><br \/>\n<span class=\"wpcf7-form-control-wrap text-457\"><input type=\"text\" name=\"text-457\" value=\"\" size=\"40\" class=\"wpcf7-form-control wpcf7-text wpcf7-validates-as-required\" aria-required=\"true\" aria-invalid=\"false\" placeholder=\"M\u1ee5c \u0111\u00edch li\u00ean h\u1ec7...\" \/><\/span><br \/>\n<span class=\"wpcf7-form-control-wrap textarea-476\"><textarea name=\"textarea-476\" cols=\"40\" rows=\"10\" class=\"wpcf7-form-control wpcf7-textarea wpcf7-validates-as-required\" aria-required=\"true\" aria-invalid=\"false\" placeholder=\"N\u1ed9i dung chi ti\u1ebft...\"><\/textarea><\/span><br \/>\n<input type=\"submit\" value=\"G\u1eedi li\u00ean h\u1ec7\" class=\"wpcf7-form-control wpcf7-submit\" \/><\/p>\n<div class=\"wpcf7-response-output\" aria-hidden=\"true\"><\/div><\/form><\/div>\n\t\t<\/div>\n\t\t\t<\/div>\n\n\t\n<\/div>\n\t\t<\/div>\n\n\t\t\n<style>\n#section_1433593084 {\n  padding-top: 30px;\n  padding-bottom: 30px;\n}\n<\/style>\n\t<\/section>\n\t\n","protected":false},"excerpt":{"rendered":"","protected":false},"author":1,"featured_media":0,"parent":0,"menu_order":0,"comment_status":"closed","ping_status":"closed","template":"page-blank.php","meta":[],"_links":{"self":[{"href":"https:\/\/webmaibinh.com\/w\/bbq\/wp-json\/wp\/v2\/pages\/6"}],"collection":[{"href":"https:\/\/webmaibinh.com\/w\/bbq\/wp-json\/wp\/v2\/pages"}],"about":[{"href":"https:\/\/webmaibinh.com\/w\/bbq\/wp-json\/wp\/v2\/types\/page"}],"author":[{"embeddable":true,"href":"https:\/\/webmaibinh.com\/w\/bbq\/wp-json\/wp\/v2\/users\/1"}],"replies":[{"embeddable":true,"href":"https:\/\/webmaibinh.com\/w\/bbq\/wp-json\/wp\/v2\/comments?post=6"}],"version-history":[{"count":9,"href":"https:\/\/webmaibinh.com\/w\/bbq\/wp-json\/wp\/v2\/pages\/6\/revisions"}],"predecessor-version":[{"id":344,"href":"https:\/\/webmaibinh.com\/w\/bbq\/wp-json\/wp\/v2\/pages\/6\/revisions\/344"}],"wp:attachment":[{"href":"https:\/\/webmaibinh.com\/w\/bbq\/wp-json\/wp\/v2\/media?parent=6"}],"curies":[{"name":"wp","href":"https:\/\/api.w.org\/{rel}","templated":true}]}}