{"id":50,"date":"2018-02-06T11:22:26","date_gmt":"2018-02-06T04:22:26","guid":{"rendered":"https:\/\/bizhostvn.com\/w\/bbq\/?page_id=50"},"modified":"2018-02-06T16:57:46","modified_gmt":"2018-02-06T09:57:46","slug":"dat-ban","status":"publish","type":"page","link":"https:\/\/webmaibinh.com\/w\/bbq\/dat-ban\/","title":{"rendered":"\u0110\u1eb7t b\u00e0n"},"content":{"rendered":"\t<div class=\"img has-hover x md-x lg-x y md-y lg-y\" id=\"image_608457836\">\n\t\t\t\t\t\t\t\t<div class=\"img-inner image-cover dark\" style=\"padding-top:15%;\">\n\t\t\t<img width=\"1920\" height=\"500\" src=\"https:\/\/webmaibinh.com\/w\/bbq\/wp-content\/uploads\/2018\/02\/banner-234.jpg\" class=\"attachment-original size-original\" alt=\"\" loading=\"lazy\" srcset=\"https:\/\/webmaibinh.com\/w\/bbq\/wp-content\/uploads\/2018\/02\/banner-234.jpg 1920w, https:\/\/webmaibinh.com\/w\/bbq\/wp-content\/uploads\/2018\/02\/banner-234-300x78.jpg 300w, https:\/\/webmaibinh.com\/w\/bbq\/wp-content\/uploads\/2018\/02\/banner-234-768x200.jpg 768w, https:\/\/webmaibinh.com\/w\/bbq\/wp-content\/uploads\/2018\/02\/banner-234-1024x267.jpg 1024w\" sizes=\"(max-width: 1920px) 100vw, 1920px\" \/>\t\t\t\t\t\t\n\t\t\t\t\t<\/div>\n\t\t\t\t\t\t\t\t\n<style>\n#image_608457836 {\n  width: 100%;\n}\n<\/style>\n\t<\/div>\n\t\n\t<section class=\"section\" id=\"section_298113180\">\n\t\t<div class=\"bg section-bg fill bg-fill  bg-loaded\" >\n\n\t\t\t\n\t\t\t\n\t\t\t\n\n\t\t<\/div>\n\n\t\t<div class=\"section-content relative\">\n\t\t\t\n<div class=\"row row-small\"  id=\"row-1049419267\">\n\n\t<div id=\"col-1679938703\" class=\"col medium-6 small-12 large-6\"  >\n\t\t<div class=\"col-inner\"  >\n\t\t\t\n\t\t\t\n<h3 class=\"alt-font\"><span style=\"font-size: 130%; color: #000000;\">Set Table<\/span><\/h3>\n<p><span style=\"font-size: 95%;\">Qu\u00fd kh\u00e1ch vui l\u00f2ng \u0111\u1eb7t b\u00e0n tr\u01b0\u1edbc \u0111\u1ec3 c\u00f3 tr\u1ea3i nghi\u1ec7m th\u01b0\u1edfng th\u1ee9c \u1ea9m th\u1ef1c t\u1ed1t nh\u1ea5t t\u1ea1i Sun Homes BBQ.<\/span><\/p>\n<p><span style=\"font-size: 95%;\"><strong><span style=\"color: #000000;\">G\u1ee3i \u00fd \u0111\u1eb7t b\u00e0n:<\/span><\/strong><\/span><\/p>\n<ul>\n<li class=\"bullet-arrow\"><span style=\"font-size: 95%;\">\u0110i 1 ng\u01b0\u1eddi: \u0111\u1eb7t b\u00e0n \u0111\u01a1n<\/span><\/li>\n<li class=\"bullet-arrow\"><span style=\"font-size: 95%;\">\u0110i 2 ng\u01b0\u1eddi: \u0111\u1eb7t b\u00e0n \u0111\u00f4i<\/span><\/li>\n<li class=\"bullet-arrow\"><span style=\"font-size: 95%;\">\u0110i nh\u00f3m 4-6 ng\u01b0\u1eddi: \u0111\u1eb7t b\u00e0n 6 ng\u01b0\u1eddi.<\/span><\/li>\n<li class=\"bullet-arrow\"><span style=\"font-size: 95%;\">\u0110i nh\u00f3m 6-12 ng\u01b0\u1eddi: \u0111\u1eb7t b\u00e0n d\u00e0i<\/span><\/li>\n<li class=\"bullet-arrow\"><span style=\"font-size: 95%;\">\u0110i nh\u00f3m &gt;12 ng\u01b0\u1eddi: g\u1ecdi tr\u1ef1c ti\u1ebfp Hotline: 0909.009.009<\/span><\/li>\n<\/ul>\n\t\t<\/div>\n\t\t\t<\/div>\n\n\t\n\n\t<div id=\"col-450649955\" class=\"col medium-6 small-12 large-6\"  >\n\t\t<div class=\"col-inner\"  >\n\t\t\t\n\t\t\t\n<div role=\"form\" class=\"wpcf7\" id=\"wpcf7-f197-o1\" lang=\"vi\" dir=\"ltr\">\n<div class=\"screen-reader-response\"><p role=\"status\" aria-live=\"polite\" aria-atomic=\"true\"><\/p> <ul><\/ul><\/div>\n<form action=\"\/w\/bbq\/wp-json\/wp\/v2\/pages\/50#wpcf7-f197-o1\" method=\"post\" class=\"wpcf7-form init\" novalidate=\"novalidate\" data-status=\"init\">\n<div style=\"display: none;\">\n<input type=\"hidden\" name=\"_wpcf7\" value=\"197\" \/>\n<input type=\"hidden\" name=\"_wpcf7_version\" value=\"5.3\" \/>\n<input type=\"hidden\" name=\"_wpcf7_locale\" value=\"vi\" \/>\n<input type=\"hidden\" name=\"_wpcf7_unit_tag\" value=\"wpcf7-f197-o1\" \/>\n<input type=\"hidden\" name=\"_wpcf7_container_post\" value=\"0\" \/>\n<input type=\"hidden\" name=\"_wpcf7_posted_data_hash\" value=\"\" \/>\n<\/div>\n<p><span class=\"wpcf7-form-control-wrap text-800\"><input type=\"text\" name=\"text-800\" value=\"\" size=\"40\" class=\"wpcf7-form-control wpcf7-text wpcf7-validates-as-required\" aria-required=\"true\" aria-invalid=\"false\" placeholder=\"T\u00ean c\u1ee7a b\u1ea1n...\" \/><\/span><br \/>\n<span class=\"wpcf7-form-control-wrap tel-364\"><input type=\"tel\" name=\"tel-364\" value=\"\" size=\"40\" class=\"wpcf7-form-control wpcf7-text wpcf7-tel wpcf7-validates-as-required wpcf7-validates-as-tel\" aria-required=\"true\" aria-invalid=\"false\" placeholder=\"S\u1ed1 \u0111i\u1ec7n tho\u1ea1i...\" \/><\/span><br \/>\n<span class=\"wpcf7-form-control-wrap number-992\"><input type=\"number\" name=\"number-992\" value=\"\" class=\"wpcf7-form-control wpcf7-number wpcf7-validates-as-required wpcf7-validates-as-number\" min=\"1\" max=\"30\" aria-required=\"true\" aria-invalid=\"false\" placeholder=\"S\u1ed1 ng\u01b0\u1eddi \u0103n...\" \/><\/span><br \/>\n<span class=\"wpcf7-form-control-wrap date-175\"><input type=\"date\" name=\"date-175\" value=\"\" class=\"wpcf7-form-control wpcf7-date wpcf7-validates-as-required wpcf7-validates-as-date\" aria-required=\"true\" aria-invalid=\"false\" placeholder=\"Th\u1eddi gian \u0111\u1eb7t b\u00e0n\" \/><\/span><br \/>\n<span class=\"wpcf7-form-control-wrap checkbox-441\"><span class=\"wpcf7-form-control wpcf7-checkbox wpcf7-validates-as-required wpcf7-exclusive-checkbox\"><span class=\"wpcf7-list-item first\"><input type=\"checkbox\" name=\"checkbox-441\" value=\"08:00\" \/><span class=\"wpcf7-list-item-label\">08:00<\/span><\/span><span class=\"wpcf7-list-item\"><input type=\"checkbox\" name=\"checkbox-441\" value=\"08:30\" \/><span class=\"wpcf7-list-item-label\">08:30<\/span><\/span><span class=\"wpcf7-list-item\"><input type=\"checkbox\" name=\"checkbox-441\" value=\"09:00\" \/><span class=\"wpcf7-list-item-label\">09:00<\/span><\/span><span class=\"wpcf7-list-item\"><input type=\"checkbox\" name=\"checkbox-441\" value=\"09:30\" \/><span class=\"wpcf7-list-item-label\">09:30<\/span><\/span><span class=\"wpcf7-list-item\"><input type=\"checkbox\" name=\"checkbox-441\" value=\"10:00\" \/><span class=\"wpcf7-list-item-label\">10:00<\/span><\/span><span class=\"wpcf7-list-item\"><input type=\"checkbox\" name=\"checkbox-441\" value=\"10:30\" \/><span class=\"wpcf7-list-item-label\">10:30<\/span><\/span><span class=\"wpcf7-list-item\"><input type=\"checkbox\" name=\"checkbox-441\" value=\"11:00\" \/><span class=\"wpcf7-list-item-label\">11:00<\/span><\/span><span class=\"wpcf7-list-item\"><input type=\"checkbox\" name=\"checkbox-441\" value=\"11:30\" \/><span class=\"wpcf7-list-item-label\">11:30<\/span><\/span><span class=\"wpcf7-list-item\"><input type=\"checkbox\" name=\"checkbox-441\" value=\"12:00\" \/><span class=\"wpcf7-list-item-label\">12:00<\/span><\/span><span class=\"wpcf7-list-item\"><input type=\"checkbox\" name=\"checkbox-441\" value=\"12:30\" \/><span class=\"wpcf7-list-item-label\">12:30<\/span><\/span><span class=\"wpcf7-list-item\"><input type=\"checkbox\" name=\"checkbox-441\" value=\"13:00\" \/><span class=\"wpcf7-list-item-label\">13:00<\/span><\/span><span class=\"wpcf7-list-item\"><input type=\"checkbox\" name=\"checkbox-441\" value=\"13:30\" \/><span class=\"wpcf7-list-item-label\">13:30<\/span><\/span><span class=\"wpcf7-list-item\"><input type=\"checkbox\" name=\"checkbox-441\" value=\"14:00\" \/><span class=\"wpcf7-list-item-label\">14:00<\/span><\/span><span class=\"wpcf7-list-item\"><input type=\"checkbox\" name=\"checkbox-441\" value=\"14:30\" \/><span class=\"wpcf7-list-item-label\">14:30<\/span><\/span><span class=\"wpcf7-list-item\"><input type=\"checkbox\" name=\"checkbox-441\" value=\"15:00\" \/><span class=\"wpcf7-list-item-label\">15:00<\/span><\/span><span class=\"wpcf7-list-item\"><input type=\"checkbox\" name=\"checkbox-441\" value=\"15:30\" \/><span class=\"wpcf7-list-item-label\">15:30<\/span><\/span><span class=\"wpcf7-list-item\"><input type=\"checkbox\" name=\"checkbox-441\" value=\"16:00\" \/><span class=\"wpcf7-list-item-label\">16:00<\/span><\/span><span class=\"wpcf7-list-item\"><input type=\"checkbox\" name=\"checkbox-441\" value=\"16:30\" \/><span class=\"wpcf7-list-item-label\">16:30<\/span><\/span><span class=\"wpcf7-list-item\"><input type=\"checkbox\" name=\"checkbox-441\" value=\"17:00\" \/><span class=\"wpcf7-list-item-label\">17:00<\/span><\/span><span class=\"wpcf7-list-item\"><input type=\"checkbox\" name=\"checkbox-441\" value=\"17:30\" \/><span class=\"wpcf7-list-item-label\">17:30<\/span><\/span><span class=\"wpcf7-list-item\"><input type=\"checkbox\" name=\"checkbox-441\" value=\"18:00\" \/><span class=\"wpcf7-list-item-label\">18:00<\/span><\/span><span class=\"wpcf7-list-item\"><input type=\"checkbox\" name=\"checkbox-441\" value=\"18:30\" \/><span class=\"wpcf7-list-item-label\">18:30<\/span><\/span><span class=\"wpcf7-list-item\"><input type=\"checkbox\" name=\"checkbox-441\" value=\"19:00\" \/><span class=\"wpcf7-list-item-label\">19:00<\/span><\/span><span class=\"wpcf7-list-item\"><input type=\"checkbox\" name=\"checkbox-441\" value=\"19:30\" \/><span class=\"wpcf7-list-item-label\">19:30<\/span><\/span><span class=\"wpcf7-list-item\"><input type=\"checkbox\" name=\"checkbox-441\" value=\"20:00\" \/><span class=\"wpcf7-list-item-label\">20:00<\/span><\/span><span class=\"wpcf7-list-item\"><input type=\"checkbox\" name=\"checkbox-441\" value=\"20:30\" \/><span class=\"wpcf7-list-item-label\">20:30<\/span><\/span><span class=\"wpcf7-list-item\"><input type=\"checkbox\" name=\"checkbox-441\" value=\"21:00\" \/><span class=\"wpcf7-list-item-label\">21:00<\/span><\/span><span class=\"wpcf7-list-item last\"><input type=\"checkbox\" name=\"checkbox-441\" value=\"21:30\" \/><span class=\"wpcf7-list-item-label\">21:30<\/span><\/span><\/span><\/span><br \/>\n<input type=\"submit\" value=\"\u0110\u1eb7t b\u00e0n\" class=\"wpcf7-form-control wpcf7-submit\" \/><\/p>\n<div class=\"wpcf7-response-output\" aria-hidden=\"true\"><\/div><\/form><\/div>\n\t\t<\/div>\n\t\t\t<\/div>\n\n\t\n<\/div>\n\t\t<\/div>\n\n\t\t\n<style>\n#section_298113180 {\n  padding-top: 30px;\n  padding-bottom: 30px;\n}\n<\/style>\n\t<\/section>\n\t\n","protected":false},"excerpt":{"rendered":"","protected":false},"author":1,"featured_media":0,"parent":0,"menu_order":0,"comment_status":"closed","ping_status":"closed","template":"page-blank.php","meta":[],"_links":{"self":[{"href":"https:\/\/webmaibinh.com\/w\/bbq\/wp-json\/wp\/v2\/pages\/50"}],"collection":[{"href":"https:\/\/webmaibinh.com\/w\/bbq\/wp-json\/wp\/v2\/pages"}],"about":[{"href":"https:\/\/webmaibinh.com\/w\/bbq\/wp-json\/wp\/v2\/types\/page"}],"author":[{"embeddable":true,"href":"https:\/\/webmaibinh.com\/w\/bbq\/wp-json\/wp\/v2\/users\/1"}],"replies":[{"embeddable":true,"href":"https:\/\/webmaibinh.com\/w\/bbq\/wp-json\/wp\/v2\/comments?post=50"}],"version-history":[{"count":10,"href":"https:\/\/webmaibinh.com\/w\/bbq\/wp-json\/wp\/v2\/pages\/50\/revisions"}],"predecessor-version":[{"id":342,"href":"https:\/\/webmaibinh.com\/w\/bbq\/wp-json\/wp\/v2\/pages\/50\/revisions\/342"}],"wp:attachment":[{"href":"https:\/\/webmaibinh.com\/w\/bbq\/wp-json\/wp\/v2\/media?parent=50"}],"curies":[{"name":"wp","href":"https:\/\/api.w.org\/{rel}","templated":true}]}}